{"id":9856,"date":"2025-09-28T03:47:08","date_gmt":"2025-09-28T03:47:08","guid":{"rendered":"https:\/\/dersuessestopp.com\/product\/10-ml-syringe\/"},"modified":"2025-09-28T04:10:19","modified_gmt":"2025-09-28T04:10:19","slug":"10-ml-es-fecskendo","status":"publish","type":"product","link":"https:\/\/dersuessestopp.com\/hu\/product\/10-ml-syringe\/","title":{"rendered":"10 ml-es fecskend\u0151"},"content":{"rendered":"<p>Tintasz\u00edv\u00e1s: A tinta hat\u00e9kony kisz\u00edv\u00e1s\u00e1ra szolg\u00e1l a tintap\u00e1rn\u00e1kb\u00f3l, elt\u00e1vol\u00edtja a felesleges tint\u00e1t \u00e9s biztos\u00edtja a nyomtat\u00f3 zavartalan m\u0171k\u00f6d\u00e9s\u00e9t. Pontos m\u00e9r\u00e9s: A fecskend\u0151n tal\u00e1lhat\u00f3 m\u00e9r\u0151sk\u00e1la lehet\u0151v\u00e9 teszi a pontos tintaadagol\u00e1st, minim\u00e1lisra cs\u00f6kkentve a t\u00falt\u00f6lt\u00e9s kock\u00e1zat\u00e1t. Univerz\u00e1lis alkalmaz\u00e1s: K\u00fcl\u00f6nb\u00f6z\u0151 Imago nyomtat\u00f3modellekhez alkalmas, \u00edgy sokoldal\u00fa karbantart\u00f3 eszk\u00f6z.<\/p>","protected":false},"excerpt":{"rendered":"<p>A 10 ml-es fecskend\u0151 n\u00e9lk\u00fcl\u00f6zhetetlen eszk\u00f6z az Imago nyomtat\u00f3kban a tinta prec\u00edz kisz\u00edv\u00e1s\u00e1hoz a tintap\u00e1rn\u00e1kb\u00f3l. A k\u00e9sz\u00fcl\u00e9k karbantart\u00e1si folyamat\u00e1ban haszn\u00e1latos, a felesleges tinta elt\u00e1vol\u00edt\u00e1s\u00e1ra vagy a cser\u00e9re val\u00f3 el\u0151k\u00e9sz\u00edt\u00e9s\u00e9re.<\/p>","protected":false},"featured_media":9855,"comment_status":"open","ping_status":"closed","template":"","meta":[],"product_brand":[],"product_cat":[84,76,38,85,75,77],"product_tag":[],"class_list":{"0":"post-9856","1":"product","2":"type-product","3":"status-publish","4":"has-post-thumbnail","6":"product_cat-aluminum-printers","7":"product_cat-food-printers","8":"product_cat-imago-food-printers","9":"product_cat-nano-solvent-printers","10":"product_cat-operation-of-devices","11":"product_cat-uv-led-printers","13":"first","14":"instock","15":"shipping-taxable","16":"purchasable","17":"product-type-simple"},"_links":{"self":[{"href":"https:\/\/dersuessestopp.com\/hu\/wp-json\/wp\/v2\/product\/9856","targetHints":{"allow":["GET"]}}],"collection":[{"href":"https:\/\/dersuessestopp.com\/hu\/wp-json\/wp\/v2\/product"}],"about":[{"href":"https:\/\/dersuessestopp.com\/hu\/wp-json\/wp\/v2\/types\/product"}],"replies":[{"embeddable":true,"href":"https:\/\/dersuessestopp.com\/hu\/wp-json\/wp\/v2\/comments?post=9856"}],"version-history":[{"count":1,"href":"https:\/\/dersuessestopp.com\/hu\/wp-json\/wp\/v2\/product\/9856\/revisions"}],"predecessor-version":[{"id":10006,"href":"https:\/\/dersuessestopp.com\/hu\/wp-json\/wp\/v2\/product\/9856\/revisions\/10006"}],"wp:featuredmedia":[{"embeddable":true,"href":"https:\/\/dersuessestopp.com\/hu\/wp-json\/wp\/v2\/media\/9855"}],"wp:attachment":[{"href":"https:\/\/dersuessestopp.com\/hu\/wp-json\/wp\/v2\/media?parent=9856"}],"wp:term":[{"taxonomy":"product_brand","embeddable":true,"href":"https:\/\/dersuessestopp.com\/hu\/wp-json\/wp\/v2\/product_brand?post=9856"},{"taxonomy":"product_cat","embeddable":true,"href":"https:\/\/dersuessestopp.com\/hu\/wp-json\/wp\/v2\/product_cat?post=9856"},{"taxonomy":"product_tag","embeddable":true,"href":"https:\/\/dersuessestopp.com\/hu\/wp-json\/wp\/v2\/product_tag?post=9856"}],"curies":[{"name":"wp","href":"https:\/\/api.w.org\/{rel}","templated":true}]}}