{"id":9854,"date":"2025-09-28T03:47:05","date_gmt":"2025-09-28T03:47:05","guid":{"rendered":"https:\/\/dersuessestopp.com\/product\/syringe-with-hose-for-cleaning-the-print-head\/"},"modified":"2025-09-28T04:10:19","modified_gmt":"2025-09-28T04:10:19","slug":"fecskendo-tomlovel-a-nyomtatofej-tisztitasahoz","status":"publish","type":"product","link":"https:\/\/dersuessestopp.com\/hu\/product\/syringe-with-hose-for-cleaning-the-print-head\/","title":{"rendered":"Fecskend\u0151 t\u00f6ml\u0151vel a nyomtat\u00f3fej tiszt\u00edt\u00e1s\u00e1hoz"},"content":{"rendered":"<p>Fej\u00f6bl\u00edt\u00e9s: A nyomtat\u00f3fej hat\u00e9kony \u00e1tmos\u00e1s\u00e1ra tervezt\u00e9k, elt\u00e1vol\u00edtva az \u00f6sszes tintamaradv\u00e1nyt \u00e9s szennyez\u0151d\u00e9st. K\u00f6nny\u0171 haszn\u00e1lat: Egyszer\u0171en haszn\u00e1lhat\u00f3, lehet\u0151v\u00e9 teszi a nyomtat\u00f3fej hat\u00e9kony tiszt\u00edt\u00e1s\u00e1t. T\u00f6ml\u0151 biztos\u00edtja a precizit\u00e1st: A hossz\u00fa t\u00f6ml\u0151 lehet\u0151v\u00e9 teszi a folyad\u00e9k pontos c\u00e9lz\u00e1s\u00e1t a megfelel\u0151 helyekre, \u00edgy kik\u00fcsz\u00f6b\u00f6lve a szennyez\u0151d\u00e9seket.<\/p>","protected":false},"excerpt":{"rendered":"<p>A t\u00f6ml\u0151vel ell\u00e1tott fecskend\u0151 megb\u00edzhat\u00f3 eszk\u00f6z a nyomtat\u00f3fej k\u00e9zi \u00f6bl\u00edt\u00e9s\u00e9hez az Imago nyomtat\u00f3kban. Alapvet\u0151 fontoss\u00e1g\u00fa elem a k\u00e9sz\u00fcl\u00e9k optim\u00e1lis \u00e1llapotban tart\u00e1s\u00e1ban, a szennyez\u0151d\u00e9sek kik\u00fcsz\u00f6b\u00f6l\u00e9s\u00e9ben \u00e9s a nyomtat\u00e1si min\u0151s\u00e9g jav\u00edt\u00e1s\u00e1ban.<\/p>","protected":false},"featured_media":9853,"comment_status":"open","ping_status":"closed","template":"","meta":[],"product_brand":[],"product_cat":[84,81,76,85,90,77,38],"product_tag":[],"class_list":{"0":"post-9854","1":"product","2":"type-product","3":"status-publish","4":"has-post-thumbnail","6":"product_cat-aluminum-printers","7":"product_cat-equipment-operation","8":"product_cat-food-printers","9":"product_cat-nano-solvent-printers","10":"product_cat-printer-accessories","11":"product_cat-uv-led-printers","12":"product_cat-imago-food-printers","14":"first","15":"instock","16":"shipping-taxable","17":"purchasable","18":"product-type-simple"},"_links":{"self":[{"href":"https:\/\/dersuessestopp.com\/hu\/wp-json\/wp\/v2\/product\/9854","targetHints":{"allow":["GET"]}}],"collection":[{"href":"https:\/\/dersuessestopp.com\/hu\/wp-json\/wp\/v2\/product"}],"about":[{"href":"https:\/\/dersuessestopp.com\/hu\/wp-json\/wp\/v2\/types\/product"}],"replies":[{"embeddable":true,"href":"https:\/\/dersuessestopp.com\/hu\/wp-json\/wp\/v2\/comments?post=9854"}],"version-history":[{"count":1,"href":"https:\/\/dersuessestopp.com\/hu\/wp-json\/wp\/v2\/product\/9854\/revisions"}],"predecessor-version":[{"id":10007,"href":"https:\/\/dersuessestopp.com\/hu\/wp-json\/wp\/v2\/product\/9854\/revisions\/10007"}],"wp:featuredmedia":[{"embeddable":true,"href":"https:\/\/dersuessestopp.com\/hu\/wp-json\/wp\/v2\/media\/9853"}],"wp:attachment":[{"href":"https:\/\/dersuessestopp.com\/hu\/wp-json\/wp\/v2\/media?parent=9854"}],"wp:term":[{"taxonomy":"product_brand","embeddable":true,"href":"https:\/\/dersuessestopp.com\/hu\/wp-json\/wp\/v2\/product_brand?post=9854"},{"taxonomy":"product_cat","embeddable":true,"href":"https:\/\/dersuessestopp.com\/hu\/wp-json\/wp\/v2\/product_cat?post=9854"},{"taxonomy":"product_tag","embeddable":true,"href":"https:\/\/dersuessestopp.com\/hu\/wp-json\/wp\/v2\/product_tag?post=9854"}],"curies":[{"name":"wp","href":"https:\/\/api.w.org\/{rel}","templated":true}]}}