{"id":9852,"date":"2025-09-28T03:47:02","date_gmt":"2025-09-28T03:47:02","guid":{"rendered":"https:\/\/dersuessestopp.com\/product\/cleaner-ipa-isopropanol-based-cleaning-fluid-for-aquila-devices-100-ml\/"},"modified":"2025-09-28T04:10:19","modified_gmt":"2025-09-28T04:10:19","slug":"cleaner-ipa-izopropanol-alapu-tisztitofolyadek-aquila-keszulekekhez-100-ml","status":"publish","type":"product","link":"https:\/\/dersuessestopp.com\/hu\/product\/cleaner-ipa-isopropanol-based-cleaning-fluid-for-aquila-devices-100-ml\/","title":{"rendered":"Cleaner IPA - izopropanol alap\u00fa tiszt\u00edt\u00f3folyad\u00e9k Aquila k\u00e9sz\u00fcl\u00e9kekhez - 100 ml"},"content":{"rendered":"","protected":false},"excerpt":{"rendered":"<p>A Cleaner IPA egy izopropanol alap\u00fa tiszt\u00edt\u00f3folyad\u00e9k, amelyet az Aquila Nanosolvent, Aquila Aluminum \u00e9s Aquila UV LED nyomtat\u00f3khoz terveztek. Ez egy n\u00e9lk\u00fcl\u00f6zhetetlen anyag, amely t\u00f6k\u00e9letes \u00e1llapotban tartja a k\u00e9sz\u00fcl\u00e9ket, biztos\u00edtva a megb\u00edzhat\u00f3s\u00e1got \u00e9s a kiv\u00e1l\u00f3 nyomtat\u00e1si min\u0151s\u00e9get. A tiszt\u00edt\u00f3\u00e1llom\u00e1s alkatr\u00e9szeinek \u00e9s a nyomtat\u00f3fej tiszt\u00edt\u00e1s\u00e1ra szolg\u00e1l.<\/p>","protected":false},"featured_media":9851,"comment_status":"open","ping_status":"closed","template":"","meta":[],"product_brand":[],"product_cat":[86,38],"product_tag":[],"class_list":{"0":"post-9852","1":"product","2":"type-product","3":"status-publish","4":"has-post-thumbnail","6":"product_cat-primers-and-cleaning-fluids","7":"product_cat-imago-food-printers","9":"first","10":"instock","11":"shipping-taxable","12":"purchasable","13":"product-type-simple"},"_links":{"self":[{"href":"https:\/\/dersuessestopp.com\/hu\/wp-json\/wp\/v2\/product\/9852","targetHints":{"allow":["GET"]}}],"collection":[{"href":"https:\/\/dersuessestopp.com\/hu\/wp-json\/wp\/v2\/product"}],"about":[{"href":"https:\/\/dersuessestopp.com\/hu\/wp-json\/wp\/v2\/types\/product"}],"replies":[{"embeddable":true,"href":"https:\/\/dersuessestopp.com\/hu\/wp-json\/wp\/v2\/comments?post=9852"}],"version-history":[{"count":1,"href":"https:\/\/dersuessestopp.com\/hu\/wp-json\/wp\/v2\/product\/9852\/revisions"}],"predecessor-version":[{"id":10008,"href":"https:\/\/dersuessestopp.com\/hu\/wp-json\/wp\/v2\/product\/9852\/revisions\/10008"}],"wp:featuredmedia":[{"embeddable":true,"href":"https:\/\/dersuessestopp.com\/hu\/wp-json\/wp\/v2\/media\/9851"}],"wp:attachment":[{"href":"https:\/\/dersuessestopp.com\/hu\/wp-json\/wp\/v2\/media?parent=9852"}],"wp:term":[{"taxonomy":"product_brand","embeddable":true,"href":"https:\/\/dersuessestopp.com\/hu\/wp-json\/wp\/v2\/product_brand?post=9852"},{"taxonomy":"product_cat","embeddable":true,"href":"https:\/\/dersuessestopp.com\/hu\/wp-json\/wp\/v2\/product_cat?post=9852"},{"taxonomy":"product_tag","embeddable":true,"href":"https:\/\/dersuessestopp.com\/hu\/wp-json\/wp\/v2\/product_tag?post=9852"}],"curies":[{"name":"wp","href":"https:\/\/api.w.org\/{rel}","templated":true}]}}