{"id":9847,"date":"2025-09-28T03:46:54","date_gmt":"2025-09-28T03:46:54","guid":{"rendered":"https:\/\/dersuessestopp.com\/product\/anodized-aluminum-sheets-320x500-mm-0-5-mm-thick-42-pieces\/"},"modified":"2025-09-28T04:38:18","modified_gmt":"2025-09-28T04:38:18","slug":"eloxalt-aluminiumlemezek-320x500-mm-0-5-mm-vastag-42-db","status":"publish","type":"product","link":"https:\/\/dersuessestopp.com\/hu\/product\/anodized-aluminum-sheets-320x500-mm-0-5-mm-thick-42-pieces\/","title":{"rendered":"Elox\u00e1lt alum\u00edniumlemezek: vastags\u00e1g: 320\u00d7500 mm, 0,5 mm - 42 db."},"content":{"rendered":"<p>Fedezze fel az elox\u00e1lt alum\u00edniumlemezek felhaszn\u00e1l\u00e1si ter\u00fcleteit Az elox\u00e1lt lemezeket minden\u00fctt haszn\u00e1lj\u00e1k, ahol tart\u00f3ss\u00e1gra \u00e9s term\u00e9kmin\u0151s\u00e9gre van sz\u00fcks\u00e9g, pl. k\u00e9sz\u00fcl\u00e9kt\u00e1bl\u00e1k, vez\u00e9rl\u0151panelek, le\u00edr\u00f3 t\u00e1bl\u00e1k, \u00e9p\u00fclet- \u00e9s helyis\u00e9gjelz\u00e9sek, m\u00fazeumi kijelz\u0151k, rakt\u00e1ri feliratok, de pr\u00e9mium n\u00e9vjegyk\u00e1rty\u00e1k, vonalz\u00f3, \u00e9kszerekre sz\u00e1nt lemezek \u00e9s \u00f3ralapok is. Nyomtat\u00e1si technol\u00f3gia elox\u00e1lt alum\u00edniumra A tintasugaras nyomtat\u00e1si technol\u00f3gia az elox\u00e1lt alum\u00edniumra nagyszer\u0171 lehet\u0151s\u00e9geket k\u00edn\u00e1l ezen anyag felhaszn\u00e1l\u00e1s\u00e1ra sz\u00e1mos ipar\u00e1gban. A s\u00edk fel\u00fclet\u0171 elox\u00e1lt alum\u00edniumra digit\u00e1lis nyomtat\u00e1ssal b\u00e1rmilyen grafik\u00e1t nyomtatnak, majd pecs\u00e9tf\u00fcrd\u0151nek vetik al\u00e1. A technol\u00f3gia elpuszt\u00edthatatlan nyomtat\u00e1st tesz lehet\u0151v\u00e9, amely ellen\u00e1ll a karcol\u00e1soknak \u00e9s a vegyi anyagoknak. Versenyben \u00e1ll a grav\u00edroz\u00e1ssal \u00e9s m\u00e1s nyomtat\u00e1si m\u00f3dszerekkel, amelyek nem biztos\u00edtanak ilyen tart\u00f3ss\u00e1got \u00e9s pontoss\u00e1got. Az oxidbevonat p\u00f3rusaiban egy speci\u00e1lis tinta ker\u00fcl lerak\u00e1sra, ami prec\u00edz, nagy\u00edt\u00f3val is l\u00e1that\u00f3 nyomtat\u00e1st eredm\u00e9nyez. Szeretne saj\u00e1t lemezgy\u00e1rt\u00e1sba kezdeni? Rendelje meg az elox\u00e1lt alum\u00edniumra t\u00f6rt\u00e9n\u0151 nyomtat\u00e1shoz sz\u00fcks\u00e9ges technol\u00f3giai csomagot, \u00e9s \u00e1tir\u00e1ny\u00edtjuk az elox\u00e1lt alum\u00ednium nyomtat\u00e1si technol\u00f3gi\u00e1r\u00f3l sz\u00f3l\u00f3 oldalra. Az elox\u00e1lt alum\u00ednium alkalmaz\u00e1sa Az elox\u00e1lt alum\u00edniumot ott haszn\u00e1lj\u00e1k, ahol az alkatr\u00e9szek ki vannak t\u00e9ve l\u00e9gk\u00f6ri t\u00e9nyez\u0151knek vagy agressz\u00edv savas \u00e9s nedves k\u00f6rnyezetnek, amelyek korr\u00f3zi\u00f3t okoznak. A zom\u00e1nc nagy kem\u00e9nys\u00e9ge miatt az alkatr\u00e9szeket koptat\u00f3 t\u00e9nyez\u0151knek kitett alkatr\u00e9szekn\u00e9l is haszn\u00e1lj\u00e1k. Az elox\u00e1l\u00e1si technol\u00f3gia jellemz\u0151je az alkatr\u00e9szek sz\u00ednez\u00e9s\u00e9nek lehet\u0151s\u00e9ge. Ez nagyon eszt\u00e9tikus megjelen\u00e9st k\u00f6lcs\u00f6n\u00f6z az alkatr\u00e9szeknek, az ig\u00e9nyeknek megfelel\u0151en szem\u00e9lyre szabhat\u00f3s\u00e1ggal. A sz\u00ednes elemeket g\u00e9p- \u00e9s k\u00e9sz\u00fcl\u00e9kh\u00e1zak, b\u00fatorok, vez\u00e9rl\u0151panelek \u00e9s mindennapi k\u00fcty\u00fck alkatr\u00e9szek\u00e9nt haszn\u00e1lj\u00e1k. Az oxidbevonat sz\u00ednez\u00e9s\u00e9nek lehet\u0151s\u00e9ge \u00f3ri\u00e1si lehet\u0151s\u00e9geket k\u00edn\u00e1l az elox\u00e1lt alum\u00ednium j\u00f6v\u0151beli alkalmaz\u00e1sai sz\u00e1m\u00e1ra.<\/p>","protected":false},"excerpt":{"rendered":"<p>V\u00e9kony, 320\u00d7500 mm m\u00e9ret\u0171, 0,5 mm vastag elox\u00e1lt alum\u00edniumlemezek. A lemezek fel\u00fclete: SATIN. A lapok ide\u00e1lisak az Aquila Aluminium nyomtat\u00f3val t\u00f6rt\u00e9n\u0151 nyomtat\u00e1shoz. Ezen az aukci\u00f3n 42 lapb\u00f3l \u00e1ll\u00f3 csomagokat k\u00edn\u00e1lunk. \u00c1r laponk\u00e9nt: PLN 45<\/p>","protected":false},"featured_media":9846,"comment_status":"open","ping_status":"closed","template":"","meta":[],"product_brand":[],"product_cat":[87,88,38],"product_tag":[],"class_list":{"0":"post-9847","1":"product","2":"type-product","3":"status-publish","4":"has-post-thumbnail","6":"product_cat-anodized-aluminum-sheets","7":"product_cat-for-printers-from-the-aluminum-series","8":"product_cat-imago-food-printers","10":"first","11":"instock","12":"shipping-taxable","13":"purchasable","14":"product-type-simple"},"_links":{"self":[{"href":"https:\/\/dersuessestopp.com\/hu\/wp-json\/wp\/v2\/product\/9847","targetHints":{"allow":["GET"]}}],"collection":[{"href":"https:\/\/dersuessestopp.com\/hu\/wp-json\/wp\/v2\/product"}],"about":[{"href":"https:\/\/dersuessestopp.com\/hu\/wp-json\/wp\/v2\/types\/product"}],"replies":[{"embeddable":true,"href":"https:\/\/dersuessestopp.com\/hu\/wp-json\/wp\/v2\/comments?post=9847"}],"version-history":[{"count":1,"href":"https:\/\/dersuessestopp.com\/hu\/wp-json\/wp\/v2\/product\/9847\/revisions"}],"predecessor-version":[{"id":10012,"href":"https:\/\/dersuessestopp.com\/hu\/wp-json\/wp\/v2\/product\/9847\/revisions\/10012"}],"wp:featuredmedia":[{"embeddable":true,"href":"https:\/\/dersuessestopp.com\/hu\/wp-json\/wp\/v2\/media\/9846"}],"wp:attachment":[{"href":"https:\/\/dersuessestopp.com\/hu\/wp-json\/wp\/v2\/media?parent=9847"}],"wp:term":[{"taxonomy":"product_brand","embeddable":true,"href":"https:\/\/dersuessestopp.com\/hu\/wp-json\/wp\/v2\/product_brand?post=9847"},{"taxonomy":"product_cat","embeddable":true,"href":"https:\/\/dersuessestopp.com\/hu\/wp-json\/wp\/v2\/product_cat?post=9847"},{"taxonomy":"product_tag","embeddable":true,"href":"https:\/\/dersuessestopp.com\/hu\/wp-json\/wp\/v2\/product_tag?post=9847"}],"curies":[{"name":"wp","href":"https:\/\/api.w.org\/{rel}","templated":true}]}}