{"id":9842,"date":"2025-09-28T03:45:12","date_gmt":"2025-09-28T03:45:12","guid":{"rendered":"https:\/\/dersuessestopp.com\/product\/kaptop-for-aquila-class-devices\/"},"modified":"2025-09-28T04:10:40","modified_gmt":"2025-09-28T04:10:40","slug":"kaptop-aquila-osztalyu-keszulekekhez","status":"publish","type":"product","link":"https:\/\/dersuessestopp.com\/hu\/product\/kaptop-for-aquila-class-devices\/","title":{"rendered":"Kaptop (Aquila oszt\u00e1ly\u00fa k\u00e9sz\u00fcl\u00e9kekhez)"},"content":{"rendered":"<p>Biztons\u00e1gos tiszt\u00edt\u00e1s: A kupak k\u00f6zvetlen\u00fcl \u00e9rintkezik a nyomtat\u00f3fejjel, lehet\u0151v\u00e9 t\u00e9ve a felesleges tinta \u00e9s szennyez\u0151d\u00e9sek pontos \u00e9s biztons\u00e1gos elt\u00e1vol\u00edt\u00e1s\u00e1t. Nyomtat\u00f3fej v\u00e9delme: Optim\u00e1lis v\u00e9delmet ny\u00fajt a nyomtat\u00f3fej \u00e9rz\u00e9keny alkatr\u00e9szeinek, megv\u00e9di a tinta felhalmoz\u00f3d\u00e1s\u00e1t\u00f3l \u00e9s a lehets\u00e9ges s\u00e9r\u00fcl\u00e9sekt\u0151l. A felesleges tinta hat\u00e9kony elt\u00e1vol\u00edt\u00e1sa: A kupakcs\u0151 r\u00e1tapad a nyomtat\u00f3fejre, hat\u00e9konyan elt\u00e1vol\u00edtja a felesleges tint\u00e1t, \u00e9s lehet\u0151v\u00e9 teszi a pontos, foltok \u00e9s elken\u0151d\u00e9sek n\u00e9lk\u00fcli nyomtat\u00e1st. Biztons\u00e1gos hely a tinta \u201ck\u00f6pk\u00f6d\u00e9s\u00e9hez\u201d: A nyomtat\u00e1si folyamat sor\u00e1n el\u0151fordulhat, hogy a nyomtat\u00f3fejnek \u201cki kell k\u00f6pnie\u201d a felesleges tint\u00e1t. A Kaptop egy biztons\u00e1gos hely, amely \u00f6sszegy\u0171jti a ki\u00fcr\u00edtett tint\u00e1t, megakad\u00e1lyozva, hogy az a nyomtat\u00f3 m\u00e1s r\u00e9szeire fr\u00f6ccsenjen.<\/p>","protected":false},"excerpt":{"rendered":"<p>A sapka, amely a tiszt\u00edt\u00f3\u00e1llom\u00e1s r\u00e9sze, kulcsszerepet j\u00e1tszik az Imago nyomtat\u00f3ban a nyomtat\u00f3fej tisztas\u00e1g\u00e1nak \u00e9s hat\u00e9konys\u00e1g\u00e1nak fenntart\u00e1s\u00e1ban. Elengedhetetlen elem a tiszt\u00edt\u00e1si elj\u00e1r\u00e1s sor\u00e1n, amely k\u00f6zvetlen\u00fcl befoly\u00e1solja a nyomatok min\u0151s\u00e9g\u00e9t \u00e9s pontoss\u00e1g\u00e1t.<\/p>","protected":false},"featured_media":9838,"comment_status":"open","ping_status":"closed","template":"","meta":[],"product_brand":[],"product_cat":[84,38,85,75,77],"product_tag":[],"class_list":{"0":"post-9842","1":"product","2":"type-product","3":"status-publish","4":"has-post-thumbnail","6":"product_cat-aluminum-printers","7":"product_cat-imago-food-printers","8":"product_cat-nano-solvent-printers","9":"product_cat-operation-of-devices","10":"product_cat-uv-led-printers","12":"first","13":"instock","14":"shipping-taxable","15":"purchasable","16":"product-type-simple"},"_links":{"self":[{"href":"https:\/\/dersuessestopp.com\/hu\/wp-json\/wp\/v2\/product\/9842","targetHints":{"allow":["GET"]}}],"collection":[{"href":"https:\/\/dersuessestopp.com\/hu\/wp-json\/wp\/v2\/product"}],"about":[{"href":"https:\/\/dersuessestopp.com\/hu\/wp-json\/wp\/v2\/types\/product"}],"replies":[{"embeddable":true,"href":"https:\/\/dersuessestopp.com\/hu\/wp-json\/wp\/v2\/comments?post=9842"}],"version-history":[{"count":1,"href":"https:\/\/dersuessestopp.com\/hu\/wp-json\/wp\/v2\/product\/9842\/revisions"}],"predecessor-version":[{"id":10016,"href":"https:\/\/dersuessestopp.com\/hu\/wp-json\/wp\/v2\/product\/9842\/revisions\/10016"}],"wp:featuredmedia":[{"embeddable":true,"href":"https:\/\/dersuessestopp.com\/hu\/wp-json\/wp\/v2\/media\/9838"}],"wp:attachment":[{"href":"https:\/\/dersuessestopp.com\/hu\/wp-json\/wp\/v2\/media?parent=9842"}],"wp:term":[{"taxonomy":"product_brand","embeddable":true,"href":"https:\/\/dersuessestopp.com\/hu\/wp-json\/wp\/v2\/product_brand?post=9842"},{"taxonomy":"product_cat","embeddable":true,"href":"https:\/\/dersuessestopp.com\/hu\/wp-json\/wp\/v2\/product_cat?post=9842"},{"taxonomy":"product_tag","embeddable":true,"href":"https:\/\/dersuessestopp.com\/hu\/wp-json\/wp\/v2\/product_tag?post=9842"}],"curies":[{"name":"wp","href":"https:\/\/api.w.org\/{rel}","templated":true}]}}