{"id":9841,"date":"2025-09-28T03:45:12","date_gmt":"2025-09-28T03:45:12","guid":{"rendered":"https:\/\/dersuessestopp.com\/product\/vsg-lite-module-suction-attachment\/"},"modified":"2025-09-28T04:10:40","modified_gmt":"2025-09-28T04:10:40","slug":"vsg-lite-modul-szivocsatlakozas","status":"publish","type":"product","link":"https:\/\/dersuessestopp.com\/hu\/product\/vsg-lite-module-suction-attachment\/","title":{"rendered":"VSG Lite modul - sz\u00edv\u00f3csatlakoz\u00e1s"},"content":{"rendered":"<p>Egyszer\u0171 megold\u00e1s az IMAGO digit\u00e1lis nyomtat\u00f3k t\u00e1mogat\u00e1s\u00e1ra. A k\u00e9sz\u00fcl\u00e9k kialak\u00edt\u00e1sa eszt\u00e9tikus \u00e9s felhaszn\u00e1l\u00f3bar\u00e1t, \u00fczemeltet\u00e9se \u00e9s karbantart\u00e1sa pedig rendk\u00edv\u00fcl gazdas\u00e1gos. Amikor nincs haszn\u00e1latban, a VSG Lite automatikusan kikapcsol, ami hozz\u00e1j\u00e1rul az \u00fczemeltet\u00e9si k\u00f6lts\u00e9gek cs\u00f6kkent\u00e9s\u00e9hez. Az egyes funkci\u00f3k mind\u00f6ssze h\u00e1rom gombbal vez\u00e9relhet\u0151k, \u00edgy a k\u00e9sz\u00fcl\u00e9k k\u00f6nnyen kezelhet\u0151.   Sz\u00edv\u00f3asztal UV LED- \u00e9s nanoszolvens nyomtat\u00f3khoz A VSG Lite modul automatikusan kisim\u00edtja a hordoz\u00f3t nyomtat\u00e1s k\u00f6zben, \u00e9s lehet\u0151v\u00e9 teszi a v\u00e9kony anyagok al\u00e1t\u00e1maszt\u00e1s\u00e1t, n\u00f6velve ezzel a pap\u00edrra, f\u00f3li\u00e1ra, f\u00e9mlemezre, r\u00e9tegelt lemezre \u00e9s sz\u00f6vetre t\u00f6rt\u00e9n\u0151 UV LED-nyomtat\u00e1s pontoss\u00e1g\u00e1t \u00e9s megism\u00e9telhet\u0151s\u00e9g\u00e9t. Ugyanakkor megakad\u00e1lyozza a r\u00e9szletek deform\u00e1l\u00f3d\u00e1s\u00e1t az UV LED-l\u00e1mpa h\u0151 hat\u00e1s\u00e1ra, \u00edgy megk\u00f6nny\u00edti az akrilra, PVC-re \u00e9s m\u00e1s m\u0171anyagokra t\u00f6rt\u00e9n\u0151 nyomtat\u00e1st.<\/p>","protected":false},"excerpt":{"rendered":"<p>VSG Lite modul - A legnagyobb pontoss\u00e1ggal nyomtathat v\u00e9kony anyagokra. A VSG Lite modul egy v\u00e1kuumasztallal felszerelt univerz\u00e1lis szersz\u00e1m. A modul lehet\u0151v\u00e9 teszi a nehezen nyomtathat\u00f3 anyagokra, p\u00e9ld\u00e1ul v\u00e9kony hordoz\u00f3kra \u00e9s k\u00f6nnyen deform\u00e1l\u00f3d\u00f3 anyagokra t\u00f6rt\u00e9n\u0151 nyomtat\u00e1st.<\/p>","protected":false},"featured_media":9840,"comment_status":"open","ping_status":"closed","template":"","meta":[],"product_brand":[],"product_cat":[83,82,38],"product_tag":[],"class_list":{"0":"post-9841","1":"product","2":"type-product","3":"status-publish","4":"has-post-thumbnail","6":"product_cat-devices","7":"product_cat-peripheral-devices","8":"product_cat-imago-food-printers","10":"first","11":"instock","12":"shipping-taxable","13":"purchasable","14":"product-type-simple"},"_links":{"self":[{"href":"https:\/\/dersuessestopp.com\/hu\/wp-json\/wp\/v2\/product\/9841","targetHints":{"allow":["GET"]}}],"collection":[{"href":"https:\/\/dersuessestopp.com\/hu\/wp-json\/wp\/v2\/product"}],"about":[{"href":"https:\/\/dersuessestopp.com\/hu\/wp-json\/wp\/v2\/types\/product"}],"replies":[{"embeddable":true,"href":"https:\/\/dersuessestopp.com\/hu\/wp-json\/wp\/v2\/comments?post=9841"}],"version-history":[{"count":1,"href":"https:\/\/dersuessestopp.com\/hu\/wp-json\/wp\/v2\/product\/9841\/revisions"}],"predecessor-version":[{"id":10015,"href":"https:\/\/dersuessestopp.com\/hu\/wp-json\/wp\/v2\/product\/9841\/revisions\/10015"}],"wp:featuredmedia":[{"embeddable":true,"href":"https:\/\/dersuessestopp.com\/hu\/wp-json\/wp\/v2\/media\/9840"}],"wp:attachment":[{"href":"https:\/\/dersuessestopp.com\/hu\/wp-json\/wp\/v2\/media?parent=9841"}],"wp:term":[{"taxonomy":"product_brand","embeddable":true,"href":"https:\/\/dersuessestopp.com\/hu\/wp-json\/wp\/v2\/product_brand?post=9841"},{"taxonomy":"product_cat","embeddable":true,"href":"https:\/\/dersuessestopp.com\/hu\/wp-json\/wp\/v2\/product_cat?post=9841"},{"taxonomy":"product_tag","embeddable":true,"href":"https:\/\/dersuessestopp.com\/hu\/wp-json\/wp\/v2\/product_tag?post=9841"}],"curies":[{"name":"wp","href":"https:\/\/api.w.org\/{rel}","templated":true}]}}