{"id":9837,"date":"2025-09-28T03:45:06","date_gmt":"2025-09-28T03:45:06","guid":{"rendered":"https:\/\/dersuessestopp.com\/product\/aquila-colour-edge-printer\/"},"modified":"2025-09-28T04:10:40","modified_gmt":"2025-09-28T04:10:40","slug":"aquila-szines-elnyomtato","status":"publish","type":"product","link":"https:\/\/dersuessestopp.com\/hu\/product\/aquila-colour-edge-printer\/","title":{"rendered":"AQUILA Colour EDGE nyomtat\u00f3"},"content":{"rendered":"<p>Aquila Colour EDGE Fedezze fel az egyetlen lengyel nyomd\u00e1t a k\u00f6nyvsz\u00e9lek nyomtat\u00e1s\u00e1hoz, amely hat\u00e9kony nyomtat\u00e1st k\u00edn\u00e1l kis p\u00e9ld\u00e1nysz\u00e1m\u00fa \u00e9s nagy sorozatban is. Az UV LED digit\u00e1lis nyomtat\u00e1si technol\u00f3gia biztos\u00edtja a nyomtat\u00e1s tart\u00f3ss\u00e1g\u00e1t, a sz\u00ednpontoss\u00e1got \u00e9s a jel\u00f6l\u00e9si folyamat automatiz\u00e1l\u00e1s\u00e1t, cs\u00f6kkentve a gy\u00e1rt\u00e1si id\u0151t \u00e9s a k\u00f6lts\u00e9geket. A t\u00e1mogatott k\u00f6nyvm\u00e9retek sz\u00e9les v\u00e1laszt\u00e9k\u00e1val lehet\u0151v\u00e9 teszi a szem\u00e9lyre szab\u00e1st \u00e9s az \u00e1tfog\u00f3 befejez\u00e9st minden projekthez. Funkcion\u00e1lis tartoz\u00e9kk\u00e9szlet Egy kieg\u00e9sz\u00edt\u0151 \u00e1t\u00e1ll\u00edt\u00f3pad lehet\u0151v\u00e9 teszi egy k\u00f6nyvsorozat el\u0151k\u00e9sz\u00edt\u00e9s\u00e9t jel\u00f6l\u00e9sre, mik\u00f6zben az el\u0151z\u0151 t\u00e9tel nyomtat\u00e1sa folyamatban van, \u00edgy biztos\u00edtva a g\u00e9p folyamatos m\u0171k\u00f6d\u00e9s\u00e9t. A felszerel\u00e9s olyan eszk\u00f6z\u00f6ket tartalmaz, mint a k\u00f6nyvek pontos poz\u00edcion\u00e1l\u00e1s\u00e1hoz sz\u00fcks\u00e9ges satu \u00e9s lemezek, valamint a satu asztalra t\u00f6rt\u00e9n\u0151 elhelyez\u00e9s\u00e9hez sz\u00fcks\u00e9ges \u00fctk\u00f6z\u0151k. A pozicion\u00e1l\u00f3 lemezek k\u00e9szletei a k\u00fcl\u00f6nb\u00f6z\u0151 k\u00f6nyvm\u00e9retekhez igazodnak, megk\u00f6nny\u00edtve az anyag el\u0151k\u00e9sz\u00edt\u00e9s\u00e9t \u00e9s cs\u00f6kkentve a gy\u00e1rt\u00e1si hullad\u00e9kot. A v\u00e1lt\u00f3asztal olyan s\u00ednekkel van felszerelve, amelyek lehet\u0151v\u00e9 teszik a k\u00f6nyvnyomtatv\u00e1nyok k\u00f6nny\u0171 mozgat\u00e1s\u00e1t a munkaasztalra, jav\u00edtva ezzel a munka ergon\u00f3mi\u00e1j\u00e1t. Egy kieg\u00e9sz\u00edt\u0151 pr\u00f3banyomtat\u00f3asztal lehet\u0151v\u00e9 teszi a g\u00e9p funkci\u00f3inak tesztel\u00e9s\u00e9t an\u00e9lk\u00fcl, hogy a g\u00e9pet sz\u00e9t kellene szerelni. Ez azt jelenti, hogy a g\u00e9p m\u0171k\u00f6dtet\u00e9s\u00e9hez csak egy kezel\u0151re van sz\u00fcks\u00e9g. Ez cs\u00f6kkenti a termel\u00e9si k\u00f6lts\u00e9geket, \u00e9s felszabad\u00edtja az emberi er\u0151forr\u00e1sokat m\u00e1s feladatokra. Az ipar\u00e1gi ig\u00e9nyekhez igaz\u00edtott technol\u00f3gia UV LED nyomtat\u00e1si technol\u00f3gi\u00e1nkat kifejezetten \u00fagy tervezt\u00fck, hogy ne ragadjanak \u00f6ssze a k\u00f6nyvek sz\u00e9lei. Az UV LED-l\u00e1mp\u00e1val kikem\u00e9ny\u00edtett fest\u00e9k biztos\u00edtja a mint\u00e1k tart\u00f3ss\u00e1g\u00e1t, mik\u00f6zben garant\u00e1lja az azonnali haszn\u00e1latra k\u00e9sz, sz\u00e1raz nyomatokat. Ez a funkcionalit\u00e1s biztos\u00edtja a folyamat hat\u00e9konys\u00e1g\u00e1t, \u00e9s ide\u00e1lisan megfelel a kiad\u00f3i \u00e9s nyomdaipar speci\u00e1lis ig\u00e9nyeinek. A k\u00e9sz\u00fcl\u00e9kben haszn\u00e1lt l\u00e9gh\u0171t\u00e9ses UV LED-l\u00e1mpa karbantart\u00e1smentes, \u00e9s m\u0171k\u00f6d\u00e9s k\u00f6zben nem ig\u00e9nyel figyelmet. Ezenk\u00edv\u00fcl az UV LED-l\u00e1mpa megfelel\u0151en be\u00e1ll\u00edtott teljes\u00edtm\u00e9nye lehet\u0151v\u00e9 teszi a h\u0151\u00e9rz\u00e9keny term\u00e9kekre t\u00f6rt\u00e9n\u0151 nyomtat\u00e1st a term\u00e9k deform\u00e1l\u00f3d\u00e1s\u00e1nak vesz\u00e9lye n\u00e9lk\u00fcl. Rugalmass\u00e1g \u00e9s a gy\u00e1rt\u00e1s felgyors\u00edt\u00e1sa Az Aquila Colour Edge lehet\u0151v\u00e9 teszi mind a kis, szem\u00e9lyre szabott k\u00f6nyvsorozatok, mind a nagy sorozatgy\u00e1rt\u00e1s hat\u00e9kony nyomtat\u00e1s\u00e1t. A fejlett digit\u00e1lis nyomtat\u00e1si technol\u00f3gia lehet\u0151v\u00e9 teszi a nyomd\u00e1k sz\u00e1m\u00e1ra, hogy gyorsan alkalmazkodjanak az \u00fcgyfelek ig\u00e9nyeihez, \u00edgy biztos\u00edtva az egyedi megrendel\u00e9sek \u00e9s a nagym\u00e9ret\u0171 kereskedelmi projektek z\u00f6kken\u0151mentes kivitelez\u00e9s\u00e9t. A rendszer automatiz\u00e1lja a k\u00f6nyvsz\u00e9lek jel\u00f6l\u00e9s\u00e9t, ler\u00f6vid\u00edtve a gy\u00e1rt\u00e1si id\u0151t \u00e9s cs\u00f6kkentve a m\u0171k\u00f6d\u00e9si k\u00f6lts\u00e9geket. Ugyanakkor kik\u00fcsz\u00f6b\u00f6li a k\u00e9zi sz\u00ednez\u00e9s sz\u00fcks\u00e9gess\u00e9g\u00e9t. Az Aquila Color Edge seg\u00edts\u00e9g\u00e9vel 12\u00d77,5 cm-t\u0151l 45\u00d745 cm-ig terjed\u0151 m\u00e9ret\u0171 k\u00f6nyvsz\u00e9lek jel\u00f6l\u00e9s\u00e9re van lehet\u0151s\u00e9g, \u00edgy a megrendel\u00e9sek sz\u00e9les sk\u00e1l\u00e1j\u00e1t tudja kezelni, \u00e9s \u00e1tfog\u00f3 kivitelez\u00e9st k\u00edn\u00e1lhat \u00fcgyfeleinek. Nagy pontoss\u00e1g\u00fa nyomtat\u00e1s a teljes sz\u00ednspektrumban Fejlett UV LED-es digit\u00e1lis nyomtat\u00e1si technol\u00f3gi\u00e1nk biztos\u00edtja b\u00e1rmely grafika pontos reproduk\u00e1l\u00e1s\u00e1t a teljes sz\u00ednspektrumban. Kiv\u00e9teles r\u00e9szletess\u00e9get \u00e9s sz\u00ednintenzit\u00e1st biztos\u00edt, \u00e9s megfelel a legmagasabb befejez\u00e9si szabv\u00e1nyoknak. A k\u00e9sz\u00fcl\u00e9k prec\u00edz param\u00e9terei lehet\u0151v\u00e9 teszik, hogy f\u00e9nyk\u00e9pek fot\u00f3min\u0151s\u00e9gben \u00e9s \u00f6sszetett grafik\u00e1k a legnagyobb pontoss\u00e1ggal nyomtassanak. Az Aquila Colour EDGE emellett lehet\u0151s\u00e9get ny\u00fajt a k\u00f6nyvsz\u00e9lek egys\u00e9ges, monokr\u00f3m lefed\u00e9s\u00e9re, ami jelent\u0151sen cs\u00f6kkenti a jelenlegi projektjei gy\u00e1rt\u00e1si idej\u00e9t \u00e9s cs\u00f6kkenti a gy\u00e1rt\u00e1si hullad\u00e9kot. A k\u00edn\u00e1lt term\u00e9k magasabb \u00e9rt\u00e9ke \u00e9s a term\u00e9kv\u00e1laszt\u00e9k b\u0151v\u00edt\u00e9se A k\u00f6nyvsz\u00e9leknek a fejlett Aquila Colour EDGE technol\u00f3gi\u00e1val t\u00f6rt\u00e9n\u0151 nyomtat\u00e1sa jelent\u0151sen n\u00f6veli azok vizu\u00e1lis vonzerej\u00e9t, \u00edgy magasabb elad\u00e1si \u00e1rakat k\u00edn\u00e1lhat \u00e9s \u00faj v\u00e1s\u00e1rl\u00f3kat vonzhat. Ezenk\u00edv\u00fcl az egyedi k\u00f6nyvek k\u00edn\u00e1l\u00e1s\u00e1nak lehet\u0151s\u00e9ge lehet\u0151v\u00e9 teszi, hogy b\u0151v\u00edtse szolg\u00e1ltat\u00e1si portf\u00f3li\u00f3j\u00e1t, \u00e9s \u00faj piaci szegmenseket nyisson meg a nyomd\u00e1k sz\u00e1m\u00e1ra. A saj\u00e1t \u00e9lnyomtat\u00f3val rendelkez\u0151 nyomtat\u00f3 rugalmass\u00e1got biztos\u00edt \u00d6nnek a k\u00fcl\u00f6nb\u00f6z\u0151 term\u00e9kek l\u00e9trehoz\u00e1s\u00e1hoz, a luxuskiadv\u00e1nyokt\u00f3l a k\u00fcl\u00f6nleges kiad\u00e1sokig. Mindez azt jelenti, hogy az Aquila Color EDGE \u00e1ltal k\u00edn\u00e1lt fejlett technol\u00f3gi\u00e1ba val\u00f3 befektet\u00e9s meger\u0151s\u00edti a m\u00e1rka poz\u00edci\u00f3j\u00e1t az innov\u00e1ci\u00f3 vezet\u0151jek\u00e9nt a piacon. Limit\u00e1lt \u00e9s gy\u0171jt\u0151i sorozatok fejlett szem\u00e9lyre szab\u00e1sa Az edge nyomtat\u00f3 lehet\u0151v\u00e9 teszi, hogy olyan limit\u00e1lt vagy exkluz\u00edv k\u00f6nyvkiad\u00e1sokat hozzon l\u00e9tre, amelyek vonz\u00f3bbak a gy\u0171jt\u0151k \u00e9s az irodalomrajong\u00f3k sz\u00e1m\u00e1ra. Az Aquila ColourEDGE nyomtat\u00f3val egyidej\u0171leg nyomtatott k\u00f6nyvsorozatot nyomtatva lehet\u0151s\u00e9g van arra, hogy minden egyes nyomtat\u00e1s alatt \u00e1ll\u00f3 k\u00f6nyvh\u00f6z m\u00e1s-m\u00e1s grafik\u00e1t v\u00e1lasszon. Ez a funkci\u00f3 ide\u00e1lis olyan k\u00f6nyvsorozatok l\u00e9trehoz\u00e1s\u00e1hoz, ahol az egyes k\u00f6tetek nyomtatott sz\u00e9le utal az egyedi jelleg\u00e9re \u00e9s tartalm\u00e1ra. Nagyszer\u0171 lehet\u0151s\u00e9geket k\u00edn\u00e1l tov\u00e1bb\u00e1 a szem\u00e9lyre szab\u00e1shoz \u00e9s a dedik\u00e1ci\u00f3kkal ell\u00e1tott, korl\u00e1tozott p\u00e9ld\u00e1nysz\u00e1m\u00fa term\u00e9kek l\u00e9trehoz\u00e1s\u00e1hoz . Gyors megt\u00e9r\u00fcl\u00e9s \u00e9s minimaliz\u00e1lt gy\u00e1rt\u00e1si k\u00f6lts\u00e9gek. A fejlett funkcionalit\u00e1s, a hossz\u00fa \u00e9lettartam \u00e9s az Aquila Colour EDGE haszn\u00e1lat\u00e1nak el\u0151nyei lehet\u0151v\u00e9 teszik a nagyobb \u00e1rr\u00e9st \u00e9s a gyorsabb termel\u00e9st a nyomd\u00e1kban. Ez lehet\u0151v\u00e9 teszi a befektet\u00e9s gyors megt\u00e9r\u00fcl\u00e9s\u00e9t, ami a nyomd\u00e1k sz\u00e1m\u00e1ra megn\u00f6vekedett bev\u00e9telt \u00e9s hossz\u00fa t\u00e1v\u00fa \u00fcgyf\u00e9l-el\u00e9gedetts\u00e9get k\u00edn\u00e1l.  Az Aquila Colour EDGE pontos pozicion\u00e1l\u00e1s\u00e1val \u00e9s hibajelz\u00e9s\u00e9vel minimaliz\u00e1lhatja a hib\u00e1kat \u00e9s a hullad\u00e9kot a d\u00edsz\u00edtett k\u00f6nyvsz\u00e9lek gy\u00e1rt\u00e1sa sor\u00e1n.<\/p>","protected":false},"excerpt":{"rendered":"<p>Fedezze fel az egyetlen lengyel k\u00f6nyvsz\u00e9lek nyomtat\u00e1s\u00e1ra szolg\u00e1l\u00f3 nyomd\u00e1t, amely hat\u00e9kony nyomtat\u00e1st k\u00edn\u00e1l mind a kis p\u00e9ld\u00e1nysz\u00e1m\u00fa, mind a nagy p\u00e9ld\u00e1nysz\u00e1m\u00fa nyomtat\u00e1shoz.<\/p>","protected":false},"featured_media":9836,"comment_status":"open","ping_status":"closed","template":"","meta":[],"product_brand":[],"product_cat":[78,77,38],"product_tag":[],"class_list":{"0":"post-9837","1":"product","2":"type-product","3":"status-publish","4":"has-post-thumbnail","6":"product_cat-equipment","7":"product_cat-uv-led-printers","8":"product_cat-imago-food-printers","10":"first","11":"instock","12":"shipping-taxable","13":"purchasable","14":"product-type-simple"},"_links":{"self":[{"href":"https:\/\/dersuessestopp.com\/hu\/wp-json\/wp\/v2\/product\/9837","targetHints":{"allow":["GET"]}}],"collection":[{"href":"https:\/\/dersuessestopp.com\/hu\/wp-json\/wp\/v2\/product"}],"about":[{"href":"https:\/\/dersuessestopp.com\/hu\/wp-json\/wp\/v2\/types\/product"}],"replies":[{"embeddable":true,"href":"https:\/\/dersuessestopp.com\/hu\/wp-json\/wp\/v2\/comments?post=9837"}],"version-history":[{"count":1,"href":"https:\/\/dersuessestopp.com\/hu\/wp-json\/wp\/v2\/product\/9837\/revisions"}],"predecessor-version":[{"id":10018,"href":"https:\/\/dersuessestopp.com\/hu\/wp-json\/wp\/v2\/product\/9837\/revisions\/10018"}],"wp:featuredmedia":[{"embeddable":true,"href":"https:\/\/dersuessestopp.com\/hu\/wp-json\/wp\/v2\/media\/9836"}],"wp:attachment":[{"href":"https:\/\/dersuessestopp.com\/hu\/wp-json\/wp\/v2\/media?parent=9837"}],"wp:term":[{"taxonomy":"product_brand","embeddable":true,"href":"https:\/\/dersuessestopp.com\/hu\/wp-json\/wp\/v2\/product_brand?post=9837"},{"taxonomy":"product_cat","embeddable":true,"href":"https:\/\/dersuessestopp.com\/hu\/wp-json\/wp\/v2\/product_cat?post=9837"},{"taxonomy":"product_tag","embeddable":true,"href":"https:\/\/dersuessestopp.com\/hu\/wp-json\/wp\/v2\/product_tag?post=9837"}],"curies":[{"name":"wp","href":"https:\/\/api.w.org\/{rel}","templated":true}]}}