{"id":9013,"date":"2025-09-23T12:35:14","date_gmt":"2025-09-23T12:35:14","guid":{"rendered":"https:\/\/dersuessestopp.com\/?post_type=product&#038;p=9013"},"modified":"2025-10-08T19:22:32","modified_gmt":"2025-10-08T19:22:32","slug":"cw-120-g2tb","status":"publish","type":"product","link":"https:\/\/dersuessestopp.com\/hu\/product\/cw-120-g2tb\/","title":{"rendered":"CW 120 G2TB"},"content":{"rendered":"<p data-start=\"86\" data-end=\"581\"><img fetchpriority=\"high\" decoding=\"async\" class=\"alignnone wp-image-11517 size-full\" src=\"https:\/\/dersuessestopp.com\/wp-content\/uploads\/2025\/09\/CW120G1TB_CW120G2TB-Dettagli.jpg\" alt=\"\" width=\"2000\" height=\"600\" srcset=\"https:\/\/dersuessestopp.com\/wp-content\/uploads\/2025\/09\/CW120G1TB_CW120G2TB-Dettagli.jpg 2000w, https:\/\/dersuessestopp.com\/wp-content\/uploads\/2025\/09\/CW120G1TB_CW120G2TB-Dettagli-300x90.jpg 300w, https:\/\/dersuessestopp.com\/wp-content\/uploads\/2025\/09\/CW120G1TB_CW120G2TB-Dettagli-1024x307.jpg 1024w, https:\/\/dersuessestopp.com\/wp-content\/uploads\/2025\/09\/CW120G1TB_CW120G2TB-Dettagli-768x230.jpg 768w, https:\/\/dersuessestopp.com\/wp-content\/uploads\/2025\/09\/CW120G1TB_CW120G2TB-Dettagli-1536x461.jpg 1536w, https:\/\/dersuessestopp.com\/wp-content\/uploads\/2025\/09\/CW120G1TB_CW120G2TB-Dettagli-250x75.jpg 250w, https:\/\/dersuessestopp.com\/wp-content\/uploads\/2025\/09\/CW120G1TB_CW120G2TB-Dettagli-600x180.jpg 600w\" sizes=\"(max-width: 2000px) 100vw, 2000px\" \/><\/p>\n<p data-start=\"86\" data-end=\"581\">A <strong data-start=\"90\" data-end=\"105\">CW 120 G2TB<\/strong> egy nagy teljes\u00edtm\u00e9ny\u0171, szell\u0151ztetett borh\u0171t\u0151 kett\u0151s h\u0151m\u00e9rs\u00e9kleti z\u00f3n\u00e1val, amelyet \u00fagy terveztek, hogy a k\u00fcl\u00f6nb\u00f6z\u0151 borokat ide\u00e1lis k\u00f6r\u00fclm\u00e9nyek k\u00f6z\u00f6tt t\u00e1rolja \u00e9s tart\u00f3s\u00edtsa. A karcs\u00fa, teljes \u00fcvegb\u0151l k\u00e9sz\u00fclt, keret n\u00e9lk\u00fcli ajt\u00f3val, energiatakar\u00e9kos LED-vil\u00e1g\u00edt\u00e1ssal \u00e9s Z-alak\u00fa cs\u00fasz\u00f3 polcokkal rendelkez\u0151 borh\u0171t\u0151 egyes\u00edti a st\u00edlust \u00e9s a funkcionalit\u00e1st mind professzion\u00e1lis, mind otthoni haszn\u00e1latra. K\u00e9tz\u00f3n\u00e1s kialak\u00edt\u00e1sa lehet\u0151v\u00e9 teszi a k\u00fcl\u00f6nb\u00f6z\u0151 bort\u00edpusok pontos h\u0151m\u00e9rs\u00e9klet-szab\u00e1lyoz\u00e1s\u00e1t, optim\u00e1lis \u00e9rlel\u00e9si \u00e9s t\u00e1lal\u00e1si k\u00f6r\u00fclm\u00e9nyeket biztos\u00edtva.<\/p>\n<h3 data-start=\"1240\" data-end=\"1252\">Kapacit\u00e1s<\/h3>\n<div class=\"_tableContainer_1rjym_1\">\n<div class=\"group _tableWrapper_1rjym_13 flex w-fit flex-col-reverse\">\n<table>\n<thead>\n<tr>\n<th>Palack \/ doboz t\u00edpusa<\/th>\n<th>Kapacit\u00e1s (CW 120 G2TB)<\/th>\n<\/tr>\n<\/thead>\n<tbody>\n<tr>\n<td>75 cl palackok<\/td>\n<td>56<\/td>\n<\/tr>\n<tr>\n<td>V\u00e1ltoz\u00f3 csomagol\u00e1s<\/td>\n<td>M\u00e9rett\u0151l f\u00fcgg\u0151en<\/td>\n<\/tr>\n<\/tbody>\n<\/table>\n<h3 data-start=\"1509\" data-end=\"1523\">M\u00e9retek<\/h3>\n<div class=\"_tableContainer_1rjym_1\">\n<div class=\"group _tableWrapper_1rjym_13 flex w-fit flex-col-reverse\">\n<table>\n<thead>\n<tr>\n<th>M\u00e9ret T\u00edpus<\/th>\n<th>CW 120 G2TB (mm)<\/th>\n<\/tr>\n<\/thead>\n<tbody>\n<tr>\n<td>K\u00fcls\u0151 m\u00e9retek (WxDxH)<\/td>\n<td>595 x 690 x 1200<\/td>\n<\/tr>\n<tr>\n<td>Csomagol\u00e1si m\u00e9retek (WxDxH)<\/td>\n<td>645 x 770 x 1425<\/td>\n<\/tr>\n<tr>\n<td>Sz\u00e9less\u00e9g (A)<\/td>\n<td>500<\/td>\n<\/tr>\n<tr>\n<td>M\u00e9lys\u00e9g (B)<\/td>\n<td>540<\/td>\n<\/tr>\n<tr>\n<td>Magass\u00e1g (C)<\/td>\n<td>1030<\/td>\n<\/tr>\n<tr>\n<td>Minim\u00e1lis m\u00e9lys\u00e9g (D)<\/td>\n<td>380<\/td>\n<\/tr>\n<tr>\n<td>Minim\u00e1lis magass\u00e1g (E)<\/td>\n<td>820<\/td>\n<\/tr>\n<tr>\n<td>Oldal matrica<\/td>\n<td>648 x 1185<\/td>\n<\/tr>\n<tr>\n<td>\u00dcveg matrica<\/td>\n<td>462 x 940<\/td>\n<\/tr>\n<\/tbody>\n<\/table>\n<h3 data-start=\"1975\" data-end=\"2003\">M\u0171szaki specifik\u00e1ci\u00f3k<\/h3>\n<div class=\"_tableContainer_1rjym_1\">\n<div class=\"group _tableWrapper_1rjym_13 flex w-fit flex-col-reverse\">\n<table>\n<thead>\n<tr>\n<th>Jellemz\u0151<\/th>\n<th>Specifik\u00e1ci\u00f3<\/th>\n<\/tr>\n<\/thead>\n<tbody>\n<tr>\n<td>H\u0151m\u00e9rs\u00e9klet tartom\u00e1ny<\/td>\n<td>+2\u00b0C \/ +12\u00b0C<\/td>\n<\/tr>\n<tr>\n<td>Kl\u00edmaoszt\u00e1ly<\/td>\n<td>N-ST<\/td>\n<\/tr>\n<tr>\n<td>Nett\u00f3-brutt\u00f3 volumen<\/td>\n<td>250 \/ 263 L<\/td>\n<\/tr>\n<tr>\n<td>K\u00fcls\u0151 fel\u00fclet<\/td>\n<td>El\u0151re festett lemez korr\u00f3zi\u00f3g\u00e1tl\u00f3 kezel\u00e9ssel<\/td>\n<\/tr>\n<tr>\n<td>Ajt\u00f3<\/td>\n<td>Fekete teljes \u00fcveg<\/td>\n<\/tr>\n<tr>\n<td>Bels\u0151 b\u00e9l\u00e9s<\/td>\n<td>ABS<\/td>\n<\/tr>\n<tr>\n<td>Termoszt\u00e1t<\/td>\n<td>Elektronikus, \u00e9rint\u0151k\u00e9perny\u0151<\/td>\n<\/tr>\n<tr>\n<td>Zajszint<\/td>\n<td>38 dB<\/td>\n<\/tr>\n<tr>\n<td>Szigetel\u00e9s vastags\u00e1ga<\/td>\n<td>55 mm<\/td>\n<\/tr>\n<tr>\n<td>Leolvaszt\u00e1s<\/td>\n<td>Automatikus kompresszor ciklus<\/td>\n<\/tr>\n<tr>\n<td>Vil\u00e1g\u00edt\u00e1s<\/td>\n<td>1 v\u00edzszintes + 2 f\u00fcgg\u0151leges LED<\/td>\n<\/tr>\n<tr>\n<td>Polcok<\/td>\n<td>4 Z-alak\u00fa polc + 1 fi\u00f3k, 452 x 380 mm-es m\u00e9ret<\/td>\n<\/tr>\n<tr>\n<td>G\u00f6rg\u0151k - l\u00e1bak<\/td>\n<td>4 l\u00e1b<\/td>\n<\/tr>\n<tr>\n<td>Nett\u00f3-brutt\u00f3 s\u00faly<\/td>\n<td>82 \/ 87 kg<\/td>\n<\/tr>\n<tr>\n<td>Fesz\u00fclts\u00e9g<\/td>\n<td>220 V<\/td>\n<\/tr>\n<tr>\n<td>Frekvencia<\/td>\n<td>50 Hz<\/td>\n<\/tr>\n<tr>\n<td>H\u0171t\u0151k\u00f6zeg<\/td>\n<td>R600A<\/td>\n<\/tr>\n<tr>\n<td>Energiafogyaszt\u00e1s<\/td>\n<td>115 W<\/td>\n<\/tr>\n<tr>\n<td>Energiafogyaszt\u00e1s<\/td>\n<td>0,405 kWh\/24H<\/td>\n<\/tr>\n<\/tbody>\n<\/table>\n<\/div>\n<\/div>\n<\/div>\n<\/div>\n<\/div>\n<\/div>","protected":false},"excerpt":{"rendered":"<p>The CW 120 G2TB is a high-performance ventilated wine cooler with dual temperature zones, designed to store and preserve a variety of wines at their ideal conditions. Featuring a sleek full glass frameless door, energy-efficient LED lighting, and Z-shape sliding shelves, this wine cooler combines style and functionality for both professional and home use. Its [&hellip;]<\/p>\n","protected":false},"featured_media":9014,"comment_status":"open","ping_status":"closed","template":"","meta":[],"product_brand":[],"product_cat":[49],"product_tag":[],"class_list":{"0":"post-9013","1":"product","2":"type-product","3":"status-publish","4":"has-post-thumbnail","6":"product_cat-wine-fridges","8":"first","9":"instock","10":"shipping-taxable","11":"product-type-simple"},"_links":{"self":[{"href":"https:\/\/dersuessestopp.com\/hu\/wp-json\/wp\/v2\/product\/9013","targetHints":{"allow":["GET"]}}],"collection":[{"href":"https:\/\/dersuessestopp.com\/hu\/wp-json\/wp\/v2\/product"}],"about":[{"href":"https:\/\/dersuessestopp.com\/hu\/wp-json\/wp\/v2\/types\/product"}],"replies":[{"embeddable":true,"href":"https:\/\/dersuessestopp.com\/hu\/wp-json\/wp\/v2\/comments?post=9013"}],"version-history":[{"count":2,"href":"https:\/\/dersuessestopp.com\/hu\/wp-json\/wp\/v2\/product\/9013\/revisions"}],"predecessor-version":[{"id":11520,"href":"https:\/\/dersuessestopp.com\/hu\/wp-json\/wp\/v2\/product\/9013\/revisions\/11520"}],"wp:featuredmedia":[{"embeddable":true,"href":"https:\/\/dersuessestopp.com\/hu\/wp-json\/wp\/v2\/media\/9014"}],"wp:attachment":[{"href":"https:\/\/dersuessestopp.com\/hu\/wp-json\/wp\/v2\/media?parent=9013"}],"wp:term":[{"taxonomy":"product_brand","embeddable":true,"href":"https:\/\/dersuessestopp.com\/hu\/wp-json\/wp\/v2\/product_brand?post=9013"},{"taxonomy":"product_cat","embeddable":true,"href":"https:\/\/dersuessestopp.com\/hu\/wp-json\/wp\/v2\/product_cat?post=9013"},{"taxonomy":"product_tag","embeddable":true,"href":"https:\/\/dersuessestopp.com\/hu\/wp-json\/wp\/v2\/product_tag?post=9013"}],"curies":[{"name":"wp","href":"https:\/\/api.w.org\/{rel}","templated":true}]}}