{"id":8995,"date":"2025-09-23T12:03:43","date_gmt":"2025-09-23T12:03:43","guid":{"rendered":"https:\/\/dersuessestopp.com\/?post_type=product&#038;p=8995"},"modified":"2025-10-08T19:21:41","modified_gmt":"2025-10-08T19:21:41","slug":"cw-51-g1tb","status":"publish","type":"product","link":"https:\/\/dersuessestopp.com\/hu\/product\/cw-51-g1tb\/","title":{"rendered":"CW 51 G1TB"},"content":{"rendered":"<p data-start=\"190\" data-end=\"465\"><img fetchpriority=\"high\" decoding=\"async\" class=\"alignnone wp-image-11526 size-full\" src=\"https:\/\/dersuessestopp.com\/wp-content\/uploads\/2025\/09\/CW-46-G2TB-1.jpg\" alt=\"\" width=\"2000\" height=\"600\" srcset=\"https:\/\/dersuessestopp.com\/wp-content\/uploads\/2025\/09\/CW-46-G2TB-1.jpg 2000w, https:\/\/dersuessestopp.com\/wp-content\/uploads\/2025\/09\/CW-46-G2TB-1-300x90.jpg 300w, https:\/\/dersuessestopp.com\/wp-content\/uploads\/2025\/09\/CW-46-G2TB-1-1024x307.jpg 1024w, https:\/\/dersuessestopp.com\/wp-content\/uploads\/2025\/09\/CW-46-G2TB-1-768x230.jpg 768w, https:\/\/dersuessestopp.com\/wp-content\/uploads\/2025\/09\/CW-46-G2TB-1-1536x461.jpg 1536w, https:\/\/dersuessestopp.com\/wp-content\/uploads\/2025\/09\/CW-46-G2TB-1-250x75.jpg 250w, https:\/\/dersuessestopp.com\/wp-content\/uploads\/2025\/09\/CW-46-G2TB-1-600x180.jpg 600w\" sizes=\"(max-width: 2000px) 100vw, 2000px\" \/><\/p>\n<p data-start=\"190\" data-end=\"465\">A <strong data-start=\"210\" data-end=\"224\">CW 51 G1TB<\/strong> egy szell\u0151ztethet\u0151 borh\u0171t\u0151, teljes keret n\u00e9lk\u00fcli \u00fcvegajt\u00f3val \u00e9s kivehet\u0151 fa polcokkal, amely alkalmas a borok pontos h\u0151m\u00e9rs\u00e9klet-szab\u00e1lyoz\u00e1s\u00fa t\u00e1rol\u00e1s\u00e1ra. Ez a sorozat k\u00e9tz\u00f3n\u00e1s \u00e9s INOX fi\u00f3kos modelleket is tartalmaz a speci\u00e1lis t\u00e1rol\u00e1si ig\u00e9nyekhez.<\/p>\n<p data-start=\"467\" data-end=\"486\"><strong data-start=\"467\" data-end=\"484\">Kulcsfontoss\u00e1g\u00fa jellemz\u0151k:<\/strong><\/p>\n<ul data-start=\"487\" data-end=\"835\">\n<li data-start=\"487\" data-end=\"528\">\n<p data-start=\"489\" data-end=\"528\">Teljes \u00fcvegkeret n\u00e9lk\u00fcli ajt\u00f3 (CW modellek)<\/p>\n<\/li>\n<li data-start=\"529\" data-end=\"567\">\n<p data-start=\"531\" data-end=\"567\">Elektronikus \u00e9rint\u0151k\u00e9perny\u0151s termoszt\u00e1t<\/p>\n<\/li>\n<li data-start=\"568\" data-end=\"608\">\n<p data-start=\"570\" data-end=\"608\">Kivehet\u0151 fa polcok (CW modellek)<\/p>\n<\/li>\n<li data-start=\"609\" data-end=\"663\">\n<p data-start=\"611\" data-end=\"663\">Rozsdamentes ac\u00e9l fi\u00f3kok (DW 82 INOX \/ DW 82 BLACK)<\/p>\n<\/li>\n<li data-start=\"664\" data-end=\"693\">\n<p data-start=\"666\" data-end=\"693\">Szell\u0151ztetett h\u0171t\u0151rendszer<\/p>\n<\/li>\n<li data-start=\"694\" data-end=\"715\">\n<p data-start=\"696\" data-end=\"715\">Automatikus leolvaszt\u00e1s<\/p>\n<\/li>\n<li data-start=\"716\" data-end=\"774\">\n<p data-start=\"718\" data-end=\"774\">V\u00edzszintes vagy f\u00fcgg\u0151leges LED vil\u00e1g\u00edt\u00e1s modellt\u0151l f\u00fcgg\u0151en<\/p>\n<\/li>\n<li data-start=\"775\" data-end=\"803\">\n<p data-start=\"777\" data-end=\"803\">Lakat \u00e9s kulcs (CW modellek)<\/p>\n<\/li>\n<li data-start=\"804\" data-end=\"835\">\n<p data-start=\"806\" data-end=\"835\">Megford\u00edthat\u00f3 ajt\u00f3 (CW modellek)<\/p>\n<\/li>\n<\/ul>\n<h3><strong>Kapacit\u00e1s<\/strong><\/h3>\n<table>\n<thead>\n<tr>\n<th>Modell<\/th>\n<th>Palack kapacit\u00e1sa (75 cl)<\/th>\n<th>Kapacit\u00e1s (0,33 L)<\/th>\n<th>Megjegyz\u00e9sek<\/th>\n<\/tr>\n<\/thead>\n<tbody>\n<tr>\n<td>CW 51 G1TB<\/td>\n<td>52<\/td>\n<td>-<\/td>\n<td>Az adatok a csomagol\u00e1st\u00f3l f\u00fcgg\u0151en v\u00e1ltozhatnak<\/td>\n<\/tr>\n<tr>\n<td>CW 46 G2TB<\/td>\n<td>46<\/td>\n<td>-<\/td>\n<td>K\u00e9tz\u00f3n\u00e1s h\u0171t\u0151<\/td>\n<\/tr>\n<tr>\n<td>DW 82 INOX<\/td>\n<td>45<\/td>\n<td>171 Fels\u0151 \/ 92 Als\u00f3<\/td>\n<td>Rozsdamentes ac\u00e9l fi\u00f3kok<\/td>\n<\/tr>\n<tr>\n<td>DW 82 FEKETE<\/td>\n<td>45<\/td>\n<td>171 Fels\u0151 \/ 92 Als\u00f3<\/td>\n<td>Rozsdamentes ac\u00e9l fi\u00f3kok<\/td>\n<\/tr>\n<\/tbody>\n<\/table>\n<h3><strong>M\u00e9retek<\/strong><\/h3>\n<table>\n<thead>\n<tr>\n<th>Modell<\/th>\n<th>K\u00fcls\u0151 (SzxBxH mm)<\/th>\n<th>Csomagol\u00e1s (SzxDxH mm)<\/th>\n<th>Sz\u00e9less\u00e9g (A)<\/th>\n<th>M\u00e9lys\u00e9g (B)<\/th>\n<th>Magass\u00e1g (C)<\/th>\n<th>Minim\u00e1lis m\u00e9lys\u00e9g (D)<\/th>\n<th>Minim\u00e1lis magass\u00e1g (E)<\/th>\n<th>\u00dcvegmatrica (mm)<\/th>\n<th>Oldalmatrica (mm)<\/th>\n<\/tr>\n<\/thead>\n<tbody>\n<tr>\n<td>CW 51 G1TB<\/td>\n<td>595 \u00d7 573 \u00d7 820<\/td>\n<td>660 \u00d7 625 \u00d7 1015<\/td>\n<td>510<\/td>\n<td>445<\/td>\n<td>650<\/td>\n<td>305<\/td>\n<td>550<\/td>\n<td>462 \u00d7 560<\/td>\n<td>530 \u00d7 805<\/td>\n<\/tr>\n<tr>\n<td>CW 46 G2TB<\/td>\n<td>595 \u00d7 573 \u00d7 820<\/td>\n<td>660 \u00d7 625 \u00d7 1015<\/td>\n<td>510<\/td>\n<td>445<\/td>\n<td>650<\/td>\n<td>305<\/td>\n<td>550<\/td>\n<td>462 \u00d7 560<\/td>\n<td>530 \u00d7 805<\/td>\n<\/tr>\n<tr>\n<td>DW 82 INOX<\/td>\n<td>595 \u00d7 628 \u00d7 820<\/td>\n<td>660 \u00d7 588 \u00d7 880<\/td>\n<td>510<\/td>\n<td>430<\/td>\n<td>650<\/td>\n<td>-<\/td>\n<td>-<\/td>\n<td>-<\/td>\n<td>-<\/td>\n<\/tr>\n<tr>\n<td>DW 82 FEKETE<\/td>\n<td>595 \u00d7 584 \u00d7 820<\/td>\n<td>660 \u00d7 588 \u00d7 880<\/td>\n<td>510<\/td>\n<td>430<\/td>\n<td>650<\/td>\n<td>-<\/td>\n<td>-<\/td>\n<td>-<\/td>\n<td>-<\/td>\n<\/tr>\n<\/tbody>\n<\/table>\n<h3 data-start=\"1969\" data-end=\"1993\"><strong>M\u0171szaki jellemz\u0151k<\/strong><\/h3>\n<div class=\"_tableContainer_1rjym_1\">\n<div class=\"group _tableWrapper_1rjym_13 flex w-fit flex-col-reverse\">\n<table>\n<thead>\n<tr>\n<th>Jellemz\u0151<\/th>\n<th>CW 51 G1TB<\/th>\n<th>CW 46 G2TB<\/th>\n<th>DW 82 INOX<\/th>\n<th>DW 82 FEKETE<\/th>\n<\/tr>\n<\/thead>\n<tbody>\n<tr>\n<td>H\u0151m\u00e9rs\u00e9klet tartom\u00e1ny<\/td>\n<td>+2\u00b0C \/ +20\u00b0C<\/td>\n<td>+2\u00b0C \/ +20\u00b0C<\/td>\n<td>0\u00b0C \/ +15\u00b0C<\/td>\n<td>0\u00b0C \/ +15\u00b0C<\/td>\n<\/tr>\n<tr>\n<td>Kl\u00edmaoszt\u00e1ly<\/td>\n<td>N-ST<\/td>\n<td>N-ST<\/td>\n<td>N-ST<\/td>\n<td>N-ST<\/td>\n<\/tr>\n<tr>\n<td>Nett\u00f3 \/ brutt\u00f3 mennyis\u00e9g<\/td>\n<td>145 \/ 150 L<\/td>\n<td>143 \/ 148 L<\/td>\n<td>137 \/ 145 L<\/td>\n<td>137 \/ 145 L<\/td>\n<\/tr>\n<tr>\n<td>K\u00fcls\u0151 test<\/td>\n<td>El\u0151re festett lemez korr\u00f3zi\u00f3g\u00e1tl\u00f3val<\/td>\n<td>El\u0151re festett lemez korr\u00f3zi\u00f3g\u00e1tl\u00f3val<\/td>\n<td>El\u0151re festett lemez korr\u00f3zi\u00f3g\u00e1tl\u00f3val<\/td>\n<td>El\u0151re festett lemez korr\u00f3zi\u00f3g\u00e1tl\u00f3val<\/td>\n<\/tr>\n<tr>\n<td>Ajt\u00f3<\/td>\n<td>Fekete teljes \u00fcveg<\/td>\n<td>Fekete teljes \u00fcveg<\/td>\n<td>INOX 304 fi\u00f3kok<\/td>\n<td>Hidegen hengerelt ac\u00e9llemez, fi\u00f3k el\u0151lapja fekete \u00fcveg<\/td>\n<\/tr>\n<tr>\n<td>Bels\u0151 b\u00e9l\u00e9s<\/td>\n<td>ABS<\/td>\n<td>ABS<\/td>\n<td>ABS<\/td>\n<td>ABS<\/td>\n<\/tr>\n<tr>\n<td>Termoszt\u00e1t<\/td>\n<td>Elektronikus \u00e9rint\u0151k\u00e9perny\u0151<\/td>\n<td>Elektronikus \u00e9rint\u0151k\u00e9perny\u0151<\/td>\n<td>Elektronikus<\/td>\n<td>Elektronikus<\/td>\n<\/tr>\n<tr>\n<td>Zajszint<\/td>\n<td>41 dB<\/td>\n<td>38 dB<\/td>\n<td>40 dB<\/td>\n<td>40 dB<\/td>\n<\/tr>\n<tr>\n<td>Szigetel\u00e9s vastags\u00e1ga<\/td>\n<td>45 mm<\/td>\n<td>45 mm<\/td>\n<td>45 mm<\/td>\n<td>45 mm<\/td>\n<\/tr>\n<tr>\n<td>Leolvaszt\u00e1s<\/td>\n<td>Automatikus (kompresszor kikapcsolva)<\/td>\n<td>Automatikus (kompresszor kikapcsolva)<\/td>\n<td>Automatikus (kompresszor kikapcsolva)<\/td>\n<td>Automatikus (kompresszor kikapcsolva)<\/td>\n<\/tr>\n<tr>\n<td>Vil\u00e1g\u00edt\u00e1s<\/td>\n<td>1 v\u00edzszintes LED<\/td>\n<td>2 v\u00edzszintes LED<\/td>\n<td>2 f\u00fcgg\u0151leges LED<\/td>\n<td>2 f\u00fcgg\u0151leges LED<\/td>\n<\/tr>\n<tr>\n<td>Z\u00e1r \u00e9s kulcs<\/td>\n<td>Igen<\/td>\n<td>Igen<\/td>\n<td>-<\/td>\n<td>-<\/td>\n<\/tr>\n<tr>\n<td>Megford\u00edthat\u00f3 ajt\u00f3<\/td>\n<td>Igen<\/td>\n<td>Igen<\/td>\n<td>-<\/td>\n<td>-<\/td>\n<\/tr>\n<tr>\n<td>Polcok \/ fi\u00f3kok<\/td>\n<td>5 \u00d7 447 \u00d7 492 + 1 \u00d7 292 \u00d7 492 mm<\/td>\n<td>5 \u00d7 447 \u00d7 492 + 1 \u00d7 292 \u00d7 492 mm<\/td>\n<td>2 INOX 304 fi\u00f3k<\/td>\n<td>2 INOX 304 fi\u00f3k<\/td>\n<\/tr>\n<tr>\n<td>G\u00f6rg\u0151k \u00e9s l\u00e1bak<\/td>\n<td>4 l\u00e1b<\/td>\n<td>4 l\u00e1b<\/td>\n<td>4 l\u00e1b<\/td>\n<td>4 l\u00e1b<\/td>\n<\/tr>\n<tr>\n<td>Nett\u00f3 \/ brutt\u00f3 s\u00faly<\/td>\n<td>43 \/ 47 kg<\/td>\n<td>45 \/ 49 kg<\/td>\n<td>48 \/ 52 kg<\/td>\n<td>44 \/ 50 kg<\/td>\n<\/tr>\n<\/tbody>\n<\/table>\n<h3 data-start=\"3414\" data-end=\"3435\"><strong>Elektromos adatok<\/strong><\/h3>\n<div class=\"_tableContainer_1rjym_1\">\n<div class=\"group _tableWrapper_1rjym_13 flex w-fit flex-col-reverse\">\n<table>\n<thead>\n<tr>\n<th>Jellemz\u0151<\/th>\n<th>CW 51 G1TB<\/th>\n<th>CW 46 G2TB<\/th>\n<th>DW 82 INOX<\/th>\n<th>DW 82 FEKETE<\/th>\n<\/tr>\n<\/thead>\n<tbody>\n<tr>\n<td>Fesz\u00fclts\u00e9g<\/td>\n<td>220 V<\/td>\n<td>220 V<\/td>\n<td>220 V<\/td>\n<td>220 V<\/td>\n<\/tr>\n<tr>\n<td>Frekvencia<\/td>\n<td>50 Hz<\/td>\n<td>50 Hz<\/td>\n<td>50 Hz<\/td>\n<td>50 Hz<\/td>\n<\/tr>\n<tr>\n<td>H\u0171t\u0151k\u00f6zeg<\/td>\n<td>R600A<\/td>\n<td>R600A<\/td>\n<td>R600A<\/td>\n<td>R600A<\/td>\n<\/tr>\n<tr>\n<td>Energiaelnyel\u00e9s<\/td>\n<td>95 W<\/td>\n<td>95 W<\/td>\n<td>115 W<\/td>\n<td>115 W<\/td>\n<\/tr>\n<tr>\n<td>Energiafogyaszt\u00e1s (24 \u00f3ra)<\/td>\n<td>0,40 kWh<\/td>\n<td>0,39 kWh<\/td>\n<td>0,324 kWh<\/td>\n<td>0,324 kWh<\/td>\n<\/tr>\n<\/tbody>\n<\/table>\n<\/div>\n<\/div>\n<\/div>\n<\/div>","protected":false},"excerpt":{"rendered":"<p>The CW 51 G1TB is a ventilated wine cooler with a full frameless glass door and removable wooden shelves, suitable for precise temperature-controlled wine storage. This series also includes dual-zone and INOX drawer models for specialized storage needs. Key Features: Full glass frameless door (CW models) Electronic touch screen thermostat Removable wooden shelves (CW models) [&hellip;]<\/p>\n","protected":false},"featured_media":9007,"comment_status":"open","ping_status":"closed","template":"","meta":[],"product_brand":[],"product_cat":[49],"product_tag":[],"class_list":{"0":"post-8995","1":"product","2":"type-product","3":"status-publish","4":"has-post-thumbnail","6":"product_cat-wine-fridges","8":"first","9":"instock","10":"shipping-taxable","11":"product-type-simple"},"_links":{"self":[{"href":"https:\/\/dersuessestopp.com\/hu\/wp-json\/wp\/v2\/product\/8995","targetHints":{"allow":["GET"]}}],"collection":[{"href":"https:\/\/dersuessestopp.com\/hu\/wp-json\/wp\/v2\/product"}],"about":[{"href":"https:\/\/dersuessestopp.com\/hu\/wp-json\/wp\/v2\/types\/product"}],"replies":[{"embeddable":true,"href":"https:\/\/dersuessestopp.com\/hu\/wp-json\/wp\/v2\/comments?post=8995"}],"version-history":[{"count":2,"href":"https:\/\/dersuessestopp.com\/hu\/wp-json\/wp\/v2\/product\/8995\/revisions"}],"predecessor-version":[{"id":11528,"href":"https:\/\/dersuessestopp.com\/hu\/wp-json\/wp\/v2\/product\/8995\/revisions\/11528"}],"wp:featuredmedia":[{"embeddable":true,"href":"https:\/\/dersuessestopp.com\/hu\/wp-json\/wp\/v2\/media\/9007"}],"wp:attachment":[{"href":"https:\/\/dersuessestopp.com\/hu\/wp-json\/wp\/v2\/media?parent=8995"}],"wp:term":[{"taxonomy":"product_brand","embeddable":true,"href":"https:\/\/dersuessestopp.com\/hu\/wp-json\/wp\/v2\/product_brand?post=8995"},{"taxonomy":"product_cat","embeddable":true,"href":"https:\/\/dersuessestopp.com\/hu\/wp-json\/wp\/v2\/product_cat?post=8995"},{"taxonomy":"product_tag","embeddable":true,"href":"https:\/\/dersuessestopp.com\/hu\/wp-json\/wp\/v2\/product_tag?post=8995"}],"curies":[{"name":"wp","href":"https:\/\/api.w.org\/{rel}","templated":true}]}}