{"id":8987,"date":"2025-09-23T11:51:19","date_gmt":"2025-09-23T11:51:19","guid":{"rendered":"https:\/\/dersuessestopp.com\/?post_type=product&#038;p=8987"},"modified":"2025-10-08T19:18:44","modified_gmt":"2025-10-08T19:18:44","slug":"cw-37-g1tb","status":"publish","type":"product","link":"https:\/\/dersuessestopp.com\/hu\/product\/cw-37-g1tb\/","title":{"rendered":"CW 37 G1TB"},"content":{"rendered":"<p data-start=\"175\" data-end=\"477\"><img fetchpriority=\"high\" decoding=\"async\" class=\"alignnone wp-image-11495 size-full\" src=\"https:\/\/dersuessestopp.com\/wp-content\/uploads\/2025\/09\/CW20G1TB_CW37G1TB_CW37G2TB-Dettagli.jpg\" alt=\"\" width=\"2000\" height=\"600\" srcset=\"https:\/\/dersuessestopp.com\/wp-content\/uploads\/2025\/09\/CW20G1TB_CW37G1TB_CW37G2TB-Dettagli.jpg 2000w, https:\/\/dersuessestopp.com\/wp-content\/uploads\/2025\/09\/CW20G1TB_CW37G1TB_CW37G2TB-Dettagli-300x90.jpg 300w, https:\/\/dersuessestopp.com\/wp-content\/uploads\/2025\/09\/CW20G1TB_CW37G1TB_CW37G2TB-Dettagli-1024x307.jpg 1024w, https:\/\/dersuessestopp.com\/wp-content\/uploads\/2025\/09\/CW20G1TB_CW37G1TB_CW37G2TB-Dettagli-768x230.jpg 768w, https:\/\/dersuessestopp.com\/wp-content\/uploads\/2025\/09\/CW20G1TB_CW37G1TB_CW37G2TB-Dettagli-1536x461.jpg 1536w, https:\/\/dersuessestopp.com\/wp-content\/uploads\/2025\/09\/CW20G1TB_CW37G1TB_CW37G2TB-Dettagli-250x75.jpg 250w, https:\/\/dersuessestopp.com\/wp-content\/uploads\/2025\/09\/CW20G1TB_CW37G1TB_CW37G2TB-Dettagli-600x180.jpg 600w\" sizes=\"(max-width: 2000px) 100vw, 2000px\" \/><\/p>\n<p data-start=\"175\" data-end=\"477\">A <strong data-start=\"179\" data-end=\"193\">CW 37 G1TB<\/strong> egy <strong data-start=\"199\" data-end=\"225\">szell\u0151ztetett borh\u0171t\u0151<\/strong> egy <strong data-start=\"238\" data-end=\"267\">teljes \u00fcveg keret n\u00e9lk\u00fcli ajt\u00f3<\/strong>, elektronikus \u00e9rint\u0151k\u00e9perny\u0151s termoszt\u00e1t \u00e9s kivehet\u0151 fa polcok. A k\u00f6vetkez\u0151kh\u00f6z tervezt\u00e9k <strong data-start=\"347\" data-end=\"390\">otthoni, b\u00e1r vagy professzion\u00e1lis bort\u00e1rol\u00e1s<\/strong>, pontos h\u0151m\u00e9rs\u00e9klet-szab\u00e1lyoz\u00e1st \u00e9s eleg\u00e1ns megjelen\u00e9st biztos\u00edt a boros\u00fcvegek sz\u00e1m\u00e1ra.<\/p>\n<h2 data-start=\"954\" data-end=\"965\"><strong>Kapacit\u00e1s<\/strong><\/h2>\n<div class=\"_tableContainer_1rjym_1\">\n<div class=\"group _tableWrapper_1rjym_13 flex w-fit flex-col-reverse\">\n<table>\n<thead>\n<tr>\n<th>Modell<\/th>\n<th>75 cl palackok<\/th>\n<th>Megjegyz\u00e9sek<\/th>\n<\/tr>\n<\/thead>\n<tbody>\n<tr>\n<td>CW 37 G1TB<\/td>\n<td>28<\/td>\n<td>A kapacit\u00e1s a csomagol\u00e1st\u00f3l f\u00fcgg\u0151en v\u00e1ltozhat<\/td>\n<\/tr>\n<\/tbody>\n<\/table>\n<h2 data-start=\"1451\" data-end=\"1464\"><strong>M\u00e9retek<\/strong><\/h2>\n<div class=\"_tableContainer_1rjym_1\">\n<div class=\"group _tableWrapper_1rjym_13 flex w-fit flex-col-reverse\">\n<table>\n<thead>\n<tr>\n<th>Le\u00edr\u00e1s<\/th>\n<th>M\u00e9r\u00e9s (mm)<\/th>\n<\/tr>\n<\/thead>\n<tbody>\n<tr>\n<td>K\u00fcls\u0151 m\u00e9retek (WxDxH)<\/td>\n<td>380 \u00d7 578 \u00d7 820<\/td>\n<\/tr>\n<tr>\n<td>Csomagol\u00e1si m\u00e9retek (WxDxH)<\/td>\n<td>435 \u00d7 655 \u00d7 870<\/td>\n<\/tr>\n<tr>\n<td>Bels\u0151 sz\u00e9less\u00e9g (A)<\/td>\n<td>300<\/td>\n<\/tr>\n<tr>\n<td>Bels\u0151 m\u00e9lys\u00e9g (B)<\/td>\n<td>445<\/td>\n<\/tr>\n<tr>\n<td>Bels\u0151 magass\u00e1g (C)<\/td>\n<td>650<\/td>\n<\/tr>\n<tr>\n<td>Minim\u00e1lis m\u00e9lys\u00e9g (D)<\/td>\n<td>325<\/td>\n<\/tr>\n<tr>\n<td>Minim\u00e1lis magass\u00e1g (E)<\/td>\n<td>530<\/td>\n<\/tr>\n<tr>\n<td>Oldal matrica<\/td>\n<td>530 \u00d7 805<\/td>\n<\/tr>\n<tr>\n<td>\u00dcveg matrica<\/td>\n<td>247 \u00d7 560<\/td>\n<\/tr>\n<\/tbody>\n<\/table>\n<h2 data-start=\"1843\" data-end=\"1864\"><strong>M\u0171szaki jellemz\u0151k<\/strong><\/h2>\n<div class=\"_tableContainer_1rjym_1\">\n<div class=\"group _tableWrapper_1rjym_13 flex w-fit flex-col-reverse\">\n<table>\n<thead>\n<tr>\n<th>Jellemz\u0151<\/th>\n<th>Specifik\u00e1ci\u00f3<\/th>\n<\/tr>\n<\/thead>\n<tbody>\n<tr>\n<td>H\u0151m\u00e9rs\u00e9klet tartom\u00e1ny<\/td>\n<td>+2\u00b0C \/ +20\u00b0C<\/td>\n<\/tr>\n<tr>\n<td>Kl\u00edmaoszt\u00e1ly<\/td>\n<td>N-ST<\/td>\n<\/tr>\n<tr>\n<td>Nett\u00f3 \/ brutt\u00f3 mennyis\u00e9g<\/td>\n<td>85 \/ 88 L<\/td>\n<\/tr>\n<tr>\n<td>K\u00fcls\u0151 test<\/td>\n<td>El\u0151re festett lemez korr\u00f3zi\u00f3g\u00e1tl\u00f3 kezel\u00e9ssel<\/td>\n<\/tr>\n<tr>\n<td>Ajt\u00f3<\/td>\n<td>Fekete teljes \u00fcveg<\/td>\n<\/tr>\n<tr>\n<td>Bels\u0151 b\u00e9l\u00e9s<\/td>\n<td>ABS<\/td>\n<\/tr>\n<tr>\n<td>Termoszt\u00e1t<\/td>\n<td>Elektronikus \u00e9rint\u0151k\u00e9perny\u0151<\/td>\n<\/tr>\n<tr>\n<td>Zajszint<\/td>\n<td>42 dB<\/td>\n<\/tr>\n<tr>\n<td>Szigetel\u00e9s vastags\u00e1ga<\/td>\n<td>45 mm<\/td>\n<\/tr>\n<tr>\n<td>Leolvaszt\u00e1si rendszer<\/td>\n<td>Automatikus (kompresszor kikapcsolva)<\/td>\n<\/tr>\n<tr>\n<td>Vil\u00e1g\u00edt\u00e1s<\/td>\n<td>1 f\u00fcgg\u0151leges LED<\/td>\n<\/tr>\n<tr>\n<td>Z\u00e1r \u00e9s kulcs<\/td>\n<td>Igen<\/td>\n<\/tr>\n<tr>\n<td>Megford\u00edthat\u00f3 ajt\u00f3<\/td>\n<td>Igen<\/td>\n<\/tr>\n<tr>\n<td>Polcok<\/td>\n<td>5 \u00d7 447 \u00d7 297 mm + 1 \u00d7 308 \u00d7 288 mm (kivehet\u0151 fa polcok)<\/td>\n<\/tr>\n<tr>\n<td>G\u00f6rg\u0151k \u00e9s l\u00e1bak<\/td>\n<td>4 l\u00e1b<\/td>\n<\/tr>\n<\/tbody>\n<\/table>\n<h2 data-start=\"2467\" data-end=\"2485\"><strong>Elektromos adatok<\/strong><\/h2>\n<div class=\"_tableContainer_1rjym_1\">\n<div class=\"group _tableWrapper_1rjym_13 flex w-fit flex-col-reverse\">\n<table>\n<thead>\n<tr>\n<th>Specifik\u00e1ci\u00f3<\/th>\n<th>\u00c9rt\u00e9k<\/th>\n<\/tr>\n<\/thead>\n<tbody>\n<tr>\n<td>Fesz\u00fclts\u00e9g<\/td>\n<td>220 V<\/td>\n<\/tr>\n<tr>\n<td>Frekvencia<\/td>\n<td>50 Hz<\/td>\n<\/tr>\n<tr>\n<td>H\u0171t\u0151k\u00f6zeg<\/td>\n<td>R600A<\/td>\n<\/tr>\n<tr>\n<td>Energiaelnyel\u00e9s<\/td>\n<td>80 W<\/td>\n<\/tr>\n<tr>\n<td>Energiafogyaszt\u00e1s (24 \u00f3ra)<\/td>\n<td>0,39 kWh<\/td>\n<\/tr>\n<tr>\n<td>Nett\u00f3 \/ brutt\u00f3 s\u00faly<\/td>\n<td>36 \/ 39 kg<\/td>\n<\/tr>\n<\/tbody>\n<\/table>\n<\/div>\n<\/div>\n<\/div>\n<\/div>\n<\/div>\n<\/div>\n<\/div>\n<\/div>","protected":false},"excerpt":{"rendered":"<p>The CW 37 G1TB is a ventilated wine cooler featuring a full glass frameless door, electronic touchscreen thermostat, and removable wooden shelves. Designed for home, bar, or professional wine storage, it offers precise temperature control and an elegant presentation for wine bottles. Capacity Model 75 cl Bottles Notes CW 37 G1TB 28 Capacity may vary [&hellip;]<\/p>\n","protected":false},"featured_media":8988,"comment_status":"open","ping_status":"closed","template":"","meta":[],"product_brand":[],"product_cat":[49],"product_tag":[],"class_list":{"0":"post-8987","1":"product","2":"type-product","3":"status-publish","4":"has-post-thumbnail","6":"product_cat-wine-fridges","8":"first","9":"instock","10":"shipping-taxable","11":"product-type-simple"},"_links":{"self":[{"href":"https:\/\/dersuessestopp.com\/hu\/wp-json\/wp\/v2\/product\/8987","targetHints":{"allow":["GET"]}}],"collection":[{"href":"https:\/\/dersuessestopp.com\/hu\/wp-json\/wp\/v2\/product"}],"about":[{"href":"https:\/\/dersuessestopp.com\/hu\/wp-json\/wp\/v2\/types\/product"}],"replies":[{"embeddable":true,"href":"https:\/\/dersuessestopp.com\/hu\/wp-json\/wp\/v2\/comments?post=8987"}],"version-history":[{"count":3,"href":"https:\/\/dersuessestopp.com\/hu\/wp-json\/wp\/v2\/product\/8987\/revisions"}],"predecessor-version":[{"id":11523,"href":"https:\/\/dersuessestopp.com\/hu\/wp-json\/wp\/v2\/product\/8987\/revisions\/11523"}],"wp:featuredmedia":[{"embeddable":true,"href":"https:\/\/dersuessestopp.com\/hu\/wp-json\/wp\/v2\/media\/8988"}],"wp:attachment":[{"href":"https:\/\/dersuessestopp.com\/hu\/wp-json\/wp\/v2\/media?parent=8987"}],"wp:term":[{"taxonomy":"product_brand","embeddable":true,"href":"https:\/\/dersuessestopp.com\/hu\/wp-json\/wp\/v2\/product_brand?post=8987"},{"taxonomy":"product_cat","embeddable":true,"href":"https:\/\/dersuessestopp.com\/hu\/wp-json\/wp\/v2\/product_cat?post=8987"},{"taxonomy":"product_tag","embeddable":true,"href":"https:\/\/dersuessestopp.com\/hu\/wp-json\/wp\/v2\/product_tag?post=8987"}],"curies":[{"name":"wp","href":"https:\/\/api.w.org\/{rel}","templated":true}]}}