{"id":8985,"date":"2025-09-23T11:51:51","date_gmt":"2025-09-23T11:51:51","guid":{"rendered":"https:\/\/dersuessestopp.com\/?post_type=product&#038;p=8985"},"modified":"2025-10-08T19:17:58","modified_gmt":"2025-10-08T19:17:58","slug":"cw-20-g1tb","status":"publish","type":"product","link":"https:\/\/dersuessestopp.com\/hu\/product\/cw-20-g1tb\/","title":{"rendered":"CW 20 G1TB"},"content":{"rendered":"<p data-start=\"187\" data-end=\"430\"><img fetchpriority=\"high\" decoding=\"async\" class=\"alignnone wp-image-11495 size-full\" src=\"https:\/\/dersuessestopp.com\/wp-content\/uploads\/2025\/09\/CW20G1TB_CW37G1TB_CW37G2TB-Dettagli.jpg\" alt=\"\" width=\"2000\" height=\"600\" srcset=\"https:\/\/dersuessestopp.com\/wp-content\/uploads\/2025\/09\/CW20G1TB_CW37G1TB_CW37G2TB-Dettagli.jpg 2000w, https:\/\/dersuessestopp.com\/wp-content\/uploads\/2025\/09\/CW20G1TB_CW37G1TB_CW37G2TB-Dettagli-300x90.jpg 300w, https:\/\/dersuessestopp.com\/wp-content\/uploads\/2025\/09\/CW20G1TB_CW37G1TB_CW37G2TB-Dettagli-1024x307.jpg 1024w, https:\/\/dersuessestopp.com\/wp-content\/uploads\/2025\/09\/CW20G1TB_CW37G1TB_CW37G2TB-Dettagli-768x230.jpg 768w, https:\/\/dersuessestopp.com\/wp-content\/uploads\/2025\/09\/CW20G1TB_CW37G1TB_CW37G2TB-Dettagli-1536x461.jpg 1536w, https:\/\/dersuessestopp.com\/wp-content\/uploads\/2025\/09\/CW20G1TB_CW37G1TB_CW37G2TB-Dettagli-250x75.jpg 250w, https:\/\/dersuessestopp.com\/wp-content\/uploads\/2025\/09\/CW20G1TB_CW37G1TB_CW37G2TB-Dettagli-600x180.jpg 600w\" sizes=\"(max-width: 2000px) 100vw, 2000px\" \/><\/p>\n<p data-start=\"187\" data-end=\"430\">A <strong data-start=\"207\" data-end=\"221\">CW 20 G1TB<\/strong> egy kompakt, szell\u0151ztethet\u0151 borh\u0171t\u0151, teljes keret n\u00e9lk\u00fcli \u00fcvegajt\u00f3val \u00e9s kivehet\u0151 fa polcokkal. Pontos h\u0151m\u00e9rs\u00e9klet-szab\u00e1lyoz\u00e1sra tervezt\u00e9k, \u00edgy ide\u00e1lis a borrajong\u00f3k \u00e9s a kis professzion\u00e1lis be\u00e1ll\u00edt\u00e1sok sz\u00e1m\u00e1ra.<\/p>\n<p data-start=\"432\" data-end=\"451\"><strong data-start=\"432\" data-end=\"449\">Kulcsfontoss\u00e1g\u00fa jellemz\u0151k:<\/strong><\/p>\n<ul data-start=\"452\" data-end=\"688\">\n<li data-start=\"452\" data-end=\"481\">\n<p data-start=\"454\" data-end=\"481\">Teljes \u00fcveg keret n\u00e9lk\u00fcli ajt\u00f3<\/p>\n<\/li>\n<li data-start=\"482\" data-end=\"507\">\n<p data-start=\"484\" data-end=\"507\">Elektronikus termoszt\u00e1t<\/p>\n<\/li>\n<li data-start=\"508\" data-end=\"536\">\n<p data-start=\"510\" data-end=\"536\">Kivehet\u0151 fa polcok<\/p>\n<\/li>\n<li data-start=\"537\" data-end=\"566\">\n<p data-start=\"539\" data-end=\"566\">Szell\u0151ztetett h\u0171t\u0151rendszer<\/p>\n<\/li>\n<li data-start=\"567\" data-end=\"603\">\n<p data-start=\"569\" data-end=\"603\">H\u0151m\u00e9rs\u00e9klet-tartom\u00e1ny: +\u00b0C-t\u00f3l +20 \u00b0C-ig<\/p>\n<\/li>\n<li data-start=\"604\" data-end=\"625\">\n<p data-start=\"606\" data-end=\"625\">Automatikus leolvaszt\u00e1s<\/p>\n<\/li>\n<li data-start=\"626\" data-end=\"651\">\n<p data-start=\"628\" data-end=\"651\">F\u00fcgg\u0151leges LED vil\u00e1g\u00edt\u00e1s<\/p>\n<\/li>\n<li data-start=\"652\" data-end=\"668\">\n<p data-start=\"654\" data-end=\"668\">Lakat \u00e9s kulcs<\/p>\n<\/li>\n<li data-start=\"669\" data-end=\"688\">\n<p data-start=\"671\" data-end=\"688\">Megford\u00edthat\u00f3 ajt\u00f3<\/p>\n<\/li>\n<\/ul>\n<h3 data-start=\"695\" data-end=\"709\"><strong>Kapacit\u00e1s<\/strong><\/h3>\n<table>\n<thead>\n<tr>\n<th>Modell<\/th>\n<th>Palack kapacit\u00e1sa (75 cl)<\/th>\n<th>Megjegyz\u00e9sek<\/th>\n<\/tr>\n<\/thead>\n<tbody>\n<tr>\n<td>CW 20 G1TB<\/td>\n<td>18<\/td>\n<td>Az adatok a csomagol\u00e1st\u00f3l f\u00fcgg\u0151en v\u00e1ltozhatnak<\/td>\n<\/tr>\n<tr>\n<td>CW 37 G1TB<\/td>\n<td>28<\/td>\n<td>Az adatok a csomagol\u00e1st\u00f3l f\u00fcgg\u0151en v\u00e1ltozhatnak<\/td>\n<\/tr>\n<tr>\n<td>CW 37 G2TB<\/td>\n<td>28<\/td>\n<td>K\u00e9tz\u00f3n\u00e1s h\u0151m\u00e9rs\u00e9klet-h\u0171t\u0151<\/td>\n<\/tr>\n<\/tbody>\n<\/table>\n<div><\/div>\n<h3><strong>M\u00e9retek<\/strong><\/h3>\n<table>\n<thead>\n<tr>\n<th>Modell<\/th>\n<th>K\u00fcls\u0151 (SzxBxH mm)<\/th>\n<th>Csomagol\u00e1s (SzxDxH mm)<\/th>\n<th>Bels\u0151 sz\u00e9less\u00e9g (A)<\/th>\n<th>M\u00e9lys\u00e9g (B)<\/th>\n<th>Magass\u00e1g (C)<\/th>\n<th>Minim\u00e1lis m\u00e9lys\u00e9g (D)<\/th>\n<th>Minim\u00e1lis magass\u00e1g (E)<\/th>\n<th>\u00dcvegmatrica (mm)<\/th>\n<th>Oldalmatrica (mm)<\/th>\n<\/tr>\n<\/thead>\n<tbody>\n<tr>\n<td>CW 20 G1TB<\/td>\n<td>295 \u00d7 573 \u00d7 820<\/td>\n<td>332 \u00d7 625 \u00d7 870<\/td>\n<td>215<\/td>\n<td>445<\/td>\n<td>650<\/td>\n<td>325<\/td>\n<td>530<\/td>\n<td>162 \u00d7 560<\/td>\n<td>530 \u00d7 805<\/td>\n<\/tr>\n<tr>\n<td>CW 37 G1TB<\/td>\n<td>380 \u00d7 578 \u00d7 820<\/td>\n<td>435 \u00d7 655 \u00d7 870<\/td>\n<td>300<\/td>\n<td>445<\/td>\n<td>650<\/td>\n<td>325<\/td>\n<td>530<\/td>\n<td>247 \u00d7 560<\/td>\n<td>530 \u00d7 805<\/td>\n<\/tr>\n<tr>\n<td>CW 37 G2TB<\/td>\n<td>380 \u00d7 578 \u00d7 820<\/td>\n<td>435 \u00d7 655 \u00d7 870<\/td>\n<td>300<\/td>\n<td>445<\/td>\n<td>650<\/td>\n<td>325<\/td>\n<td>530<\/td>\n<td>247 \u00d7 560<\/td>\n<td>530 \u00d7 805<\/td>\n<\/tr>\n<\/tbody>\n<\/table>\n<div class=\"group _tableWrapper_1rjym_13 flex w-fit flex-col-reverse\"><\/div>\n<h3><strong>M\u0171szaki jellemz\u0151k<\/strong><\/h3>\n<table>\n<thead>\n<tr>\n<th>Jellemz\u0151<\/th>\n<th>CW 20 G1TB<\/th>\n<th>CW 37 G1TB<\/th>\n<th>CW 37 G2TB<\/th>\n<\/tr>\n<\/thead>\n<tbody>\n<tr>\n<td>H\u0151m\u00e9rs\u00e9klet tartom\u00e1ny<\/td>\n<td>+2\u00b0C \/ +20\u00b0C<\/td>\n<td>+2\u00b0C \/ +20\u00b0C<\/td>\n<td>+2\u00b0C \/ +20\u00b0C<\/td>\n<\/tr>\n<tr>\n<td>Kl\u00edmaoszt\u00e1ly<\/td>\n<td>N-ST<\/td>\n<td>N-ST<\/td>\n<td>N-ST<\/td>\n<\/tr>\n<tr>\n<td>Nett\u00f3 \/ brutt\u00f3 mennyis\u00e9g<\/td>\n<td>58 \/ 60 L<\/td>\n<td>85 \/ 88 L<\/td>\n<td>80 \/ 85 L<\/td>\n<\/tr>\n<tr>\n<td>K\u00fcls\u0151 test<\/td>\n<td>El\u0151re festett lemez korr\u00f3zi\u00f3g\u00e1tl\u00f3val<\/td>\n<td>El\u0151re festett lemez korr\u00f3zi\u00f3g\u00e1tl\u00f3val<\/td>\n<td>El\u0151re festett lemez korr\u00f3zi\u00f3g\u00e1tl\u00f3val<\/td>\n<\/tr>\n<tr>\n<td>Ajt\u00f3<\/td>\n<td>Fekete teljes \u00fcveg<\/td>\n<td>Fekete teljes \u00fcveg<\/td>\n<td>Fekete teljes \u00fcveg<\/td>\n<\/tr>\n<tr>\n<td>Bels\u0151 b\u00e9l\u00e9s<\/td>\n<td>ABS<\/td>\n<td>ABS<\/td>\n<td>ABS<\/td>\n<\/tr>\n<tr>\n<td>Termoszt\u00e1t<\/td>\n<td>Elektronikus \u00e9rint\u0151k\u00e9perny\u0151<\/td>\n<td>Elektronikus \u00e9rint\u0151k\u00e9perny\u0151<\/td>\n<td>Elektronikus \u00e9rint\u0151k\u00e9perny\u0151<\/td>\n<\/tr>\n<tr>\n<td>Zajszint<\/td>\n<td>40 dB<\/td>\n<td>42 dB<\/td>\n<td>40 dB<\/td>\n<\/tr>\n<tr>\n<td>Szigetel\u00e9s vastags\u00e1ga<\/td>\n<td>45 mm<\/td>\n<td>45 mm<\/td>\n<td>45 mm<\/td>\n<\/tr>\n<tr>\n<td>Leolvaszt\u00e1s<\/td>\n<td>Automatikus (kompresszor kikapcsolva)<\/td>\n<td>Automatikus (kompresszor kikapcsolva)<\/td>\n<td>Automatikus (kompresszor kikapcsolva)<\/td>\n<\/tr>\n<tr>\n<td>Vil\u00e1g\u00edt\u00e1s<\/td>\n<td>1 f\u00fcgg\u0151leges LED<\/td>\n<td>1 f\u00fcgg\u0151leges LED<\/td>\n<td>1 f\u00fcgg\u0151leges LED<\/td>\n<\/tr>\n<tr>\n<td>Z\u00e1r \u00e9s kulcs<\/td>\n<td>Igen<\/td>\n<td>Igen<\/td>\n<td>Igen<\/td>\n<\/tr>\n<tr>\n<td>Megford\u00edthat\u00f3 ajt\u00f3<\/td>\n<td>Igen<\/td>\n<td>Igen<\/td>\n<td>Igen<\/td>\n<\/tr>\n<tr>\n<td>Polcok (WxD)<\/td>\n<td>5 \u00d7 447 \u00d7 199 + 1 \u00d7 296 \u00d7 203<\/td>\n<td>5 \u00d7 447 \u00d7 297 + 1 \u00d7 308 \u00d7 288<\/td>\n<td>5 \u00d7 447 \u00d7 297 + 1 \u00d7 308 \u00d7 288<\/td>\n<\/tr>\n<tr>\n<td>G\u00f6rg\u0151k \u00e9s l\u00e1bak<\/td>\n<td>4 l\u00e1b<\/td>\n<td>4 l\u00e1b<\/td>\n<td>4 l\u00e1b<\/td>\n<\/tr>\n<tr>\n<td>Nett\u00f3 \/ brutt\u00f3 s\u00faly<\/td>\n<td>30 \/ 32 kg<\/td>\n<td>36 \/ 39 kg<\/td>\n<td>38 \/ 41 kg<\/td>\n<\/tr>\n<\/tbody>\n<\/table>\n<h3><strong>Elektromos adatok<\/strong><\/h3>\n<table>\n<thead>\n<tr>\n<th>Jellemz\u0151<\/th>\n<th>CW 20 G1TB<\/th>\n<th>CW 37 G1TB<\/th>\n<th>CW 37 G2TB<\/th>\n<\/tr>\n<\/thead>\n<tbody>\n<tr>\n<td>Fesz\u00fclts\u00e9g<\/td>\n<td>220 V<\/td>\n<td>220 V<\/td>\n<td>220 V<\/td>\n<\/tr>\n<tr>\n<td>Frekvencia<\/td>\n<td>50 Hz<\/td>\n<td>50 Hz<\/td>\n<td>50 Hz<\/td>\n<\/tr>\n<tr>\n<td>H\u0171t\u0151k\u00f6zeg<\/td>\n<td>R600A<\/td>\n<td>R600A<\/td>\n<td>R600A<\/td>\n<\/tr>\n<tr>\n<td>Energiaelnyel\u00e9s<\/td>\n<td>65 W<\/td>\n<td>80 W<\/td>\n<td>80 W<\/td>\n<\/tr>\n<tr>\n<td>Energiafogyaszt\u00e1s (24 \u00f3ra)<\/td>\n<td>0,35 kWh<\/td>\n<td>0,39 kWh<\/td>\n<td>0,39 kWh<\/td>\n<\/tr>\n<\/tbody>\n<\/table>","protected":false},"excerpt":{"rendered":"<p>The CW 20 G1TB is a compact ventilated wine cooler with a full frameless glass door and removable wooden shelves. Designed for precise temperature control, it is ideal for wine enthusiasts and small professional settings. Key Features: Full glass frameless door Electronic thermostat Removable wooden shelves Ventilated cooling system Temperature range: +2\u00b0C to +20\u00b0C Automatic [&hellip;]<\/p>\n","protected":false},"featured_media":8991,"comment_status":"open","ping_status":"closed","template":"","meta":[],"product_brand":[],"product_cat":[49],"product_tag":[],"class_list":{"0":"post-8985","1":"product","2":"type-product","3":"status-publish","4":"has-post-thumbnail","6":"product_cat-wine-fridges","8":"first","9":"instock","10":"shipping-taxable","11":"product-type-simple"},"_links":{"self":[{"href":"https:\/\/dersuessestopp.com\/hu\/wp-json\/wp\/v2\/product\/8985","targetHints":{"allow":["GET"]}}],"collection":[{"href":"https:\/\/dersuessestopp.com\/hu\/wp-json\/wp\/v2\/product"}],"about":[{"href":"https:\/\/dersuessestopp.com\/hu\/wp-json\/wp\/v2\/types\/product"}],"replies":[{"embeddable":true,"href":"https:\/\/dersuessestopp.com\/hu\/wp-json\/wp\/v2\/comments?post=8985"}],"version-history":[{"count":3,"href":"https:\/\/dersuessestopp.com\/hu\/wp-json\/wp\/v2\/product\/8985\/revisions"}],"predecessor-version":[{"id":11521,"href":"https:\/\/dersuessestopp.com\/hu\/wp-json\/wp\/v2\/product\/8985\/revisions\/11521"}],"wp:featuredmedia":[{"embeddable":true,"href":"https:\/\/dersuessestopp.com\/hu\/wp-json\/wp\/v2\/media\/8991"}],"wp:attachment":[{"href":"https:\/\/dersuessestopp.com\/hu\/wp-json\/wp\/v2\/media?parent=8985"}],"wp:term":[{"taxonomy":"product_brand","embeddable":true,"href":"https:\/\/dersuessestopp.com\/hu\/wp-json\/wp\/v2\/product_brand?post=8985"},{"taxonomy":"product_cat","embeddable":true,"href":"https:\/\/dersuessestopp.com\/hu\/wp-json\/wp\/v2\/product_cat?post=8985"},{"taxonomy":"product_tag","embeddable":true,"href":"https:\/\/dersuessestopp.com\/hu\/wp-json\/wp\/v2\/product_tag?post=8985"}],"curies":[{"name":"wp","href":"https:\/\/api.w.org\/{rel}","templated":true}]}}