{"id":8973,"date":"2025-09-23T11:43:42","date_gmt":"2025-09-23T11:43:42","guid":{"rendered":"https:\/\/dersuessestopp.com\/?post_type=product&#038;p=8973"},"modified":"2025-10-07T22:44:52","modified_gmt":"2025-10-07T22:44:52","slug":"icool-401-w","status":"publish","type":"product","link":"https:\/\/dersuessestopp.com\/hu\/product\/icool-401-w\/","title":{"rendered":"ICOOL 401 W"},"content":{"rendered":"<p data-start=\"179\" data-end=\"528\"><img fetchpriority=\"high\" decoding=\"async\" class=\"alignnone wp-image-11493 size-full\" src=\"https:\/\/dersuessestopp.com\/wp-content\/uploads\/2025\/09\/ICOOL-401-W-Dettagli.jpg\" alt=\"\" width=\"2000\" height=\"600\" srcset=\"https:\/\/dersuessestopp.com\/wp-content\/uploads\/2025\/09\/ICOOL-401-W-Dettagli.jpg 2000w, https:\/\/dersuessestopp.com\/wp-content\/uploads\/2025\/09\/ICOOL-401-W-Dettagli-300x90.jpg 300w, https:\/\/dersuessestopp.com\/wp-content\/uploads\/2025\/09\/ICOOL-401-W-Dettagli-1024x307.jpg 1024w, https:\/\/dersuessestopp.com\/wp-content\/uploads\/2025\/09\/ICOOL-401-W-Dettagli-768x230.jpg 768w, https:\/\/dersuessestopp.com\/wp-content\/uploads\/2025\/09\/ICOOL-401-W-Dettagli-1536x461.jpg 1536w, https:\/\/dersuessestopp.com\/wp-content\/uploads\/2025\/09\/ICOOL-401-W-Dettagli-250x75.jpg 250w, https:\/\/dersuessestopp.com\/wp-content\/uploads\/2025\/09\/ICOOL-401-W-Dettagli-600x180.jpg 600w\" sizes=\"(max-width: 2000px) 100vw, 2000px\" \/><\/p>\n<p data-start=\"179\" data-end=\"528\">A <strong data-start=\"183\" data-end=\"198\">ICOOL 401 W<\/strong> egy <strong data-start=\"204\" data-end=\"234\">pr\u00e9mium statikus borh\u0171t\u0151<\/strong> a  c\u00edmen <strong data-start=\"240\" data-end=\"262\">be\/ki ventil\u00e1tor vez\u00e9rl\u00e9s<\/strong> \u00e9s modern design. A k\u00f6vetkez\u0151kkel <strong data-start=\"296\" data-end=\"325\">teljes \u00fcveg keret n\u00e9lk\u00fcli ajt\u00f3<\/strong>, h\u0151form\u00e1zott ABS bels\u0151 t\u00e9r, \u00e9s <strong data-start=\"358\" data-end=\"392\">f\u00e9m polcok fa szeg\u00e9llyel<\/strong>, \u00f6tv\u00f6zi a st\u00edlust \u00e9s a funkcionalit\u00e1st, \u00edgy ide\u00e1lis a k\u00f6vetkez\u0151kh\u00f6z <strong data-start=\"451\" data-end=\"525\">bort\u00e1rol\u00e1s \u00e9ttermekben, borb\u00e1rokban, sz\u00e1llod\u00e1kban vagy mag\u00e1ngy\u0171jtem\u00e9nyekben<\/strong>.<\/p>\n<h2 data-start=\"1033\" data-end=\"1044\"><strong>Kapacit\u00e1s<\/strong><\/h2>\n<div class=\"_tableContainer_1rjym_1\">\n<div class=\"group _tableWrapper_1rjym_13 flex w-fit flex-col-reverse\">\n<table>\n<thead>\n<tr>\n<th>Modell<\/th>\n<th>Palack kapacit\u00e1sa (75 cl)<\/th>\n<th>Megjegyz\u00e9sek<\/th>\n<\/tr>\n<\/thead>\n<tbody>\n<tr>\n<td>ICOOL 401 W<\/td>\n<td>126<\/td>\n<td>A kapacit\u00e1s a csomagol\u00e1st\u00f3l f\u00fcgg\u0151en v\u00e1ltozhat<\/td>\n<\/tr>\n<\/tbody>\n<\/table>\n<\/div>\n<h2 data-start=\"1312\" data-end=\"1325\"><strong>M\u00e9retek<\/strong><\/h2>\n<div class=\"_tableContainer_1rjym_1\">\n<div class=\"group _tableWrapper_1rjym_13 flex w-fit flex-col-reverse\">\n<table>\n<thead>\n<tr>\n<th>Le\u00edr\u00e1s<\/th>\n<th>M\u00e9r\u00e9s (mm)<\/th>\n<\/tr>\n<\/thead>\n<tbody>\n<tr>\n<td>K\u00fcls\u0151 m\u00e9retek (WxDxH)<\/td>\n<td>600 \u00d7 651 \u00d7 1861<\/td>\n<\/tr>\n<tr>\n<td>Csomagol\u00e1si m\u00e9retek (WxDxH)<\/td>\n<td>650 \u00d7 685 \u00d7 2058<\/td>\n<\/tr>\n<tr>\n<td>Bels\u0151 sz\u00e9less\u00e9g (A)<\/td>\n<td>491<\/td>\n<\/tr>\n<tr>\n<td>Bels\u0151 m\u00e9lys\u00e9g (B)<\/td>\n<td>487<\/td>\n<\/tr>\n<tr>\n<td>Bels\u0151 magass\u00e1g (C)<\/td>\n<td>1556<\/td>\n<\/tr>\n<tr>\n<td>Minim\u00e1lis m\u00e9lys\u00e9g (D)<\/td>\n<td>179<\/td>\n<\/tr>\n<tr>\n<td>Minim\u00e1lis magass\u00e1g (E)<\/td>\n<td>1337<\/td>\n<\/tr>\n<tr>\n<td>Oldal matrica<\/td>\n<td>569 \u00d7 1810<\/td>\n<\/tr>\n<tr>\n<td>\u00dcveg matrica<\/td>\n<td>482 \u00d7 1507<\/td>\n<\/tr>\n<\/tbody>\n<\/table>\n<\/div>\n<h2 data-start=\"1710\" data-end=\"1731\"><strong>M\u0171szaki jellemz\u0151k<\/strong><\/h2>\n<div class=\"_tableContainer_1rjym_1\">\n<div class=\"group _tableWrapper_1rjym_13 flex w-fit flex-col-reverse\">\n<table>\n<thead>\n<tr>\n<th>Jellemz\u0151<\/th>\n<th>Specifik\u00e1ci\u00f3<\/th>\n<\/tr>\n<\/thead>\n<tbody>\n<tr>\n<td>H\u0151m\u00e9rs\u00e9klet-tartom\u00e1ny (ventil\u00e1tor kikapcsolva)<\/td>\n<td>+16\u00b0C \/ +8\u00b0C \/ +5\u00b0C<\/td>\n<\/tr>\n<tr>\n<td>H\u0151m\u00e9rs\u00e9klet-tartom\u00e1ny (ventil\u00e1tor bekapcsolva)<\/td>\n<td>+3\u00b0C \/ +16\u00b0C<\/td>\n<\/tr>\n<tr>\n<td>Kl\u00edmaoszt\u00e1ly<\/td>\n<td>ST<\/td>\n<\/tr>\n<tr>\n<td>Brutt\u00f3 t\u00e9rfogat<\/td>\n<td>360 L<\/td>\n<\/tr>\n<tr>\n<td>K\u00fcls\u0151 test<\/td>\n<td>El\u0151re festett lemez korr\u00f3zi\u00f3g\u00e1tl\u00f3 kezel\u00e9ssel<\/td>\n<\/tr>\n<tr>\n<td>Bels\u0151 b\u00e9l\u00e9s<\/td>\n<td>ABS<\/td>\n<\/tr>\n<tr>\n<td>Termoszt\u00e1t<\/td>\n<td>Elektronikus<\/td>\n<\/tr>\n<tr>\n<td>Zajszint<\/td>\n<td>60 dB<\/td>\n<\/tr>\n<tr>\n<td>Szigetel\u00e9s vastags\u00e1ga<\/td>\n<td>40 mm<\/td>\n<\/tr>\n<tr>\n<td>Leolvaszt\u00e1si rendszer<\/td>\n<td>Automatikus elektromos f\u0171t\u0151berendez\u00e9ssel<\/td>\n<\/tr>\n<tr>\n<td>Vil\u00e1g\u00edt\u00e1s<\/td>\n<td>2 f\u00fcgg\u0151leges LED, 7 W<\/td>\n<\/tr>\n<tr>\n<td>\u00d6nz\u00e1r\u00f3 ajt\u00f3<\/td>\n<td>L\u00e1gyan z\u00e1r\u00f3d\u00f3<\/td>\n<\/tr>\n<tr>\n<td>Z\u00e1r \u00e9s kulcs<\/td>\n<td>Igen<\/td>\n<\/tr>\n<tr>\n<td>Polcok<\/td>\n<td>5 \u00d7 510 \u00d7 414 mm (f\u00e9m, fa d\u00edsz\u00edt\u00e9ssel)<\/td>\n<\/tr>\n<tr>\n<td>G\u00f6rg\u0151k \u00e9s l\u00e1bak<\/td>\n<td>4 g\u00f6rg\u0151 + 2 l\u00e1b<\/td>\n<\/tr>\n<\/tbody>\n<\/table>\n<\/div>\n<h2 data-start=\"2357\" data-end=\"2375\"><strong>Elektromos adatok<\/strong><\/h2>\n<div class=\"_tableContainer_1rjym_1\">\n<div class=\"group _tableWrapper_1rjym_13 flex w-fit flex-col-reverse\">\n<table>\n<thead>\n<tr>\n<th>Specifik\u00e1ci\u00f3<\/th>\n<th>\u00c9rt\u00e9k<\/th>\n<\/tr>\n<\/thead>\n<tbody>\n<tr>\n<td>Fesz\u00fclts\u00e9g<\/td>\n<td>220-240 V<\/td>\n<\/tr>\n<tr>\n<td>Frekvencia<\/td>\n<td>50 Hz<\/td>\n<\/tr>\n<tr>\n<td>H\u0171t\u0151k\u00f6zeg<\/td>\n<td>R600A<\/td>\n<\/tr>\n<tr>\n<td>Energiaelnyel\u00e9s<\/td>\n<td>250 W<\/td>\n<\/tr>\n<tr>\n<td>Energiafogyaszt\u00e1s (24 \u00f3ra)<\/td>\n<td>2,1 kWh<\/td>\n<\/tr>\n<tr>\n<td>Nett\u00f3 \/ brutt\u00f3 s\u00faly<\/td>\n<td>80 \/ 94 kg<\/td>\n<\/tr>\n<\/tbody>\n<\/table>\n<\/div>\n<\/div>\n<\/div>\n<\/div>\n<\/div>","protected":false},"excerpt":{"rendered":"<p>The ICOOL 401 W is a premium static wine cooler with on\/off fan control and a modern design. Featuring a full glass frameless door, thermoformed ABS interior, and metal shelves with wooden trim, it combines style and functionality, making it ideal for wine storage in restaurants, wine bars, hotels, or private collections. Capacity Model Bottle [&hellip;]<\/p>\n","protected":false},"featured_media":8974,"comment_status":"open","ping_status":"closed","template":"","meta":[],"product_brand":[],"product_cat":[106,49],"product_tag":[],"class_list":{"0":"post-8973","1":"product","2":"type-product","3":"status-publish","4":"has-post-thumbnail","6":"product_cat-wine-coolers-wine-cellars","7":"product_cat-wine-fridges","9":"first","10":"instock","11":"shipping-taxable","12":"product-type-simple"},"_links":{"self":[{"href":"https:\/\/dersuessestopp.com\/hu\/wp-json\/wp\/v2\/product\/8973","targetHints":{"allow":["GET"]}}],"collection":[{"href":"https:\/\/dersuessestopp.com\/hu\/wp-json\/wp\/v2\/product"}],"about":[{"href":"https:\/\/dersuessestopp.com\/hu\/wp-json\/wp\/v2\/types\/product"}],"replies":[{"embeddable":true,"href":"https:\/\/dersuessestopp.com\/hu\/wp-json\/wp\/v2\/comments?post=8973"}],"version-history":[{"count":5,"href":"https:\/\/dersuessestopp.com\/hu\/wp-json\/wp\/v2\/product\/8973\/revisions"}],"predecessor-version":[{"id":11540,"href":"https:\/\/dersuessestopp.com\/hu\/wp-json\/wp\/v2\/product\/8973\/revisions\/11540"}],"wp:featuredmedia":[{"embeddable":true,"href":"https:\/\/dersuessestopp.com\/hu\/wp-json\/wp\/v2\/media\/8974"}],"wp:attachment":[{"href":"https:\/\/dersuessestopp.com\/hu\/wp-json\/wp\/v2\/media?parent=8973"}],"wp:term":[{"taxonomy":"product_brand","embeddable":true,"href":"https:\/\/dersuessestopp.com\/hu\/wp-json\/wp\/v2\/product_brand?post=8973"},{"taxonomy":"product_cat","embeddable":true,"href":"https:\/\/dersuessestopp.com\/hu\/wp-json\/wp\/v2\/product_cat?post=8973"},{"taxonomy":"product_tag","embeddable":true,"href":"https:\/\/dersuessestopp.com\/hu\/wp-json\/wp\/v2\/product_tag?post=8973"}],"curies":[{"name":"wp","href":"https:\/\/api.w.org\/{rel}","templated":true}]}}