{"id":8966,"date":"2025-09-23T11:37:32","date_gmt":"2025-09-23T11:37:32","guid":{"rendered":"https:\/\/dersuessestopp.com\/?post_type=product&#038;p=8966"},"modified":"2025-09-23T11:37:32","modified_gmt":"2025-09-23T11:37:32","slug":"clw-820-l-noce-medio","status":"publish","type":"product","link":"https:\/\/dersuessestopp.com\/hu\/product\/clw-820-l-noce-medio\/","title":{"rendered":"CLW 820 L NOCE MEDIO"},"content":{"rendered":"<p data-start=\"196\" data-end=\"569\">A <strong data-start=\"200\" data-end=\"224\">CLW 820 L NOCE MEDIO<\/strong> egy <strong data-start=\"230\" data-end=\"260\">pr\u00e9mium statikus borh\u0171t\u0151<\/strong> opcion\u00e1lis <strong data-start=\"275\" data-end=\"309\">Smart Link WiFi t\u00e1vir\u00e1ny\u00edt\u00f3<\/strong>, a k\u00f6vetkez\u0151 c\u00e9lokra tervezt\u00e9k <strong data-start=\"324\" data-end=\"365\">professzion\u00e1lis bort\u00e1rol\u00e1s \u00e9s bemutat\u00e1s<\/strong>. Ez a modell jellemz\u0151i <strong data-start=\"387\" data-end=\"424\">k\u00e9t \u00f6sszeszerelt h\u0171t\u0151egys\u00e9g<\/strong>, amely nagy kapacit\u00e1st, csendes m\u0171k\u00f6d\u00e9st \u00e9s kifinomult kialak\u00edt\u00e1st \u00f6tv\u00f6z. Ide\u00e1lis <strong data-start=\"505\" data-end=\"566\">borospinc\u00e9k, \u00e9ttermek, sz\u00e1llod\u00e1k \u00e9s mag\u00e1ngy\u0171jt\u0151k sz\u00e1m\u00e1ra<\/strong>.<\/p>\n<h2 data-start=\"1321\" data-end=\"1332\">Kapacit\u00e1s<\/h2>\n<div class=\"_tableContainer_1rjym_1\">\n<div class=\"group _tableWrapper_1rjym_13 flex w-fit flex-col-reverse\">\n<table>\n<thead>\n<tr>\n<th>Modell<\/th>\n<th>Palack kapacit\u00e1sa (75 cl)<\/th>\n<th>Megjegyz\u00e9sek<\/th>\n<\/tr>\n<\/thead>\n<tbody>\n<tr>\n<td>CLW 820 L NOCE MEDIO<\/td>\n<td>252<\/td>\n<td>A kapacit\u00e1s a csomagol\u00e1st\u00f3l f\u00fcgg\u0151en v\u00e1ltozhat<\/td>\n<\/tr>\n<\/tbody>\n<\/table>\n<h2 data-start=\"1625\" data-end=\"1638\">M\u00e9retek<\/h2>\n<div class=\"_tableContainer_1rjym_1\">\n<div class=\"group _tableWrapper_1rjym_13 flex w-fit flex-col-reverse\">\n<table>\n<thead>\n<tr>\n<th>Le\u00edr\u00e1s<\/th>\n<th>M\u00e9r\u00e9s (mm)<\/th>\n<\/tr>\n<\/thead>\n<tbody>\n<tr>\n<td>K\u00fcls\u0151 m\u00e9retek (WxDxH)<\/td>\n<td>1295 \u00d7 635 \u00d7 1880<\/td>\n<\/tr>\n<tr>\n<td>Csomagol\u00e1si m\u00e9retek (WxDxH)<\/td>\n<td>1345 \u00d7 740 \u00d7 2050<\/td>\n<\/tr>\n<tr>\n<td>Bels\u0151 sz\u00e9less\u00e9g (A)<\/td>\n<td>522 \u00d7 2<\/td>\n<\/tr>\n<tr>\n<td>Bels\u0151 m\u00e9lys\u00e9g (B)<\/td>\n<td>449<\/td>\n<\/tr>\n<tr>\n<td>Bels\u0151 magass\u00e1g (C)<\/td>\n<td>1557<\/td>\n<\/tr>\n<tr>\n<td>Minim\u00e1lis m\u00e9lys\u00e9g (D)<\/td>\n<td>179<\/td>\n<\/tr>\n<tr>\n<td>Minim\u00e1lis magass\u00e1g (E)<\/td>\n<td>1337<\/td>\n<\/tr>\n<tr>\n<td>\u00dcveg matrica<\/td>\n<td>503 \u00d7 1544 (\u00d72)<\/td>\n<\/tr>\n<\/tbody>\n<\/table>\n<\/div>\n<h2 data-start=\"2004\" data-end=\"2025\">M\u0171szaki jellemz\u0151k<\/h2>\n<div class=\"_tableContainer_1rjym_1\">\n<div class=\"group _tableWrapper_1rjym_13 flex w-fit flex-col-reverse\">\n<table>\n<thead>\n<tr>\n<th>Jellemz\u0151<\/th>\n<th>Specifik\u00e1ci\u00f3<\/th>\n<\/tr>\n<\/thead>\n<tbody>\n<tr>\n<td>H\u0151m\u00e9rs\u00e9klet-tartom\u00e1ny (ventil\u00e1tor kikapcsolva)<\/td>\n<td>+16\u00b0C \/ +10\u00b0C \/ +5\u00b0C<\/td>\n<\/tr>\n<tr>\n<td>H\u0151m\u00e9rs\u00e9klet-tartom\u00e1ny (ventil\u00e1tor bekapcsolva)<\/td>\n<td>+4\u00b0C \/ +18\u00b0C<\/td>\n<\/tr>\n<tr>\n<td>Kl\u00edmaoszt\u00e1ly<\/td>\n<td>4<\/td>\n<\/tr>\n<tr>\n<td>Nett\u00f3 \/ brutt\u00f3 mennyis\u00e9g<\/td>\n<td>684 L \/ 764 L<\/td>\n<\/tr>\n<tr>\n<td>Bevonat<\/td>\n<td>T\u00f6m\u00f6r k\u0151risfa (k\u00f6zepes di\u00f3fa)<\/td>\n<\/tr>\n<tr>\n<td>Bels\u0151 b\u00e9l\u00e9s<\/td>\n<td>ABS<\/td>\n<\/tr>\n<tr>\n<td>Termoszt\u00e1t<\/td>\n<td>Elektronikus<\/td>\n<\/tr>\n<tr>\n<td>Zajszint<\/td>\n<td>55 dB (egys\u00e9genk\u00e9nt)<\/td>\n<\/tr>\n<tr>\n<td>T\u00e1vir\u00e1ny\u00edt\u00f3<\/td>\n<td>Opcion\u00e1lis Smart Link WiFi<\/td>\n<\/tr>\n<tr>\n<td>Szigetel\u00e9s vastags\u00e1ga<\/td>\n<td>40 mm<\/td>\n<\/tr>\n<tr>\n<td>Leolvaszt\u00e1si rendszer<\/td>\n<td>Automatikus (kompresszor kikapcsolva) + K\u00e9zi<\/td>\n<\/tr>\n<tr>\n<td>Vil\u00e1g\u00edt\u00e1s<\/td>\n<td>4 f\u00fcgg\u0151leges LED<\/td>\n<\/tr>\n<tr>\n<td>\u00d6nz\u00e1r\u00f3 ajt\u00f3<\/td>\n<td>Igen<\/td>\n<\/tr>\n<tr>\n<td>Z\u00e1r \u00e9s kulcs<\/td>\n<td>Igen<\/td>\n<\/tr>\n<tr>\n<td>Polcok (WxD)<\/td>\n<td>10 \u00d7 513 \u00d7 410 mm<\/td>\n<\/tr>\n<tr>\n<td>Fa polcok<\/td>\n<td>Opcion\u00e1lis<\/td>\n<\/tr>\n<tr>\n<td>G\u00f6rg\u0151k \u00e9s l\u00e1bak<\/td>\n<td>4 l\u00e1b + 4 g\u00f6rg\u0151<\/td>\n<\/tr>\n<\/tbody>\n<\/table>\n<\/div>\n<h2 data-start=\"2704\" data-end=\"2722\">Elektromos adatok<\/h2>\n<div class=\"_tableContainer_1rjym_1\">\n<div class=\"group _tableWrapper_1rjym_13 flex w-fit flex-col-reverse\">\n<table>\n<thead>\n<tr>\n<th>Specifik\u00e1ci\u00f3<\/th>\n<th>\u00c9rt\u00e9k<\/th>\n<\/tr>\n<\/thead>\n<tbody>\n<tr>\n<td>Fesz\u00fclts\u00e9g<\/td>\n<td>220 V<\/td>\n<\/tr>\n<tr>\n<td>Frekvencia<\/td>\n<td>50 Hz<\/td>\n<\/tr>\n<tr>\n<td>H\u0171t\u0151k\u00f6zeg<\/td>\n<td>R600A<\/td>\n<\/tr>\n<tr>\n<td>Energiaelnyel\u00e9s<\/td>\n<td>244 W<\/td>\n<\/tr>\n<tr>\n<td>Energiafogyaszt\u00e1s (24 \u00f3ra)<\/td>\n<td>5,68 kWh<\/td>\n<\/tr>\n<tr>\n<td>Nett\u00f3 \/ brutt\u00f3 s\u00faly<\/td>\n<td>160 \/ 174 kg<\/td>\n<\/tr>\n<\/tbody>\n<\/table>\n<\/div>\n<\/div>\n<\/div>\n<\/div>\n<\/div>\n<\/div>","protected":false},"excerpt":{"rendered":"<p>The CLW 820 L NOCE MEDIO is a premium static wine cooler with optional Smart Link WiFi remote control, designed for professional wine storage and display. This model features two assembled refrigeration units, combining large capacity, quiet operation, and sophisticated design. Ideal for wine cellars, restaurants, hotels, and private collectors. Capacity Model Bottle Capacity (75 [&hellip;]<\/p>\n","protected":false},"featured_media":8968,"comment_status":"open","ping_status":"closed","template":"","meta":[],"product_brand":[],"product_cat":[49],"product_tag":[],"class_list":{"0":"post-8966","1":"product","2":"type-product","3":"status-publish","4":"has-post-thumbnail","6":"product_cat-wine-fridges","8":"first","9":"instock","10":"shipping-taxable","11":"product-type-simple"},"_links":{"self":[{"href":"https:\/\/dersuessestopp.com\/hu\/wp-json\/wp\/v2\/product\/8966","targetHints":{"allow":["GET"]}}],"collection":[{"href":"https:\/\/dersuessestopp.com\/hu\/wp-json\/wp\/v2\/product"}],"about":[{"href":"https:\/\/dersuessestopp.com\/hu\/wp-json\/wp\/v2\/types\/product"}],"replies":[{"embeddable":true,"href":"https:\/\/dersuessestopp.com\/hu\/wp-json\/wp\/v2\/comments?post=8966"}],"version-history":[{"count":1,"href":"https:\/\/dersuessestopp.com\/hu\/wp-json\/wp\/v2\/product\/8966\/revisions"}],"predecessor-version":[{"id":8971,"href":"https:\/\/dersuessestopp.com\/hu\/wp-json\/wp\/v2\/product\/8966\/revisions\/8971"}],"wp:featuredmedia":[{"embeddable":true,"href":"https:\/\/dersuessestopp.com\/hu\/wp-json\/wp\/v2\/media\/8968"}],"wp:attachment":[{"href":"https:\/\/dersuessestopp.com\/hu\/wp-json\/wp\/v2\/media?parent=8966"}],"wp:term":[{"taxonomy":"product_brand","embeddable":true,"href":"https:\/\/dersuessestopp.com\/hu\/wp-json\/wp\/v2\/product_brand?post=8966"},{"taxonomy":"product_cat","embeddable":true,"href":"https:\/\/dersuessestopp.com\/hu\/wp-json\/wp\/v2\/product_cat?post=8966"},{"taxonomy":"product_tag","embeddable":true,"href":"https:\/\/dersuessestopp.com\/hu\/wp-json\/wp\/v2\/product_tag?post=8966"}],"curies":[{"name":"wp","href":"https:\/\/api.w.org\/{rel}","templated":true}]}}