{"id":8959,"date":"2025-09-23T11:33:18","date_gmt":"2025-09-23T11:33:18","guid":{"rendered":"https:\/\/dersuessestopp.com\/?post_type=product&#038;p=8959"},"modified":"2025-09-23T13:29:28","modified_gmt":"2025-09-23T13:29:28","slug":"clw-820-l","status":"publish","type":"product","link":"https:\/\/dersuessestopp.com\/hu\/product\/clw-820-l\/","title":{"rendered":"CLW 820 L"},"content":{"rendered":"<p data-start=\"272\" data-end=\"757\">A <strong data-start=\"276\" data-end=\"289\">CLW 820 L<\/strong> pr\u00e9mium kateg\u00f3ri\u00e1s borh\u0171t\u0151, amelyet \u00fagy terveztek, hogy eleg\u00e1nsan \u00e9s hat\u00e9konyan t\u00e1rolja \u00e9s mutassa be borkollekci\u00f3j\u00e1t. Az al\u00e1bbi jellemz\u0151kkel <strong data-start=\"408\" data-end=\"437\">teljes \u00fcveg keret n\u00e9lk\u00fcli ajt\u00f3<\/strong> \u00e9s <strong data-start=\"442\" data-end=\"474\">h\u0151form\u00e1zott ABS bels\u0151 b\u00e9l\u00e9s<\/strong>, pontos h\u0151m\u00e9rs\u00e9klet-szab\u00e1lyoz\u00e1st biztos\u00edt a bor optim\u00e1lis meg\u0151rz\u00e9se \u00e9rdek\u00e9ben. Kaphat\u00f3 <strong data-start=\"559\" data-end=\"639\">k\u00e9t f\u00e9ny\u0171z\u0151 kivitelben - K\u00f6zepes di\u00f3 (Noce Medio) \u00e9s Feh\u00e9r (Bleached Ash)<\/strong> - ez a h\u0171t\u0151t\u00e1ska z\u00f6kken\u0151mentesen illeszkedik b\u00e1rmilyen bels\u0151 t\u00e9rbe. Opcion\u00e1lis <strong data-start=\"700\" data-end=\"718\">fa polcok<\/strong> egyszerre st\u00edlusos \u00e9s praktikus.<\/p>\n<h3 data-start=\"759\" data-end=\"775\">Kapacit\u00e1s<\/h3>\n<table>\n<thead>\n<tr>\n<th>Palack t\u00edpusa<\/th>\n<th>Kapacit\u00e1s<\/th>\n<\/tr>\n<\/thead>\n<tbody>\n<tr>\n<td>75 cl palackok<\/td>\n<td>252<\/td>\n<\/tr>\n<tr>\n<td>V\u00e1ltoz\u00f3 csomagol\u00e1s<\/td>\n<td>M\u00e9rett\u0151l f\u00fcgg\u0151en<\/td>\n<\/tr>\n<\/tbody>\n<\/table>\n<h3 data-start=\"1445\" data-end=\"1459\">M\u00e9retek<\/h3>\n<div class=\"_tableContainer_1rjym_1\">\n<div class=\"group _tableWrapper_1rjym_13 flex w-fit flex-col-reverse\">\n<table>\n<thead>\n<tr>\n<th>M\u00e9ret T\u00edpus<\/th>\n<th>CLW 820 L<\/th>\n<\/tr>\n<\/thead>\n<tbody>\n<tr>\n<td>K\u00fcls\u0151 m\u00e9retek (WxDxH)<\/td>\n<td>820 x 651 x 1861 mm<\/td>\n<\/tr>\n<tr>\n<td>Csomagol\u00e1si m\u00e9retek (WxDxH)<\/td>\n<td>870 x 685 x 2058 mm<\/td>\n<\/tr>\n<tr>\n<td>Sz\u00e9less\u00e9g (A)<\/td>\n<td>711 mm<\/td>\n<\/tr>\n<tr>\n<td>M\u00e9lys\u00e9g (B)<\/td>\n<td>647 mm<\/td>\n<\/tr>\n<tr>\n<td>Magass\u00e1g (C)<\/td>\n<td>1556 mm<\/td>\n<\/tr>\n<tr>\n<td>Minim\u00e1lis m\u00e9lys\u00e9g (D)<\/td>\n<td>179 mm<\/td>\n<\/tr>\n<tr>\n<td>Minim\u00e1lis magass\u00e1g (E)<\/td>\n<td>1337 mm<\/td>\n<\/tr>\n<tr>\n<td>Oldal matrica<\/td>\n<td>569 x 1810 mm<\/td>\n<\/tr>\n<tr>\n<td>\u00dcveg matrica<\/td>\n<td>482 x 1507 mm<\/td>\n<\/tr>\n<\/tbody>\n<\/table>\n<h3 data-start=\"1832\" data-end=\"1860\">M\u0171szaki specifik\u00e1ci\u00f3k<\/h3>\n<div class=\"_tableContainer_1rjym_1\">\n<div class=\"group _tableWrapper_1rjym_13 flex w-fit flex-col-reverse\">\n<table>\n<thead>\n<tr>\n<th>Jellemz\u0151<\/th>\n<th>Specifik\u00e1ci\u00f3<\/th>\n<\/tr>\n<\/thead>\n<tbody>\n<tr>\n<td>H\u0151m\u00e9rs\u00e9klet tartom\u00e1ny<\/td>\n<td>+3\u00b0C \u00e9s +16\u00b0C k\u00f6z\u00f6tt (ventil\u00e1tor kikapcsolva), +3\u00b0C \u00e9s +16\u00b0C k\u00f6z\u00f6tt (ventil\u00e1tor bekapcsolva)<\/td>\n<\/tr>\n<tr>\n<td>Kl\u00edmaoszt\u00e1ly<\/td>\n<td>ST<\/td>\n<\/tr>\n<tr>\n<td>Brutt\u00f3 t\u00e9rfogat<\/td>\n<td>820 L<\/td>\n<\/tr>\n<tr>\n<td>K\u00fcls\u0151 fel\u00fclet<\/td>\n<td>El\u0151re festett lemez korr\u00f3zi\u00f3g\u00e1tl\u00f3 kezel\u00e9ssel<\/td>\n<\/tr>\n<tr>\n<td>Bels\u0151 b\u00e9l\u00e9s<\/td>\n<td>ABS<\/td>\n<\/tr>\n<tr>\n<td>Termoszt\u00e1t<\/td>\n<td>Elektronikus<\/td>\n<\/tr>\n<tr>\n<td>Zajszint<\/td>\n<td>60 dB<\/td>\n<\/tr>\n<tr>\n<td>Szigetel\u00e9s vastags\u00e1ga<\/td>\n<td>40 mm<\/td>\n<\/tr>\n<tr>\n<td>Leolvaszt\u00e1s<\/td>\n<td>Automatikus elektromos f\u0171t\u0151berendez\u00e9ssel<\/td>\n<\/tr>\n<tr>\n<td>Vil\u00e1g\u00edt\u00e1s<\/td>\n<td>2 f\u00fcgg\u0151leges LED 7 W<\/td>\n<\/tr>\n<tr>\n<td>Ajt\u00f3<\/td>\n<td>\u00d6nz\u00e1r\u00f3, l\u00e1gy z\u00e1r\u00f3d\u00e1s\u00fa, z\u00e1rral \u00e9s kulccsal ell\u00e1tott<\/td>\n<\/tr>\n<tr>\n<td>Megford\u00edthat\u00f3 ajt\u00f3<\/td>\n<td>Igen<\/td>\n<\/tr>\n<tr>\n<td>Polcok<\/td>\n<td>Opcion\u00e1lis fa polcok<\/td>\n<\/tr>\n<tr>\n<td>G\u00f6rg\u0151k - l\u00e1bak<\/td>\n<td>4 g\u00f6rg\u0151 + 2 l\u00e1b<\/td>\n<\/tr>\n<tr>\n<td>Nett\u00f3-brutt\u00f3 s\u00faly<\/td>\n<td>150 \/ 165 kg<\/td>\n<\/tr>\n<tr>\n<td>Fesz\u00fclts\u00e9g<\/td>\n<td>220-240 V<\/td>\n<\/tr>\n<tr>\n<td>Frekvencia<\/td>\n<td>50 Hz<\/td>\n<\/tr>\n<tr>\n<td>H\u0171t\u0151k\u00f6zeg<\/td>\n<td>R600A<\/td>\n<\/tr>\n<tr>\n<td>Abszorpci\u00f3<\/td>\n<td>250 W<\/td>\n<\/tr>\n<tr>\n<td>Energiafogyaszt\u00e1s<\/td>\n<td>2,1 kWh\/24H<\/td>\n<\/tr>\n<\/tbody>\n<\/table>\n<\/div>\n<\/div>\n<\/div>\n<\/div>","protected":false},"excerpt":{"rendered":"<p>The CLW 820 L is a premium wine cooler designed to store and display your wine collection with elegance and efficiency. Featuring a full glass frameless door and thermoformed ABS inner liner, it ensures precise temperature control for optimal wine preservation. Available in two luxurious finishes \u2013 Medium Walnut (Noce Medio) and White (Bleached Ash) [&hellip;]<\/p>\n","protected":false},"featured_media":8963,"comment_status":"open","ping_status":"closed","template":"","meta":[],"product_brand":[],"product_cat":[49],"product_tag":[],"class_list":{"0":"post-8959","1":"product","2":"type-product","3":"status-publish","4":"has-post-thumbnail","6":"product_cat-wine-fridges","8":"first","9":"instock","10":"shipping-taxable","11":"purchasable","12":"product-type-variable"},"_links":{"self":[{"href":"https:\/\/dersuessestopp.com\/hu\/wp-json\/wp\/v2\/product\/8959","targetHints":{"allow":["GET"]}}],"collection":[{"href":"https:\/\/dersuessestopp.com\/hu\/wp-json\/wp\/v2\/product"}],"about":[{"href":"https:\/\/dersuessestopp.com\/hu\/wp-json\/wp\/v2\/types\/product"}],"replies":[{"embeddable":true,"href":"https:\/\/dersuessestopp.com\/hu\/wp-json\/wp\/v2\/comments?post=8959"}],"version-history":[{"count":3,"href":"https:\/\/dersuessestopp.com\/hu\/wp-json\/wp\/v2\/product\/8959\/revisions"}],"predecessor-version":[{"id":9040,"href":"https:\/\/dersuessestopp.com\/hu\/wp-json\/wp\/v2\/product\/8959\/revisions\/9040"}],"wp:featuredmedia":[{"embeddable":true,"href":"https:\/\/dersuessestopp.com\/hu\/wp-json\/wp\/v2\/media\/8963"}],"wp:attachment":[{"href":"https:\/\/dersuessestopp.com\/hu\/wp-json\/wp\/v2\/media?parent=8959"}],"wp:term":[{"taxonomy":"product_brand","embeddable":true,"href":"https:\/\/dersuessestopp.com\/hu\/wp-json\/wp\/v2\/product_brand?post=8959"},{"taxonomy":"product_cat","embeddable":true,"href":"https:\/\/dersuessestopp.com\/hu\/wp-json\/wp\/v2\/product_cat?post=8959"},{"taxonomy":"product_tag","embeddable":true,"href":"https:\/\/dersuessestopp.com\/hu\/wp-json\/wp\/v2\/product_tag?post=8959"}],"curies":[{"name":"wp","href":"https:\/\/api.w.org\/{rel}","templated":true}]}}