{"id":8954,"date":"2025-09-23T11:46:21","date_gmt":"2025-09-23T11:46:21","guid":{"rendered":"https:\/\/dersuessestopp.com\/?post_type=product&#038;p=8954"},"modified":"2025-10-08T19:15:26","modified_gmt":"2025-10-08T19:15:26","slug":"clw-820-l-termeszetes","status":"publish","type":"product","link":"https:\/\/dersuessestopp.com\/hu\/product\/clw-820-l-natural\/","title":{"rendered":"CLW 820 L TERM\u00c9SZETES"},"content":{"rendered":"<p data-start=\"198\" data-end=\"480\"><img fetchpriority=\"high\" decoding=\"async\" class=\"alignnone wp-image-11469 size-full\" src=\"https:\/\/dersuessestopp.com\/wp-content\/uploads\/2025\/09\/CLW420L-Dettagli-2.jpg\" alt=\"\" width=\"2000\" height=\"1005\" srcset=\"https:\/\/dersuessestopp.com\/wp-content\/uploads\/2025\/09\/CLW420L-Dettagli-2.jpg 2000w, https:\/\/dersuessestopp.com\/wp-content\/uploads\/2025\/09\/CLW420L-Dettagli-2-300x151.jpg 300w, https:\/\/dersuessestopp.com\/wp-content\/uploads\/2025\/09\/CLW420L-Dettagli-2-1024x515.jpg 1024w, https:\/\/dersuessestopp.com\/wp-content\/uploads\/2025\/09\/CLW420L-Dettagli-2-768x386.jpg 768w, https:\/\/dersuessestopp.com\/wp-content\/uploads\/2025\/09\/CLW420L-Dettagli-2-1536x772.jpg 1536w, https:\/\/dersuessestopp.com\/wp-content\/uploads\/2025\/09\/CLW420L-Dettagli-2-250x126.jpg 250w, https:\/\/dersuessestopp.com\/wp-content\/uploads\/2025\/09\/CLW420L-Dettagli-2-600x302.jpg 600w\" sizes=\"(max-width: 2000px) 100vw, 2000px\" \/><\/p>\n<p data-start=\"198\" data-end=\"480\">A <strong data-start=\"218\" data-end=\"239\">CLW 820 L TERM\u00c9SZETES<\/strong> pr\u00e9mium kateg\u00f3ri\u00e1s statikus borh\u0171t\u0151, amely opcion\u00e1lis ventil\u00e1toros m\u0171k\u00f6d\u00e9ssel (be\/ki) \u00e9s t\u00f6m\u00f6rfa bevonattal rendelkezik. Ez a modell a k\u00f6vetkez\u0151kb\u0151l \u00e1ll <strong data-start=\"361\" data-end=\"396\">2 \u00f6sszeszerelt h\u0171t\u0151egys\u00e9g<\/strong>; az energiaoszt\u00e1ly \u00e9s a zajszint egyetlen egys\u00e9gre vonatkozik. A rendelkez\u00e9sre \u00e1ll\u00f3 kivitelek a k\u00f6vetkez\u0151k:<\/p>\n<ul data-start=\"481\" data-end=\"596\">\n<li data-start=\"481\" data-end=\"509\">\n<p data-start=\"483\" data-end=\"509\"><strong data-start=\"483\" data-end=\"495\">Term\u00e9szetes:<\/strong> Term\u00e9szetes k\u0151ris<\/p>\n<\/li>\n<li data-start=\"510\" data-end=\"534\">\n<p data-start=\"512\" data-end=\"534\"><strong data-start=\"512\" data-end=\"522\">Fekete:<\/strong> Fekete k\u0151ris<\/p>\n<\/li>\n<li data-start=\"535\" data-end=\"568\">\n<p data-start=\"537\" data-end=\"568\"><strong data-start=\"537\" data-end=\"555\">K\u00f6zepes di\u00f3fa:<\/strong> Di\u00f3 k\u0151ris<\/p>\n<\/li>\n<li data-start=\"569\" data-end=\"596\">\n<p data-start=\"571\" data-end=\"596\"><strong data-start=\"571\" data-end=\"581\">Feh\u00e9r:<\/strong> Feh\u00e9r\u00edtett hamu<\/p>\n<\/li>\n<\/ul>\n<p data-start=\"598\" data-end=\"617\"><strong data-start=\"598\" data-end=\"615\">Kulcsfontoss\u00e1g\u00fa jellemz\u0151k:<\/strong><\/p>\n<ul data-start=\"618\" data-end=\"766\">\n<li data-start=\"618\" data-end=\"644\">\n<p data-start=\"620\" data-end=\"644\">t\u00f6m\u00f6r k\u0151risfa bevonat<\/p>\n<\/li>\n<li data-start=\"645\" data-end=\"672\">\n<p data-start=\"647\" data-end=\"672\">Opcion\u00e1lis fa polcok<\/p>\n<\/li>\n<li data-start=\"673\" data-end=\"697\">\n<p data-start=\"675\" data-end=\"697\">T\u00fckr\u00f6z\u00f6tt ac\u00e9llemez<\/p>\n<\/li>\n<li data-start=\"698\" data-end=\"722\">\n<p data-start=\"700\" data-end=\"722\">A ventil\u00e1tor be\/ki kapcsol\u00e1sa<\/p>\n<\/li>\n<li data-start=\"723\" data-end=\"766\">\n<p data-start=\"725\" data-end=\"766\">Smart Link WiFi opcion\u00e1lis t\u00e1vvez\u00e9rl\u0151<\/p>\n<\/li>\n<\/ul>\n<h3 data-start=\"773\" data-end=\"787\"><strong>Kapacit\u00e1s<\/strong><\/h3>\n<div class=\"_tableContainer_1rjym_1\">\n<div class=\"group _tableWrapper_1rjym_13 flex w-fit flex-col-reverse\">\n<table>\n<thead>\n<tr>\n<th>Modell<\/th>\n<th>Palack kapacit\u00e1sa (75 cl)<\/th>\n<th>Megjegyz\u00e9sek<\/th>\n<\/tr>\n<\/thead>\n<tbody>\n<tr>\n<td>CLW 820 L TERM\u00c9SZETES<\/td>\n<td>252<\/td>\n<td>Az adatok a csomagol\u00e1st\u00f3l f\u00fcgg\u0151en v\u00e1ltozhatnak<\/td>\n<\/tr>\n<\/tbody>\n<\/table>\n<\/div>\n<h3 data-start=\"949\" data-end=\"965\"><strong>M\u00e9retek<\/strong><\/h3>\n<div class=\"_tableContainer_1rjym_1\">\n<div class=\"group _tableWrapper_1rjym_13 flex w-fit flex-col-reverse\">\n<table>\n<thead>\n<tr>\n<th>Le\u00edr\u00e1s<\/th>\n<th>M\u00e9r\u00e9s (mm)<\/th>\n<\/tr>\n<\/thead>\n<tbody>\n<tr>\n<td>K\u00fcls\u0151 m\u00e9retek (WxDxH)<\/td>\n<td>1295 \u00d7 635 \u00d7 1880<\/td>\n<\/tr>\n<tr>\n<td>Csomagol\u00e1si m\u00e9retek (WxDxH)<\/td>\n<td>1345 \u00d7 740 \u00d7 2050<\/td>\n<\/tr>\n<tr>\n<td>Bels\u0151 sz\u00e9less\u00e9g (A)<\/td>\n<td>522 \u00d7 2<\/td>\n<\/tr>\n<tr>\n<td>Bels\u0151 m\u00e9lys\u00e9g (B)<\/td>\n<td>449<\/td>\n<\/tr>\n<tr>\n<td>Bels\u0151 magass\u00e1g (C)<\/td>\n<td>1557<\/td>\n<\/tr>\n<tr>\n<td>Minim\u00e1lis m\u00e9lys\u00e9g (D)<\/td>\n<td>179<\/td>\n<\/tr>\n<tr>\n<td>Minim\u00e1lis magass\u00e1g (E)<\/td>\n<td>1337<\/td>\n<\/tr>\n<tr>\n<td>\u00dcveg matrica<\/td>\n<td>503 \u00d7 1544 (\u00d72)<\/td>\n<\/tr>\n<\/tbody>\n<\/table>\n<h3 data-start=\"1333\" data-end=\"1357\"><strong>M\u0171szaki jellemz\u0151k<\/strong><\/h3>\n<div class=\"_tableContainer_1rjym_1\">\n<div class=\"group _tableWrapper_1rjym_13 flex w-fit flex-col-reverse\">\n<table>\n<thead>\n<tr>\n<th>Jellemz\u0151<\/th>\n<th>Specifik\u00e1ci\u00f3<\/th>\n<\/tr>\n<\/thead>\n<tbody>\n<tr>\n<td>H\u0151m\u00e9rs\u00e9klet-tartom\u00e1ny (ventil\u00e1tor kikapcsolva)<\/td>\n<td>+16\u00b0C \/ +10\u00b0C \/ +5\u00b0C<\/td>\n<\/tr>\n<tr>\n<td>H\u0151m\u00e9rs\u00e9klet-tartom\u00e1ny (ventil\u00e1tor bekapcsolva)<\/td>\n<td>+4\u00b0C \/ +18\u00b0C<\/td>\n<\/tr>\n<tr>\n<td>Kl\u00edmaoszt\u00e1ly<\/td>\n<td>4<\/td>\n<\/tr>\n<tr>\n<td>Nett\u00f3 \/ brutt\u00f3 mennyis\u00e9g<\/td>\n<td>684 L \/ 764 L<\/td>\n<\/tr>\n<tr>\n<td>Bevonat<\/td>\n<td>t\u00f6m\u00f6r k\u0151risfa<\/td>\n<\/tr>\n<tr>\n<td>Bels\u0151 b\u00e9l\u00e9s<\/td>\n<td>ABS<\/td>\n<\/tr>\n<tr>\n<td>Termoszt\u00e1t<\/td>\n<td>Elektronikus<\/td>\n<\/tr>\n<tr>\n<td>Zajszint<\/td>\n<td>55 dB (egys\u00e9genk\u00e9nt)<\/td>\n<\/tr>\n<tr>\n<td>T\u00e1vir\u00e1ny\u00edt\u00f3<\/td>\n<td>Opcion\u00e1lis Smart Link WiFi<\/td>\n<\/tr>\n<tr>\n<td>Szigetel\u00e9s vastags\u00e1ga<\/td>\n<td>40 mm<\/td>\n<\/tr>\n<tr>\n<td>Leolvaszt\u00e1si rendszer<\/td>\n<td>Automatikus (kompresszor kikapcsolva) + K\u00e9zi<\/td>\n<\/tr>\n<tr>\n<td>Vil\u00e1g\u00edt\u00e1s<\/td>\n<td>4 f\u00fcgg\u0151leges LED<\/td>\n<\/tr>\n<tr>\n<td>\u00d6nz\u00e1r\u00f3 ajt\u00f3<\/td>\n<td>Igen<\/td>\n<\/tr>\n<tr>\n<td>Z\u00e1r \u00e9s kulcs<\/td>\n<td>Igen<\/td>\n<\/tr>\n<tr>\n<td>Polcok (WxD)<\/td>\n<td>10 \u00d7 513 \u00d7 410 mm, fapolcok opcion\u00e1lisan v\u00e1laszthat\u00f3ak<\/td>\n<\/tr>\n<tr>\n<td>G\u00f6rg\u0151k \u00e9s l\u00e1bak<\/td>\n<td>4 l\u00e1b + 4 g\u00f6rg\u0151<\/td>\n<\/tr>\n<tr>\n<td>Nett\u00f3 \/ brutt\u00f3 s\u00faly<\/td>\n<td>160 \/ 174 kg<\/td>\n<\/tr>\n<\/tbody>\n<\/table>\n<h3 data-start=\"2054\" data-end=\"2075\"><strong>Elektromos adatok<\/strong><\/h3>\n<div class=\"_tableContainer_1rjym_1\">\n<div class=\"group _tableWrapper_1rjym_13 flex w-fit flex-col-reverse\">\n<table>\n<thead>\n<tr>\n<th>Specifik\u00e1ci\u00f3<\/th>\n<th>\u00c9rt\u00e9k<\/th>\n<\/tr>\n<\/thead>\n<tbody>\n<tr>\n<td>Fesz\u00fclts\u00e9g<\/td>\n<td>220 V<\/td>\n<\/tr>\n<tr>\n<td>Frekvencia<\/td>\n<td>50 Hz<\/td>\n<\/tr>\n<tr>\n<td>H\u0171t\u0151k\u00f6zeg<\/td>\n<td>R600A<\/td>\n<\/tr>\n<tr>\n<td>Energiaelnyel\u00e9s<\/td>\n<td>244 W<\/td>\n<\/tr>\n<tr>\n<td>Energiafogyaszt\u00e1s (24 \u00f3ra)<\/td>\n<td>5,68 kWh<\/td>\n<\/tr>\n<\/tbody>\n<\/table>\n<\/div>\n<\/div>\n<\/div>\n<\/div>\n<\/div>\n<\/div>\n<\/div>","protected":false},"excerpt":{"rendered":"<p>The CLW 820 L NATURAL is a premium static wine cooler featuring optional fan operation (on\/off) and solid wood coating. This model consists of 2 assembled refrigeration units; energy class and noise level refer to a single unit. Available finishes include: Natural: Natural Ash Black: Black Ash Medium Walnut: Walnut Ash White: Bleached Ash Key [&hellip;]<\/p>\n","protected":false},"featured_media":8979,"comment_status":"open","ping_status":"closed","template":"","meta":[],"product_brand":[],"product_cat":[49],"product_tag":[],"class_list":{"0":"post-8954","1":"product","2":"type-product","3":"status-publish","4":"has-post-thumbnail","6":"product_cat-wine-fridges","8":"first","9":"instock","10":"shipping-taxable","11":"product-type-simple"},"_links":{"self":[{"href":"https:\/\/dersuessestopp.com\/hu\/wp-json\/wp\/v2\/product\/8954","targetHints":{"allow":["GET"]}}],"collection":[{"href":"https:\/\/dersuessestopp.com\/hu\/wp-json\/wp\/v2\/product"}],"about":[{"href":"https:\/\/dersuessestopp.com\/hu\/wp-json\/wp\/v2\/types\/product"}],"replies":[{"embeddable":true,"href":"https:\/\/dersuessestopp.com\/hu\/wp-json\/wp\/v2\/comments?post=8954"}],"version-history":[{"count":3,"href":"https:\/\/dersuessestopp.com\/hu\/wp-json\/wp\/v2\/product\/8954\/revisions"}],"predecessor-version":[{"id":11507,"href":"https:\/\/dersuessestopp.com\/hu\/wp-json\/wp\/v2\/product\/8954\/revisions\/11507"}],"wp:featuredmedia":[{"embeddable":true,"href":"https:\/\/dersuessestopp.com\/hu\/wp-json\/wp\/v2\/media\/8979"}],"wp:attachment":[{"href":"https:\/\/dersuessestopp.com\/hu\/wp-json\/wp\/v2\/media?parent=8954"}],"wp:term":[{"taxonomy":"product_brand","embeddable":true,"href":"https:\/\/dersuessestopp.com\/hu\/wp-json\/wp\/v2\/product_brand?post=8954"},{"taxonomy":"product_cat","embeddable":true,"href":"https:\/\/dersuessestopp.com\/hu\/wp-json\/wp\/v2\/product_cat?post=8954"},{"taxonomy":"product_tag","embeddable":true,"href":"https:\/\/dersuessestopp.com\/hu\/wp-json\/wp\/v2\/product_tag?post=8954"}],"curies":[{"name":"wp","href":"https:\/\/api.w.org\/{rel}","templated":true}]}}