{"id":8950,"date":"2025-09-23T11:03:48","date_gmt":"2025-09-23T11:03:48","guid":{"rendered":"https:\/\/dersuessestopp.com\/?post_type=product&#038;p=8950"},"modified":"2025-10-08T19:15:47","modified_gmt":"2025-10-08T19:15:47","slug":"clw-420-l-noce-medio","status":"publish","type":"product","link":"https:\/\/dersuessestopp.com\/hu\/product\/clw-420-l-noce-medio\/","title":{"rendered":"CLW 420 L NOCE MEDIO"},"content":{"rendered":"<p><img fetchpriority=\"high\" decoding=\"async\" class=\"alignnone wp-image-11466 size-full\" src=\"https:\/\/dersuessestopp.com\/wp-content\/uploads\/2025\/09\/CLW420L-Dettagli-1.jpg\" alt=\"\" width=\"2000\" height=\"1005\" srcset=\"https:\/\/dersuessestopp.com\/wp-content\/uploads\/2025\/09\/CLW420L-Dettagli-1.jpg 2000w, https:\/\/dersuessestopp.com\/wp-content\/uploads\/2025\/09\/CLW420L-Dettagli-1-300x151.jpg 300w, https:\/\/dersuessestopp.com\/wp-content\/uploads\/2025\/09\/CLW420L-Dettagli-1-1024x515.jpg 1024w, https:\/\/dersuessestopp.com\/wp-content\/uploads\/2025\/09\/CLW420L-Dettagli-1-768x386.jpg 768w, https:\/\/dersuessestopp.com\/wp-content\/uploads\/2025\/09\/CLW420L-Dettagli-1-1536x772.jpg 1536w, https:\/\/dersuessestopp.com\/wp-content\/uploads\/2025\/09\/CLW420L-Dettagli-1-250x126.jpg 250w, https:\/\/dersuessestopp.com\/wp-content\/uploads\/2025\/09\/CLW420L-Dettagli-1-600x302.jpg 600w\" sizes=\"(max-width: 2000px) 100vw, 2000px\" \/><\/p>\n<p>A CLW 420 L NOCE MEDIO egy pr\u00e9mium kateg\u00f3ri\u00e1s statikus borh\u0171t\u0151, opcion\u00e1lis ventil\u00e1toros m\u0171k\u00f6d\u00e9ssel (be\/ki) \u00e9s t\u00f6m\u00f6rfa bevonattal. Egyes\u00edti az eleg\u00e1ns eszt\u00e9tik\u00e1t a professzion\u00e1lis funkcionalit\u00e1ssal, ide\u00e1lis borospinc\u00e9k, \u00e9ttermek, sz\u00e1llod\u00e1k \u00e9s mag\u00e1ngy\u0171jt\u0151k sz\u00e1m\u00e1ra. T\u00f6bbf\u00e9le kivitelben kaphat\u00f3:<\/p>\n<ul data-start=\"500\" data-end=\"615\">\n<li data-start=\"500\" data-end=\"533\">\n<p data-start=\"502\" data-end=\"533\"><strong data-start=\"502\" data-end=\"520\">K\u00f6zepes di\u00f3fa:<\/strong> Di\u00f3 k\u0151ris<\/p>\n<\/li>\n<li data-start=\"534\" data-end=\"561\">\n<p data-start=\"536\" data-end=\"561\"><strong data-start=\"536\" data-end=\"546\">Feh\u00e9r:<\/strong> Feh\u00e9r\u00edtett hamu<\/p>\n<\/li>\n<li data-start=\"562\" data-end=\"590\">\n<p data-start=\"564\" data-end=\"590\"><strong data-start=\"564\" data-end=\"576\">Term\u00e9szetes:<\/strong> Term\u00e9szetes k\u0151ris<\/p>\n<\/li>\n<li data-start=\"591\" data-end=\"615\">\n<p data-start=\"593\" data-end=\"615\"><strong data-start=\"593\" data-end=\"603\">Fekete:<\/strong> Fekete k\u0151ris<\/p>\n<\/li>\n<\/ul>\n<h3 data-start=\"617\" data-end=\"632\"><strong>Kapacit\u00e1s<\/strong>:<\/h3>\n<table>\n<thead>\n<tr>\n<th>Modell<\/th>\n<th>Kapacit\u00e1s (75 cl palackok)<\/th>\n<th>Megjegyz\u00e9sek<\/th>\n<\/tr>\n<\/thead>\n<tbody>\n<tr>\n<td>CLW 420 L NOCE MEDIO<\/td>\n<td>126<\/td>\n<td>Az adatok a csomagol\u00e1st\u00f3l f\u00fcgg\u0151en v\u00e1ltozhatnak<\/td>\n<\/tr>\n<\/tbody>\n<\/table>\n<h3 data-start=\"735\" data-end=\"751\"><strong>M\u00e9retek<\/strong><\/h3>\n<div class=\"_tableContainer_1rjym_1\">\n<div class=\"group _tableWrapper_1rjym_13 flex w-fit flex-col-reverse\">\n<table>\n<thead>\n<tr>\n<th>Le\u00edr\u00e1s<\/th>\n<th>M\u00e9r\u00e9s (mm)<\/th>\n<\/tr>\n<\/thead>\n<tbody>\n<tr>\n<td>K\u00fcls\u0151 m\u00e9retek (WxDxH)<\/td>\n<td>655 \u00d7 635 \u00d7 1880<\/td>\n<\/tr>\n<tr>\n<td>Csomagol\u00e1si m\u00e9retek (WxDxH)<\/td>\n<td>735 \u00d7 715 \u00d7 2050<\/td>\n<\/tr>\n<tr>\n<td>Bels\u0151 sz\u00e9less\u00e9g (A)<\/td>\n<td>522<\/td>\n<\/tr>\n<tr>\n<td>Bels\u0151 m\u00e9lys\u00e9g (B)<\/td>\n<td>449<\/td>\n<\/tr>\n<tr>\n<td>Bels\u0151 magass\u00e1g (C)<\/td>\n<td>1557<\/td>\n<\/tr>\n<tr>\n<td>Minim\u00e1lis m\u00e9lys\u00e9g (D)<\/td>\n<td>179<\/td>\n<\/tr>\n<tr>\n<td>Minim\u00e1lis magass\u00e1g (E)<\/td>\n<td>1337<\/td>\n<\/tr>\n<tr>\n<td>\u00dcveg matrica<\/td>\n<td>503 \u00d7 1544<\/td>\n<\/tr>\n<\/tbody>\n<\/table>\n<\/div>\n<\/div>\n<h3 data-start=\"1108\" data-end=\"1132\"><strong>M\u0171szaki jellemz\u0151k<\/strong><\/h3>\n<table>\n<thead>\n<tr>\n<th>Jellemz\u0151<\/th>\n<th>Specifik\u00e1ci\u00f3<\/th>\n<\/tr>\n<\/thead>\n<tbody>\n<tr>\n<td>H\u0151m\u00e9rs\u00e9klet-tartom\u00e1ny (ventil\u00e1tor kikapcsolva)<\/td>\n<td>+16\u00b0C \/ +10\u00b0C \/ +5\u00b0C<\/td>\n<\/tr>\n<tr>\n<td>H\u0151m\u00e9rs\u00e9klet-tartom\u00e1ny (ventil\u00e1tor bekapcsolva)<\/td>\n<td>+4\u00b0C \/ +18\u00b0C<\/td>\n<\/tr>\n<tr>\n<td>Kl\u00edmaoszt\u00e1ly<\/td>\n<td>4<\/td>\n<\/tr>\n<tr>\n<td>Nett\u00f3 \/ brutt\u00f3 mennyis\u00e9g<\/td>\n<td>342 L \/ 382 L<\/td>\n<\/tr>\n<tr>\n<td>Bevonat<\/td>\n<td>t\u00f6m\u00f6r k\u0151risfa<\/td>\n<\/tr>\n<tr>\n<td>Bels\u0151 b\u00e9l\u00e9s<\/td>\n<td>Termoform\u00e1lt ABS<\/td>\n<\/tr>\n<tr>\n<td>Termoszt\u00e1t<\/td>\n<td>Elektronikus<\/td>\n<\/tr>\n<tr>\n<td>T\u00e1vir\u00e1ny\u00edt\u00f3<\/td>\n<td>Opcion\u00e1lis WiFi Smart Link<\/td>\n<\/tr>\n<tr>\n<td>Zajszint<\/td>\n<td>55 dB<\/td>\n<\/tr>\n<tr>\n<td>Szigetel\u00e9s vastags\u00e1ga<\/td>\n<td>40 mm<\/td>\n<\/tr>\n<tr>\n<td>Leolvaszt\u00e1si rendszer<\/td>\n<td>Automatikus (kompresszor kikapcsolva) + K\u00e9zi<\/td>\n<\/tr>\n<tr>\n<td>Vil\u00e1g\u00edt\u00e1s<\/td>\n<td>2 f\u00fcgg\u0151leges LED<\/td>\n<\/tr>\n<tr>\n<td>\u00d6nz\u00e1r\u00f3 ajt\u00f3<\/td>\n<td>Igen<\/td>\n<\/tr>\n<tr>\n<td>Z\u00e1r \u00e9s kulcs<\/td>\n<td>Igen<\/td>\n<\/tr>\n<tr>\n<td>Polcok (WxD)<\/td>\n<td>5 \u00d7 513 \u00d7 410 mm, fapolcok v\u00e1laszthat\u00f3ak<\/td>\n<\/tr>\n<tr>\n<td>G\u00f6rg\u0151k \u00e9s l\u00e1bak<\/td>\n<td>2 l\u00e1b + 2 g\u00f6rg\u0151<\/td>\n<\/tr>\n<tr>\n<td>Nett\u00f3 \/ brutt\u00f3 s\u00faly<\/td>\n<td>80 \/ 87 kg<\/td>\n<\/tr>\n<\/tbody>\n<\/table>\n<div class=\"group _tableWrapper_1rjym_13 flex w-fit flex-col-reverse\"><\/div>\n<div>\n<h3 data-start=\"1828\" data-end=\"1849\"><strong>Elektromos adatok<\/strong><\/h3>\n<div class=\"_tableContainer_1rjym_1\">\n<div class=\"group _tableWrapper_1rjym_13 flex w-fit flex-col-reverse\">\n<table>\n<thead>\n<tr>\n<th>Specifik\u00e1ci\u00f3<\/th>\n<th>\u00c9rt\u00e9k<\/th>\n<\/tr>\n<\/thead>\n<tbody>\n<tr>\n<td>Fesz\u00fclts\u00e9g<\/td>\n<td>220 V<\/td>\n<\/tr>\n<tr>\n<td>Frekvencia<\/td>\n<td>50 Hz<\/td>\n<\/tr>\n<tr>\n<td>H\u0171t\u0151k\u00f6zeg<\/td>\n<td>R600A<\/td>\n<\/tr>\n<tr>\n<td>Energiaelnyel\u00e9s<\/td>\n<td>230 W<\/td>\n<\/tr>\n<tr>\n<td>Energiafogyaszt\u00e1s (24 \u00f3ra)<\/td>\n<td>2,84 kWh<\/td>\n<\/tr>\n<\/tbody>\n<\/table>\n<\/div>\n<\/div>\n<\/div>","protected":false},"excerpt":{"rendered":"<p>The CLW 420 L NOCE MEDIO is a premium static wine cooler with optional fan operation (on\/off) and solid wood coating. It combines elegant aesthetics with professional functionality, ideal for wine cellars, restaurants, hotels, and private collectors. Available in multiple finishes: Medium Walnut: Walnut Ash White: Bleached Ash Natural: Natural Ash Black: Black Ash Capacity: [&hellip;]<\/p>\n","protected":false},"featured_media":8951,"comment_status":"open","ping_status":"closed","template":"","meta":[],"product_brand":[],"product_cat":[49],"product_tag":[],"class_list":{"0":"post-8950","1":"product","2":"type-product","3":"status-publish","4":"has-post-thumbnail","6":"product_cat-wine-fridges","8":"first","9":"instock","10":"shipping-taxable","11":"product-type-simple"},"_links":{"self":[{"href":"https:\/\/dersuessestopp.com\/hu\/wp-json\/wp\/v2\/product\/8950","targetHints":{"allow":["GET"]}}],"collection":[{"href":"https:\/\/dersuessestopp.com\/hu\/wp-json\/wp\/v2\/product"}],"about":[{"href":"https:\/\/dersuessestopp.com\/hu\/wp-json\/wp\/v2\/types\/product"}],"replies":[{"embeddable":true,"href":"https:\/\/dersuessestopp.com\/hu\/wp-json\/wp\/v2\/comments?post=8950"}],"version-history":[{"count":9,"href":"https:\/\/dersuessestopp.com\/hu\/wp-json\/wp\/v2\/product\/8950\/revisions"}],"predecessor-version":[{"id":11512,"href":"https:\/\/dersuessestopp.com\/hu\/wp-json\/wp\/v2\/product\/8950\/revisions\/11512"}],"wp:featuredmedia":[{"embeddable":true,"href":"https:\/\/dersuessestopp.com\/hu\/wp-json\/wp\/v2\/media\/8951"}],"wp:attachment":[{"href":"https:\/\/dersuessestopp.com\/hu\/wp-json\/wp\/v2\/media?parent=8950"}],"wp:term":[{"taxonomy":"product_brand","embeddable":true,"href":"https:\/\/dersuessestopp.com\/hu\/wp-json\/wp\/v2\/product_brand?post=8950"},{"taxonomy":"product_cat","embeddable":true,"href":"https:\/\/dersuessestopp.com\/hu\/wp-json\/wp\/v2\/product_cat?post=8950"},{"taxonomy":"product_tag","embeddable":true,"href":"https:\/\/dersuessestopp.com\/hu\/wp-json\/wp\/v2\/product_tag?post=8950"}],"curies":[{"name":"wp","href":"https:\/\/api.w.org\/{rel}","templated":true}]}}