{"id":7463,"date":"2025-09-01T08:58:44","date_gmt":"2025-09-01T08:58:44","guid":{"rendered":"https:\/\/dersuessestopp.com\/?post_type=product&#038;p=7463"},"modified":"2025-09-01T08:58:44","modified_gmt":"2025-09-01T08:58:44","slug":"alagut","status":"publish","type":"product","link":"https:\/\/dersuessestopp.com\/hu\/product\/tunnel\/","title":{"rendered":"Alag\u00fat"},"content":{"rendered":"<p data-start=\"98\" data-end=\"343\">A <strong data-start=\"102\" data-end=\"127\">Bilait h\u0171t\u0151alag\u00fat<\/strong> c\u00e9lja, hogy <strong data-start=\"143\" data-end=\"194\">gyorsan \u00e9s hat\u00e9konyan h\u0171ti a csokol\u00e1d\u00e9term\u00e9keket<\/strong>, biztos\u00edtva <strong data-start=\"205\" data-end=\"232\">egyenletes krist\u00e1lyosod\u00e1s<\/strong> \u00e9s kiv\u00e1l\u00f3 min\u0151s\u00e9g\u0171 k\u00e9szterm\u00e9k. Ide\u00e1lis nagy laborat\u00f3riumok \u00e9s kis- \u00e9s k\u00f6zepes ipari termel\u00e9s sz\u00e1m\u00e1ra.<\/p>\n<h2 data-start=\"701\" data-end=\"718\">F\u0151 jellemz\u0151k<\/h2>\n<ul data-start=\"720\" data-end=\"1017\">\n<li data-start=\"720\" data-end=\"772\">\n<p data-start=\"722\" data-end=\"772\">Gyors \u00e9s egyenletes h\u0171t\u00e9s csokol\u00e1d\u00e9term\u00e9kekhez<\/p>\n<\/li>\n<li data-start=\"773\" data-end=\"808\">\n<p data-start=\"775\" data-end=\"808\">K\u00f6vetkezetes, hibamentes eredm\u00e9nyek<\/p>\n<\/li>\n<li data-start=\"809\" data-end=\"872\">\n<p data-start=\"811\" data-end=\"872\"><strong data-start=\"811\" data-end=\"838\">Energiahat\u00e9kony tervez\u00e9s<\/strong> cs\u00f6kkenti a villamosenergia-fogyaszt\u00e1st<\/p>\n<\/li>\n<li data-start=\"873\" data-end=\"952\">\n<p data-start=\"875\" data-end=\"952\"><strong data-start=\"875\" data-end=\"907\">Rozsdamentes ac\u00e9lszerkezet<\/strong> a tart\u00f3ss\u00e1g, higi\u00e9nia \u00e9s k\u00f6nny\u0171 tiszt\u00edthat\u00f3s\u00e1g \u00e9rdek\u00e9ben<\/p>\n<\/li>\n<li data-start=\"953\" data-end=\"1017\">\n<p data-start=\"955\" data-end=\"1017\">Testreszabhat\u00f3 opci\u00f3k (hossz, szalagsz\u00e9less\u00e9g, fesz\u00fclts\u00e9g)<\/p>\n<\/li>\n<\/ul>\n<h2 data-start=\"1024\" data-end=\"1053\">M\u0171szaki specifik\u00e1ci\u00f3k<\/h2>\n<table>\n<thead>\n<tr>\n<th>Jellemz\u0151<\/th>\n<th>R\u00e9szletek<\/th>\n<\/tr>\n<\/thead>\n<tbody>\n<tr>\n<td><strong>H\u0171t\u0151ter\u00fcletek hossza<\/strong><\/td>\n<td>4 \/ 6 \/ 8 \/ 10 \/ 12 m<\/td>\n<\/tr>\n<tr>\n<td><strong>Szalag sz\u00e9less\u00e9ge<\/strong><\/td>\n<td>220 mm \/ 300 mm \/ 400 mm (testreszabhat\u00f3)<\/td>\n<\/tr>\n<tr>\n<td><strong>Alkalmas<\/strong><\/td>\n<td>Nagy laborat\u00f3riumok \u00e9s kis- \u00e9s k\u00f6z\u00e9pv\u00e1llalkoz\u00e1sok<\/td>\n<\/tr>\n<tr>\n<td><strong>\u00c9p\u00edt\u00e9s<\/strong><\/td>\n<td>Rozsdamentes ac\u00e9l<\/td>\n<\/tr>\n<tr>\n<td><strong>Fesz\u00fclts\u00e9g opci\u00f3k<\/strong><\/td>\n<td>220 V h\u00e1romf\u00e1zis\u00fa fesz\u00fclts\u00e9ghez igaz\u00edthat\u00f3 - 50\/60 Hz<\/td>\n<\/tr>\n<tr>\n<td><strong>Energiahat\u00e9konys\u00e1g<\/strong><\/td>\n<td>Optimaliz\u00e1lt kialak\u00edt\u00e1s a fogyaszt\u00e1s cs\u00f6kkent\u00e9se \u00e9rdek\u00e9ben<\/td>\n<\/tr>\n<\/tbody>\n<\/table>","protected":false},"excerpt":{"rendered":"<p>The Bilait Cooling Tunnel is designed to rapidly and effectively cool chocolate products, ensuring uniform crystallization and a high-quality finished product. Ideal for large laboratories and small-to-medium industrial production. Key Features Rapid and uniform cooling for chocolate products Consistent, defect-free results Energy-efficient design reduces electricity consumption Stainless steel construction for durability, hygiene, and easy cleaning [&hellip;]<\/p>\n","protected":false},"featured_media":7464,"comment_status":"open","ping_status":"closed","template":"","meta":[],"product_brand":[],"product_cat":[56],"product_tag":[],"class_list":{"0":"post-7463","1":"product","2":"type-product","3":"status-publish","4":"has-post-thumbnail","6":"product_cat-cooling-tunnel","8":"first","9":"instock","10":"shipping-taxable","11":"product-type-simple"},"_links":{"self":[{"href":"https:\/\/dersuessestopp.com\/hu\/wp-json\/wp\/v2\/product\/7463","targetHints":{"allow":["GET"]}}],"collection":[{"href":"https:\/\/dersuessestopp.com\/hu\/wp-json\/wp\/v2\/product"}],"about":[{"href":"https:\/\/dersuessestopp.com\/hu\/wp-json\/wp\/v2\/types\/product"}],"replies":[{"embeddable":true,"href":"https:\/\/dersuessestopp.com\/hu\/wp-json\/wp\/v2\/comments?post=7463"}],"version-history":[{"count":2,"href":"https:\/\/dersuessestopp.com\/hu\/wp-json\/wp\/v2\/product\/7463\/revisions"}],"predecessor-version":[{"id":7476,"href":"https:\/\/dersuessestopp.com\/hu\/wp-json\/wp\/v2\/product\/7463\/revisions\/7476"}],"wp:featuredmedia":[{"embeddable":true,"href":"https:\/\/dersuessestopp.com\/hu\/wp-json\/wp\/v2\/media\/7464"}],"wp:attachment":[{"href":"https:\/\/dersuessestopp.com\/hu\/wp-json\/wp\/v2\/media?parent=7463"}],"wp:term":[{"taxonomy":"product_brand","embeddable":true,"href":"https:\/\/dersuessestopp.com\/hu\/wp-json\/wp\/v2\/product_brand?post=7463"},{"taxonomy":"product_cat","embeddable":true,"href":"https:\/\/dersuessestopp.com\/hu\/wp-json\/wp\/v2\/product_cat?post=7463"},{"taxonomy":"product_tag","embeddable":true,"href":"https:\/\/dersuessestopp.com\/hu\/wp-json\/wp\/v2\/product_tag?post=7463"}],"curies":[{"name":"wp","href":"https:\/\/api.w.org\/{rel}","templated":true}]}}