{"id":7459,"date":"2025-09-01T08:14:18","date_gmt":"2025-09-01T08:14:18","guid":{"rendered":"https:\/\/dersuessestopp.com\/?post_type=product&#038;p=7459"},"modified":"2025-09-24T21:57:28","modified_gmt":"2025-09-24T21:57:28","slug":"6795-c","status":"publish","type":"product","link":"https:\/\/dersuessestopp.com\/hu\/product\/6795-c\/","title":{"rendered":"6795-C"},"content":{"rendered":"<p data-start=\"153\" data-end=\"445\">A <strong data-start=\"157\" data-end=\"176\">\u0170rhaj\u00f3s 6795-C<\/strong> egy <strong data-start=\"182\" data-end=\"247\">nagy kapacit\u00e1s\u00fa, k\u00e9t \u00edzes\u00edt\u00e9s\u0171, padl\u00f3s fagyasztott italok fagyaszt\u00f3ja<\/strong>, nagy mennyis\u00e9g\u0171 italgy\u00e1rt\u00e1sra tervezt\u00e9k. T\u00f6k\u00e9letes b\u00e1rok, \u00e9ttermek \u00e9s vend\u00e9gl\u00e1t\u00f3helyek sz\u00e1m\u00e1ra, hat\u00e9konyan szolg\u00e1l ki <strong data-start=\"375\" data-end=\"420\">alkoholos \u00e9s alkoholmentes fagyasztott italok<\/strong>, bele\u00e9rtve a turmixokat is.<\/p>\n<p data-start=\"447\" data-end=\"728\">A  oldalon. <strong data-start=\"457\" data-end=\"489\">\u00e1tl\u00e1tsz\u00f3 adagol\u00f3ajt\u00f3k<\/strong>, <strong data-start=\"491\" data-end=\"511\">gyors lefagy\u00e1s<\/strong>, \u00e9s <strong data-start=\"517\" data-end=\"537\">tart\u00e1lyos kever\u0151k<\/strong>, a 6795-C biztos\u00edtja a term\u00e9kek egyenletes min\u0151s\u00e9g\u00e9t \u00e9s a gyors kiszolg\u00e1l\u00e1st. A v\u00e1laszthat\u00f3 funkci\u00f3k k\u00f6z\u00e9 tartozik a <strong data-start=\"632\" data-end=\"661\">egy k\u00e9zzel m\u0171k\u00f6dtethet\u0151 p\u00f6rgetty\u0171<\/strong> \u00e9s <strong data-start=\"666\" data-end=\"679\">f\u00e9nydoboz<\/strong> a jobb termel\u00e9kenys\u00e9g \u00e9s a v\u00e1s\u00e1rl\u00f3i vonzer\u0151 \u00e9rdek\u00e9ben.<\/p>\n<h2 data-start=\"735\" data-end=\"752\">F\u0151 jellemz\u0151k<\/h2>\n<ul data-start=\"754\" data-end=\"1408\">\n<li data-start=\"754\" data-end=\"820\">\n<p data-start=\"756\" data-end=\"820\"><strong data-start=\"756\" data-end=\"782\">K\u00e9t \u00edzes\u00edt\u00e9s\u0171 padl\u00f3modell<\/strong> fagyasztott italokhoz \u00e9s turmixokhoz<\/p>\n<\/li>\n<li data-start=\"821\" data-end=\"884\">\n<p data-start=\"823\" data-end=\"884\"><strong data-start=\"823\" data-end=\"855\">\u00c1tl\u00e1tsz\u00f3 adagol\u00f3ajt\u00f3k<\/strong> fokozza a term\u00e9k l\u00e1that\u00f3s\u00e1g\u00e1t<\/p>\n<\/li>\n<li data-start=\"885\" data-end=\"954\">\n<p data-start=\"887\" data-end=\"954\"><strong data-start=\"887\" data-end=\"907\">Gyors lefagy\u00e1s<\/strong> szabadalmaztatott nagy hat\u00e9konys\u00e1g\u00fa h\u0151cser\u00e9l\u0151vel<\/p>\n<\/li>\n<li data-start=\"955\" data-end=\"1009\">\n<p data-start=\"957\" data-end=\"1009\"><strong data-start=\"957\" data-end=\"984\">Alacsony kever\u00e9kszint jelz\u0151f\u00e9ny<\/strong> figyelmeztet, ha a kever\u00e9k alacsony<\/p>\n<\/li>\n<li data-start=\"1010\" data-end=\"1082\">\n<p data-start=\"1012\" data-end=\"1082\"><strong data-start=\"1012\" data-end=\"1051\">H\u0171t\u00f6tt tart\u00e1lyok kever\u0151kkel<\/strong> a term\u00e9k konzisztenci\u00e1j\u00e1nak fenntart\u00e1sa<\/p>\n<\/li>\n<li data-start=\"1083\" data-end=\"1142\">\n<p data-start=\"1085\" data-end=\"1142\"><strong data-start=\"1085\" data-end=\"1101\">K\u00e9szenl\u00e9ti \u00fczemm\u00f3d<\/strong> a kever\u00e9ket \u00e9jszak\u00e1ra 4,4\u00b0C (40\u00b0F) alatt tartja.<\/p>\n<\/li>\n<li data-start=\"1143\" data-end=\"1198\">\n<p data-start=\"1145\" data-end=\"1198\"><strong data-start=\"1145\" data-end=\"1179\">\u00d6nz\u00e1r\u00f3 adagol\u00f3szelepek<\/strong> megakad\u00e1lyozza a t\u00falcsordul\u00e1st<\/p>\n<\/li>\n<li data-start=\"1199\" data-end=\"1268\">\n<p data-start=\"1201\" data-end=\"1268\"><strong data-start=\"1201\" data-end=\"1223\">Biztons\u00e1gi v\u00e9delem<\/strong>: Nagynyom\u00e1s\u00fa kapcsol\u00f3 \u00e9s termikus t\u00falterhel\u00e9s<\/p>\n<\/li>\n<li data-start=\"1269\" data-end=\"1341\">\n<p data-start=\"1271\" data-end=\"1341\"><strong data-start=\"1271\" data-end=\"1309\">Opcion\u00e1lis egy k\u00e9zzel m\u0171k\u00f6dtethet\u0151 p\u00f6rgetty\u0171<\/strong> kever\u00e9shez \u00e9s multitaskinghoz<\/p>\n<\/li>\n<li data-start=\"1342\" data-end=\"1408\">\n<p data-start=\"1344\" data-end=\"1408\"><strong data-start=\"1344\" data-end=\"1366\">Opcion\u00e1lis f\u00e9nydoboz<\/strong> a megvil\u00e1g\u00edtott \u00edzk\u00e1rty\u00e1k \u00e9s figyelmeztet\u00e9sek eset\u00e9ben<\/p>\n<\/li>\n<\/ul>\n<h2 data-start=\"1415\" data-end=\"1434\">M\u0171szaki adatok<\/h2>\n<table>\n<thead>\n<tr>\n<th><strong>Modell<\/strong><\/th>\n<th>\u0170rhaj\u00f3s 6795-C<\/th>\n<\/tr>\n<\/thead>\n<tbody>\n<tr>\n<td><strong>\u00cdzek<\/strong><\/td>\n<td>2<\/td>\n<\/tr>\n<tr>\n<td><strong>Palackok fagyaszt\u00e1sa<\/strong><\/td>\n<td>2 \u00d7 6,9 l (7,3 qt)<\/td>\n<\/tr>\n<tr>\n<td><strong>Mix Hoppers<\/strong><\/td>\n<td>2 \u00d7 12 L (12,7 qt)<\/td>\n<\/tr>\n<tr>\n<td><strong>Kimeneti kapacit\u00e1s (250 ml)<\/strong><\/td>\n<td>480 adag\/\u00f3ra<\/td>\n<\/tr>\n<tr>\n<td><strong>Vez\u00e9rl\u0151rendszer<\/strong><\/td>\n<td>Mechanikus, 2 egys\u00e9g<\/td>\n<\/tr>\n<tr>\n<td><strong>Adagol\u00f3 szelepek<\/strong><\/td>\n<td>\u00d6nz\u00e1r\u00f3<\/td>\n<\/tr>\n<tr>\n<td><strong>Hopper kever\u0151k<\/strong><\/td>\n<td>Igen<\/td>\n<\/tr>\n<tr>\n<td><strong>K\u00e9szenl\u00e9ti \u00fczemm\u00f3d<\/strong><\/td>\n<td>Igen (a kever\u00e9ket 4,4\u00b0C \/ 40\u00b0F alatt tartja)<\/td>\n<\/tr>\n<tr>\n<td><strong>Biztons\u00e1gi jellemz\u0151k<\/strong><\/td>\n<td>Nagynyom\u00e1s\u00fa v\u00e9delem, termikus t\u00falterhel\u00e9s elleni v\u00e9delem<\/td>\n<\/tr>\n<\/tbody>\n<\/table>\n<h2 data-start=\"1925\" data-end=\"1949\">M\u00e9retek \u00e9s s\u00faly<\/h2>\n<div class=\"_tableContainer_1rjym_1\">\n<div class=\"_tableWrapper_1rjym_13 group flex w-fit flex-col-reverse\">\n<table>\n<thead>\n<tr>\n<th><strong>M\u00e9r\u00e9s<\/strong><\/th>\n<th><strong>Nett\u00f3 (mm \/ in)<\/strong><\/th>\n<th><strong>Sz\u00e1ll\u00edt\u00e1s (mm \/ in)<\/strong><\/th>\n<\/tr>\n<\/thead>\n<tbody>\n<tr>\n<td>Sz\u00e9less\u00e9g<\/td>\n<td>553 mm \/ 21.8 in<\/td>\n<td>710 mm \/ 28.0 in<\/td>\n<\/tr>\n<tr>\n<td>M\u00e9lys\u00e9g<\/td>\n<td>651 mm \/ 25.6 in<\/td>\n<td>830 mm \/ 32.7 in<\/td>\n<\/tr>\n<tr>\n<td>Magass\u00e1g<\/td>\n<td>1497 mm \/ 58.9 in<\/td>\n<td>1670 mm \/ 65.7 in<\/td>\n<\/tr>\n<tr>\n<td>S\u00faly<\/td>\n<td>250 kg \/ 551 font<\/td>\n<td>270 kg \/ 595 font<\/td>\n<\/tr>\n<tr>\n<td>K\u00f6tet<\/td>\n<td>0,98 CBM \/ 34,75 CBF<\/td>\n<td>&#8211;<\/td>\n<\/tr>\n<\/tbody>\n<\/table>\n<h2 data-start=\"2318\" data-end=\"2333\">Elektromos<\/h2>\n<div class=\"_tableContainer_1rjym_1\">\n<div class=\"_tableWrapper_1rjym_13 group flex w-fit flex-col-reverse\">\n<table>\n<thead>\n<tr>\n<th><strong>Fesz\u00fclts\u00e9g<\/strong><\/th>\n<th><strong>Teljes\u00edtm\u00e9ny (kW)<\/strong><\/th>\n<th><strong>Teljes amper (A)<\/strong><\/th>\n<th><strong>Biztos\u00edt\u00f3 (A)<\/strong><\/th>\n<\/tr>\n<\/thead>\n<tbody>\n<tr>\n<td>220-240V \/ 50Hz \/ 1Ph<\/td>\n<td>4.6<\/td>\n<td>22<\/td>\n<td>30<\/td>\n<\/tr>\n<tr>\n<td>208-230V \/ 60Hz \/ 1Ph<\/td>\n<td>5.0<\/td>\n<td>24<\/td>\n<td>35<\/td>\n<\/tr>\n<\/tbody>\n<\/table>\n<\/div>\n<\/div>\n<\/div>\n<\/div>","protected":false},"excerpt":{"rendered":"<p>The Spaceman 6795-C is a high-capacity, two-flavor floor model frozen beverage freezer, designed for high-volume beverage operations. Perfect for bars, restaurants, and foodservice locations, it efficiently serves alcoholic and non-alcoholic frozen drinks, including milkshakes. Featuring see-through dispensing doors, fast freeze down, and hopper agitators, the 6795-C ensures consistent product quality and quick service. Optional features [&hellip;]<\/p>\n","protected":false},"featured_media":7460,"comment_status":"open","ping_status":"closed","template":"","meta":[],"product_brand":[],"product_cat":[67,55],"product_tag":[],"class_list":{"0":"post-7459","1":"product","2":"type-product","3":"status-publish","4":"has-post-thumbnail","6":"product_cat-professional-frozen-drink-maschines","7":"product_cat-frozen-drinks-machines","9":"first","10":"instock","11":"shipping-taxable","12":"product-type-simple"},"_links":{"self":[{"href":"https:\/\/dersuessestopp.com\/hu\/wp-json\/wp\/v2\/product\/7459","targetHints":{"allow":["GET"]}}],"collection":[{"href":"https:\/\/dersuessestopp.com\/hu\/wp-json\/wp\/v2\/product"}],"about":[{"href":"https:\/\/dersuessestopp.com\/hu\/wp-json\/wp\/v2\/types\/product"}],"replies":[{"embeddable":true,"href":"https:\/\/dersuessestopp.com\/hu\/wp-json\/wp\/v2\/comments?post=7459"}],"version-history":[{"count":2,"href":"https:\/\/dersuessestopp.com\/hu\/wp-json\/wp\/v2\/product\/7459\/revisions"}],"predecessor-version":[{"id":7462,"href":"https:\/\/dersuessestopp.com\/hu\/wp-json\/wp\/v2\/product\/7459\/revisions\/7462"}],"wp:featuredmedia":[{"embeddable":true,"href":"https:\/\/dersuessestopp.com\/hu\/wp-json\/wp\/v2\/media\/7460"}],"wp:attachment":[{"href":"https:\/\/dersuessestopp.com\/hu\/wp-json\/wp\/v2\/media?parent=7459"}],"wp:term":[{"taxonomy":"product_brand","embeddable":true,"href":"https:\/\/dersuessestopp.com\/hu\/wp-json\/wp\/v2\/product_brand?post=7459"},{"taxonomy":"product_cat","embeddable":true,"href":"https:\/\/dersuessestopp.com\/hu\/wp-json\/wp\/v2\/product_cat?post=7459"},{"taxonomy":"product_tag","embeddable":true,"href":"https:\/\/dersuessestopp.com\/hu\/wp-json\/wp\/v2\/product_tag?post=7459"}],"curies":[{"name":"wp","href":"https:\/\/api.w.org\/{rel}","templated":true}]}}