{"id":7452,"date":"2025-09-01T08:11:35","date_gmt":"2025-09-01T08:11:35","guid":{"rendered":"https:\/\/dersuessestopp.com\/?post_type=product&#038;p=7452"},"modified":"2025-09-24T21:57:49","modified_gmt":"2025-09-24T21:57:49","slug":"6695-c","status":"publish","type":"product","link":"https:\/\/dersuessestopp.com\/hu\/product\/6695-c\/","title":{"rendered":"6695-C"},"content":{"rendered":"<p data-start=\"161\" data-end=\"436\">A <strong data-start=\"165\" data-end=\"184\">\u0170rhaj\u00f3s 6695-C<\/strong> egy <strong data-start=\"190\" data-end=\"254\">nagy kapacit\u00e1s\u00fa, k\u00e9t \u00edzes\u00edt\u00e9s\u0171 fagyasztott italok pultra szerelhet\u0151 fagyaszt\u00f3szekr\u00e9ny<\/strong>, t\u00f6k\u00e9letes a forgalmas b\u00e1rok, \u00e9ttermek \u00e9s nagy forgalm\u00fa italboltok sz\u00e1m\u00e1ra. Kiszolg\u00e1lja <strong data-start=\"336\" data-end=\"381\">alkoholos \u00e9s alkoholmentes fagyasztott italok<\/strong>, bele\u00e9rtve a turmixokat is, hat\u00e9konyan \u00e9s k\u00f6vetkezetesen.<\/p>\n<p data-start=\"438\" data-end=\"792\">A 6695-C jellemz\u0151i <strong data-start=\"458\" data-end=\"490\">\u00e1tl\u00e1tsz\u00f3 adagol\u00f3ajt\u00f3k<\/strong>, <strong data-start=\"492\" data-end=\"512\">gyors lefagy\u00e1s<\/strong>, \u00e9s <strong data-start=\"518\" data-end=\"538\">tart\u00e1lyos kever\u0151k<\/strong> a term\u00e9k t\u00f6k\u00e9letes konzisztenci\u00e1j\u00e1nak fenntart\u00e1sa \u00e9rdek\u00e9ben. A <strong data-start=\"584\" data-end=\"613\">mechanikus vez\u00e9rl\u0151rendszer<\/strong> lehet\u0151v\u00e9 teszi a k\u00f6nny\u0171 kezelhet\u0151s\u00e9get \u00e9s a viszkozit\u00e1s pontos be\u00e1ll\u00edt\u00e1s\u00e1t. A v\u00e1laszthat\u00f3 funkci\u00f3k k\u00f6z\u00e9 tartozik a <strong data-start=\"698\" data-end=\"727\">egy k\u00e9zzel m\u0171k\u00f6dtethet\u0151 p\u00f6rgetty\u0171<\/strong> \u00e9s <strong data-start=\"732\" data-end=\"745\">f\u00e9nydoboz<\/strong> a nagyobb termel\u00e9kenys\u00e9g \u00e9s a vizu\u00e1lis vonzer\u0151 \u00e9rdek\u00e9ben.<\/p>\n<h2 data-start=\"799\" data-end=\"816\">F\u0151 jellemz\u0151k<\/h2>\n<ul data-start=\"818\" data-end=\"1477\">\n<li data-start=\"818\" data-end=\"889\">\n<p data-start=\"820\" data-end=\"889\"><strong data-start=\"820\" data-end=\"851\">K\u00e9t \u00edzes\u00edt\u00e9s\u0171 pultos modell<\/strong> fagyasztott italokhoz \u00e9s turmixokhoz<\/p>\n<\/li>\n<li data-start=\"890\" data-end=\"953\">\n<p data-start=\"892\" data-end=\"953\"><strong data-start=\"892\" data-end=\"924\">\u00c1tl\u00e1tsz\u00f3 adagol\u00f3ajt\u00f3k<\/strong> fokozza a term\u00e9k l\u00e1that\u00f3s\u00e1g\u00e1t<\/p>\n<\/li>\n<li data-start=\"954\" data-end=\"1023\">\n<p data-start=\"956\" data-end=\"1023\"><strong data-start=\"956\" data-end=\"976\">Gyors lefagy\u00e1s<\/strong> szabadalmaztatott nagy hat\u00e9konys\u00e1g\u00fa h\u0151cser\u00e9l\u0151vel<\/p>\n<\/li>\n<li data-start=\"1024\" data-end=\"1078\">\n<p data-start=\"1026\" data-end=\"1078\"><strong data-start=\"1026\" data-end=\"1053\">Alacsony kever\u00e9kszint jelz\u0151f\u00e9ny<\/strong> figyelmeztet, ha a kever\u00e9k alacsony<\/p>\n<\/li>\n<li data-start=\"1079\" data-end=\"1149\">\n<p data-start=\"1081\" data-end=\"1149\"><strong data-start=\"1081\" data-end=\"1120\">H\u0171t\u00f6tt tart\u00e1lyok kever\u0151kkel<\/strong> megakad\u00e1lyozza a term\u00e9k sz\u00e9tv\u00e1l\u00e1s\u00e1t<\/p>\n<\/li>\n<li data-start=\"1150\" data-end=\"1210\">\n<p data-start=\"1152\" data-end=\"1210\"><strong data-start=\"1152\" data-end=\"1168\">K\u00e9szenl\u00e9ti \u00fczemm\u00f3d<\/strong> fenntartja a term\u00e9k h\u0151m\u00e9rs\u00e9klet\u00e9t egy \u00e9jszak\u00e1n \u00e1t<\/p>\n<\/li>\n<li data-start=\"1211\" data-end=\"1266\">\n<p data-start=\"1213\" data-end=\"1266\"><strong data-start=\"1213\" data-end=\"1247\">\u00d6nz\u00e1r\u00f3 adagol\u00f3szelepek<\/strong> megakad\u00e1lyozza a t\u00falcsordul\u00e1st<\/p>\n<\/li>\n<li data-start=\"1267\" data-end=\"1336\">\n<p data-start=\"1269\" data-end=\"1336\"><strong data-start=\"1269\" data-end=\"1291\">Biztons\u00e1gi v\u00e9delem<\/strong>: Nagynyom\u00e1s\u00fa kapcsol\u00f3 \u00e9s termikus t\u00falterhel\u00e9s<\/p>\n<\/li>\n<li data-start=\"1337\" data-end=\"1410\">\n<p data-start=\"1339\" data-end=\"1410\"><strong data-start=\"1339\" data-end=\"1377\">Opcion\u00e1lis egy k\u00e9zzel m\u0171k\u00f6dtethet\u0151 p\u00f6rgetty\u0171<\/strong> t\u00f6bbfeladatos munkav\u00e9gz\u00e9shez \u00e9s kever\u00e9shez<\/p>\n<\/li>\n<li data-start=\"1411\" data-end=\"1477\">\n<p data-start=\"1413\" data-end=\"1477\"><strong data-start=\"1413\" data-end=\"1435\">Opcion\u00e1lis f\u00e9nydoboz<\/strong> a megvil\u00e1g\u00edtott \u00edzk\u00e1rty\u00e1k \u00e9s figyelmeztet\u00e9sek eset\u00e9ben<\/p>\n<\/li>\n<\/ul>\n<h2 data-start=\"1484\" data-end=\"1503\">M\u0171szaki adatok<\/h2>\n<table>\n<thead>\n<tr>\n<th><strong>Modell<\/strong><\/th>\n<th>\u0170rhaj\u00f3s 6695-C<\/th>\n<\/tr>\n<\/thead>\n<tbody>\n<tr>\n<td><strong>\u00cdzek<\/strong><\/td>\n<td>2<\/td>\n<\/tr>\n<tr>\n<td><strong>Palackok fagyaszt\u00e1sa<\/strong><\/td>\n<td>2 \u00d7 6,9 l (7,3 qt)<\/td>\n<\/tr>\n<tr>\n<td><strong>Mix Hoppers<\/strong><\/td>\n<td>2 \u00d7 12 L (12,7 qt)<\/td>\n<\/tr>\n<tr>\n<td><strong>Kimeneti kapacit\u00e1s (250 ml)<\/strong><\/td>\n<td>320 adag\/\u00f3ra<\/td>\n<\/tr>\n<tr>\n<td><strong>Vez\u00e9rl\u0151rendszer<\/strong><\/td>\n<td>Mechanikus, 2 egys\u00e9g<\/td>\n<\/tr>\n<tr>\n<td><strong>Adagol\u00f3 szelepek<\/strong><\/td>\n<td>\u00d6nz\u00e1r\u00f3<\/td>\n<\/tr>\n<tr>\n<td><strong>Hopper kever\u0151k<\/strong><\/td>\n<td>Igen<\/td>\n<\/tr>\n<tr>\n<td><strong>K\u00e9szenl\u00e9ti \u00fczemm\u00f3d<\/strong><\/td>\n<td>Igen (a kever\u00e9ket 4,4\u00b0C \/ 40\u00b0F alatt tartja)<\/td>\n<\/tr>\n<tr>\n<td><strong>Biztons\u00e1gi jellemz\u0151k<\/strong><\/td>\n<td>Nagynyom\u00e1s\u00fa v\u00e9delem, termikus t\u00falterhel\u00e9s elleni v\u00e9delem<\/td>\n<\/tr>\n<\/tbody>\n<\/table>\n<h2 data-start=\"1994\" data-end=\"2018\">M\u00e9retek \u00e9s s\u00faly<\/h2>\n<div class=\"_tableContainer_1rjym_1\">\n<div class=\"_tableWrapper_1rjym_13 group flex w-fit flex-col-reverse\">\n<table>\n<thead>\n<tr>\n<th><strong>M\u00e9r\u00e9s<\/strong><\/th>\n<th><strong>Nett\u00f3 (mm \/ in)<\/strong><\/th>\n<th><strong>Sz\u00e1ll\u00edt\u00e1s (mm \/ in)<\/strong><\/th>\n<\/tr>\n<\/thead>\n<tbody>\n<tr>\n<td>Sz\u00e9less\u00e9g<\/td>\n<td>532 mm \/ 20.9 in<\/td>\n<td>570 mm \/ 22.4 in<\/td>\n<\/tr>\n<tr>\n<td>M\u00e9lys\u00e9g<\/td>\n<td>652 mm \/ 25.7 in<\/td>\n<td>800 mm \/ 31.5 in<\/td>\n<\/tr>\n<tr>\n<td>Magass\u00e1g<\/td>\n<td>995 mm \/ 39.2 in<\/td>\n<td>1140 mm \/ 44.9 in<\/td>\n<\/tr>\n<tr>\n<td>S\u00faly<\/td>\n<td>220 kg \/ 485 font<\/td>\n<td>235 kg \/ 518 font<\/td>\n<\/tr>\n<tr>\n<td>K\u00f6tet<\/td>\n<td>0,52 CBM \/ 18,36 CBF<\/td>\n<td>&#8211;<\/td>\n<\/tr>\n<\/tbody>\n<\/table>\n<h2 data-start=\"2386\" data-end=\"2401\">Elektromos<\/h2>\n<div class=\"_tableContainer_1rjym_1\">\n<div class=\"_tableWrapper_1rjym_13 group flex w-fit flex-col-reverse\">\n<table>\n<thead>\n<tr>\n<th><strong>Fesz\u00fclts\u00e9g<\/strong><\/th>\n<th><strong>Teljes\u00edtm\u00e9ny (kW)<\/strong><\/th>\n<th><strong>Teljes amper (A)<\/strong><\/th>\n<th><strong>Biztos\u00edt\u00f3 (A)<\/strong><\/th>\n<\/tr>\n<\/thead>\n<tbody>\n<tr>\n<td>220-240V \/ 50Hz \/ 1Ph<\/td>\n<td>3.0<\/td>\n<td>15<\/td>\n<td>25<\/td>\n<\/tr>\n<tr>\n<td>208-230V \/ 60Hz \/ 1Ph<\/td>\n<td>3.2<\/td>\n<td>16<\/td>\n<td>25<\/td>\n<\/tr>\n<\/tbody>\n<\/table>\n<\/div>\n<\/div>\n<\/div>\n<\/div>","protected":false},"excerpt":{"rendered":"<p>The Spaceman 6695-C is a high-capacity, two-flavor countertop frozen beverage freezer, perfect for busy bars, restaurants, and high-volume beverage outlets. It serves alcoholic and non-alcoholic frozen drinks, including milkshakes, efficiently and consistently. The 6695-C features see-through dispensing doors, fast freeze down, and hopper agitators to maintain perfect product consistency. Its mechanical control system allows easy [&hellip;]<\/p>\n","protected":false},"featured_media":7456,"comment_status":"open","ping_status":"closed","template":"","meta":[],"product_brand":[],"product_cat":[66,67,55],"product_tag":[],"class_list":{"0":"post-7452","1":"product","2":"type-product","3":"status-publish","4":"has-post-thumbnail","6":"product_cat-milkshake-maschines","7":"product_cat-professional-frozen-drink-maschines","8":"product_cat-frozen-drinks-machines","10":"first","11":"instock","12":"shipping-taxable","13":"product-type-simple"},"_links":{"self":[{"href":"https:\/\/dersuessestopp.com\/hu\/wp-json\/wp\/v2\/product\/7452","targetHints":{"allow":["GET"]}}],"collection":[{"href":"https:\/\/dersuessestopp.com\/hu\/wp-json\/wp\/v2\/product"}],"about":[{"href":"https:\/\/dersuessestopp.com\/hu\/wp-json\/wp\/v2\/types\/product"}],"replies":[{"embeddable":true,"href":"https:\/\/dersuessestopp.com\/hu\/wp-json\/wp\/v2\/comments?post=7452"}],"version-history":[{"count":2,"href":"https:\/\/dersuessestopp.com\/hu\/wp-json\/wp\/v2\/product\/7452\/revisions"}],"predecessor-version":[{"id":7458,"href":"https:\/\/dersuessestopp.com\/hu\/wp-json\/wp\/v2\/product\/7452\/revisions\/7458"}],"wp:featuredmedia":[{"embeddable":true,"href":"https:\/\/dersuessestopp.com\/hu\/wp-json\/wp\/v2\/media\/7456"}],"wp:attachment":[{"href":"https:\/\/dersuessestopp.com\/hu\/wp-json\/wp\/v2\/media?parent=7452"}],"wp:term":[{"taxonomy":"product_brand","embeddable":true,"href":"https:\/\/dersuessestopp.com\/hu\/wp-json\/wp\/v2\/product_brand?post=7452"},{"taxonomy":"product_cat","embeddable":true,"href":"https:\/\/dersuessestopp.com\/hu\/wp-json\/wp\/v2\/product_cat?post=7452"},{"taxonomy":"product_tag","embeddable":true,"href":"https:\/\/dersuessestopp.com\/hu\/wp-json\/wp\/v2\/product_tag?post=7452"}],"curies":[{"name":"wp","href":"https:\/\/api.w.org\/{rel}","templated":true}]}}