{"id":7448,"date":"2025-09-01T08:06:33","date_gmt":"2025-09-01T08:06:33","guid":{"rendered":"https:\/\/dersuessestopp.com\/?post_type=product&#038;p=7448"},"modified":"2025-09-24T21:58:21","modified_gmt":"2025-09-24T21:58:21","slug":"6455-c","status":"publish","type":"product","link":"https:\/\/dersuessestopp.com\/hu\/product\/6455-c\/","title":{"rendered":"6455-C"},"content":{"rendered":"<p data-start=\"171\" data-end=\"451\">A <strong data-start=\"175\" data-end=\"194\">\u0170rhaj\u00f3s 6455-C<\/strong> egy <strong data-start=\"200\" data-end=\"268\">kompakt, sokoldal\u00fa, k\u00e9t \u00edzes\u00edt\u00e9s\u0171, pultra szerelhet\u0151 fagyasztott italok fagyaszt\u00f3ja<\/strong>, ide\u00e1lis b\u00e1rok, \u00e9ttermek, iskol\u00e1k, k\u00f3rh\u00e1zak \u00e9s kioszkok sz\u00e1m\u00e1ra. Fagyasztott italokat, turmixokat \u00e9s alkoholos vagy alkoholmentes italokat sz\u00e1ll\u00edt egyenletes min\u0151s\u00e9gben \u00e9s hat\u00e9konys\u00e1ggal.<\/p>\n<p data-start=\"453\" data-end=\"785\">A 6455-C jellemz\u0151i <strong data-start=\"473\" data-end=\"505\">\u00e1tl\u00e1tsz\u00f3 adagol\u00f3ajt\u00f3k<\/strong>, <strong data-start=\"507\" data-end=\"533\">gyorsfagyaszt\u00e1si technol\u00f3gia<\/strong>, \u00e9s <strong data-start=\"539\" data-end=\"559\">tart\u00e1lyos kever\u0151k<\/strong> a term\u00e9k konzisztenci\u00e1j\u00e1nak fenntart\u00e1sa \u00e9rdek\u00e9ben. Az intuit\u00edv mechanikus vez\u00e9rl\u00e9s lehet\u0151v\u00e9 teszi a viszkozit\u00e1s pontos be\u00e1ll\u00edt\u00e1s\u00e1t. Opcion\u00e1lis kieg\u00e9sz\u00edt\u0151k, mint p\u00e9ld\u00e1ul a <strong data-start=\"690\" data-end=\"719\">egy k\u00e9zzel m\u0171k\u00f6dtethet\u0151 p\u00f6rgetty\u0171<\/strong> \u00e9s <strong data-start=\"724\" data-end=\"737\">f\u00e9nydoboz<\/strong> a termel\u00e9kenys\u00e9g \u00e9s az \u00fcgyfelek elk\u00f6telezetts\u00e9g\u00e9nek jav\u00edt\u00e1sa.<\/p>\n<h2 data-start=\"792\" data-end=\"809\">F\u0151 jellemz\u0151k<\/h2>\n<ul data-start=\"811\" data-end=\"1463\">\n<li data-start=\"811\" data-end=\"881\">\n<p data-start=\"813\" data-end=\"881\"><strong data-start=\"813\" data-end=\"844\">K\u00e9t \u00edzes\u00edt\u00e9s\u0171 pultos modell<\/strong> fagyasztott italokhoz \u00e9s turmixokhoz<\/p>\n<\/li>\n<li data-start=\"882\" data-end=\"959\">\n<p data-start=\"884\" data-end=\"959\"><strong data-start=\"884\" data-end=\"916\">\u00c1tl\u00e1tsz\u00f3 adagol\u00f3ajt\u00f3k<\/strong> a term\u00e9k l\u00e1that\u00f3s\u00e1g\u00e1nak \u00e9s marketingj\u00e9nek jav\u00edt\u00e1sa<\/p>\n<\/li>\n<li data-start=\"960\" data-end=\"1020\">\n<p data-start=\"962\" data-end=\"1020\"><strong data-start=\"962\" data-end=\"982\">Gyors lefagy\u00e1s<\/strong> nagy hat\u00e9konys\u00e1g\u00fa h\u0151cser\u00e9l\u0151vel<\/p>\n<\/li>\n<li data-start=\"1021\" data-end=\"1075\">\n<p data-start=\"1023\" data-end=\"1075\"><strong data-start=\"1023\" data-end=\"1050\">Alacsony kever\u00e9kszint jelz\u0151f\u00e9ny<\/strong> figyelmeztet, ha a kever\u00e9k alacsony<\/p>\n<\/li>\n<li data-start=\"1076\" data-end=\"1146\">\n<p data-start=\"1078\" data-end=\"1146\"><strong data-start=\"1078\" data-end=\"1117\">H\u0171t\u00f6tt tart\u00e1lyok kever\u0151kkel<\/strong> megakad\u00e1lyozza a term\u00e9k sz\u00e9tv\u00e1l\u00e1s\u00e1t<\/p>\n<\/li>\n<li data-start=\"1147\" data-end=\"1207\">\n<p data-start=\"1149\" data-end=\"1207\"><strong data-start=\"1149\" data-end=\"1165\">K\u00e9szenl\u00e9ti \u00fczemm\u00f3d<\/strong> fenntartja a term\u00e9k h\u0151m\u00e9rs\u00e9klet\u00e9t egy \u00e9jszak\u00e1n \u00e1t<\/p>\n<\/li>\n<li data-start=\"1208\" data-end=\"1263\">\n<p data-start=\"1210\" data-end=\"1263\"><strong data-start=\"1210\" data-end=\"1244\">\u00d6nz\u00e1r\u00f3 adagol\u00f3szelepek<\/strong> megakad\u00e1lyozza a t\u00falcsordul\u00e1st<\/p>\n<\/li>\n<li data-start=\"1264\" data-end=\"1333\">\n<p data-start=\"1266\" data-end=\"1333\"><strong data-start=\"1266\" data-end=\"1288\">Biztons\u00e1gi v\u00e9delem<\/strong>: Nagynyom\u00e1s\u00fa kapcsol\u00f3 \u00e9s termikus t\u00falterhel\u00e9s<\/p>\n<\/li>\n<li data-start=\"1334\" data-end=\"1396\">\n<p data-start=\"1336\" data-end=\"1396\"><strong data-start=\"1336\" data-end=\"1374\">Opcion\u00e1lis egy k\u00e9zzel m\u0171k\u00f6dtethet\u0151 p\u00f6rgetty\u0171<\/strong> finoms\u00e1gok kever\u00e9s\u00e9hez<\/p>\n<\/li>\n<li data-start=\"1397\" data-end=\"1463\">\n<p data-start=\"1399\" data-end=\"1463\"><strong data-start=\"1399\" data-end=\"1421\">Opcion\u00e1lis f\u00e9nydoboz<\/strong> a megvil\u00e1g\u00edtott \u00edzk\u00e1rty\u00e1k \u00e9s figyelmeztet\u00e9sek eset\u00e9ben<\/p>\n<\/li>\n<\/ul>\n<h2 data-start=\"1470\" data-end=\"1489\">M\u0171szaki adatok<\/h2>\n<table>\n<thead>\n<tr>\n<th><strong>Modell<\/strong><\/th>\n<th>\u0170rhaj\u00f3s 6455-C<\/th>\n<\/tr>\n<\/thead>\n<tbody>\n<tr>\n<td><strong>\u00cdzek<\/strong><\/td>\n<td>2<\/td>\n<\/tr>\n<tr>\n<td><strong>Palackok fagyaszt\u00e1sa<\/strong><\/td>\n<td>2 \u00d7 3,8 l (4,0 qt)<\/td>\n<\/tr>\n<tr>\n<td><strong>Mix Hoppers<\/strong><\/td>\n<td>2 \u00d7 8,0 l (8,5 qt)<\/td>\n<\/tr>\n<tr>\n<td><strong>Kimeneti kapacit\u00e1s (250 ml)<\/strong><\/td>\n<td>112 adag\/\u00f3ra<\/td>\n<\/tr>\n<tr>\n<td><strong>Vez\u00e9rl\u0151rendszer<\/strong><\/td>\n<td>Mechanikus, 2 egys\u00e9g<\/td>\n<\/tr>\n<tr>\n<td><strong>Adagol\u00f3 szelepek<\/strong><\/td>\n<td>\u00d6nz\u00e1r\u00f3<\/td>\n<\/tr>\n<tr>\n<td><strong>Hopper kever\u0151k<\/strong><\/td>\n<td>Igen<\/td>\n<\/tr>\n<tr>\n<td><strong>K\u00e9szenl\u00e9ti \u00fczemm\u00f3d<\/strong><\/td>\n<td>Igen (a kever\u00e9ket 4,4\u00b0C \/ 40\u00b0F alatt tartja)<\/td>\n<\/tr>\n<tr>\n<td><strong>Biztons\u00e1gi jellemz\u0151k<\/strong><\/td>\n<td>Nagynyom\u00e1s\u00fa v\u00e9delem, termikus t\u00falterhel\u00e9s elleni v\u00e9delem<\/td>\n<\/tr>\n<\/tbody>\n<\/table>\n<h2 data-start=\"1980\" data-end=\"2004\">M\u00e9retek \u00e9s s\u00faly<\/h2>\n<div class=\"_tableContainer_1rjym_1\">\n<div class=\"_tableWrapper_1rjym_13 group flex w-fit flex-col-reverse\">\n<table>\n<thead>\n<tr>\n<th><strong>M\u00e9r\u00e9s<\/strong><\/th>\n<th><strong>Nett\u00f3 (mm \/ in)<\/strong><\/th>\n<th><strong>Sz\u00e1ll\u00edt\u00e1s (mm \/ in)<\/strong><\/th>\n<\/tr>\n<\/thead>\n<tbody>\n<tr>\n<td>Sz\u00e9less\u00e9g<\/td>\n<td>476 mm \/ 18.7 in<\/td>\n<td>520 mm \/ 20.5 in<\/td>\n<\/tr>\n<tr>\n<td>M\u00e9lys\u00e9g<\/td>\n<td>651 mm \/ 25.6 in<\/td>\n<td>800 mm \/ 31.5 in<\/td>\n<\/tr>\n<tr>\n<td>Magass\u00e1g<\/td>\n<td>972 mm \/ 38.3 in<\/td>\n<td>1090 mm \/ 42.9 in<\/td>\n<\/tr>\n<tr>\n<td>S\u00faly<\/td>\n<td>146 kg \/ 322 font<\/td>\n<td>166 kg \/ 366 font<\/td>\n<\/tr>\n<tr>\n<td>K\u00f6tet<\/td>\n<td>0,45 CBM \/ 16,01 CBF<\/td>\n<td>&#8211;<\/td>\n<\/tr>\n<\/tbody>\n<\/table>\n<h2 data-start=\"2372\" data-end=\"2387\">Elektromos<\/h2>\n<div class=\"_tableContainer_1rjym_1\">\n<div class=\"_tableWrapper_1rjym_13 group flex w-fit flex-col-reverse\">\n<table>\n<thead>\n<tr>\n<th><strong>Fesz\u00fclts\u00e9g<\/strong><\/th>\n<th><strong>Teljes\u00edtm\u00e9ny (kW)<\/strong><\/th>\n<th><strong>Teljes amper (A)<\/strong><\/th>\n<th><strong>Biztos\u00edt\u00f3 (A)<\/strong><\/th>\n<\/tr>\n<\/thead>\n<tbody>\n<tr>\n<td>220-240V \/ 50Hz \/ 1Ph<\/td>\n<td>2.3<\/td>\n<td>12<\/td>\n<td>16<\/td>\n<\/tr>\n<tr>\n<td>208-230V \/ 60Hz \/ 1Ph<\/td>\n<td>2.3<\/td>\n<td>12<\/td>\n<td>15<\/td>\n<\/tr>\n<\/tbody>\n<\/table>\n<\/div>\n<\/div>\n<\/div>\n<\/div>","protected":false},"excerpt":{"rendered":"<p>The Spaceman 6455-C is a compact, versatile two-flavor countertop frozen beverage freezer, ideal for bars, restaurants, schools, hospitals, and kiosks. It delivers frozen drinks, smoothies, and alcoholic or non-alcoholic beverages with consistent quality and efficiency. The 6455-C features see-through dispensing doors, fast freeze technology, and hopper agitators to maintain product consistency. Its intuitive mechanical controls [&hellip;]<\/p>\n","protected":false},"featured_media":7449,"comment_status":"open","ping_status":"closed","template":"","meta":[],"product_brand":[],"product_cat":[66,67,55],"product_tag":[],"class_list":{"0":"post-7448","1":"product","2":"type-product","3":"status-publish","4":"has-post-thumbnail","6":"product_cat-milkshake-maschines","7":"product_cat-professional-frozen-drink-maschines","8":"product_cat-frozen-drinks-machines","10":"first","11":"instock","12":"shipping-taxable","13":"product-type-simple"},"_links":{"self":[{"href":"https:\/\/dersuessestopp.com\/hu\/wp-json\/wp\/v2\/product\/7448","targetHints":{"allow":["GET"]}}],"collection":[{"href":"https:\/\/dersuessestopp.com\/hu\/wp-json\/wp\/v2\/product"}],"about":[{"href":"https:\/\/dersuessestopp.com\/hu\/wp-json\/wp\/v2\/types\/product"}],"replies":[{"embeddable":true,"href":"https:\/\/dersuessestopp.com\/hu\/wp-json\/wp\/v2\/comments?post=7448"}],"version-history":[{"count":3,"href":"https:\/\/dersuessestopp.com\/hu\/wp-json\/wp\/v2\/product\/7448\/revisions"}],"predecessor-version":[{"id":7453,"href":"https:\/\/dersuessestopp.com\/hu\/wp-json\/wp\/v2\/product\/7448\/revisions\/7453"}],"wp:featuredmedia":[{"embeddable":true,"href":"https:\/\/dersuessestopp.com\/hu\/wp-json\/wp\/v2\/media\/7449"}],"wp:attachment":[{"href":"https:\/\/dersuessestopp.com\/hu\/wp-json\/wp\/v2\/media?parent=7448"}],"wp:term":[{"taxonomy":"product_brand","embeddable":true,"href":"https:\/\/dersuessestopp.com\/hu\/wp-json\/wp\/v2\/product_brand?post=7448"},{"taxonomy":"product_cat","embeddable":true,"href":"https:\/\/dersuessestopp.com\/hu\/wp-json\/wp\/v2\/product_cat?post=7448"},{"taxonomy":"product_tag","embeddable":true,"href":"https:\/\/dersuessestopp.com\/hu\/wp-json\/wp\/v2\/product_tag?post=7448"}],"curies":[{"name":"wp","href":"https:\/\/api.w.org\/{rel}","templated":true}]}}