{"id":7444,"date":"2025-09-01T08:05:00","date_gmt":"2025-09-01T08:05:00","guid":{"rendered":"https:\/\/dersuessestopp.com\/?post_type=product&#038;p=7444"},"modified":"2025-09-24T21:58:39","modified_gmt":"2025-09-24T21:58:39","slug":"6690-c","status":"publish","type":"product","link":"https:\/\/dersuessestopp.com\/hu\/product\/6690-c\/","title":{"rendered":"6690-C"},"content":{"rendered":"<p data-start=\"172\" data-end=\"397\">A <strong data-start=\"176\" data-end=\"195\">\u0170rhaj\u00f3s 6690-C<\/strong> egy <strong data-start=\"201\" data-end=\"268\">nagy kapacit\u00e1s\u00fa, egy\u00edz\u0171 fagyasztott italok pultra szerelhet\u0151 fagyaszt\u00f3ja<\/strong>, t\u00f6k\u00e9letes k\u00e1v\u00e9z\u00f3k, \u00e9ttermek \u00e9s rendezv\u00e9nyterek sz\u00e1m\u00e1ra, amelyek nagy t\u00f6megeket szeretn\u00e9nek kiszolg\u00e1lni fagyasztott italokkal, turmixokkal \u00e9s turmixokkal.<\/p>\n<p data-start=\"399\" data-end=\"736\">Ez a modell egy <strong data-start=\"421\" data-end=\"452\">\u00e1tl\u00e1tsz\u00f3 adagol\u00f3ajt\u00f3<\/strong> a term\u00e9k l\u00e1that\u00f3s\u00e1ga \u00e9rdek\u00e9ben, egy <strong data-start=\"479\" data-end=\"501\">gyorsfagyaszt\u00f3 rendszer<\/strong> a gyors el\u0151k\u00e9sz\u00edt\u00e9shez, \u00e9s <strong data-start=\"529\" data-end=\"549\">tart\u00e1lyos kever\u0151k<\/strong> a term\u00e9k konzisztenci\u00e1j\u00e1nak fenntart\u00e1sa \u00e9rdek\u00e9ben. A k\u00e9sz\u00fcl\u00e9k intuit\u00edv kezel\u0151szerveket tartalmaz a k\u00f6nny\u0171 kezelhet\u0151s\u00e9g \u00e9s a viszkozit\u00e1s be\u00e1ll\u00edt\u00e1sa \u00e9rdek\u00e9ben, valamint olyan biztons\u00e1gi funkci\u00f3kat, mint a termikus t\u00falterhel\u00e9s \u00e9s a nagynyom\u00e1s\u00fa v\u00e9delem.<\/p>\n<p data-start=\"738\" data-end=\"883\">Opcion\u00e1lis kieg\u00e9sz\u00edt\u0151k, mint p\u00e9ld\u00e1ul a <strong data-start=\"765\" data-end=\"776\">spinner<\/strong> a kevert italokhoz \u00e9s egy <strong data-start=\"802\" data-end=\"815\">f\u00e9nydoboz<\/strong> a hirdet\u00e9sek \u00e9s riaszt\u00e1sok n\u00f6velik a rugalmass\u00e1got \u00e9s a termel\u00e9kenys\u00e9get.<\/p>\n<h2 data-start=\"890\" data-end=\"907\">F\u0151 jellemz\u0151k<\/h2>\n<ul data-start=\"909\" data-end=\"1531\">\n<li data-start=\"909\" data-end=\"982\">\n<p data-start=\"911\" data-end=\"982\"><strong data-start=\"911\" data-end=\"942\">\u00c1tl\u00e1tsz\u00f3 adagol\u00f3ajt\u00f3<\/strong> fokozza a term\u00e9k vonzerej\u00e9t \u00e9s a marketinget<\/p>\n<\/li>\n<li data-start=\"983\" data-end=\"1052\">\n<p data-start=\"985\" data-end=\"1052\"><strong data-start=\"985\" data-end=\"1005\">Gyors lefagy\u00e1s<\/strong> szabadalmaztatott nagy hat\u00e9konys\u00e1g\u00fa h\u0151cser\u00e9l\u0151vel<\/p>\n<\/li>\n<li data-start=\"1053\" data-end=\"1123\">\n<p data-start=\"1055\" data-end=\"1123\"><strong data-start=\"1055\" data-end=\"1093\">H\u0171t\u00f6tt tart\u00e1ly kever\u0151kkel<\/strong> megakad\u00e1lyozza a term\u00e9k sz\u00e9tv\u00e1l\u00e1s\u00e1t<\/p>\n<\/li>\n<li data-start=\"1124\" data-end=\"1187\">\n<p data-start=\"1126\" data-end=\"1187\"><strong data-start=\"1126\" data-end=\"1153\">Alacsony kever\u00e9kszint jelz\u0151f\u00e9ny<\/strong> figyelmezteti a kezel\u0151t, ha a kever\u00e9k alacsony<\/p>\n<\/li>\n<li data-start=\"1188\" data-end=\"1248\">\n<p data-start=\"1190\" data-end=\"1248\"><strong data-start=\"1190\" data-end=\"1206\">K\u00e9szenl\u00e9ti \u00fczemm\u00f3d<\/strong> fenntartja a term\u00e9k h\u0151m\u00e9rs\u00e9klet\u00e9t egy \u00e9jszak\u00e1n \u00e1t<\/p>\n<\/li>\n<li data-start=\"1249\" data-end=\"1304\">\n<p data-start=\"1251\" data-end=\"1304\"><strong data-start=\"1251\" data-end=\"1284\">\u00d6nz\u00e1r\u00f3 adagol\u00f3szelep<\/strong> megakad\u00e1lyozza a t\u00falcsordul\u00e1st<\/p>\n<\/li>\n<li data-start=\"1305\" data-end=\"1382\">\n<p data-start=\"1307\" data-end=\"1382\"><strong data-start=\"1307\" data-end=\"1338\">Be\u00e9p\u00edtett biztons\u00e1gi v\u00e9delem<\/strong> (nagynyom\u00e1s\u00fa kapcsol\u00f3 \u00e9s termikus t\u00falterhel\u00e9s)<\/p>\n<\/li>\n<li data-start=\"1383\" data-end=\"1449\">\n<p data-start=\"1385\" data-end=\"1449\"><strong data-start=\"1385\" data-end=\"1405\">Opcion\u00e1lis p\u00f6rgetty\u0171<\/strong> turmixok \u00e9s fagyasztott italok turmixol\u00e1s\u00e1hoz<\/p>\n<\/li>\n<li data-start=\"1450\" data-end=\"1531\">\n<p data-start=\"1452\" data-end=\"1531\"><strong data-start=\"1452\" data-end=\"1474\">Opcion\u00e1lis f\u00e9nydoboz<\/strong> vil\u00e1g\u00edt az \u00edzl\u0151k\u00e1rty\u00e1kon \u00e9s jelzi az alacsony kever\u00e9si\/k\u00e9szenl\u00e9ti szintet<\/p>\n<\/li>\n<\/ul>\n<h2 data-start=\"1538\" data-end=\"1557\">M\u0171szaki adatok<\/h2>\n<table>\n<thead>\n<tr>\n<th><strong>Modell<\/strong><\/th>\n<th>\u0170rhaj\u00f3s 6690-C<\/th>\n<\/tr>\n<\/thead>\n<tbody>\n<tr>\n<td><strong>\u00cdzek<\/strong><\/td>\n<td>1 (Egyetlen \u00edz)<\/td>\n<\/tr>\n<tr>\n<td><strong>Fagyaszt\u00f3henger<\/strong><\/td>\n<td>1 \u00d7 6,9 l (7,3 qt)<\/td>\n<\/tr>\n<tr>\n<td><strong>Kever\u0151szivatty\u00fa<\/strong><\/td>\n<td>1 \u00d7 20 L (21,2 qt)<\/td>\n<\/tr>\n<tr>\n<td><strong>Kimeneti kapacit\u00e1s<\/strong><\/td>\n<td>~240 adag\/\u00f3ra (250 ml\/\u00f3ra)<\/td>\n<\/tr>\n<tr>\n<td><strong>Vez\u00e9rl\u0151rendszer<\/strong><\/td>\n<td>Mechanikus<\/td>\n<\/tr>\n<tr>\n<td><strong>Adagol\u00f3 szelep<\/strong><\/td>\n<td>\u00d6nz\u00e1r\u00f3<\/td>\n<\/tr>\n<tr>\n<td><strong>Hopper kever\u0151<\/strong><\/td>\n<td>Igen<\/td>\n<\/tr>\n<tr>\n<td><strong>K\u00e9szenl\u00e9ti funkci\u00f3<\/strong><\/td>\n<td>Igen (a kever\u00e9ket 4,4\u00b0C \/ 40\u00b0F alatt tartja)<\/td>\n<\/tr>\n<tr>\n<td><strong>Biztons\u00e1gi jellemz\u0151k<\/strong><\/td>\n<td>Nagynyom\u00e1s\u00fa kapcsol\u00f3, termikus t\u00falterhel\u00e9sv\u00e9delem<\/td>\n<\/tr>\n<\/tbody>\n<\/table>\n<h2 data-start=\"2054\" data-end=\"2069\">Elektromos<\/h2>\n<div class=\"_tableContainer_1rjym_1\">\n<div class=\"_tableWrapper_1rjym_13 group flex w-fit flex-col-reverse\">\n<table>\n<thead>\n<tr>\n<th><strong>Fesz\u00fclts\u00e9g<\/strong><\/th>\n<th><strong>Teljes\u00edtm\u00e9ny (kW)<\/strong><\/th>\n<th><strong>Teljes amper (A)<\/strong><\/th>\n<th><strong>Biztos\u00edt\u00f3 (A)<\/strong><\/th>\n<\/tr>\n<\/thead>\n<tbody>\n<tr>\n<td>220-240V \/ 50Hz \/ 1Ph<\/td>\n<td>2.4<\/td>\n<td>12<\/td>\n<td>20<\/td>\n<\/tr>\n<tr>\n<td>208-230V \/ 60Hz \/ 1Ph<\/td>\n<td>2.6<\/td>\n<td>13<\/td>\n<td>20<\/td>\n<\/tr>\n<\/tbody>\n<\/table>\n<h2 data-start=\"2300\" data-end=\"2324\">M\u00e9retek \u00e9s s\u00faly<\/h2>\n<div class=\"_tableContainer_1rjym_1\">\n<div class=\"_tableWrapper_1rjym_13 group flex w-fit flex-col-reverse\">\n<table>\n<thead>\n<tr>\n<th><strong>M\u00e9r\u00e9s<\/strong><\/th>\n<th><strong>Nett\u00f3 (mm \/ in)<\/strong><\/th>\n<th><strong>Sz\u00e1ll\u00edt\u00e1s (mm \/ in)<\/strong><\/th>\n<\/tr>\n<\/thead>\n<tbody>\n<tr>\n<td>Sz\u00e9less\u00e9g<\/td>\n<td>454 mm \/ 17.9 in<\/td>\n<td>520 mm \/ 20.5 in<\/td>\n<\/tr>\n<tr>\n<td>M\u00e9lys\u00e9g<\/td>\n<td>657 mm \/ 25.9 in<\/td>\n<td>860 mm \/ 33.9 in<\/td>\n<\/tr>\n<tr>\n<td>Magass\u00e1g<\/td>\n<td>862 mm \/ 33.9 in<\/td>\n<td>980 mm \/ 38.6 in<\/td>\n<\/tr>\n<\/tbody>\n<\/table>\n<\/div>\n<\/div>\n<\/div>\n<\/div>","protected":false},"excerpt":{"rendered":"<p>The Spaceman 6690-C is a high-capacity, single-flavor countertop frozen beverage freezer, perfect for caf\u00e9s, restaurants, and event spaces looking to serve large crowds with frozen drinks, smoothies, and milkshakes. This model features a see-through dispensing door for product visibility, a fast freeze system for quick preparation, and hopper agitators to maintain product consistency. It includes [&hellip;]<\/p>\n","protected":false},"featured_media":7445,"comment_status":"open","ping_status":"closed","template":"","meta":[],"product_brand":[],"product_cat":[55,66,67],"product_tag":[],"class_list":{"0":"post-7444","1":"product","2":"type-product","3":"status-publish","4":"has-post-thumbnail","6":"product_cat-frozen-drinks-machines","7":"product_cat-milkshake-maschines","8":"product_cat-professional-frozen-drink-maschines","10":"first","11":"instock","12":"shipping-taxable","13":"product-type-simple"},"_links":{"self":[{"href":"https:\/\/dersuessestopp.com\/hu\/wp-json\/wp\/v2\/product\/7444","targetHints":{"allow":["GET"]}}],"collection":[{"href":"https:\/\/dersuessestopp.com\/hu\/wp-json\/wp\/v2\/product"}],"about":[{"href":"https:\/\/dersuessestopp.com\/hu\/wp-json\/wp\/v2\/types\/product"}],"replies":[{"embeddable":true,"href":"https:\/\/dersuessestopp.com\/hu\/wp-json\/wp\/v2\/comments?post=7444"}],"version-history":[{"count":3,"href":"https:\/\/dersuessestopp.com\/hu\/wp-json\/wp\/v2\/product\/7444\/revisions"}],"predecessor-version":[{"id":7454,"href":"https:\/\/dersuessestopp.com\/hu\/wp-json\/wp\/v2\/product\/7444\/revisions\/7454"}],"wp:featuredmedia":[{"embeddable":true,"href":"https:\/\/dersuessestopp.com\/hu\/wp-json\/wp\/v2\/media\/7445"}],"wp:attachment":[{"href":"https:\/\/dersuessestopp.com\/hu\/wp-json\/wp\/v2\/media?parent=7444"}],"wp:term":[{"taxonomy":"product_brand","embeddable":true,"href":"https:\/\/dersuessestopp.com\/hu\/wp-json\/wp\/v2\/product_brand?post=7444"},{"taxonomy":"product_cat","embeddable":true,"href":"https:\/\/dersuessestopp.com\/hu\/wp-json\/wp\/v2\/product_cat?post=7444"},{"taxonomy":"product_tag","embeddable":true,"href":"https:\/\/dersuessestopp.com\/hu\/wp-json\/wp\/v2\/product_tag?post=7444"}],"curies":[{"name":"wp","href":"https:\/\/api.w.org\/{rel}","templated":true}]}}