{"id":7439,"date":"2025-09-01T08:02:54","date_gmt":"2025-09-01T08:02:54","guid":{"rendered":"https:\/\/dersuessestopp.com\/?post_type=product&#038;p=7439"},"modified":"2025-09-24T21:59:02","modified_gmt":"2025-09-24T21:59:02","slug":"6450-c","status":"publish","type":"product","link":"https:\/\/dersuessestopp.com\/hu\/product\/6450-c\/","title":{"rendered":"6450-C"},"content":{"rendered":"<p data-start=\"172\" data-end=\"425\">A <strong data-start=\"176\" data-end=\"195\">\u0170rhaj\u00f3s 6450-C<\/strong> egy kompakt \u00e9s sokoldal\u00fa, egy\u00edz\u0171, pultra szerelhet\u0151 italfagyaszt\u00f3, amely ide\u00e1lis k\u00e1v\u00e9z\u00f3k, b\u00e1rok, \u00e9ttermek \u00e9s rendezv\u00e9nytermek sz\u00e1m\u00e1ra, amelyek fagyasztott italokat, turmixokat, turmixokat, turmixokat, alkoholos \u00e9s alkoholmentes italokat egyar\u00e1nt szeretn\u00e9nek felszolg\u00e1lni.<\/p>\n<p data-start=\"427\" data-end=\"862\">Ez a modell \u00e1tl\u00e1tsz\u00f3 adagol\u00f3ajt\u00f3val rendelkezik, amely n\u00f6veli a term\u00e9k l\u00e1that\u00f3s\u00e1g\u00e1t, \u00e9s er\u0151s marketingeszk\u00f6zk\u00e9nt szolg\u00e1l. A szabadalmaztatott gyorsfagyaszt\u00e1si technol\u00f3gi\u00e1val cs\u00f6kkenti a fagyaszt\u00e1si id\u0151t, mik\u00f6zben alacsonyan tartja az energiafogyaszt\u00e1st. A h\u0171t\u00f6tt tart\u00e1ly \u00e9s a kever\u0151k fenntartj\u00e1k a term\u00e9k konzisztenci\u00e1j\u00e1t, m\u00edg az intuit\u00edv kezel\u0151panel egyszer\u0171v\u00e9 teszi a kezel\u00e9st. Az olyan biztons\u00e1gi funkci\u00f3k, mint a kompresszor \u00e9s a motor v\u00e9delme biztos\u00edtj\u00e1k a tart\u00f3ss\u00e1got \u00e9s a megb\u00edzhat\u00f3s\u00e1got.<\/p>\n<p data-start=\"864\" data-end=\"1003\">Opcion\u00e1lis kieg\u00e9sz\u00edt\u0151k, mint p\u00e9ld\u00e1ul a <strong data-start=\"891\" data-end=\"902\">spinner<\/strong> a kevert finoms\u00e1gokhoz \u00e9s egy <strong data-start=\"928\" data-end=\"941\">f\u00e9nydoboz<\/strong> a hirdet\u00e9sekhez rugalmass\u00e1got biztos\u00edtanak az \u00fczleti ig\u00e9nyek kiel\u00e9g\u00edt\u00e9s\u00e9hez.<\/p>\n<h2 data-start=\"1010\" data-end=\"1027\">F\u0151 jellemz\u0151k<\/h2>\n<ul data-start=\"1029\" data-end=\"1626\">\n<li data-start=\"1029\" data-end=\"1101\">\n<p data-start=\"1031\" data-end=\"1101\"><strong data-start=\"1031\" data-end=\"1062\">\u00c1tl\u00e1tsz\u00f3 adagol\u00f3ajt\u00f3<\/strong> a term\u00e9k l\u00e1that\u00f3s\u00e1ga \u00e9s marketingje<\/p>\n<\/li>\n<li data-start=\"1102\" data-end=\"1171\">\n<p data-start=\"1104\" data-end=\"1171\"><strong data-start=\"1104\" data-end=\"1124\">Gyors lefagy\u00e1s<\/strong> szabadalmaztatott nagy hat\u00e9konys\u00e1g\u00fa h\u0151cser\u00e9l\u0151vel<\/p>\n<\/li>\n<li data-start=\"1172\" data-end=\"1244\">\n<p data-start=\"1174\" data-end=\"1244\"><strong data-start=\"1174\" data-end=\"1212\">H\u0171t\u00f6tt tart\u00e1ly kever\u0151kkel<\/strong> a term\u00e9k sz\u00e9tv\u00e1l\u00e1s\u00e1nak megakad\u00e1lyoz\u00e1sa \u00e9rdek\u00e9ben<\/p>\n<\/li>\n<li data-start=\"1245\" data-end=\"1294\">\n<p data-start=\"1247\" data-end=\"1294\"><strong data-start=\"1247\" data-end=\"1274\">Alacsony kever\u00e9kszint jelz\u0151f\u00e9ny<\/strong> a kezel\u0151t figyelmeztetni<\/p>\n<\/li>\n<li data-start=\"1295\" data-end=\"1363\">\n<p data-start=\"1297\" data-end=\"1363\"><strong data-start=\"1297\" data-end=\"1313\">K\u00e9szenl\u00e9ti \u00fczemm\u00f3d<\/strong> a term\u00e9ket egy \u00e9jszak\u00e1n \u00e1t 4,4\u00b0C (40\u00b0F) alatt tartja biztons\u00e1gban<\/p>\n<\/li>\n<li data-start=\"1364\" data-end=\"1419\">\n<p data-start=\"1366\" data-end=\"1419\"><strong data-start=\"1366\" data-end=\"1399\">\u00d6nz\u00e1r\u00f3 adagol\u00f3szelep<\/strong> a t\u00falcsordul\u00e1s elker\u00fcl\u00e9se \u00e9rdek\u00e9ben<\/p>\n<\/li>\n<li data-start=\"1420\" data-end=\"1497\">\n<p data-start=\"1422\" data-end=\"1497\"><strong data-start=\"1422\" data-end=\"1453\">Be\u00e9p\u00edtett biztons\u00e1gi v\u00e9delem<\/strong> (nagynyom\u00e1s\u00fa kapcsol\u00f3 \u00e9s termikus t\u00falterhel\u00e9s)<\/p>\n<\/li>\n<li data-start=\"1498\" data-end=\"1564\">\n<p data-start=\"1500\" data-end=\"1564\"><strong data-start=\"1500\" data-end=\"1520\">Opcion\u00e1lis p\u00f6rgetty\u0171<\/strong> turmixok \u00e9s fagyasztott italok turmixol\u00e1s\u00e1hoz<\/p>\n<\/li>\n<li data-start=\"1565\" data-end=\"1626\">\n<p data-start=\"1567\" data-end=\"1626\"><strong data-start=\"1567\" data-end=\"1589\">Opcion\u00e1lis f\u00e9nydoboz<\/strong> megvil\u00e1g\u00edtott rekl\u00e1mk\u00e1rty\u00e1kkal<\/p>\n<\/li>\n<\/ul>\n<h2 data-start=\"1633\" data-end=\"1652\">M\u0171szaki adatok<\/h2>\n<div class=\"_tableContainer_1rjym_1\">\n<div class=\"_tableWrapper_1rjym_13 group flex w-fit flex-col-reverse\">\n<table>\n<thead>\n<tr>\n<th><strong>Modell<\/strong><\/th>\n<th>\u0170rhaj\u00f3s 6450-C<\/th>\n<\/tr>\n<\/thead>\n<tbody>\n<tr>\n<td><strong>\u00cdzek<\/strong><\/td>\n<td>1 (Egyetlen \u00edz)<\/td>\n<\/tr>\n<tr>\n<td><strong>Fagyaszt\u00f3henger<\/strong><\/td>\n<td>1 \u00d7 3,8 l (4,0 qt)<\/td>\n<\/tr>\n<tr>\n<td><strong>Kever\u0151szivatty\u00fa<\/strong><\/td>\n<td>1 \u00d7 12 L (12,7 qt)<\/td>\n<\/tr>\n<tr>\n<td><strong>Kimeneti kapacit\u00e1s<\/strong><\/td>\n<td>~80 adag\/\u00f3ra (250 ml fejenk\u00e9nt)<\/td>\n<\/tr>\n<tr>\n<td><strong>Vez\u00e9rl\u0151rendszer<\/strong><\/td>\n<td>Mechanikus<\/td>\n<\/tr>\n<tr>\n<td><strong>Adagol\u00f3 szelep<\/strong><\/td>\n<td>\u00d6nz\u00e1r\u00f3<\/td>\n<\/tr>\n<tr>\n<td><strong>Hopper kever\u0151<\/strong><\/td>\n<td>Igen<\/td>\n<\/tr>\n<tr>\n<td><strong>K\u00e9szenl\u00e9ti funkci\u00f3<\/strong><\/td>\n<td>Igen (a kever\u00e9ket 4,4\u00b0C \/ 40\u00b0F alatt tartja)<\/td>\n<\/tr>\n<tr>\n<td><strong>Biztons\u00e1gi jellemz\u0151k<\/strong><\/td>\n<td>Nagynyom\u00e1s\u00fa kapcsol\u00f3, termikus t\u00falterhel\u00e9sv\u00e9delem<\/td>\n<\/tr>\n<\/tbody>\n<\/table>\n<h2 data-start=\"2148\" data-end=\"2163\">Elektromos<\/h2>\n<div class=\"_tableContainer_1rjym_1\">\n<div class=\"_tableWrapper_1rjym_13 group flex w-fit flex-col-reverse\">\n<table>\n<thead>\n<tr>\n<th><strong>Fesz\u00fclts\u00e9g<\/strong><\/th>\n<th><strong>Teljes\u00edtm\u00e9ny (kW)<\/strong><\/th>\n<th><strong>Teljes amper (A)<\/strong><\/th>\n<th><strong>Biztos\u00edt\u00f3 (A)<\/strong><\/th>\n<\/tr>\n<\/thead>\n<tbody>\n<tr>\n<td>220-240V \/ 50Hz \/ 1Ph<\/td>\n<td>1.6<\/td>\n<td>7<\/td>\n<td>13<\/td>\n<\/tr>\n<tr>\n<td>208-230V \/ 60Hz \/ 1Ph<\/td>\n<td>1.6<\/td>\n<td>8<\/td>\n<td>15<\/td>\n<\/tr>\n<tr>\n<td>110-120V \/ 60Hz \/ 1Ph<\/td>\n<td>1.4<\/td>\n<td>14<\/td>\n<td>20<\/td>\n<\/tr>\n<\/tbody>\n<\/table>\n<h2 data-start=\"2434\" data-end=\"2458\">M\u00e9retek \u00e9s s\u00faly<\/h2>\n<div class=\"_tableContainer_1rjym_1\">\n<div class=\"_tableWrapper_1rjym_13 group flex w-fit flex-col-reverse\">\n<table>\n<thead>\n<tr>\n<th><strong>M\u00e9r\u00e9s<\/strong><\/th>\n<th><strong>Nett\u00f3 (mm \/ in)<\/strong><\/th>\n<th><strong>Sz\u00e1ll\u00edt\u00e1s (mm \/ in)<\/strong><\/th>\n<\/tr>\n<\/thead>\n<tbody>\n<tr>\n<td>Sz\u00e9less\u00e9g<\/td>\n<td>384 mm \/ 15.1 in<\/td>\n<td>420 mm \/ 16.5 in<\/td>\n<\/tr>\n<tr>\n<td>M\u00e9lys\u00e9g<\/td>\n<td>645 mm \/ 25.4 in<\/td>\n<td>790 mm \/ 31.1 in<\/td>\n<\/tr>\n<tr>\n<td>Magass\u00e1g<\/td>\n<td>760 mm \/ 29.9 in<\/td>\n<td>890 mm \/ 35.0 in<\/td>\n<\/tr>\n<\/tbody>\n<\/table>\n<\/div>\n<\/div>\n<\/div>\n<\/div>\n<\/div>\n<\/div>","protected":false},"excerpt":{"rendered":"<p>The Spaceman 6450-C is a compact and versatile single-flavor countertop beverage freezer, ideal for caf\u00e9s, bars, restaurants, and event spaces that want to serve frozen beverages, smoothies, milkshakes, and both alcoholic and non-alcoholic drinks. This model features a clear dispensing door that enhances product visibility and serves as a strong marketing tool. With patented fast [&hellip;]<\/p>\n","protected":false},"featured_media":7440,"comment_status":"open","ping_status":"closed","template":"","meta":[],"product_brand":[],"product_cat":[55,66,67],"product_tag":[],"class_list":{"0":"post-7439","1":"product","2":"type-product","3":"status-publish","4":"has-post-thumbnail","6":"product_cat-frozen-drinks-machines","7":"product_cat-milkshake-maschines","8":"product_cat-professional-frozen-drink-maschines","10":"first","11":"instock","12":"shipping-taxable","13":"product-type-simple"},"_links":{"self":[{"href":"https:\/\/dersuessestopp.com\/hu\/wp-json\/wp\/v2\/product\/7439","targetHints":{"allow":["GET"]}}],"collection":[{"href":"https:\/\/dersuessestopp.com\/hu\/wp-json\/wp\/v2\/product"}],"about":[{"href":"https:\/\/dersuessestopp.com\/hu\/wp-json\/wp\/v2\/types\/product"}],"replies":[{"embeddable":true,"href":"https:\/\/dersuessestopp.com\/hu\/wp-json\/wp\/v2\/comments?post=7439"}],"version-history":[{"count":4,"href":"https:\/\/dersuessestopp.com\/hu\/wp-json\/wp\/v2\/product\/7439\/revisions"}],"predecessor-version":[{"id":7455,"href":"https:\/\/dersuessestopp.com\/hu\/wp-json\/wp\/v2\/product\/7439\/revisions\/7455"}],"wp:featuredmedia":[{"embeddable":true,"href":"https:\/\/dersuessestopp.com\/hu\/wp-json\/wp\/v2\/media\/7440"}],"wp:attachment":[{"href":"https:\/\/dersuessestopp.com\/hu\/wp-json\/wp\/v2\/media?parent=7439"}],"wp:term":[{"taxonomy":"product_brand","embeddable":true,"href":"https:\/\/dersuessestopp.com\/hu\/wp-json\/wp\/v2\/product_brand?post=7439"},{"taxonomy":"product_cat","embeddable":true,"href":"https:\/\/dersuessestopp.com\/hu\/wp-json\/wp\/v2\/product_cat?post=7439"},{"taxonomy":"product_tag","embeddable":true,"href":"https:\/\/dersuessestopp.com\/hu\/wp-json\/wp\/v2\/product_tag?post=7439"}],"curies":[{"name":"wp","href":"https:\/\/api.w.org\/{rel}","templated":true}]}}