{"id":7428,"date":"2025-09-01T07:37:21","date_gmt":"2025-09-01T07:37:21","guid":{"rendered":"https:\/\/dersuessestopp.com\/?post_type=product&#038;p=7428"},"modified":"2025-09-01T07:37:21","modified_gmt":"2025-09-01T07:37:21","slug":"flow-a3-iroasztal","status":"publish","type":"product","link":"https:\/\/dersuessestopp.com\/hu\/product\/flow-a3-desk\/","title":{"rendered":"Flow A3 \u00edr\u00f3asztal"},"content":{"rendered":"<p data-start=\"202\" data-end=\"522\">A <strong data-start=\"206\" data-end=\"222\">FLOW A3 \u00edr\u00f3asztal<\/strong> egy professzion\u00e1lis h\u0151form\u00e1z\u00f3 g\u00e9p, amelyet \u00fagy terveztek, hogy feldolgozzon <strong data-start=\"283\" data-end=\"310\">A3 m\u00e9ret\u0171 m\u0171anyag lapok<\/strong> vastags\u00e1ga a k\u00f6vetkez\u0151 \u00e9rt\u00e9kek k\u00f6z\u00f6tt v\u00e1ltozik <strong data-start=\"341\" data-end=\"356\">0,5-4 mm<\/strong>. T\u00f6k\u00e9letes megold\u00e1s a cukr\u00e1szok, csokol\u00e1d\u00e9k\u00e9sz\u00edt\u0151k \u00e9s kreat\u00edv szakemberek sz\u00e1m\u00e1ra, akik t\u00fal akarnak l\u00e9pni a hagyom\u00e1nyos form\u00e1kon \u00e9s k\u00e9sz\u00edteni akarnak <strong data-start=\"493\" data-end=\"519\">egyedi, egyedi mint\u00e1k<\/strong>.<\/p>\n<p data-start=\"524\" data-end=\"810\">A FLOW A3 Desk seg\u00edts\u00e9g\u00e9vel a k\u00f6vetkez\u0151ket hozhatja l\u00e9tre <strong data-start=\"562\" data-end=\"646\">szem\u00e9lyre szabott csokol\u00e1d\u00e9t\u00e1bl\u00e1k, egyedi form\u00e1k log\u00f3kkal vagy nevekkel \u00e9s tematikus form\u00e1k<\/strong> p\u00e9ld\u00e1ul szersz\u00e1mok, j\u00e1t\u00e9kok vagy modellek. B\u00e1rmilyen, h\u0151form\u00e1z\u00e1sra alkalmas s\u00edk fel\u00fclettel rendelkez\u0151 t\u00e1rgyb\u00f3l form\u00e1zhat\u00f3 forma, ami korl\u00e1tlan kreat\u00edv lehet\u0151s\u00e9geket nyit meg.<\/p>\n<h3 data-start=\"812\" data-end=\"834\">A term\u00e9k jellemz\u0151i<\/h3>\n<ul data-start=\"835\" data-end=\"1195\">\n<li data-start=\"835\" data-end=\"892\">\n<p data-start=\"837\" data-end=\"892\"><strong data-start=\"837\" data-end=\"861\">Be\u00e9p\u00edtett v\u00e1kuumszivatty\u00fa<\/strong> a t\u00f6k\u00e9letes laptapad\u00e1s \u00e9rdek\u00e9ben.<\/p>\n<\/li>\n<li data-start=\"893\" data-end=\"976\">\n<p data-start=\"895\" data-end=\"976\"><strong data-start=\"895\" data-end=\"933\">Azonnali f\u0171t\u00e9s halog\u00e9nl\u00e1mp\u00e1kkal<\/strong> (1600 W) a gyors \u00e9s hat\u00e9kony m\u0171k\u00f6d\u00e9s \u00e9rdek\u00e9ben.<\/p>\n<\/li>\n<li data-start=\"977\" data-end=\"1050\">\n<p data-start=\"979\" data-end=\"1050\">Ide\u00e1lis <strong data-start=\"989\" data-end=\"1047\">protot\u00edpusgy\u00e1rt\u00e1s \u00e9s professzion\u00e1lis cukr\u00e1szati formak\u00e9sz\u00edt\u00e9s<\/strong>.<\/p>\n<\/li>\n<li data-start=\"1051\" data-end=\"1112\">\n<p data-start=\"1053\" data-end=\"1112\">Sz\u00e9les k\u00f6rben haszn\u00e1lj\u00e1k a <strong data-start=\"1072\" data-end=\"1109\">\u00e9lelmiszer-, orvosi \u00e9s fog\u00e1szati \u00e1gazat<\/strong>.<\/p>\n<\/li>\n<li data-start=\"1113\" data-end=\"1195\">\n<p data-start=\"1115\" data-end=\"1195\"><strong data-start=\"1115\" data-end=\"1135\">Ford\u00edtott funkci\u00f3<\/strong> a h\u0151form\u00e1zott term\u00e9k k\u00f6nny\u0171 kiv\u00e9tele a form\u00e1b\u00f3l.<\/p>\n<\/li>\n<\/ul>\n<h3 data-start=\"1197\" data-end=\"1227\">M\u0171szaki specifik\u00e1ci\u00f3k<\/h3>\n<table>\n<thead>\n<tr>\n<th><strong>Kateg\u00f3ria<\/strong><\/th>\n<th><strong>R\u00e9szletek<\/strong><\/th>\n<\/tr>\n<\/thead>\n<tbody>\n<tr>\n<td><strong>M\u00e9retek \u00e9s s\u00faly<\/strong><\/td>\n<td>Hossz\u00fas\u00e1g: 45 cmSz\u00e9less\u00e9g: 30 cmS\u00faly: 21 kgV\u00e1z anyaga: Anyaga: m\u0171anyagHasznos nyomtat\u00e1si fel\u00fclet: 41 \u00d7 26 cm<\/td>\n<\/tr>\n<tr>\n<td><strong>Fogyaszt\u00e1s<\/strong><\/td>\n<td>1,780 kW (h\u00e1romf\u00e1zis\u00fa)230 V - 50\/60 Hz<\/td>\n<\/tr>\n<tr>\n<td><strong>Zajszint<\/strong><\/td>\n<td>69 dBA max<\/td>\n<\/tr>\n<tr>\n<td><strong>Motor teljes\u00edtm\u00e9ny<\/strong><\/td>\n<td>180 W 220 V-on - 0,7 Ah<\/td>\n<\/tr>\n<tr>\n<td><strong>Szivatty\u00fa \u00e1raml\u00e1si sebess\u00e9g<\/strong><\/td>\n<td>4 mc\/h<\/td>\n<\/tr>\n<tr>\n<td><strong>V\u00e9gs\u0151 v\u00e1kuum<\/strong><\/td>\n<td>150 mbar<\/td>\n<\/tr>\n<tr>\n<td><strong>F\u0171t\u00e9si rendszer<\/strong><\/td>\n<td>Halog\u00e9nl\u00e1mp\u00e1k (4 \u00d7 400 W)Azonnali f\u0171t\u00e9s - 1,600 W<\/td>\n<\/tr>\n<tr>\n<td><strong>T\u00e1mogatott lapvastags\u00e1g (\u00e9lelmiszer min\u0151s\u00e9g\u0171 PETG)<\/strong><\/td>\n<td>0,50 mm0,75 mm1 mm2 mm3 mm<\/td>\n<\/tr>\n<tr>\n<td><strong>Ford\u00edtott funkci\u00f3<\/strong><\/td>\n<td>Igen - a k\u00f6nny\u0171 term\u00e9kkivon\u00e1s \u00e9rdek\u00e9ben<\/td>\n<\/tr>\n<\/tbody>\n<\/table>","protected":false},"excerpt":{"rendered":"<p>The FLOW A3 Desk is a professional thermoforming machine designed to process A3-sized plastic sheets with thicknesses ranging from 0.5 to 4 mm. It is the perfect solution for pastry chefs, chocolatiers, and creative professionals who want to go beyond standard molds and produce custom, unique designs. With the FLOW A3 Desk, you can create [&hellip;]<\/p>\n","protected":false},"featured_media":7429,"comment_status":"open","ping_status":"closed","template":"","meta":[],"product_brand":[],"product_cat":[54],"product_tag":[],"class_list":{"0":"post-7428","1":"product","2":"type-product","3":"status-publish","4":"has-post-thumbnail","6":"product_cat-other-machines","8":"first","9":"instock","10":"shipping-taxable","11":"product-type-simple"},"_links":{"self":[{"href":"https:\/\/dersuessestopp.com\/hu\/wp-json\/wp\/v2\/product\/7428","targetHints":{"allow":["GET"]}}],"collection":[{"href":"https:\/\/dersuessestopp.com\/hu\/wp-json\/wp\/v2\/product"}],"about":[{"href":"https:\/\/dersuessestopp.com\/hu\/wp-json\/wp\/v2\/types\/product"}],"replies":[{"embeddable":true,"href":"https:\/\/dersuessestopp.com\/hu\/wp-json\/wp\/v2\/comments?post=7428"}],"version-history":[{"count":2,"href":"https:\/\/dersuessestopp.com\/hu\/wp-json\/wp\/v2\/product\/7428\/revisions"}],"predecessor-version":[{"id":7438,"href":"https:\/\/dersuessestopp.com\/hu\/wp-json\/wp\/v2\/product\/7428\/revisions\/7438"}],"wp:featuredmedia":[{"embeddable":true,"href":"https:\/\/dersuessestopp.com\/hu\/wp-json\/wp\/v2\/media\/7429"}],"wp:attachment":[{"href":"https:\/\/dersuessestopp.com\/hu\/wp-json\/wp\/v2\/media?parent=7428"}],"wp:term":[{"taxonomy":"product_brand","embeddable":true,"href":"https:\/\/dersuessestopp.com\/hu\/wp-json\/wp\/v2\/product_brand?post=7428"},{"taxonomy":"product_cat","embeddable":true,"href":"https:\/\/dersuessestopp.com\/hu\/wp-json\/wp\/v2\/product_cat?post=7428"},{"taxonomy":"product_tag","embeddable":true,"href":"https:\/\/dersuessestopp.com\/hu\/wp-json\/wp\/v2\/product_tag?post=7428"}],"curies":[{"name":"wp","href":"https:\/\/api.w.org\/{rel}","templated":true}]}}