{"id":7414,"date":"2025-09-01T07:32:20","date_gmt":"2025-09-01T07:32:20","guid":{"rendered":"https:\/\/dersuessestopp.com\/?post_type=product&#038;p=7414"},"modified":"2025-09-24T22:16:14","modified_gmt":"2025-09-24T22:16:14","slug":"minijel","status":"publish","type":"product","link":"https:\/\/dersuessestopp.com\/hu\/product\/minijel\/","title":{"rendered":"Minijel"},"content":{"rendered":"<p data-start=\"285\" data-end=\"611\">A <strong data-start=\"289\" data-end=\"300\">Minijel<\/strong> egy professzion\u00e1lis megold\u00e1s cukr\u00e1szd\u00e1k, p\u00e9ks\u00e9gek \u00e9s \u00e9lelmiszer-feldolgoz\u00f3k sz\u00e1m\u00e1ra, akiknek a zselatinbevon\u00e1si folyamatot kell egyszer\u0171s\u00edteni\u00fck. Az \u00e9lelmiszeriparban sz\u00e9les k\u00f6rben haszn\u00e1lt zselatin term\u00e9szetes tart\u00f3s\u00edt\u00f3szerk\u00e9nt szolg\u00e1l, mivel v\u00e9d\u0151r\u00e9teget k\u00e9pez, amely megv\u00e9di a term\u00e9keket az oxid\u00e1ci\u00f3t\u00f3l, \u00e9s meghosszabb\u00edtja azok eltarthat\u00f3s\u00e1gi idej\u00e9t.<\/p>\n<p data-start=\"613\" data-end=\"1029\">A cukr\u00e1szati alkalmaz\u00e1sokban a Minijel t\u00f6k\u00e9letesen alkalmas gy\u00fcm\u00f6lcstort\u00e1k, s\u00fctem\u00e9nyek \u00e9s tort\u00e1k bevon\u00e1s\u00e1ra, \u00edgy adva sz\u00e1mukra egy <strong data-start=\"716\" data-end=\"743\">ragyog\u00f3 f\u00e9nyes fel\u00fclet<\/strong> amely fokozza a megjelen\u00e9st \u00e9s a frissess\u00e9get. A g\u00e9p k\u00f6zvetlen\u00fcl egy k\u00fcls\u0151 tart\u00e1lyb\u00f3l meleg\u00edti fel a zselatint - kik\u00fcsz\u00f6b\u00f6lve a kapacit\u00e1skorl\u00e1toz\u00e1st -, majd fenntartja a h\u0151m\u00e9rs\u00e9klet\u00e9t, mik\u00f6zben egy f\u0171t\u00f6tt cs\u00f6v\u00f6n kereszt\u00fcl a rozsdamentes ac\u00e9l l\u00e9gf\u00fav\u00f3cs\u0151be jut, ahol finom porlaszt\u00e1ssal egyenletes felhord\u00e1st biztos\u00edt.<\/p>\n<p data-start=\"1031\" data-end=\"1168\">Ez az innovat\u00edv rendszer precizit\u00e1st, hat\u00e9konys\u00e1got \u00e9s professzion\u00e1lis eredm\u00e9nyeket biztos\u00edt, mik\u00f6zben kompakt, praktikus \u00e9s k\u00f6nnyen kezelhet\u0151 marad.<\/p>\n<h3 data-start=\"1175\" data-end=\"1197\">A term\u00e9k jellemz\u0151i<\/h3>\n<ul data-start=\"1198\" data-end=\"1568\">\n<li data-start=\"1198\" data-end=\"1270\">\n<p data-start=\"1200\" data-end=\"1270\">K\u00f6zvetlen sz\u00edv\u00e1s k\u00fcls\u0151 zselatintart\u00e1lyb\u00f3l (nincs kapacit\u00e1skorl\u00e1toz\u00e1s).<\/p>\n<\/li>\n<li data-start=\"1271\" data-end=\"1328\">\n<p data-start=\"1273\" data-end=\"1328\">Automatikus f\u0171t\u00e9si \u00e9s h\u0151m\u00e9rs\u00e9klet-karbantart\u00f3 rendszer.<\/p>\n<\/li>\n<li data-start=\"1329\" data-end=\"1376\">\n<p data-start=\"1331\" data-end=\"1376\">F\u0171t\u00f6tt adagol\u00f3cs\u0151 a folyamatos \u00e1raml\u00e1shoz.<\/p>\n<\/li>\n<li data-start=\"1377\" data-end=\"1443\">\n<p data-start=\"1379\" data-end=\"1443\">Rozsdamentes ac\u00e9lb\u00f3l k\u00e9sz\u00fclt professzion\u00e1lis l\u00e9gf\u00fav\u00f3ka a pontos porlaszt\u00e1shoz.<\/p>\n<\/li>\n<li data-start=\"1444\" data-end=\"1514\">\n<p data-start=\"1446\" data-end=\"1514\">Kompakt, rozsdamentes ac\u00e9lszerkezet foganty\u00fakkal a k\u00f6nny\u0171 mozgat\u00e1s \u00e9rdek\u00e9ben.<\/p>\n<\/li>\n<li data-start=\"1515\" data-end=\"1568\">\n<p data-start=\"1517\" data-end=\"1568\">Hat\u00e9konys\u00e1gra, higi\u00e9ni\u00e1ra \u00e9s tart\u00f3ss\u00e1gra tervezt\u00e9k.<\/p>\n<\/li>\n<\/ul>\n<h3 data-start=\"1575\" data-end=\"1605\">M\u0171szaki specifik\u00e1ci\u00f3k<\/h3>\n<div class=\"_tableContainer_1rjym_1\">\n<div class=\"_tableWrapper_1rjym_13 group flex w-fit flex-col-reverse\">\n<table>\n<thead>\n<tr>\n<th><strong>Kateg\u00f3ria<\/strong><\/th>\n<th><strong>R\u00e9szletek<\/strong><\/th>\n<\/tr>\n<\/thead>\n<tbody>\n<tr>\n<td><strong>M\u00e9retek \u00e9s s\u00faly<\/strong><\/td>\n<td>Hossz\u00fas\u00e1g: 28 cm - Sz\u00e9less\u00e9g: 32 cm - Magass\u00e1g: 38 cm - S\u00faly: 32 kg - Rozsdamentes ac\u00e9l test foganty\u00fakkal.<\/td>\n<\/tr>\n<tr>\n<td><strong>Fogyaszt\u00e1s<\/strong><\/td>\n<td>2,1 kW - 230 V - 50\/60 Hz<\/td>\n<\/tr>\n<tr>\n<td><strong>Vez\u00e9rl\u0151 \u00e9s elektromos rendszer<\/strong><\/td>\n<td>Pult l\u00e1that\u00f3 kezel\u0151szervekkel: - 2 h\u0151m\u00e9rs\u00e9kletszab\u00e1lyoz\u00f3 - 2 nyom\u00e1sszab\u00e1lyoz\u00f3 (max. 3,5 bar) - 1 nyom\u00e1sm\u00e9r\u0151 - 1 rozsdamentes ac\u00e9l l\u00e9gkever\u0151 - 1 h\u0151szigetel\u0151 v\u00e9d\u0151p\u00e1rna.<\/td>\n<\/tr>\n<tr>\n<td><strong>Term\u00e9kkezel\u0151 rendszer<\/strong><\/td>\n<td>- M\u0171anyag \u00e9lelmiszeripari szivatty\u00fa - Be\u00e9p\u00edtett kompresszor - Sz\u00edv\u00f3cs\u0151 - F\u0171t\u00f6tt adagol\u00f3cs\u0151<\/td>\n<\/tr>\n<tr>\n<td><strong>F\u0171t\u00e9si rendszer<\/strong><\/td>\n<td>- Bels\u0151 bojler - F\u0171t\u00f6tt adagol\u00f3cs\u0151 - \u00c1ll\u00edthat\u00f3 h\u0151m\u00e9rs\u00e9klet 0\u00b0-90\u00b0<\/td>\n<\/tr>\n<\/tbody>\n<\/table>\n<\/div>\n<\/div>","protected":false},"excerpt":{"rendered":"<h3 data-start=\"1278\" data-end=\"1355\"><strong data-start=\"1282\" data-end=\"1353\">Minijel - Magas h\u0151m\u00e9rs\u00e9klet\u0171 foly\u00e9kony zselatin permetez\u0151 g\u00e9p<\/strong><\/h3>\n<p data-start=\"1357\" data-end=\"1555\"><em data-start=\"1357\" data-end=\"1553\">Kompakt sz\u00f3r\u00f3g\u00e9p forr\u00f3 foly\u00e9kony zselatin vagy semleges m\u00e1z egyenletes felhord\u00e1s\u00e1ra s\u00fctem\u00e9nyek, gy\u00fcm\u00f6lcstort\u00e1k \u00e9s s\u00fctem\u00e9nyek f\u00f6l\u00e9. Professzion\u00e1lis, f\u00e9nyes fel\u00fcletet biztos\u00edt, mik\u00f6zben id\u0151t takar\u00edt meg \u00e9s cs\u00f6kkenti a hullad\u00e9kot.<\/em><\/p>","protected":false},"featured_media":7415,"comment_status":"open","ping_status":"closed","template":"","meta":[],"product_brand":[],"product_cat":[70],"product_tag":[],"class_list":{"0":"post-7414","1":"product","2":"type-product","3":"status-publish","4":"has-post-thumbnail","6":"product_cat-pastry-line","8":"first","9":"instock","10":"shipping-taxable","11":"product-type-simple"},"_links":{"self":[{"href":"https:\/\/dersuessestopp.com\/hu\/wp-json\/wp\/v2\/product\/7414","targetHints":{"allow":["GET"]}}],"collection":[{"href":"https:\/\/dersuessestopp.com\/hu\/wp-json\/wp\/v2\/product"}],"about":[{"href":"https:\/\/dersuessestopp.com\/hu\/wp-json\/wp\/v2\/types\/product"}],"replies":[{"embeddable":true,"href":"https:\/\/dersuessestopp.com\/hu\/wp-json\/wp\/v2\/comments?post=7414"}],"version-history":[{"count":3,"href":"https:\/\/dersuessestopp.com\/hu\/wp-json\/wp\/v2\/product\/7414\/revisions"}],"predecessor-version":[{"id":9298,"href":"https:\/\/dersuessestopp.com\/hu\/wp-json\/wp\/v2\/product\/7414\/revisions\/9298"}],"wp:featuredmedia":[{"embeddable":true,"href":"https:\/\/dersuessestopp.com\/hu\/wp-json\/wp\/v2\/media\/7415"}],"wp:attachment":[{"href":"https:\/\/dersuessestopp.com\/hu\/wp-json\/wp\/v2\/media?parent=7414"}],"wp:term":[{"taxonomy":"product_brand","embeddable":true,"href":"https:\/\/dersuessestopp.com\/hu\/wp-json\/wp\/v2\/product_brand?post=7414"},{"taxonomy":"product_cat","embeddable":true,"href":"https:\/\/dersuessestopp.com\/hu\/wp-json\/wp\/v2\/product_cat?post=7414"},{"taxonomy":"product_tag","embeddable":true,"href":"https:\/\/dersuessestopp.com\/hu\/wp-json\/wp\/v2\/product_tag?post=7414"}],"curies":[{"name":"wp","href":"https:\/\/api.w.org\/{rel}","templated":true}]}}