{"id":7400,"date":"2025-09-01T07:27:31","date_gmt":"2025-09-01T07:27:31","guid":{"rendered":"https:\/\/dersuessestopp.com\/?post_type=product&#038;p=7400"},"modified":"2025-09-24T22:09:09","modified_gmt":"2025-09-24T22:09:09","slug":"tortalapozo-gep","status":"publish","type":"product","link":"https:\/\/dersuessestopp.com\/hu\/product\/tartlet-machine\/","title":{"rendered":"Tartlet g\u00e9p"},"content":{"rendered":"<p data-start=\"239\" data-end=\"546\">A <strong data-start=\"243\" data-end=\"269\">Bilait t\u00e9szta g\u00e9p<\/strong> c\u00e9lja, hogy jelent\u0151sen <strong data-start=\"299\" data-end=\"344\">felgyors\u00edtja a tortalapok elk\u00e9sz\u00edt\u00e9s\u00e9t<\/strong> \u00e9des vagy s\u00f3s muffint\u00e9szt\u00e1b\u00f3l k\u00e9sz\u00fclt. A <strong data-start=\"394\" data-end=\"420\">cser\u00e9lhet\u0151 lemezek<\/strong> lehet\u0151v\u00e9 teszi a tortalapok m\u00e9ret\u00e9nek \u00e9s alakj\u00e1nak testreszab\u00e1s\u00e1t, a katal\u00f3gusb\u00f3l el\u00e9rhet\u0151 t\u00f6bb modellel vagy k\u00e9r\u00e9sre egyedi gy\u00e1rt\u00e1ssal.<\/p>\n<p data-start=\"548\" data-end=\"960\">Ez a professzion\u00e1lis s\u00fct\u0151g\u00e9p egyes\u00edti <strong data-start=\"590\" data-end=\"620\">hat\u00e9konys\u00e1g az egyszer\u0171s\u00e9ggel<\/strong>. Miut\u00e1n a t\u00e9szt\u00e1t a lemezek k\u00f6z\u00e9 helyezt\u00e9k, \u00e9s a s\u00fct\u00e9si id\u0151t \u00e9s h\u0151m\u00e9rs\u00e9kletet be\u00e1ll\u00edtott\u00e1k, a k\u00e9t lemez \u00f6sszekapcsol\u00f3dik, \u00e9s percek alatt t\u00f6k\u00e9letesen form\u00e1zott tort\u00e1csk\u00e1kat k\u00e9sz\u00edt. A nagy termel\u00e9kenys\u00e9ggel, <strong data-start=\"817\" data-end=\"878\">egyetlen kezel\u0151 ak\u00e1r 750 tort\u00e1csk\u00e1t is k\u00e9pes el\u0151\u00e1ll\u00edtani \u00f3r\u00e1nk\u00e9nt<\/strong>, \u00edgy ide\u00e1lis p\u00e9ks\u00e9gek, cukr\u00e1szd\u00e1k \u00e9s nagyszab\u00e1s\u00fa vend\u00e9gl\u00e1t\u00f3ipari szolg\u00e1ltat\u00e1sok sz\u00e1m\u00e1ra.<\/p>\n<h3 data-start=\"962\" data-end=\"984\">A term\u00e9k jellemz\u0151i<\/h3>\n<ul data-start=\"985\" data-end=\"1468\">\n<li data-start=\"985\" data-end=\"1055\">\n<p data-start=\"987\" data-end=\"1055\"><strong data-start=\"987\" data-end=\"1013\">Cser\u00e9lhet\u0151 lemezek<\/strong> a k\u00fcl\u00f6nb\u00f6z\u0151 m\u00e9ret\u0171 \u00e9s form\u00e1j\u00fa tort\u00e1csk\u00e1khoz.<\/p>\n<\/li>\n<li data-start=\"1056\" data-end=\"1124\">\n<p data-start=\"1058\" data-end=\"1124\"><strong data-start=\"1058\" data-end=\"1091\">Gyors \u00e9s hat\u00e9kony gy\u00e1rt\u00e1s<\/strong> - \u00f3r\u00e1nk\u00e9nt ak\u00e1r 750 s\u00fctem\u00e9nytort\u00e1t is k\u00e9sz\u00edthet.<\/p>\n<\/li>\n<li data-start=\"1125\" data-end=\"1219\">\n<p data-start=\"1127\" data-end=\"1219\"><strong data-start=\"1127\" data-end=\"1154\">Felhaszn\u00e1l\u00f3bar\u00e1t m\u0171k\u00f6d\u00e9s<\/strong> digit\u00e1lis kijelz\u0151vel a h\u0151m\u00e9rs\u00e9klet \u00e9s a f\u0151z\u00e9si id\u0151 szab\u00e1lyoz\u00e1s\u00e1hoz.<\/p>\n<\/li>\n<li data-start=\"1220\" data-end=\"1353\">\n<p data-start=\"1222\" data-end=\"1353\">\u00c9p\u00edtett <strong data-start=\"1233\" data-end=\"1265\">tart\u00f3s rozsdamentes ac\u00e9l test<\/strong> \u00e9s <strong data-start=\"1270\" data-end=\"1303\">Teflonbevonat\u00fa alum\u00ednium lemezek<\/strong> a k\u00f6nny\u0171 tiszt\u00edt\u00e1s \u00e9s a tart\u00f3s teljes\u00edtm\u00e9ny \u00e9rdek\u00e9ben.<\/p>\n<\/li>\n<li data-start=\"1354\" data-end=\"1468\">\n<p data-start=\"1356\" data-end=\"1468\"><strong data-start=\"1356\" data-end=\"1382\">Prec\u00edz f\u0171t\u00e9si rendszer<\/strong> kett\u0151s bels\u0151 ellen\u00e1ll\u00e1ssal \u00e9s termoelemmel J a pontos h\u0151m\u00e9rs\u00e9klet-\u00e9rz\u00e9kel\u00e9shez.<\/p>\n<\/li>\n<\/ul>\n<h3 data-start=\"1475\" data-end=\"1505\">M\u0171szaki specifik\u00e1ci\u00f3k<\/h3>\n<div class=\"_tableContainer_1rjym_1\">\n<div class=\"_tableWrapper_1rjym_13 group flex w-fit flex-col-reverse\">\n<table>\n<thead>\n<tr>\n<th><strong>Kateg\u00f3ria<\/strong><\/th>\n<th><strong>R\u00e9szletek<\/strong><\/th>\n<\/tr>\n<\/thead>\n<tbody>\n<tr>\n<td><strong>A g\u00e9p m\u00e9retei<\/strong><\/td>\n<td>L 54,5 \u00d7 Sz 44 \u00d7 H 35 cm<\/td>\n<\/tr>\n<tr>\n<td><strong>G\u00e9p s\u00falya<\/strong><\/td>\n<td>34 kg<\/td>\n<\/tr>\n<tr>\n<td><strong>Test anyaga<\/strong><\/td>\n<td>Rozsdamentes ac\u00e9l<\/td>\n<\/tr>\n<tr>\n<td><strong>Lemez anyaga<\/strong><\/td>\n<td>Teflon bevonat\u00fa alum\u00ednium<\/td>\n<\/tr>\n<tr>\n<td><strong>Lemez m\u00e9retei<\/strong><\/td>\n<td>L 32,9 \u00d7 W 38 cm<\/td>\n<\/tr>\n<tr>\n<td><strong>Fogyaszt\u00e1s<\/strong><\/td>\n<td>3,2 kW (h\u00e1romf\u00e1zis\u00fa)<\/td>\n<\/tr>\n<tr>\n<td><strong>T\u00e1pegys\u00e9g<\/strong><\/td>\n<td>230 V - 50\/60 Hz<\/td>\n<\/tr>\n<tr>\n<td><strong>M\u0171szerek<\/strong><\/td>\n<td>Digit\u00e1lis kijelz\u0151 (h\u0151m\u00e9rs\u00e9klet \u00e9s id\u0151)<\/td>\n<\/tr>\n<tr>\n<td><strong>Term\u00e9kkezel\u00e9s<\/strong><\/td>\n<td>K\u00e9zi<\/td>\n<\/tr>\n<tr>\n<td><strong>F\u0171t\u00e9si rendszer<\/strong><\/td>\n<td>2 Bels\u0151 ellen\u00e1ll\u00e1s<\/td>\n<\/tr>\n<tr>\n<td><strong>Maxim\u00e1lis h\u0151m\u00e9rs\u00e9klet<\/strong><\/td>\n<td>250 \u00b0C<\/td>\n<\/tr>\n<tr>\n<td><strong>H\u0151m\u00e9rs\u00e9klet \u00e9rz\u00e9kel\u00e9s<\/strong><\/td>\n<td>Termoelem J<\/td>\n<\/tr>\n<\/tbody>\n<\/table>\n<\/div>\n<\/div>","protected":false},"excerpt":{"rendered":"<h3 data-start=\"1007\" data-end=\"1057\"><strong data-start=\"1011\" data-end=\"1055\">Tortak\u00e9sz\u00edt\u0151 g\u00e9p - Tortak\u00e9sz\u00edt\u0151<\/strong><\/h3>\n<p data-start=\"1059\" data-end=\"1271\"><em data-start=\"1059\" data-end=\"1269\">Automatikus tortah\u00e9jk\u00e9sz\u00edt\u0151 g\u00e9p egys\u00e9ges tortaalapok gyors \u00e9s minim\u00e1lis k\u00e9zi munk\u00e1val t\u00f6rt\u00e9n\u0151 el\u0151\u00e1ll\u00edt\u00e1s\u00e1hoz. Egyenletes m\u00e9ret, vastags\u00e1g \u00e9s s\u00fct\u00e9si min\u0151s\u00e9g - t\u00f6k\u00e9letes a nagy volumen\u0171 s\u00fctem\u00e9nygy\u00e1rt\u00e1shoz vagy vend\u00e9gl\u00e1t\u00f3ipari laborat\u00f3riumokban.<\/em><\/p>","protected":false},"featured_media":7401,"comment_status":"open","ping_status":"closed","template":"","meta":[],"product_brand":[],"product_cat":[70],"product_tag":[],"class_list":{"0":"post-7400","1":"product","2":"type-product","3":"status-publish","4":"has-post-thumbnail","6":"product_cat-pastry-line","8":"first","9":"instock","10":"shipping-taxable","11":"product-type-simple"},"_links":{"self":[{"href":"https:\/\/dersuessestopp.com\/hu\/wp-json\/wp\/v2\/product\/7400","targetHints":{"allow":["GET"]}}],"collection":[{"href":"https:\/\/dersuessestopp.com\/hu\/wp-json\/wp\/v2\/product"}],"about":[{"href":"https:\/\/dersuessestopp.com\/hu\/wp-json\/wp\/v2\/types\/product"}],"replies":[{"embeddable":true,"href":"https:\/\/dersuessestopp.com\/hu\/wp-json\/wp\/v2\/comments?post=7400"}],"version-history":[{"count":4,"href":"https:\/\/dersuessestopp.com\/hu\/wp-json\/wp\/v2\/product\/7400\/revisions"}],"predecessor-version":[{"id":9299,"href":"https:\/\/dersuessestopp.com\/hu\/wp-json\/wp\/v2\/product\/7400\/revisions\/9299"}],"wp:featuredmedia":[{"embeddable":true,"href":"https:\/\/dersuessestopp.com\/hu\/wp-json\/wp\/v2\/media\/7401"}],"wp:attachment":[{"href":"https:\/\/dersuessestopp.com\/hu\/wp-json\/wp\/v2\/media?parent=7400"}],"wp:term":[{"taxonomy":"product_brand","embeddable":true,"href":"https:\/\/dersuessestopp.com\/hu\/wp-json\/wp\/v2\/product_brand?post=7400"},{"taxonomy":"product_cat","embeddable":true,"href":"https:\/\/dersuessestopp.com\/hu\/wp-json\/wp\/v2\/product_cat?post=7400"},{"taxonomy":"product_tag","embeddable":true,"href":"https:\/\/dersuessestopp.com\/hu\/wp-json\/wp\/v2\/product_tag?post=7400"}],"curies":[{"name":"wp","href":"https:\/\/api.w.org\/{rel}","templated":true}]}}