{"id":7388,"date":"2025-09-01T07:24:20","date_gmt":"2025-09-01T07:24:20","guid":{"rendered":"https:\/\/dersuessestopp.com\/?post_type=product&#038;p=7388"},"modified":"2025-09-24T22:09:53","modified_gmt":"2025-09-24T22:09:53","slug":"egyetlen-gitar","status":"publish","type":"product","link":"https:\/\/dersuessestopp.com\/hu\/product\/single-guitar\/","title":{"rendered":"Egyetlen git\u00e1r"},"content":{"rendered":"<p data-start=\"279\" data-end=\"668\">A <strong data-start=\"283\" data-end=\"307\">Bilait Single git\u00e1r<\/strong> egy sokoldal\u00fa s\u00fctem\u00e9nyk\u00e9sz\u00edt\u0151 eszk\u00f6z, amelyet a k\u00f6vetkez\u0151kh\u00f6z terveztek <strong data-start=\"348\" data-end=\"379\">pontos \u00e9s egyenletes v\u00e1g\u00e1s<\/strong> cukr\u00e1szati term\u00e9kek, t\u00f6bbek k\u00f6z\u00f6tt kr\u00e9mes, ganache, semifreddo \u00e9s egy\u00e9b t\u00e9sztaalap\u00fa kre\u00e1ci\u00f3k. T\u00f6k\u00e9letes a cukr\u00e1szok \u00e9s csokol\u00e1d\u00e9k\u00e9sz\u00edt\u0151k sz\u00e1m\u00e1ra, ez az egykeretes v\u00e1ltozat k\u00f6nnyen kezelhet\u0151 \u00e9s ide\u00e1lis a k\u00f6zepes-nagy t\u00e9telek gy\u00e1rt\u00e1s\u00e1hoz, minden alkalommal tiszta v\u00e1g\u00e1sokat \u00e9s egyenletes eredm\u00e9nyeket biztos\u00edt.<\/p>\n<h3 data-start=\"670\" data-end=\"692\">A term\u00e9k jellemz\u0151i<\/h3>\n<ul data-start=\"693\" data-end=\"1016\">\n<li data-start=\"693\" data-end=\"777\">\n<p data-start=\"695\" data-end=\"777\">El\u00e9rhet\u0151 <strong data-start=\"708\" data-end=\"726\">egyetlen v\u00e1ltozat<\/strong>, t\u00f6bbf\u00e9le keretm\u00e9ret k\u00f6z\u00f6tti kompatibilit\u00e1ssal.<\/p>\n<\/li>\n<li data-start=\"778\" data-end=\"866\">\n<p data-start=\"780\" data-end=\"866\">Jellemz\u0151k egy <strong data-start=\"792\" data-end=\"826\">innovat\u00edv reteszel\u0151 rendszer<\/strong> a keret gyors \u00e9s biztons\u00e1gos behelyez\u00e9s\u00e9hez.<\/p>\n<\/li>\n<li data-start=\"867\" data-end=\"928\">\n<p data-start=\"869\" data-end=\"928\">Cs\u00f6kkenti a <strong data-start=\"877\" data-end=\"925\">\u00f6sszeszerel\u00e9si, sz\u00e9tszerel\u00e9si \u00e9s karbantart\u00e1si id\u0151k<\/strong>.<\/p>\n<\/li>\n<li data-start=\"929\" data-end=\"1016\">\n<p data-start=\"931\" data-end=\"1016\">Szerkesztett <strong data-start=\"948\" data-end=\"975\">tart\u00f3s rozsdamentes ac\u00e9l<\/strong> a hossz\u00fa t\u00e1v\u00fa megb\u00edzhat\u00f3s\u00e1g \u00e9s higi\u00e9nia \u00e9rdek\u00e9ben.<\/p>\n<\/li>\n<\/ul>\n<h3 data-start=\"1023\" data-end=\"1053\">M\u0171szaki specifik\u00e1ci\u00f3k<\/h3>\n<div class=\"_tableContainer_1rjym_1\">\n<div class=\"_tableWrapper_1rjym_13 group flex w-fit flex-col-reverse\">\n<table>\n<thead>\n<tr>\n<th><strong>Kateg\u00f3ria<\/strong><\/th>\n<th><strong>R\u00e9szletek<\/strong><\/th>\n<\/tr>\n<\/thead>\n<tbody>\n<tr>\n<td><strong>B\u00e1zis m\u00e9retei<\/strong><\/td>\n<td>400 \u00d7 595 mm<\/td>\n<\/tr>\n<tr>\n<td><strong>Alaps\u00faly<\/strong><\/td>\n<td>6 kg<\/td>\n<\/tr>\n<tr>\n<td><strong>Keret modellek<\/strong><\/td>\n<td>60 - 45 - 37,5 - 30 - 22,5 - 15 mm<\/td>\n<\/tr>\n<tr>\n<td><strong>V\u00e1z s\u00falya<\/strong><\/td>\n<td>6 kg<\/td>\n<\/tr>\n<tr>\n<td><strong>V\u00e1zm\u00e9ret<\/strong><\/td>\n<td>430 \u00d7 650 mm<\/td>\n<\/tr>\n<tr>\n<td><strong>Anyag<\/strong><\/td>\n<td>Rozsdamentes ac\u00e9l<\/td>\n<\/tr>\n<\/tbody>\n<\/table>\n<\/div>\n<\/div>","protected":false},"excerpt":{"rendered":"<h3 data-start=\"731\" data-end=\"779\"><strong data-start=\"735\" data-end=\"777\">Egyszem\u00e9lyes git\u00e1r - Pastry Guitar<\/strong><\/h3>\n<p data-start=\"781\" data-end=\"1000\"><em data-start=\"781\" data-end=\"998\">Kompakt, egykeretes t\u00e9sztagit\u00e1r a ganache, pralin\u00e9, m\u00e1lyvacukor \u00e9s egyebek t\u00f6k\u00e9letesen egyenletes v\u00e1g\u00e1s\u00e1hoz. K\u00f6nnyen kezelhet\u0151 \u00e9s tiszt\u00edthat\u00f3 - a kisebb t\u00e9telekkel dolgoz\u00f3 k\u00e9zm\u0171ves csokol\u00e1d\u00e9k\u00e9sz\u00edt\u0151k \u00e9s cukr\u00e1szok sz\u00e1m\u00e1ra elengedhetetlen.<\/em><\/p>","protected":false},"featured_media":7389,"comment_status":"open","ping_status":"closed","template":"","meta":[],"product_brand":[],"product_cat":[70],"product_tag":[],"class_list":{"0":"post-7388","1":"product","2":"type-product","3":"status-publish","4":"has-post-thumbnail","6":"product_cat-pastry-line","8":"first","9":"instock","10":"shipping-taxable","11":"product-type-simple"},"_links":{"self":[{"href":"https:\/\/dersuessestopp.com\/hu\/wp-json\/wp\/v2\/product\/7388","targetHints":{"allow":["GET"]}}],"collection":[{"href":"https:\/\/dersuessestopp.com\/hu\/wp-json\/wp\/v2\/product"}],"about":[{"href":"https:\/\/dersuessestopp.com\/hu\/wp-json\/wp\/v2\/types\/product"}],"replies":[{"embeddable":true,"href":"https:\/\/dersuessestopp.com\/hu\/wp-json\/wp\/v2\/comments?post=7388"}],"version-history":[{"count":3,"href":"https:\/\/dersuessestopp.com\/hu\/wp-json\/wp\/v2\/product\/7388\/revisions"}],"predecessor-version":[{"id":9300,"href":"https:\/\/dersuessestopp.com\/hu\/wp-json\/wp\/v2\/product\/7388\/revisions\/9300"}],"wp:featuredmedia":[{"embeddable":true,"href":"https:\/\/dersuessestopp.com\/hu\/wp-json\/wp\/v2\/media\/7389"}],"wp:attachment":[{"href":"https:\/\/dersuessestopp.com\/hu\/wp-json\/wp\/v2\/media?parent=7388"}],"wp:term":[{"taxonomy":"product_brand","embeddable":true,"href":"https:\/\/dersuessestopp.com\/hu\/wp-json\/wp\/v2\/product_brand?post=7388"},{"taxonomy":"product_cat","embeddable":true,"href":"https:\/\/dersuessestopp.com\/hu\/wp-json\/wp\/v2\/product_cat?post=7388"},{"taxonomy":"product_tag","embeddable":true,"href":"https:\/\/dersuessestopp.com\/hu\/wp-json\/wp\/v2\/product_tag?post=7388"}],"curies":[{"name":"wp","href":"https:\/\/api.w.org\/{rel}","templated":true}]}}