{"id":7378,"date":"2025-09-01T07:21:30","date_gmt":"2025-09-01T07:21:30","guid":{"rendered":"https:\/\/dersuessestopp.com\/?post_type=product&#038;p=7378"},"modified":"2025-09-24T22:10:35","modified_gmt":"2025-09-24T22:10:35","slug":"dupla-gitar","status":"publish","type":"product","link":"https:\/\/dersuessestopp.com\/hu\/product\/double-guitar\/","title":{"rendered":"Dupla git\u00e1r"},"content":{"rendered":"<h3 data-start=\"184\" data-end=\"201\">Le\u00edr\u00e1s<\/h3>\n<p data-start=\"202\" data-end=\"678\">A <strong data-start=\"206\" data-end=\"230\">Bilait dupla git\u00e1r<\/strong> egy professzion\u00e1lis cukr\u00e1szati eszk\u00f6z, amelyet a k\u00f6vetkez\u0151kh\u00f6z terveztek <strong data-start=\"274\" data-end=\"319\">cukr\u00e1szati term\u00e9kek prec\u00edz v\u00e1g\u00e1sa<\/strong> mint p\u00e9ld\u00e1ul a cremini, a ganache, a semifreddo \u00e9s m\u00e1s finom t\u00e9sztaalap\u00fa kre\u00e1ci\u00f3k. Kett\u0151s keretrendszere gyors \u00e9s egyenletes v\u00e1g\u00e1st tesz lehet\u0151v\u00e9, \u00edgy k\u00fcl\u00f6n\u00f6sen alkalmas nagy t\u00e9telek k\u00f6vetkezetes \u00e9s pontos el\u0151\u00e1ll\u00edt\u00e1s\u00e1ra. Ak\u00e1r k\u00e9zm\u0171ves m\u0171helyekben, ak\u00e1r professzion\u00e1lis cukr\u00e1szkonyh\u00e1kban, a Double Guitar minden v\u00e1g\u00e1sn\u00e1l hat\u00e9konys\u00e1got \u00e9s pontoss\u00e1got biztos\u00edt.<\/p>\n<h3 data-start=\"680\" data-end=\"702\">A term\u00e9k jellemz\u0151i<\/h3>\n<ul data-start=\"703\" data-end=\"1027\">\n<li data-start=\"703\" data-end=\"784\">\n<p data-start=\"705\" data-end=\"784\">El\u00e9rhet\u0151 <strong data-start=\"718\" data-end=\"754\">szimpla vagy dupla git\u00e1r v\u00e1ltozatban<\/strong> a sokoldal\u00fa alkalmaz\u00e1sokhoz.<\/p>\n<\/li>\n<li data-start=\"785\" data-end=\"873\">\n<p data-start=\"787\" data-end=\"873\">Tervezett egy <strong data-start=\"804\" data-end=\"838\">innovat\u00edv reteszel\u0151 rendszer<\/strong> amely leegyszer\u0171s\u00edti a keret besz\u00far\u00e1s\u00e1t.<\/p>\n<\/li>\n<li data-start=\"874\" data-end=\"949\">\n<p data-start=\"876\" data-end=\"949\">Jelent\u0151sen cs\u00f6kkenti <strong data-start=\"898\" data-end=\"946\">\u00f6sszeszerel\u00e9si, sz\u00e9tszerel\u00e9si \u00e9s karbantart\u00e1si id\u0151k<\/strong>.<\/p>\n<\/li>\n<li data-start=\"950\" data-end=\"1027\">\n<p data-start=\"952\" data-end=\"1027\">Teljesen a k\u00f6vetkez\u0151 anyagokb\u00f3l k\u00e9sz\u00fclt <strong data-start=\"978\" data-end=\"997\">rozsdamentes ac\u00e9l<\/strong> a tart\u00f3ss\u00e1g \u00e9s a higi\u00e9nia \u00e9rdek\u00e9ben.<\/p>\n<\/li>\n<\/ul>\n<h3 data-start=\"1034\" data-end=\"1064\">M\u0171szaki specifik\u00e1ci\u00f3k<\/h3>\n<div class=\"_tableContainer_1rjym_1\">\n<div class=\"_tableWrapper_1rjym_13 group flex w-fit flex-col-reverse\">\n<table>\n<thead>\n<tr>\n<th><strong>Kateg\u00f3ria<\/strong><\/th>\n<th><strong>R\u00e9szletek<\/strong><\/th>\n<\/tr>\n<\/thead>\n<tbody>\n<tr>\n<td><strong>B\u00e1zis m\u00e9retei<\/strong><\/td>\n<td>530 \u00d7 520 mm<\/td>\n<\/tr>\n<tr>\n<td><strong>Alaps\u00faly<\/strong><\/td>\n<td>14 kg<\/td>\n<\/tr>\n<tr>\n<td><strong>Keret modellek<\/strong><\/td>\n<td>60 - 45 - 37,5 - 30 - 22,5 - 15 mm<\/td>\n<\/tr>\n<tr>\n<td><strong>V\u00e1z s\u00falya<\/strong><\/td>\n<td>6 kg<\/td>\n<\/tr>\n<tr>\n<td><strong>V\u00e1zm\u00e9ret<\/strong><\/td>\n<td>430 \u00d7 650 mm<\/td>\n<\/tr>\n<tr>\n<td><strong>Anyag<\/strong><\/td>\n<td>Rozsdamentes ac\u00e9l<\/td>\n<\/tr>\n<\/tbody>\n<\/table>\n<\/div>\n<\/div>","protected":false},"excerpt":{"rendered":"<h3 data-start=\"415\" data-end=\"463\"><strong data-start=\"419\" data-end=\"461\">Dupla git\u00e1r - P\u00e9ks\u00fctem\u00e9nyes git\u00e1r<\/strong><\/h3>\n<p data-start=\"465\" data-end=\"724\"><em data-start=\"465\" data-end=\"722\">Professzion\u00e1lis dupla keret\u0171 s\u00fctem\u00e9nyes git\u00e1r r\u00e9teges desszertek, pralin\u00e9k, ganache vagy zsel\u00e9k egyforma n\u00e9gyzetekre vagy t\u00e9glalapokra v\u00e1g\u00e1s\u00e1hoz. K\u00e9t cser\u00e9lhet\u0151 keret a k\u00fcl\u00f6nb\u00f6z\u0151 v\u00e1g\u00e1si m\u00e9retekhez. A rozsdamentes ac\u00e9lh\u00farok tiszta v\u00e1g\u00e1sokat \u00e9s nagy termel\u00e9kenys\u00e9get biztos\u00edtanak.<\/em><\/p>","protected":false},"featured_media":7379,"comment_status":"open","ping_status":"closed","template":"","meta":[],"product_brand":[],"product_cat":[70],"product_tag":[],"class_list":{"0":"post-7378","1":"product","2":"type-product","3":"status-publish","4":"has-post-thumbnail","6":"product_cat-pastry-line","8":"first","9":"instock","10":"shipping-taxable","11":"product-type-simple"},"_links":{"self":[{"href":"https:\/\/dersuessestopp.com\/hu\/wp-json\/wp\/v2\/product\/7378","targetHints":{"allow":["GET"]}}],"collection":[{"href":"https:\/\/dersuessestopp.com\/hu\/wp-json\/wp\/v2\/product"}],"about":[{"href":"https:\/\/dersuessestopp.com\/hu\/wp-json\/wp\/v2\/types\/product"}],"replies":[{"embeddable":true,"href":"https:\/\/dersuessestopp.com\/hu\/wp-json\/wp\/v2\/comments?post=7378"}],"version-history":[{"count":3,"href":"https:\/\/dersuessestopp.com\/hu\/wp-json\/wp\/v2\/product\/7378\/revisions"}],"predecessor-version":[{"id":9301,"href":"https:\/\/dersuessestopp.com\/hu\/wp-json\/wp\/v2\/product\/7378\/revisions\/9301"}],"wp:featuredmedia":[{"embeddable":true,"href":"https:\/\/dersuessestopp.com\/hu\/wp-json\/wp\/v2\/media\/7379"}],"wp:attachment":[{"href":"https:\/\/dersuessestopp.com\/hu\/wp-json\/wp\/v2\/media?parent=7378"}],"wp:term":[{"taxonomy":"product_brand","embeddable":true,"href":"https:\/\/dersuessestopp.com\/hu\/wp-json\/wp\/v2\/product_brand?post=7378"},{"taxonomy":"product_cat","embeddable":true,"href":"https:\/\/dersuessestopp.com\/hu\/wp-json\/wp\/v2\/product_cat?post=7378"},{"taxonomy":"product_tag","embeddable":true,"href":"https:\/\/dersuessestopp.com\/hu\/wp-json\/wp\/v2\/product_tag?post=7378"}],"curies":[{"name":"wp","href":"https:\/\/api.w.org\/{rel}","templated":true}]}}