{"id":7365,"date":"2025-09-01T07:17:30","date_gmt":"2025-09-01T07:17:30","guid":{"rendered":"https:\/\/dersuessestopp.com\/?post_type=product&#038;p=7365"},"modified":"2025-09-24T22:11:43","modified_gmt":"2025-09-24T22:11:43","slug":"csokolade-spray","status":"publish","type":"product","link":"https:\/\/dersuessestopp.com\/hu\/product\/chocohot-spray\/","title":{"rendered":"Chocohot Spray"},"content":{"rendered":"<p data-start=\"262\" data-end=\"586\">A <strong data-start=\"266\" data-end=\"284\">Chocohot Spray<\/strong> egy professzion\u00e1lis g\u00e9p, amelyet \u00fagy terveztek, hogy eleg\u00e1ns csokol\u00e1d\u00e9- \u00e9s kaka\u00f3vajas dekor\u00e1ci\u00f3kat k\u00e9sz\u00edthessen k\u00f6nnyed\u00e9n. A csokol\u00e1d\u00e9 vagy kaka\u00f3vaj porlaszt\u00e1s\u00e1val - opcion\u00e1lisan \u00e9telsz\u00ednez\u00e9kkel keverve - lehet\u0151v\u00e9 teszi a csokol\u00e1d\u00e9k\u00e9sz\u00edt\u0151k \u00e9s cukr\u00e1szok sz\u00e1m\u00e1ra, hogy vibr\u00e1l\u00f3 sz\u00edneket \u00e9s text\u00far\u00e1kat alkalmazzanak a pralin\u00e9kon, s\u00fctem\u00e9nyeken, h\u00fasv\u00e9ti toj\u00e1sokon \u00e9s egyebeken.<\/p>\n<p data-start=\"588\" data-end=\"1018\">Ez a kompakt modell tartalmaz egy <strong data-start=\"618\" data-end=\"636\">f\u0171t\u00f6tt kamra<\/strong> amely a term\u00e9ket a megfelel\u0151 \u00fczemi h\u0151m\u00e9rs\u00e9kleten tartja, biztos\u00edtva a csokol\u00e1d\u00e9 \u00e9s a kaka\u00f3vaj megfelel\u0151 temper\u00e1l\u00e1s\u00e1t. A <strong data-start=\"775\" data-end=\"794\">airbrush rendszer<\/strong> az \u00e1ll\u00edthat\u00f3 gombokkal teljes m\u00e9rt\u00e9kben szab\u00e1lyozhat\u00f3 a r\u00e9szecskem\u00e9ret, a lefedetts\u00e9g \u00e9s a permethat\u00e1s. A legn\u00e9pszer\u0171bb kivitel, a <strong data-start=\"917\" data-end=\"934\">b\u00e1rsony hat\u00e1s<\/strong>, a desszerteket vizu\u00e1lisan leny\u0171g\u00f6z\u0151v\u00e9 teszi, b\u00e1r az egyetlen korl\u00e1t a kreativit\u00e1sod.<\/p>\n<h2 data-start=\"1025\" data-end=\"1046\">A term\u00e9k jellemz\u0151i<\/h2>\n<ul data-start=\"1047\" data-end=\"1326\">\n<li data-start=\"1047\" data-end=\"1107\">\n<p data-start=\"1049\" data-end=\"1107\">Professzion\u00e1lis airbrush permetez\u0151 rendszer 1 literes tart\u00e1llyal.<\/p>\n<\/li>\n<li data-start=\"1108\" data-end=\"1171\">\n<p data-start=\"1110\" data-end=\"1171\">F\u0171t\u00f6tt kamra a csokol\u00e1d\u00e9 \u00e9s a kaka\u00f3vaj temper\u00e1l\u00e1s\u00e1hoz.<\/p>\n<\/li>\n<li data-start=\"1172\" data-end=\"1234\">\n<p data-start=\"1174\" data-end=\"1234\">\u00c1ll\u00edthat\u00f3 sz\u00f3r\u00e1sbe\u00e1ll\u00edt\u00e1sok a t\u00f6bbf\u00e9le dekorat\u00edv hat\u00e1s el\u00e9r\u00e9s\u00e9hez.<\/p>\n<\/li>\n<li data-start=\"1235\" data-end=\"1287\">\n<p data-start=\"1237\" data-end=\"1287\">Rozsdamentes ac\u00e9l test a tart\u00f3ss\u00e1g \u00e9s a higi\u00e9nia \u00e9rdek\u00e9ben.<\/p>\n<\/li>\n<li data-start=\"1288\" data-end=\"1326\">\n<p data-start=\"1290\" data-end=\"1326\">Ide\u00e1lis b\u00e1rsony hat\u00e1s\u00fa befejez\u00e9shez.<\/p>\n<\/li>\n<\/ul>\n<h2 data-start=\"1333\" data-end=\"1362\">M\u0171szaki specifik\u00e1ci\u00f3k<\/h2>\n<div class=\"_tableContainer_1rjym_1\">\n<div class=\"_tableWrapper_1rjym_13 group flex w-fit flex-col-reverse\">\n<table>\n<thead>\n<tr>\n<th><strong>Kateg\u00f3ria<\/strong><\/th>\n<th><strong>R\u00e9szletek<\/strong><\/th>\n<\/tr>\n<\/thead>\n<tbody>\n<tr>\n<td><strong>M\u00e9retek \u00e9s s\u00faly<\/strong><\/td>\n<td>Hossz\u00fas\u00e1g: 24 cm Sz\u00e9less\u00e9g: 22 cm Magass\u00e1g: 45 cm S\u00faly: 12 kg Anyag: Rozsdamentes ac\u00e9l<\/td>\n<\/tr>\n<tr>\n<td><strong>Fogyaszt\u00e1s<\/strong><\/td>\n<td>0,5 kW 220 V, 50\/60 Hz<\/td>\n<\/tr>\n<tr>\n<td><strong>M\u0171szerek \u00e9s elektromos rendszer<\/strong><\/td>\n<td>Digit\u00e1lis h\u0151m\u00e9rs\u00e9klet kijelz\u0151 1x Nyom\u00e1sszab\u00e1lyoz\u00f3 1x Nyom\u00e1sm\u00e9r\u0151 2x Csatlakoz\u00f3k a kompresszor csatlakoztat\u00e1s\u00e1hoz<\/td>\n<\/tr>\n<tr>\n<td><strong>Airbrush jellemz\u0151k<\/strong><\/td>\n<td>M\u00e9retek: 1,9 mm-es \u00e1ll\u00edthat\u00f3 f\u00fav\u00f3ka: 20 \u00d7 11 \u00d7 26 cm Tart\u00e1ly t\u00e9rfogata: 1 liter 3x Vez\u00e9rl\u0151gombok: leveg\u0151 besz\u00edv\u00e1s, term\u00e9kmennyis\u00e9g, leveg\u0151 kif\u00fav\u00e1s 1,9 mm-es \u00e1ll\u00edthat\u00f3 f\u00fav\u00f3ka.<\/td>\n<\/tr>\n<tr>\n<td><strong>F\u0171t\u00e9si rendszer<\/strong><\/td>\n<td>1x F\u0171t\u00f6tt kamra airbrush ny\u00edl\u00e1ssal 1x F\u0171t\u0151ellen\u00e1ll\u00e1s 1x Ventil\u00e1tor a forr\u00f3 leveg\u0151 szell\u0151ztet\u00e9s\u00e9hez<\/td>\n<\/tr>\n<\/tbody>\n<\/table>\n<\/div>\n<\/div>","protected":false},"excerpt":{"rendered":"<h3 data-start=\"1213\" data-end=\"1290\"><strong data-start=\"1217\" data-end=\"1288\">Chocohot Spray - Csokol\u00e1d\u00e9 \u00e9s kaka\u00f3vaj permetez\u0151g\u00e9p<\/strong><\/h3>\n<p data-start=\"1292\" data-end=\"1545\"><em data-start=\"1292\" data-end=\"1543\">Egytart\u00e1lyos permetez\u0151g\u00e9p csokol\u00e1d\u00e9 \u00e9s kaka\u00f3vaj el\u0151\u00e1ll\u00edt\u00e1s\u00e1ra. T\u00f6k\u00e9letes sima, dekorat\u00edv bevonat felvitel\u00e9re s\u00fctem\u00e9nyekre, p\u00e9ks\u00fctem\u00e9nyekre, pralin\u00e9kra vagy semifredd\u00f3ra. Gyors, prec\u00edz \u00e9s higi\u00e9nikus - a professzion\u00e1lis csokol\u00e1d\u00e9k\u00e9sz\u00edt\u0151k \u00e9s cukr\u00e1szok n\u00e9lk\u00fcl\u00f6zhetetlen eszk\u00f6ze.<\/em><\/p>","protected":false},"featured_media":7366,"comment_status":"open","ping_status":"closed","template":"","meta":[],"product_brand":[],"product_cat":[52],"product_tag":[],"class_list":{"0":"post-7365","1":"product","2":"type-product","3":"status-publish","4":"has-post-thumbnail","6":"product_cat-chocolate-equipment","8":"first","9":"instock","10":"shipping-taxable","11":"product-type-simple"},"_links":{"self":[{"href":"https:\/\/dersuessestopp.com\/hu\/wp-json\/wp\/v2\/product\/7365","targetHints":{"allow":["GET"]}}],"collection":[{"href":"https:\/\/dersuessestopp.com\/hu\/wp-json\/wp\/v2\/product"}],"about":[{"href":"https:\/\/dersuessestopp.com\/hu\/wp-json\/wp\/v2\/types\/product"}],"replies":[{"embeddable":true,"href":"https:\/\/dersuessestopp.com\/hu\/wp-json\/wp\/v2\/comments?post=7365"}],"version-history":[{"count":3,"href":"https:\/\/dersuessestopp.com\/hu\/wp-json\/wp\/v2\/product\/7365\/revisions"}],"predecessor-version":[{"id":9302,"href":"https:\/\/dersuessestopp.com\/hu\/wp-json\/wp\/v2\/product\/7365\/revisions\/9302"}],"wp:featuredmedia":[{"embeddable":true,"href":"https:\/\/dersuessestopp.com\/hu\/wp-json\/wp\/v2\/media\/7366"}],"wp:attachment":[{"href":"https:\/\/dersuessestopp.com\/hu\/wp-json\/wp\/v2\/media?parent=7365"}],"wp:term":[{"taxonomy":"product_brand","embeddable":true,"href":"https:\/\/dersuessestopp.com\/hu\/wp-json\/wp\/v2\/product_brand?post=7365"},{"taxonomy":"product_cat","embeddable":true,"href":"https:\/\/dersuessestopp.com\/hu\/wp-json\/wp\/v2\/product_cat?post=7365"},{"taxonomy":"product_tag","embeddable":true,"href":"https:\/\/dersuessestopp.com\/hu\/wp-json\/wp\/v2\/product_tag?post=7365"}],"curies":[{"name":"wp","href":"https:\/\/api.w.org\/{rel}","templated":true}]}}