{"id":7352,"date":"2025-09-01T07:13:03","date_gmt":"2025-09-01T07:13:03","guid":{"rendered":"https:\/\/dersuessestopp.com\/?post_type=product&#038;p=7352"},"modified":"2025-09-24T22:12:30","modified_gmt":"2025-09-24T22:12:30","slug":"chocohot-spray-dupla","status":"publish","type":"product","link":"https:\/\/dersuessestopp.com\/hu\/product\/chocohot-spray-double\/","title":{"rendered":"Chocohot Spray Double"},"content":{"rendered":"<p data-start=\"286\" data-end=\"624\">A <strong data-start=\"290\" data-end=\"315\">Chocohot Spray Double<\/strong> egy professzion\u00e1lis permetez\u0151g\u00e9p, amelyet csokol\u00e1d\u00e9k\u00e9sz\u00edt\u0151k, cukr\u00e1szok \u00e9s k\u00e9zm\u0171vesek sz\u00e1m\u00e1ra terveztek, akik dekorat\u00edv fel\u00fcletekkel szeretn\u00e9k feldobni alkot\u00e1saikat. Ez a g\u00e9p ide\u00e1lis pralin\u00e9khoz, tort\u00e1khoz, habcs\u00f3kokhoz \u00e9s h\u00fasv\u00e9ti toj\u00e1sokhoz, prec\u00edzen permetezi a csokol\u00e1d\u00e9t vagy a kaka\u00f3vajat, v\u00e9gtelen kreat\u00edv lehet\u0151s\u00e9geket k\u00edn\u00e1lva.<\/p>\n<p data-start=\"626\" data-end=\"1028\">Felszerelve <strong data-start=\"640\" data-end=\"663\">k\u00e9t f\u0171t\u00f6tt kamra<\/strong> \u00e9s <strong data-start=\"668\" data-end=\"699\">k\u00e9t professzion\u00e1lis l\u00e9gf\u00fav\u00f3ka<\/strong>, a Chocohot Spray Double lehet\u0151v\u00e9 teszi, hogy egyszerre k\u00e9t k\u00fcl\u00f6nb\u00f6z\u0151 term\u00e9ket - p\u00e9ld\u00e1ul sz\u00ednes kaka\u00f3vajat vagy csokol\u00e1d\u00e9t - permetezzen, mik\u00f6zben az ide\u00e1lis munkah\u0151m\u00e9rs\u00e9kleten tartja \u0151ket. Az airbrush gombok be\u00e1ll\u00edt\u00e1s\u00e1val szab\u00e1lyozhatja a spray vastags\u00e1g\u00e1t \u00e9s st\u00edlus\u00e1t, a finom b\u00e1rsonyos text\u00far\u00e1kt\u00f3l a vastagabb dekorat\u00edv r\u00e9tegekig.<\/p>\n<p data-start=\"1030\" data-end=\"1179\">Ez a kett\u0151s funkcionalit\u00e1s teszi a professzion\u00e1lis konyh\u00e1k \u00e9s csokol\u00e1d\u00e9konyh\u00e1k n\u00e9lk\u00fcl\u00f6zhetetlen eszk\u00f6z\u00e9v\u00e9, amely egyes\u00edti a sokoldal\u00fas\u00e1got, a tart\u00f3ss\u00e1got \u00e9s a k\u00f6nny\u0171 haszn\u00e1latot.<\/p>\n<h3 data-start=\"1186\" data-end=\"1208\">A term\u00e9k jellemz\u0151i<\/h3>\n<ul data-start=\"1209\" data-end=\"1640\">\n<li data-start=\"1209\" data-end=\"1299\">\n<p data-start=\"1211\" data-end=\"1299\">Kett\u0151s f\u0171t\u00f6tt kamr\u00e1k a csokol\u00e1d\u00e9 vagy a kaka\u00f3vaj t\u00f6k\u00e9letes h\u0151m\u00e9rs\u00e9kleten tart\u00e1s\u00e1hoz.<\/p>\n<\/li>\n<li data-start=\"1300\" data-end=\"1407\">\n<p data-start=\"1302\" data-end=\"1407\">K\u00e9t professzion\u00e1lis l\u00e9gkefe <strong data-start=\"1335\" data-end=\"1357\">egyenk\u00e9nt 1 kg kapacit\u00e1s<\/strong>, kompresszorhoz csatlakoztatva a sima permetez\u00e9s \u00e9rdek\u00e9ben.<\/p>\n<\/li>\n<li data-start=\"1408\" data-end=\"1494\">\n<p data-start=\"1410\" data-end=\"1494\">\u00c1ll\u00edthat\u00f3 sz\u00f3r\u00e1sintenzit\u00e1s a k\u00fcl\u00f6nb\u00f6z\u0151 dekorat\u00edv hat\u00e1sokhoz (pl. b\u00e1rsonyos fel\u00fclet).<\/p>\n<\/li>\n<li data-start=\"1495\" data-end=\"1570\">\n<p data-start=\"1497\" data-end=\"1570\">Teljesen rozsdamentes ac\u00e9lszerkezet a tart\u00f3ss\u00e1g \u00e9s a k\u00f6nny\u0171 tiszt\u00edthat\u00f3s\u00e1g \u00e9rdek\u00e9ben.<\/p>\n<\/li>\n<li data-start=\"1571\" data-end=\"1640\">\n<p data-start=\"1573\" data-end=\"1640\">Digit\u00e1lis vez\u00e9rl\u00e9s \u00e9s prec\u00edz szab\u00e1lyoz\u00f3k a pontos teljes\u00edtm\u00e9ny \u00e9rdek\u00e9ben.<\/p>\n<\/li>\n<\/ul>\n<h3 data-start=\"1647\" data-end=\"1677\">M\u0171szaki specifik\u00e1ci\u00f3k<\/h3>\n<table>\n<thead>\n<tr>\n<th>Specifik\u00e1ci\u00f3<\/th>\n<th>\u00c9rt\u00e9k<\/th>\n<\/tr>\n<\/thead>\n<tbody>\n<tr>\n<td>G\u00e9p hossza<\/td>\n<td>24 cm<\/td>\n<\/tr>\n<tr>\n<td>G\u00e9p sz\u00e9less\u00e9ge<\/td>\n<td>44 cm<\/td>\n<\/tr>\n<tr>\n<td>G\u00e9p magass\u00e1ga<\/td>\n<td>45 cm<\/td>\n<\/tr>\n<tr>\n<td>G\u00e9p s\u00falya<\/td>\n<td>26 kg<\/td>\n<\/tr>\n<tr>\n<td>Test anyaga<\/td>\n<td>Rozsdamentes ac\u00e9l<\/td>\n<\/tr>\n<\/tbody>\n<\/table>\n<h4 data-start=\"1900\" data-end=\"1927\">Elektromos fogyaszt\u00e1s<\/h4>\n<div class=\"_tableContainer_1rjym_1\">\n<div class=\"_tableWrapper_1rjym_13 group flex w-fit flex-col-reverse\">\n<table>\n<thead>\n<tr>\n<th>Specifik\u00e1ci\u00f3<\/th>\n<th>\u00c9rt\u00e9k<\/th>\n<\/tr>\n<\/thead>\n<tbody>\n<tr>\n<td>Teljes\u00edtm\u00e9ny<\/td>\n<td>1000 W<\/td>\n<\/tr>\n<tr>\n<td>Fesz\u00fclts\u00e9g<\/td>\n<td>230 V<\/td>\n<\/tr>\n<tr>\n<td>Frekvencia<\/td>\n<td>50\/60 Hz<\/td>\n<\/tr>\n<\/tbody>\n<\/table>\n<h4 data-start=\"2045\" data-end=\"2075\">Vez\u00e9rl\u00e9s \u00e9s m\u0171szerez\u00e9s<\/h4>\n<div class=\"_tableContainer_1rjym_1\">\n<div class=\"_tableWrapper_1rjym_13 group flex w-fit flex-col-reverse\">\n<table>\n<thead>\n<tr>\n<th>Specifik\u00e1ci\u00f3<\/th>\n<th>\u00c9rt\u00e9k<\/th>\n<\/tr>\n<\/thead>\n<tbody>\n<tr>\n<td>Digit\u00e1lis kijelz\u0151k<\/td>\n<td>2 (a kamra h\u0151m\u00e9rs\u00e9klet\u00e9nek szab\u00e1lyoz\u00e1s\u00e1hoz)<\/td>\n<\/tr>\n<tr>\n<td>Nyom\u00e1sszab\u00e1lyoz\u00f3k<\/td>\n<td>2<\/td>\n<\/tr>\n<tr>\n<td>Nyom\u00e1sm\u00e9r\u0151k<\/td>\n<td>2<\/td>\n<\/tr>\n<tr>\n<td>Leveg\u0151 szerelv\u00e9nyek<\/td>\n<td>4 (bemenet a kompresszorb\u00f3l \u00e9s kimenet a l\u00e9gkef\u00e9khez)<\/td>\n<\/tr>\n<\/tbody>\n<\/table>\n<h4 data-start=\"2310\" data-end=\"2332\">Airbrush jellemz\u0151k<\/h4>\n<div class=\"_tableContainer_1rjym_1\">\n<div class=\"_tableWrapper_1rjym_13 group flex w-fit flex-col-reverse\">\n<table>\n<thead>\n<tr>\n<th>Specifik\u00e1ci\u00f3<\/th>\n<th>\u00c9rt\u00e9k<\/th>\n<\/tr>\n<\/thead>\n<tbody>\n<tr>\n<td>L\u00e9gkef\u00e9k sz\u00e1ma<\/td>\n<td>2<\/td>\n<\/tr>\n<tr>\n<td>Airbrush m\u00e9retek<\/td>\n<td>20 \u00d7 11 \u00d7 26 cm<\/td>\n<\/tr>\n<tr>\n<td>Kont\u00e9ner kapacit\u00e1sa<\/td>\n<td>egyenk\u00e9nt 1 kg<\/td>\n<\/tr>\n<tr>\n<td>Gombok<\/td>\n<td>L\u00e9gbesz\u00edv\u00e1s, term\u00e9k\u00e1raml\u00e1s, l\u00e9gkivezet\u00e9s<\/td>\n<\/tr>\n<tr>\n<td>F\u00fav\u00f3ka m\u00e9rete<\/td>\n<td>1,9 mm, \u00e1ll\u00edthat\u00f3 ny\u00edl\u00e1s<\/td>\n<\/tr>\n<\/tbody>\n<\/table>\n<h4 data-start=\"2586\" data-end=\"2605\">F\u0171t\u00e9si rendszer<\/h4>\n<div class=\"_tableContainer_1rjym_1\">\n<div class=\"_tableWrapper_1rjym_13 group flex w-fit flex-col-reverse\">\n<table>\n<thead>\n<tr>\n<th>Specifik\u00e1ci\u00f3<\/th>\n<th>\u00c9rt\u00e9k<\/th>\n<\/tr>\n<\/thead>\n<tbody>\n<tr>\n<td>F\u0171t\u00f6tt kamr\u00e1k<\/td>\n<td>2 (az airbrush t\u00e1rol\u00e1s\u00e1hoz)<\/td>\n<\/tr>\n<tr>\n<td>F\u0171t\u0151elemek<\/td>\n<td>2<\/td>\n<\/tr>\n<tr>\n<td>Rajong\u00f3k<\/td>\n<td>2 (a meleg leveg\u0151 szell\u0151ztet\u00e9s\u00e9hez)<\/td>\n<\/tr>\n<\/tbody>\n<\/table>\n<\/div>\n<\/div>\n<\/div>\n<\/div>\n<\/div>\n<\/div>\n<\/div>\n<\/div>","protected":false},"excerpt":{"rendered":"<h3 data-start=\"809\" data-end=\"893\"><strong data-start=\"813\" data-end=\"891\">Chocohot Spray Double - Csokol\u00e1d\u00e9 \u00e9s kaka\u00f3vaj permetez\u0151g\u00e9p<\/strong><\/h3>\n<p data-start=\"895\" data-end=\"1206\"><em data-start=\"895\" data-end=\"1204\">K\u00e9t tart\u00e1lyos permetez\u0151g\u00e9p csokol\u00e1d\u00e9hoz \u00e9s kaka\u00f3vajhoz. Lehet\u0151v\u00e9 teszi k\u00e9t k\u00fcl\u00f6nb\u00f6z\u0151 term\u00e9k (pl. s\u00f6t\u00e9t \u00e9s feh\u00e9r) bet\u00f6lt\u00e9s\u00e9t \u00e9s azonnali v\u00e1lt\u00e1st. Egyenletes, b\u00e1rsonyos fel\u00fcletet hoz l\u00e9tre a s\u00fctem\u00e9nyeken, pralin\u00e9kon, semifredd\u00f3kon \u00e9s fagyasztott desszerteken. Rozsdamentes ac\u00e9l test, k\u00f6nnyen tiszt\u00edthat\u00f3 \u00e9s intenz\u00edv professzion\u00e1lis haszn\u00e1latra tervezt\u00e9k.<\/em><\/p>","protected":false},"featured_media":7354,"comment_status":"open","ping_status":"closed","template":"","meta":[],"product_brand":[],"product_cat":[52],"product_tag":[],"class_list":{"0":"post-7352","1":"product","2":"type-product","3":"status-publish","4":"has-post-thumbnail","6":"product_cat-chocolate-equipment","8":"first","9":"instock","10":"shipping-taxable","11":"product-type-simple"},"_links":{"self":[{"href":"https:\/\/dersuessestopp.com\/hu\/wp-json\/wp\/v2\/product\/7352","targetHints":{"allow":["GET"]}}],"collection":[{"href":"https:\/\/dersuessestopp.com\/hu\/wp-json\/wp\/v2\/product"}],"about":[{"href":"https:\/\/dersuessestopp.com\/hu\/wp-json\/wp\/v2\/types\/product"}],"replies":[{"embeddable":true,"href":"https:\/\/dersuessestopp.com\/hu\/wp-json\/wp\/v2\/comments?post=7352"}],"version-history":[{"count":3,"href":"https:\/\/dersuessestopp.com\/hu\/wp-json\/wp\/v2\/product\/7352\/revisions"}],"predecessor-version":[{"id":9303,"href":"https:\/\/dersuessestopp.com\/hu\/wp-json\/wp\/v2\/product\/7352\/revisions\/9303"}],"wp:featuredmedia":[{"embeddable":true,"href":"https:\/\/dersuessestopp.com\/hu\/wp-json\/wp\/v2\/media\/7354"}],"wp:attachment":[{"href":"https:\/\/dersuessestopp.com\/hu\/wp-json\/wp\/v2\/media?parent=7352"}],"wp:term":[{"taxonomy":"product_brand","embeddable":true,"href":"https:\/\/dersuessestopp.com\/hu\/wp-json\/wp\/v2\/product_brand?post=7352"},{"taxonomy":"product_cat","embeddable":true,"href":"https:\/\/dersuessestopp.com\/hu\/wp-json\/wp\/v2\/product_cat?post=7352"},{"taxonomy":"product_tag","embeddable":true,"href":"https:\/\/dersuessestopp.com\/hu\/wp-json\/wp\/v2\/product_tag?post=7352"}],"curies":[{"name":"wp","href":"https:\/\/api.w.org\/{rel}","templated":true}]}}