{"id":7337,"date":"2025-09-01T07:07:43","date_gmt":"2025-09-01T07:07:43","guid":{"rendered":"https:\/\/dersuessestopp.com\/?post_type=product&#038;p=7337"},"modified":"2025-09-24T22:13:16","modified_gmt":"2025-09-24T22:13:16","slug":"chocobox","status":"publish","type":"product","link":"https:\/\/dersuessestopp.com\/hu\/product\/chocobox\/","title":{"rendered":"Chocobox"},"content":{"rendered":"<p data-start=\"149\" data-end=\"727\">Ak\u00e1r csokol\u00e1d\u00e9k\u00e9sz\u00edt\u0151, cukr\u00e1sz vagy \u00e9tteremvezet\u0151 vagy, a <strong data-start=\"221\" data-end=\"257\">Bilait Chocobox csokol\u00e1d\u00e9 olvaszt\u00f3<\/strong> \u00fagy tervezt\u00e9k, hogy minden szakmai ig\u00e9nyt kiel\u00e9g\u00edtsen. T\u00f6bb m\u00e9retben kaphat\u00f3 - <strong data-start=\"333\" data-end=\"367\">0.8L, 1.5L, 2.5L, 3.5L, \u00e9s 6L<\/strong> - biztos\u00edtja a z\u00f6kken\u0151mentes olvad\u00e1st \u00e9s a t\u00f6k\u00e9letes h\u0151m\u00e9rs\u00e9klet fenntart\u00e1s\u00e1t ak\u00e1r <strong data-start=\"438\" data-end=\"446\">50\u00b0C<\/strong>. A <strong data-start=\"452\" data-end=\"477\">cser\u00e9lhet\u0151 t\u00e1lc\u00e1k<\/strong> lehet\u0151v\u00e9 teszi, hogy k\u00f6nnyed\u00e9n v\u00e1ltson a k\u00fcl\u00f6nb\u00f6z\u0151 csokol\u00e1d\u00e9t\u00edpusok k\u00f6z\u00f6tt, \u00edgy hat\u00e9konyabb\u00e1 t\u00e9ve a munkafolyamatokat. \u00c9p\u00edtett <strong data-start=\"588\" data-end=\"612\">rozsdamentes ac\u00e9l test<\/strong>, ez az olvaszt\u00f3 nemcsak tart\u00f3ss\u00e1got garant\u00e1l, hanem kiv\u00e1l\u00f3 h\u0151vezet\u0151 k\u00e9pess\u00e9get is biztos\u00edt az egyenletes eredm\u00e9nyek \u00e9rdek\u00e9ben.<\/p>\n<h3 data-start=\"734\" data-end=\"756\">A term\u00e9k jellemz\u0151i<\/h3>\n<ul data-start=\"757\" data-end=\"1064\">\n<li data-start=\"757\" data-end=\"825\">\n<p data-start=\"759\" data-end=\"825\">El\u00e9rhet\u0151 <strong data-start=\"772\" data-end=\"791\">\u00f6t kapacit\u00e1s<\/strong>: 0.8L, 1.5L, 2.5L, 3.5L, \u00e9s 6L<\/p>\n<\/li>\n<li data-start=\"826\" data-end=\"859\">\n<p data-start=\"828\" data-end=\"859\"><strong data-start=\"828\" data-end=\"852\">Maxim\u00e1lis h\u0151m\u00e9rs\u00e9klet:<\/strong> 50\u00b0C<\/p>\n<\/li>\n<li data-start=\"860\" data-end=\"926\">\n<p data-start=\"862\" data-end=\"926\"><strong data-start=\"862\" data-end=\"887\">Cser\u00e9lhet\u0151 t\u00e1lc\u00e1k<\/strong> t\u00f6bb csokol\u00e1d\u00e9val val\u00f3 munk\u00e1hoz<\/p>\n<\/li>\n<li data-start=\"927\" data-end=\"1000\">\n<p data-start=\"929\" data-end=\"1000\"><strong data-start=\"929\" data-end=\"958\">Rozsdamentes ac\u00e9lszerkezet<\/strong> a tart\u00f3ss\u00e1g \u00e9s a jobb h\u0151\u00e1tad\u00e1s \u00e9rdek\u00e9ben<\/p>\n<\/li>\n<li data-start=\"1001\" data-end=\"1064\">\n<p data-start=\"1003\" data-end=\"1064\">Ide\u00e1lis professzion\u00e1lis m\u0171helyek, p\u00e9ks\u00e9gek \u00e9s \u00e9ttermek sz\u00e1m\u00e1ra.<\/p>\n<\/li>\n<\/ul>\n<h3 data-start=\"1071\" data-end=\"1101\">M\u0171szaki specifik\u00e1ci\u00f3k<\/h3>\n<div class=\"_tableContainer_1rjym_1\">\n<div class=\"_tableWrapper_1rjym_13 group flex w-fit flex-col-reverse\">\n<table>\n<thead>\n<tr>\n<th>Jellemz\u0151<\/th>\n<th>R\u00e9szletek<\/th>\n<\/tr>\n<\/thead>\n<tbody>\n<tr>\n<td><strong>Anyag<\/strong><\/td>\n<td>Rozsdamentes ac\u00e9l<\/td>\n<\/tr>\n<tr>\n<td><strong>Kapacit\u00e1s<\/strong><\/td>\n<td>0,8L \/ 1,5L \/ 2,5L \/ 3,5L \/ 6L<\/td>\n<\/tr>\n<tr>\n<td><strong>M\u00e9retek<\/strong><\/td>\n<td>230 \u00d7 140 \u00d7 270 mm<\/td>\n<\/tr>\n<tr>\n<td><strong>S\u00faly<\/strong><\/td>\n<td>Modellenk\u00e9nt v\u00e1ltozik<\/td>\n<\/tr>\n<tr>\n<td><strong>Maxim\u00e1lis h\u0151m\u00e9rs\u00e9klet<\/strong><\/td>\n<td>50\u00b0C<\/td>\n<\/tr>\n<tr>\n<td><strong>Fogyaszt\u00e1s<\/strong><\/td>\n<td>60W<\/td>\n<\/tr>\n<tr>\n<td><strong>Fesz\u00fclts\u00e9g<\/strong><\/td>\n<td>230V<\/td>\n<\/tr>\n<tr>\n<td><strong>Frekvencia<\/strong><\/td>\n<td>50\/60 Hz<\/td>\n<\/tr>\n<\/tbody>\n<\/table>\n<\/div>\n<\/div>","protected":false},"excerpt":{"rendered":"<h3 data-start=\"490\" data-end=\"536\"><strong data-start=\"494\" data-end=\"534\"> Chocobox - Csokol\u00e1d\u00e9olvaszt\u00f3<\/strong><\/h3>\n<p data-start=\"538\" data-end=\"802\"><em data-start=\"538\" data-end=\"800\">Kompakt professzion\u00e1lis olvaszt\u00f3 csokol\u00e1d\u00e9hoz, fondanthoz vagy bevonatokhoz. A Chocobox egyenletes f\u0171t\u00e9ssel \u00e9s egyszer\u0171 vez\u00e9rl\u00e9ssel t\u00f6k\u00e9letes munkah\u0151m\u00e9rs\u00e9kleten tartja a csokol\u00e1d\u00e9t. Ide\u00e1lis m\u00e1rtogat\u00e1shoz, form\u00e1z\u00e1shoz \u00e9s kis t\u00e9telek gy\u00e1rt\u00e1s\u00e1hoz cukr\u00e1szd\u00e1kban, k\u00e1v\u00e9z\u00f3kban \u00e9s csokol\u00e1d\u00e9 laborat\u00f3riumokban.<\/em><\/p>","protected":false},"featured_media":7338,"comment_status":"open","ping_status":"closed","template":"","meta":[],"product_brand":[],"product_cat":[52],"product_tag":[],"class_list":{"0":"post-7337","1":"product","2":"type-product","3":"status-publish","4":"has-post-thumbnail","6":"product_cat-chocolate-equipment","8":"first","9":"instock","10":"shipping-taxable","11":"product-type-simple"},"_links":{"self":[{"href":"https:\/\/dersuessestopp.com\/hu\/wp-json\/wp\/v2\/product\/7337","targetHints":{"allow":["GET"]}}],"collection":[{"href":"https:\/\/dersuessestopp.com\/hu\/wp-json\/wp\/v2\/product"}],"about":[{"href":"https:\/\/dersuessestopp.com\/hu\/wp-json\/wp\/v2\/types\/product"}],"replies":[{"embeddable":true,"href":"https:\/\/dersuessestopp.com\/hu\/wp-json\/wp\/v2\/comments?post=7337"}],"version-history":[{"count":3,"href":"https:\/\/dersuessestopp.com\/hu\/wp-json\/wp\/v2\/product\/7337\/revisions"}],"predecessor-version":[{"id":9304,"href":"https:\/\/dersuessestopp.com\/hu\/wp-json\/wp\/v2\/product\/7337\/revisions\/9304"}],"wp:featuredmedia":[{"embeddable":true,"href":"https:\/\/dersuessestopp.com\/hu\/wp-json\/wp\/v2\/media\/7338"}],"wp:attachment":[{"href":"https:\/\/dersuessestopp.com\/hu\/wp-json\/wp\/v2\/media?parent=7337"}],"wp:term":[{"taxonomy":"product_brand","embeddable":true,"href":"https:\/\/dersuessestopp.com\/hu\/wp-json\/wp\/v2\/product_brand?post=7337"},{"taxonomy":"product_cat","embeddable":true,"href":"https:\/\/dersuessestopp.com\/hu\/wp-json\/wp\/v2\/product_cat?post=7337"},{"taxonomy":"product_tag","embeddable":true,"href":"https:\/\/dersuessestopp.com\/hu\/wp-json\/wp\/v2\/product_tag?post=7337"}],"curies":[{"name":"wp","href":"https:\/\/api.w.org\/{rel}","templated":true}]}}