{"id":7331,"date":"2025-09-01T06:57:13","date_gmt":"2025-09-01T06:57:13","guid":{"rendered":"https:\/\/dersuessestopp.com\/?post_type=product&#038;p=7331"},"modified":"2025-10-08T23:17:12","modified_gmt":"2025-10-08T23:17:12","slug":"salata-sf-903-top","status":"publish","type":"product","link":"https:\/\/dersuessestopp.com\/hu\/product\/saladette-sf-903-top\/","title":{"rendered":"SAL\u00c1TA SF 903 TOP"},"content":{"rendered":"<p data-start=\"195\" data-end=\"635\"><img decoding=\"async\" src=\"https:\/\/customer.klimaitalia.it\/api\/file\/image\/6851\" \/><\/p>\n<p data-start=\"195\" data-end=\"635\">\n<p data-start=\"195\" data-end=\"635\">A <strong data-start=\"199\" data-end=\"223\">SAL\u00c1TA SF 903 TOP<\/strong> egy kiv\u00e1l\u00f3 min\u0151s\u00e9g\u0171 statikus, ventil\u00e1torral seg\u00edtett sal\u00e1taasztal, amelyet \u00fagy terveztek, hogy megfeleljen a professzion\u00e1lis vend\u00e9gl\u00e1t\u00f3ipari k\u00f6rnyezetek k\u00f6vetelm\u00e9nyeinek. \u00c9p\u00edtett <strong data-start=\"360\" data-end=\"417\">tart\u00f3s AISI 304 rozsdamentes ac\u00e9l test \u00e9s bels\u0151 b\u00e9l\u00e9s<\/strong>, maxim\u00e1lis higi\u00e9ni\u00e1t, szil\u00e1rds\u00e1got \u00e9s korr\u00f3zi\u00f3\u00e1ll\u00f3s\u00e1got biztos\u00edt. A <strong data-start=\"490\" data-end=\"515\">elektronikus termoszt\u00e1t<\/strong> lehet\u0151v\u00e9 teszi a h\u0151m\u00e9rs\u00e9klet pontos szab\u00e1lyoz\u00e1s\u00e1t <strong data-start=\"559\" data-end=\"578\">+2 \u00b0C \u00e9s +8 \u00b0C<\/strong>, \u00edgy ide\u00e1lis a friss alapanyagok biztons\u00e1gos t\u00e1rol\u00e1s\u00e1ra.<\/p>\n<p data-start=\"637\" data-end=\"960\">A <strong data-start=\"641\" data-end=\"672\">kompakt, m\u00e9gis t\u00e1gas kialak\u00edt\u00e1s<\/strong> funkci\u00f3k <strong data-start=\"682\" data-end=\"701\">tol\u00f3 polcok<\/strong>, automatikus kompresszoros ciklus\u00fa leolvaszt\u00e1s \u00e9s opcion\u00e1lis <strong data-start=\"752\" data-end=\"786\">Smart Link WiFi t\u00e1vir\u00e1ny\u00edt\u00f3<\/strong> a modern k\u00e9nyelem \u00e9rdek\u00e9ben. A SALADETTE SF 903 TOP t\u00f6k\u00e9letes v\u00e1laszt\u00e1s \u00e9ttermek, vend\u00e9gl\u00e1t\u00f3ipari szolg\u00e1ltat\u00e1sok \u00e9s professzion\u00e1lis konyh\u00e1k sz\u00e1m\u00e1ra, hiszen egyes\u00edti a funkcionalit\u00e1st, a tart\u00f3ss\u00e1got \u00e9s a hat\u00e9konys\u00e1got.<\/p>\n<h2 data-start=\"1416\" data-end=\"1447\"><strong data-start=\"1419\" data-end=\"1447\">M\u0171szaki specifik\u00e1ci\u00f3k<\/strong><\/h2>\n<table>\n<thead>\n<tr>\n<th><strong>Jellemz\u0151<\/strong><\/th>\n<th><strong>SF 901<\/strong><\/th>\n<th><strong>SF 903 TOP<\/strong><\/th>\n<\/tr>\n<\/thead>\n<tbody>\n<tr>\n<td><strong>K\u00fcls\u0151 m\u00e9retek (WxDxH)<\/strong><\/td>\n<td>900 \u00d7 700 \u00d7 870 mm<\/td>\n<td>1368 \u00d7 700 \u00d7 870 mm<\/td>\n<\/tr>\n<tr>\n<td><strong>Csomagol\u00e1si m\u00e9retek (WxDxH)<\/strong><\/td>\n<td>978 \u00d7 760 \u00d7 1060 mm<\/td>\n<td>1390 \u00d7 730 \u00d7 1054 mm<\/td>\n<\/tr>\n<tr>\n<td><strong>Nett\u00f3\/brutt\u00f3 mennyis\u00e9g<\/strong><\/td>\n<td>160 \/ 257 Lt.<\/td>\n<td>251 \/ 400 Lt.<\/td>\n<\/tr>\n<tr>\n<td><strong>H\u0151m\u00e9rs\u00e9klet tartom\u00e1ny<\/strong><\/td>\n<td>+2 \u00b0C \/ +8 \u00b0C<\/td>\n<td>+2 \u00b0C \/ +8 \u00b0C<\/td>\n<\/tr>\n<tr>\n<td><strong>Kl\u00edmaoszt\u00e1ly<\/strong><\/td>\n<td>4<\/td>\n<td>4<\/td>\n<\/tr>\n<tr>\n<td><strong>Zajszint<\/strong><\/td>\n<td>42 dB<\/td>\n<td>42 dB<\/td>\n<\/tr>\n<tr>\n<td><strong>Termoszt\u00e1t<\/strong><\/td>\n<td>Elektronikus<\/td>\n<td>Elektronikus<\/td>\n<\/tr>\n<tr>\n<td><strong>Leolvaszt\u00e1si rendszer<\/strong><\/td>\n<td>Automatikus kompresszor ciklus<\/td>\n<td>Automatikus kompresszor ciklus<\/td>\n<\/tr>\n<tr>\n<td><strong>Polcok (WxD)<\/strong><\/td>\n<td>2 \u00d7 335 \u00d7 530 mm<\/td>\n<td>3 \u00d7 335 \u00d7 530 mm<\/td>\n<\/tr>\n<tr>\n<td><strong>L\u00e1bak \/ g\u00f6rg\u0151k<\/strong><\/td>\n<td>4 l\u00e1b - h 25\/33 mm<\/td>\n<td>4 l\u00e1b - h 25\/33 mm<\/td>\n<\/tr>\n<tr>\n<td><strong>Kosarak<\/strong><\/td>\n<td>Nem el\u00e9rhet\u0151<\/td>\n<td>Nem el\u00e9rhet\u0151<\/td>\n<\/tr>\n<tr>\n<td><strong>Nett\u00f3\/brutt\u00f3 s\u00faly<\/strong><\/td>\n<td>72 \/ 83 kg<\/td>\n<td>110 \/ 130 kg<\/td>\n<\/tr>\n<tr>\n<td><strong>Fesz\u00fclts\u00e9g<\/strong><\/td>\n<td>220-240 V<\/td>\n<td>220-240 V<\/td>\n<\/tr>\n<tr>\n<td><strong>Frekvencia<\/strong><\/td>\n<td>50 Hz<\/td>\n<td>50 Hz<\/td>\n<\/tr>\n<tr>\n<td><strong>H\u0171t\u0151k\u00f6zeg<\/strong><\/td>\n<td>R600A<\/td>\n<td>R600A<\/td>\n<\/tr>\n<tr>\n<td><strong>Abszorpci\u00f3<\/strong><\/td>\n<td>155 W<\/td>\n<td>235 W<\/td>\n<\/tr>\n<tr>\n<td><strong>Energiafogyaszt\u00e1s (24 \u00f3ra)<\/strong><\/td>\n<td>2,38 kWh\/24h<\/td>\n<td>2,96 kWh\/24h<\/td>\n<\/tr>\n<tr>\n<td><strong>Szigetel\u00e9s vastags\u00e1ga<\/strong><\/td>\n<td>35 mm<\/td>\n<td>35 mm<\/td>\n<\/tr>\n<tr>\n<td><strong>WiFi Smart Link t\u00e1vir\u00e1ny\u00edt\u00f3<\/strong><\/td>\n<td>Opcion\u00e1lis<\/td>\n<td>Opcion\u00e1lis<\/td>\n<\/tr>\n<\/tbody>\n<\/table>\n<div class=\"_tableContainer_1rjym_1\">\n<div class=\"_tableWrapper_1rjym_13 group flex w-fit flex-col-reverse\"><\/div>\n<\/div>","protected":false},"excerpt":{"rendered":"<p>The SALADETTE SF 903 TOP is a high-quality static fan-assisted saladette bench, designed to meet the demands of professional catering environments. Built with a durable AISI 304 stainless steel body and inner liner, it ensures maximum hygiene, strength, and resistance to corrosion. Its electronic thermostat allows precise temperature control between +2 \u00b0C and +8 \u00b0C, [&hellip;]<\/p>\n","protected":false},"featured_media":7332,"comment_status":"open","ping_status":"closed","template":"","meta":[],"product_brand":[],"product_cat":[51],"product_tag":[],"class_list":{"0":"post-7331","1":"product","2":"type-product","3":"status-publish","4":"has-post-thumbnail","6":"product_cat-kitchen-catering-cooling","8":"first","9":"instock","10":"shipping-taxable","11":"product-type-simple"},"_links":{"self":[{"href":"https:\/\/dersuessestopp.com\/hu\/wp-json\/wp\/v2\/product\/7331","targetHints":{"allow":["GET"]}}],"collection":[{"href":"https:\/\/dersuessestopp.com\/hu\/wp-json\/wp\/v2\/product"}],"about":[{"href":"https:\/\/dersuessestopp.com\/hu\/wp-json\/wp\/v2\/types\/product"}],"replies":[{"embeddable":true,"href":"https:\/\/dersuessestopp.com\/hu\/wp-json\/wp\/v2\/comments?post=7331"}],"version-history":[{"count":3,"href":"https:\/\/dersuessestopp.com\/hu\/wp-json\/wp\/v2\/product\/7331\/revisions"}],"predecessor-version":[{"id":11945,"href":"https:\/\/dersuessestopp.com\/hu\/wp-json\/wp\/v2\/product\/7331\/revisions\/11945"}],"wp:featuredmedia":[{"embeddable":true,"href":"https:\/\/dersuessestopp.com\/hu\/wp-json\/wp\/v2\/media\/7332"}],"wp:attachment":[{"href":"https:\/\/dersuessestopp.com\/hu\/wp-json\/wp\/v2\/media?parent=7331"}],"wp:term":[{"taxonomy":"product_brand","embeddable":true,"href":"https:\/\/dersuessestopp.com\/hu\/wp-json\/wp\/v2\/product_brand?post=7331"},{"taxonomy":"product_cat","embeddable":true,"href":"https:\/\/dersuessestopp.com\/hu\/wp-json\/wp\/v2\/product_cat?post=7331"},{"taxonomy":"product_tag","embeddable":true,"href":"https:\/\/dersuessestopp.com\/hu\/wp-json\/wp\/v2\/product_tag?post=7331"}],"curies":[{"name":"wp","href":"https:\/\/api.w.org\/{rel}","templated":true}]}}