{"id":7326,"date":"2025-09-01T06:51:53","date_gmt":"2025-09-01T06:51:53","guid":{"rendered":"https:\/\/dersuessestopp.com\/?post_type=product&#038;p=7326"},"modified":"2025-10-08T23:16:23","modified_gmt":"2025-10-08T23:16:23","slug":"salata-sf-901","status":"publish","type":"product","link":"https:\/\/dersuessestopp.com\/hu\/product\/saladette-sf-901\/","title":{"rendered":"SAL\u00c1TA SF 901"},"content":{"rendered":"<p data-start=\"203\" data-end=\"549\"><img decoding=\"async\" src=\"https:\/\/customer.klimaitalia.it\/api\/file\/image\/6845\" \/><\/p>\n<p data-start=\"203\" data-end=\"549\">\n<p data-start=\"203\" data-end=\"549\">A <strong data-start=\"207\" data-end=\"227\">Saladette SF 901<\/strong> \u00e9s <strong data-start=\"232\" data-end=\"246\">SF 903 TOP<\/strong> kiv\u00e1l\u00f3 min\u0151s\u00e9g\u0171, statikus ventil\u00e1torral seg\u00edtett h\u0171t\u0151padok, amelyeket a professzion\u00e1lis konyh\u00e1k, vend\u00e9gl\u00e1t\u00f3ipari szolg\u00e1ltat\u00e1sok \u00e9s \u00e9ttermek ig\u00e9nyeinek kiel\u00e9g\u00edt\u00e9s\u00e9re terveztek. \u00c9p\u00edtett <strong data-start=\"408\" data-end=\"465\">tart\u00f3s AISI 304 rozsdamentes ac\u00e9l test \u00e9s bels\u0151 b\u00e9l\u00e9s<\/strong>, ezek az egys\u00e9gek maxim\u00e1lis higi\u00e9ni\u00e1t, k\u00f6nny\u0171 tiszt\u00edt\u00e1st \u00e9s hossz\u00fa t\u00e1v\u00fa teljes\u00edtm\u00e9nyt biztos\u00edtanak.<\/p>\n<p data-start=\"551\" data-end=\"861\">Felszerelve egy <strong data-start=\"568\" data-end=\"593\">elektronikus termoszt\u00e1t<\/strong>, a sal\u00e1t\u00e1k pontos h\u0151m\u00e9rs\u00e9klet-tartom\u00e1nyt tartanak fenn a k\u00f6vetkez\u0151 \u00e9rt\u00e9kek k\u00f6z\u00f6tt <strong data-start=\"655\" data-end=\"674\">+2 \u00b0C \u00e9s +8 \u00b0C<\/strong>, \u00edgy ide\u00e1lisak a friss alapanyagok tart\u00f3s\u00edt\u00e1s\u00e1ra. A <strong data-start=\"734\" data-end=\"762\">automatikus leolvaszt\u00f3 rendszer<\/strong> biztos\u00edtja a probl\u00e9mamentes m\u0171k\u00f6d\u00e9st, m\u00edg a <strong data-start=\"804\" data-end=\"823\">tol\u00f3 polcok<\/strong> rugalmas t\u00e1rol\u00e1si megold\u00e1sokat biztos\u00edtanak.<\/p>\n<p data-start=\"863\" data-end=\"1164\">A tov\u00e1bbi k\u00e9nyelem \u00e9rdek\u00e9ben az egys\u00e9gek felszerelhet\u0151k a k\u00f6vetkez\u0151 eszk\u00f6z\u00f6kkel <strong data-start=\"917\" data-end=\"951\">Smart Link WiFi t\u00e1vir\u00e1ny\u00edt\u00f3<\/strong> (opcion\u00e1lis), amely lehet\u0151v\u00e9 teszi a digit\u00e1lis fel\u00fcgyeletet \u00e9s kezel\u00e9st. A kialak\u00edt\u00e1s \u00e1ll\u00edthat\u00f3 l\u00e1bakkal rendelkezik a stabilit\u00e1s \u00e9s az alacsony zajszint\u0171 m\u0171k\u00f6d\u00e9s \u00e9rdek\u00e9ben, csup\u00e1n <strong data-start=\"1090\" data-end=\"1099\">42 dB<\/strong>, \u00edgy hat\u00e9konyak \u00e9s felhaszn\u00e1l\u00f3bar\u00e1tok a forgalmas k\u00f6rnyezetekben.<\/p>\n<h3 data-start=\"1171\" data-end=\"1187\">M\u00e9retek<\/h3>\n<div class=\"_tableContainer_1rjym_1\">\n<div class=\"_tableWrapper_1rjym_13 group flex w-fit flex-col-reverse\">\n<table>\n<thead>\n<tr>\n<th>Modell<\/th>\n<th>K\u00fcls\u0151 m\u00e9retek (WxDxH)<\/th>\n<th>Csomagol\u00e1si m\u00e9retek (WxDxH)<\/th>\n<th>Sz\u00e9less\u00e9g (A)<\/th>\n<th>M\u00e9lys\u00e9g (B)<\/th>\n<th>Magass\u00e1g (C)<\/th>\n<\/tr>\n<\/thead>\n<tbody>\n<tr>\n<td>SF 901<\/td>\n<td>900 x 700 x 870 mm*<\/td>\n<td>978 x 760 x 1060 mm<\/td>\n<td>830 mm<\/td>\n<td>595 mm<\/td>\n<td>456 mm<\/td>\n<\/tr>\n<tr>\n<td>SF 903 TOP<\/td>\n<td>1368 x 700 x 870 mm*<\/td>\n<td>1390 x 730 x 1054 mm<\/td>\n<td>1295 mm<\/td>\n<td>595 mm<\/td>\n<td>456 mm<\/td>\n<\/tr>\n<\/tbody>\n<\/table>\n<h3 data-start=\"1720\" data-end=\"1744\">M\u0171szaki jellemz\u0151k<\/h3>\n<div class=\"_tableContainer_1rjym_1\">\n<div class=\"_tableWrapper_1rjym_13 group flex w-fit flex-col-reverse\">\n<table>\n<thead>\n<tr>\n<th>Jellemz\u0151<\/th>\n<th>SF 901<\/th>\n<th>SF 903 TOP<\/th>\n<\/tr>\n<\/thead>\n<tbody>\n<tr>\n<td>H\u0151m\u00e9rs\u00e9klet tartom\u00e1ny<\/td>\n<td>+2 \u00b0C \/ +8 \u00b0C<\/td>\n<td>+2 \u00b0C \/ +8 \u00b0C<\/td>\n<\/tr>\n<tr>\n<td>Kl\u00edmaoszt\u00e1ly<\/td>\n<td>4<\/td>\n<td>4<\/td>\n<\/tr>\n<tr>\n<td>Nett\u00f3 \/ brutt\u00f3 mennyis\u00e9g<\/td>\n<td>160 \/ 257 Lt.<\/td>\n<td>251 \/ 400 Lt.<\/td>\n<\/tr>\n<tr>\n<td>Test anyaga<\/td>\n<td>AISI 304 rozsdamentes ac\u00e9l<\/td>\n<td>AISI 304 rozsdamentes ac\u00e9l<\/td>\n<\/tr>\n<tr>\n<td>Bels\u0151 b\u00e9l\u00e9s anyaga<\/td>\n<td>AISI 304 rozsdamentes ac\u00e9l<\/td>\n<td>AISI 304 rozsdamentes ac\u00e9l<\/td>\n<\/tr>\n<tr>\n<td>Termoszt\u00e1t<\/td>\n<td>Elektronikus<\/td>\n<td>Elektronikus<\/td>\n<\/tr>\n<tr>\n<td>Zajszint<\/td>\n<td>42 dB<\/td>\n<td>42 dB<\/td>\n<\/tr>\n<tr>\n<td>Smart Link WiFi<\/td>\n<td>Opcion\u00e1lis<\/td>\n<td>Opcion\u00e1lis<\/td>\n<\/tr>\n<tr>\n<td>Szigetel\u00e9s vastags\u00e1ga<\/td>\n<td>35 mm<\/td>\n<td>35 mm<\/td>\n<\/tr>\n<tr>\n<td>Leolvaszt\u00e1s<\/td>\n<td>Automatikus kompresszor ciklus<\/td>\n<td>Automatikus kompresszor ciklus<\/td>\n<\/tr>\n<tr>\n<td>Polcok (WxD)<\/td>\n<td>2 - 335 x 530 mm<\/td>\n<td>3 - 335 x 530 mm<\/td>\n<\/tr>\n<tr>\n<td>G\u00f6rg\u0151k \/ l\u00e1bak<\/td>\n<td>4 l\u00e1b - h 25\/33 mm<\/td>\n<td>4 l\u00e1b - h 25\/33 mm<\/td>\n<\/tr>\n<tr>\n<td>Kosarak<\/td>\n<td>Nem el\u00e9rhet\u0151<\/td>\n<td>Nem el\u00e9rhet\u0151<\/td>\n<\/tr>\n<tr>\n<td>Nett\u00f3 \/ brutt\u00f3 s\u00faly<\/td>\n<td>72 \/ 83 kg<\/td>\n<td>110 \/ 130 kg<\/td>\n<\/tr>\n<tr>\n<td>Fesz\u00fclts\u00e9g<\/td>\n<td>220-240 V<\/td>\n<td>220-240 V<\/td>\n<\/tr>\n<tr>\n<td>Frekvencia<\/td>\n<td>50 Hz<\/td>\n<td>50 Hz<\/td>\n<\/tr>\n<tr>\n<td>H\u0171t\u0151k\u00f6zeg<\/td>\n<td>R600A<\/td>\n<td>R600A<\/td>\n<\/tr>\n<tr>\n<td>Energiafogyaszt\u00e1s<\/td>\n<td>155 W<\/td>\n<td>235 W<\/td>\n<\/tr>\n<tr>\n<td>Energiafogyaszt\u00e1s (24 \u00f3ra)<\/td>\n<td>2,38 kWh<\/td>\n<td>2,96 kWh<\/td>\n<\/tr>\n<\/tbody>\n<\/table>\n<\/div>\n<\/div>\n<\/div>\n<\/div>","protected":false},"excerpt":{"rendered":"<p>The Saladette SF 901 and SF 903 TOP are high-quality static-fan assisted refrigerated benches, designed to meet the needs of professional kitchens, catering services, and restaurants. Built with a durable AISI 304 stainless steel body and inner liner, these units ensure maximum hygiene, easy cleaning, and long-lasting performance. Equipped with an electronic thermostat, the saladettes [&hellip;]<\/p>\n","protected":false},"featured_media":7328,"comment_status":"open","ping_status":"closed","template":"","meta":[],"product_brand":[],"product_cat":[51],"product_tag":[],"class_list":{"0":"post-7326","1":"product","2":"type-product","3":"status-publish","4":"has-post-thumbnail","6":"product_cat-kitchen-catering-cooling","8":"first","9":"instock","10":"shipping-taxable","11":"product-type-simple"},"_links":{"self":[{"href":"https:\/\/dersuessestopp.com\/hu\/wp-json\/wp\/v2\/product\/7326","targetHints":{"allow":["GET"]}}],"collection":[{"href":"https:\/\/dersuessestopp.com\/hu\/wp-json\/wp\/v2\/product"}],"about":[{"href":"https:\/\/dersuessestopp.com\/hu\/wp-json\/wp\/v2\/types\/product"}],"replies":[{"embeddable":true,"href":"https:\/\/dersuessestopp.com\/hu\/wp-json\/wp\/v2\/comments?post=7326"}],"version-history":[{"count":3,"href":"https:\/\/dersuessestopp.com\/hu\/wp-json\/wp\/v2\/product\/7326\/revisions"}],"predecessor-version":[{"id":11944,"href":"https:\/\/dersuessestopp.com\/hu\/wp-json\/wp\/v2\/product\/7326\/revisions\/11944"}],"wp:featuredmedia":[{"embeddable":true,"href":"https:\/\/dersuessestopp.com\/hu\/wp-json\/wp\/v2\/media\/7328"}],"wp:attachment":[{"href":"https:\/\/dersuessestopp.com\/hu\/wp-json\/wp\/v2\/media?parent=7326"}],"wp:term":[{"taxonomy":"product_brand","embeddable":true,"href":"https:\/\/dersuessestopp.com\/hu\/wp-json\/wp\/v2\/product_brand?post=7326"},{"taxonomy":"product_cat","embeddable":true,"href":"https:\/\/dersuessestopp.com\/hu\/wp-json\/wp\/v2\/product_cat?post=7326"},{"taxonomy":"product_tag","embeddable":true,"href":"https:\/\/dersuessestopp.com\/hu\/wp-json\/wp\/v2\/product_tag?post=7326"}],"curies":[{"name":"wp","href":"https:\/\/api.w.org\/{rel}","templated":true}]}}