{"id":7321,"date":"2025-09-01T06:48:59","date_gmt":"2025-09-01T06:48:59","guid":{"rendered":"https:\/\/dersuessestopp.com\/?post_type=product&#038;p=7321"},"modified":"2025-10-08T23:15:23","modified_gmt":"2025-10-08T23:15:23","slug":"salata-sf-903-pz","status":"publish","type":"product","link":"https:\/\/dersuessestopp.com\/hu\/product\/saladette-sf-903-pz\/","title":{"rendered":"SAL\u00c1TA SF 903 PZ"},"content":{"rendered":"<p data-start=\"219\" data-end=\"635\"><img decoding=\"async\" src=\"https:\/\/customer.klimaitalia.it\/api\/file\/image\/6839\" \/><\/p>\n<p data-start=\"219\" data-end=\"635\">A <strong data-start=\"223\" data-end=\"246\">SAL\u00c1TA SF 903 PZ<\/strong> egy professzion\u00e1lis h\u0171t\u00f6tt pizzapad, amelyet nagy teljes\u00edtm\u00e9ny\u0171 vend\u00e9gl\u00e1t\u00f3ipari k\u00f6rnyezetbe terveztek. Teljesen a <strong data-start=\"361\" data-end=\"389\">AISI 304 rozsdamentes ac\u00e9l<\/strong>, k\u00edv\u00fcl \u00e9s bel\u00fcl egyar\u00e1nt biztos\u00edtja a higi\u00e9ni\u00e1t, a tart\u00f3ss\u00e1got \u00e9s a korr\u00f3zi\u00f3val szembeni ellen\u00e1ll\u00e1st. Felszerelve <strong data-start=\"493\" data-end=\"512\">gr\u00e1nit munkalap<\/strong>, ez a k\u00e9sz\u00fcl\u00e9k ide\u00e1lis fel\u00fcletet biztos\u00edt a pizzak\u00e9sz\u00edt\u00e9shez, mik\u00f6zben az alapanyagokat frissen tartja a h\u0171t\u00f6tt alapon bel\u00fcl.<\/p>\n<p data-start=\"637\" data-end=\"988\">K\u00f6sz\u00f6nhet\u0151en a <strong data-start=\"651\" data-end=\"689\">statikus ventil\u00e1torral seg\u00edtett h\u0171t\u0151rendszer<\/strong>, meger\u0151s\u00edtett szerkezet, \u00e9s opcion\u00e1lis <strong data-start=\"726\" data-end=\"760\">Smart Link WiFi t\u00e1vir\u00e1ny\u00edt\u00f3<\/strong>, a SALADETTE sorozat garant\u00e1lja a hat\u00e9konys\u00e1got \u00e9s a megb\u00edzhat\u00f3s\u00e1got. A modell a k\u00f6vetkez\u0151kkel rendelkezik <strong data-start=\"843\" data-end=\"881\">automatikus kompresszoros leolvaszt\u00e1s<\/strong>, l\u00e1gyan z\u00e1r\u00f3d\u00f3 ajt\u00f3k \u00e9s \u00e1ll\u00edthat\u00f3 l\u00e1bak a stabilit\u00e1s \u00e9rdek\u00e9ben, \u00edgy a professzion\u00e1lis pizz\u00e9ri\u00e1k elengedhetetlen kell\u00e9ke.<\/p>\n<h2 data-start=\"1462\" data-end=\"1483\"><strong data-start=\"1465\" data-end=\"1483\">Modell \u00e1ttekint\u00e9s<\/strong><\/h2>\n<div class=\"_tableContainer_1rjym_1\">\n<div class=\"_tableWrapper_1rjym_13 group flex w-fit flex-col-reverse\">\n<table>\n<thead>\n<tr>\n<th>Modell<\/th>\n<th>Le\u00edr\u00e1s<\/th>\n<th>H\u0171t\u00e9s<\/th>\n<th>Lass\u00fas\u00e1g. Tartom\u00e1ny<\/th>\n<th>Munkalap<\/th>\n<\/tr>\n<\/thead>\n<tbody>\n<tr>\n<td><strong>SF 903 PZ<\/strong><\/td>\n<td>Statikus ventil\u00e1torral seg\u00edtett pizzapad<\/td>\n<td>Statikus<\/td>\n<td>+2 \u00b0C \/ +8 \u00b0C<\/td>\n<td>Gr\u00e1nit<\/td>\n<\/tr>\n<tr>\n<td><strong>PZF 02 C<\/strong><\/td>\n<td>Szell\u0151ztetett pizzapad fi\u00f3kokkal<\/td>\n<td>Szell\u0151ztetett<\/td>\n<td>+2 \u00b0C \/ +8 \u00b0C<\/td>\n<td>Gr\u00e1nit<\/td>\n<\/tr>\n<tr>\n<td><strong>PZF 03<\/strong><\/td>\n<td>Szell\u0151ztetett pizza pad<\/td>\n<td>Szell\u0151ztetett<\/td>\n<td>+2 \u00b0C \/ +8 \u00b0C<\/td>\n<td>Gr\u00e1nit<\/td>\n<\/tr>\n<\/tbody>\n<\/table>\n<h2 data-start=\"1867\" data-end=\"1884\"><strong data-start=\"1870\" data-end=\"1884\">M\u00e9retek<\/strong><\/h2>\n<div class=\"_tableContainer_1rjym_1\">\n<div class=\"_tableWrapper_1rjym_13 group flex w-fit flex-col-reverse\">\n<table>\n<thead>\n<tr>\n<th>Specifik\u00e1ci\u00f3<\/th>\n<th>SF 903 PZ<\/th>\n<th>PZF 02 C<\/th>\n<th>PZF 03<\/th>\n<\/tr>\n<\/thead>\n<tbody>\n<tr>\n<td><strong>K\u00fcls\u0151 m\u00e9retek (WxDxH)<\/strong><\/td>\n<td>1400 x 700 x 1010 mm*<\/td>\n<td>2025 x 800 x 1000 mm*<\/td>\n<td>2020 x 800 x 1000 mm*<\/td>\n<\/tr>\n<tr>\n<td><strong>Csomagol\u00e1si m\u00e9retek (WxDxH)<\/strong><\/td>\n<td>1430 x 730 x 1264 mm<\/td>\n<td>2055 x 830 x 1050 mm<\/td>\n<td>2050 x 830 x 1050 mm<\/td>\n<\/tr>\n<tr>\n<td><strong>Sz\u00e9less\u00e9g (A)<\/strong><\/td>\n<td>1295 mm<\/td>\n<td>945 mm<\/td>\n<td>1455 mm<\/td>\n<\/tr>\n<tr>\n<td><strong>M\u00e9lys\u00e9g (B)<\/strong><\/td>\n<td>595 mm<\/td>\n<td>680 mm<\/td>\n<td>680 mm<\/td>\n<\/tr>\n<tr>\n<td><strong>Magass\u00e1g (C)<\/strong><\/td>\n<td>456 mm<\/td>\n<td>564 mm<\/td>\n<td>564 mm<\/td>\n<\/tr>\n<tr>\n<td><strong>Teljes magass\u00e1g l\u00e1bakkal<\/strong><\/td>\n<td>1010 mm<\/td>\n<td>1000 mm<\/td>\n<td>1000 mm<\/td>\n<\/tr>\n<\/tbody>\n<\/table>\n<h2 data-start=\"2461\" data-end=\"2486\"><strong data-start=\"2464\" data-end=\"2486\">M\u0171szaki jellemz\u0151k<\/strong><\/h2>\n<div class=\"_tableContainer_1rjym_1\">\n<div class=\"_tableWrapper_1rjym_13 group flex w-fit flex-col-reverse\">\n<table>\n<thead>\n<tr>\n<th>Jellemz\u0151<\/th>\n<th>SF 903 PZ<\/th>\n<th>PZF 02 C<\/th>\n<th>PZF 03<\/th>\n<\/tr>\n<\/thead>\n<tbody>\n<tr>\n<td><strong>H\u0151m\u00e9rs\u00e9klet tartom\u00e1ny<\/strong><\/td>\n<td>+2 \u00b0C \/ +8 \u00b0C<\/td>\n<td>+2 \u00b0C \/ +8 \u00b0C<\/td>\n<td>+2 \u00b0C \/ +8 \u00b0C<\/td>\n<\/tr>\n<tr>\n<td><strong>Kl\u00edmaoszt\u00e1ly<\/strong><\/td>\n<td>4<\/td>\n<td>5<\/td>\n<td>5<\/td>\n<\/tr>\n<tr>\n<td><strong>Nett\u00f3-brutt\u00f3 volumen<\/strong><\/td>\n<td>251 \/ 400 L<\/td>\n<td>266 \/ 428 L<\/td>\n<td>406 \/ 635 L<\/td>\n<\/tr>\n<tr>\n<td><strong>K\u00fcls\u0151 test<\/strong><\/td>\n<td>AISI 304 rozsdamentes ac\u00e9l<\/td>\n<td>Rozsdamentes ac\u00e9l<\/td>\n<td>Rozsdamentes ac\u00e9l<\/td>\n<\/tr>\n<tr>\n<td><strong>Bels\u0151 b\u00e9l\u00e9s<\/strong><\/td>\n<td>AISI 304 rozsdamentes ac\u00e9l<\/td>\n<td>Rozsdamentes ac\u00e9l<\/td>\n<td>Rozsdamentes ac\u00e9l<\/td>\n<\/tr>\n<tr>\n<td><strong>Termoszt\u00e1t<\/strong><\/td>\n<td>Elektronikus<\/td>\n<td>Elektronikus<\/td>\n<td>Elektronikus<\/td>\n<\/tr>\n<tr>\n<td><strong>Zajszint<\/strong><\/td>\n<td>42 dB<\/td>\n<td>42 dB<\/td>\n<td>42 dB<\/td>\n<\/tr>\n<tr>\n<td><strong>Smart Link WiFi<\/strong><\/td>\n<td>Opcion\u00e1lis<\/td>\n<td>Opcion\u00e1lis<\/td>\n<td>Opcion\u00e1lis<\/td>\n<\/tr>\n<tr>\n<td><strong>Szigetel\u00e9s vastags\u00e1ga<\/strong><\/td>\n<td>35 mm<\/td>\n<td>60 mm<\/td>\n<td>60 mm<\/td>\n<\/tr>\n<tr>\n<td><strong>Leolvaszt\u00e1s<\/strong><\/td>\n<td>Automatikus - kompresszor ciklus<\/td>\n<td>Automatikus - elektromos f\u0171t\u00e9s<\/td>\n<td>Automatikus - elektromos f\u0171t\u00e9s<\/td>\n<\/tr>\n<tr>\n<td><strong>Polcok<\/strong><\/td>\n<td>3 \u00d7 335\u00d7530 mm + 3 \u00d7 323\u00d7570 mm<\/td>\n<td>2 \u00d7 465\u00d7605 mm (alul)<\/td>\n<td>3 \u00d7 465\u00d7605 mm (alul)<\/td>\n<\/tr>\n<tr>\n<td><strong>Ajt\u00f3k<\/strong><\/td>\n<td>L\u00e1gy z\u00e1r\u00e1s<\/td>\n<td>L\u00e1gy z\u00e1r\u00e1s<\/td>\n<td>L\u00e1gy z\u00e1r\u00e1s<\/td>\n<\/tr>\n<tr>\n<td><strong>Fi\u00f3kok<\/strong><\/td>\n<td>-<\/td>\n<td>7 \u00d7 400x630x70 mm<\/td>\n<td>-<\/td>\n<\/tr>\n<tr>\n<td><strong>L\u00e1bak<\/strong><\/td>\n<td>4 \u00e1ll\u00edthat\u00f3 (25-33 mm)<\/td>\n<td>8 \u00e1ll\u00edthat\u00f3 (110-170 mm)<\/td>\n<td>6 \u00e1ll\u00edthat\u00f3 (110-170 mm)<\/td>\n<\/tr>\n<tr>\n<td><strong>G\u00f6rg\u0151k<\/strong><\/td>\n<td>V\u00e1laszthat\u00f3 h 140 mm<\/td>\n<td>V\u00e1laszthat\u00f3 h 140 mm<\/td>\n<td>V\u00e1laszthat\u00f3 h 140 mm<\/td>\n<\/tr>\n<tr>\n<td><strong>Munkalap<\/strong><\/td>\n<td>Gr\u00e1nit, 25 mm<\/td>\n<td>Gr\u00e1nit, 25 mm<\/td>\n<td>Gr\u00e1nit, 25 mm<\/td>\n<\/tr>\n<tr>\n<td><strong>Nett\u00f3-brutt\u00f3 s\u00faly<\/strong><\/td>\n<td>170 \/ 190 kg<\/td>\n<td>362 \/ 380 kg<\/td>\n<td>320 \/ 340 kg<\/td>\n<\/tr>\n<tr>\n<td><strong>Fesz\u00fclts\u00e9g<\/strong><\/td>\n<td>220-240 V<\/td>\n<td>220-240 V<\/td>\n<td>220-240 V<\/td>\n<\/tr>\n<tr>\n<td><strong>Frekvencia<\/strong><\/td>\n<td>50 Hz<\/td>\n<td>50 Hz<\/td>\n<td>50 Hz<\/td>\n<\/tr>\n<tr>\n<td><strong>H\u0171t\u0151k\u00f6zeg<\/strong><\/td>\n<td>R600A<\/td>\n<td>R600A<\/td>\n<td>R600A<\/td>\n<\/tr>\n<tr>\n<td><strong>Abszorpci\u00f3<\/strong><\/td>\n<td>235 W<\/td>\n<td>300 W<\/td>\n<td>300 W<\/td>\n<\/tr>\n<tr>\n<td><strong>Energiafogyaszt\u00e1s (24 \u00f3ra)<\/strong><\/td>\n<td>2,96 kWh<\/td>\n<td>2,17 kWh<\/td>\n<td>3,20 kWh<\/td>\n<\/tr>\n<\/tbody>\n<\/table>\n<\/div>\n<\/div>\n<\/div>\n<\/div>\n<\/div>\n<\/div>","protected":false},"excerpt":{"rendered":"<p>The SALADETTE SF 903 PZ is a professional refrigerated pizza bench designed for high-performance catering environments. Built entirely in AISI 304 stainless steel, both inside and outside, it ensures hygiene, durability, and resistance to corrosion. Equipped with a granite worktop, this unit provides an ideal surface for pizza preparation while keeping ingredients fresh within the [&hellip;]<\/p>\n","protected":false},"featured_media":7322,"comment_status":"open","ping_status":"closed","template":"","meta":[],"product_brand":[],"product_cat":[51],"product_tag":[],"class_list":{"0":"post-7321","1":"product","2":"type-product","3":"status-publish","4":"has-post-thumbnail","6":"product_cat-kitchen-catering-cooling","8":"first","9":"instock","10":"shipping-taxable","11":"product-type-simple"},"_links":{"self":[{"href":"https:\/\/dersuessestopp.com\/hu\/wp-json\/wp\/v2\/product\/7321","targetHints":{"allow":["GET"]}}],"collection":[{"href":"https:\/\/dersuessestopp.com\/hu\/wp-json\/wp\/v2\/product"}],"about":[{"href":"https:\/\/dersuessestopp.com\/hu\/wp-json\/wp\/v2\/types\/product"}],"replies":[{"embeddable":true,"href":"https:\/\/dersuessestopp.com\/hu\/wp-json\/wp\/v2\/comments?post=7321"}],"version-history":[{"count":4,"href":"https:\/\/dersuessestopp.com\/hu\/wp-json\/wp\/v2\/product\/7321\/revisions"}],"predecessor-version":[{"id":11943,"href":"https:\/\/dersuessestopp.com\/hu\/wp-json\/wp\/v2\/product\/7321\/revisions\/11943"}],"wp:featuredmedia":[{"embeddable":true,"href":"https:\/\/dersuessestopp.com\/hu\/wp-json\/wp\/v2\/media\/7322"}],"wp:attachment":[{"href":"https:\/\/dersuessestopp.com\/hu\/wp-json\/wp\/v2\/media?parent=7321"}],"wp:term":[{"taxonomy":"product_brand","embeddable":true,"href":"https:\/\/dersuessestopp.com\/hu\/wp-json\/wp\/v2\/product_brand?post=7321"},{"taxonomy":"product_cat","embeddable":true,"href":"https:\/\/dersuessestopp.com\/hu\/wp-json\/wp\/v2\/product_cat?post=7321"},{"taxonomy":"product_tag","embeddable":true,"href":"https:\/\/dersuessestopp.com\/hu\/wp-json\/wp\/v2\/product_tag?post=7321"}],"curies":[{"name":"wp","href":"https:\/\/api.w.org\/{rel}","templated":true}]}}