{"id":7316,"date":"2025-09-01T06:46:40","date_gmt":"2025-09-01T06:46:40","guid":{"rendered":"https:\/\/dersuessestopp.com\/?post_type=product&#038;p=7316"},"modified":"2025-10-09T02:32:06","modified_gmt":"2025-10-09T02:32:06","slug":"gn-200-g-tn-blk","status":"publish","type":"product","link":"https:\/\/dersuessestopp.com\/hu\/product\/gn-200-g-tn-blk\/","title":{"rendered":"GN 200 G TN BLK"},"content":{"rendered":"<p data-start=\"193\" data-end=\"621\"><img decoding=\"async\" src=\"https:\/\/customer.klimaitalia.it\/api\/file\/image\/9992\" \/><\/p>\n<p data-start=\"193\" data-end=\"621\">A <strong data-start=\"197\" data-end=\"216\">GN 200 G TN BLK<\/strong> egy kompakt h\u0171t\u0151szekr\u00e9ny, amelyet professzion\u00e1lis vend\u00e9gl\u00e1t\u00f3ipari k\u00f6rnyezetbe terveztek. Statikus ventil\u00e1torral seg\u00edtett h\u0171t\u0151rendszer\u00e9vel, meger\u0151s\u00edtett polcaival, LED-vil\u00e1g\u00edt\u00e1s\u00e1val \u00e9s eleg\u00e1ns \u00fcvegajt\u00f3j\u00e1val a praktikumot modern st\u00edlussal \u00f6tv\u00f6zi. A be\u00e9p\u00edtett foganty\u00fa \u00e9s a korr\u00f3zi\u00f3g\u00e1tl\u00f3val kezelt k\u00fcls\u0151 biztos\u00edtja a hossz\u00fa t\u00e1v\u00fa tart\u00f3ss\u00e1got, m\u00edg a pozit\u00edv h\u0151m\u00e9rs\u00e9klet-tartom\u00e1nynak k\u00f6sz\u00f6nhet\u0151en ide\u00e1lis a friss \u00e9lelmiszerek \u00e9s italok t\u00e1rol\u00e1s\u00e1ra.<\/p>\n<p data-start=\"623\" data-end=\"867\">Ez a modell a k\u00f6vetkez\u0151ket is t\u00e1mogatja <strong data-start=\"648\" data-end=\"680\">Smart Link WiFi kapcsolat<\/strong> (opcion\u00e1lis), amely lehet\u0151v\u00e9 teszi a t\u00e1voli fel\u00fcgyeletet \u00e9s vez\u00e9rl\u00e9st. Ak\u00e1r \u00e9ttermekben, k\u00e1v\u00e9z\u00f3kban vagy vend\u00e9gl\u00e1t\u00f3ipari egys\u00e9gekben, a GN 200 sorozat garant\u00e1lja a megb\u00edzhat\u00f3s\u00e1got, az energiahat\u00e9konys\u00e1got \u00e9s a k\u00f6nny\u0171 haszn\u00e1latot.<\/p>\n<h2 data-start=\"1266\" data-end=\"1287\"><strong data-start=\"1269\" data-end=\"1287\">Modell \u00e1ttekint\u00e9s<\/strong><\/h2>\n<div class=\"_tableContainer_1rjym_1\">\n<div class=\"_tableWrapper_1rjym_13 group flex w-fit flex-col-reverse\">\n<table>\n<thead>\n<tr>\n<th>Modell<\/th>\n<th>Le\u00edr\u00e1s<\/th>\n<th>Lass\u00fas\u00e1g. Tartom\u00e1ny<\/th>\n<th>Ajt\u00f3 t\u00edpusa<\/th>\n<\/tr>\n<\/thead>\n<tbody>\n<tr>\n<td><strong>GN 200 PS TN<\/strong><\/td>\n<td>Statikus szekr\u00e9ny kever\u0151vel<\/td>\n<td>0 \u00b0C \/ +10 \u00b0C<\/td>\n<td>ABS<\/td>\n<\/tr>\n<tr>\n<td><strong>GN 200 G TN<\/strong><\/td>\n<td>Statikus ventil\u00e1torral, \u00fcvegajt\u00f3val<\/td>\n<td>+2 \u00b0C \/ +10 \u00b0C<\/td>\n<td>\u00dcveg<\/td>\n<\/tr>\n<tr>\n<td><strong>GN 200 G TN BLK<\/strong><\/td>\n<td>Statikus ventil\u00e1torral seg\u00edtett, fekete \u00fcvegajt\u00f3kkal<\/td>\n<td>+2 \u00b0C \/ +10 \u00b0C<\/td>\n<td>\u00dcveg<\/td>\n<\/tr>\n<\/tbody>\n<\/table>\n<h2 data-start=\"1636\" data-end=\"1653\"><strong data-start=\"1639\" data-end=\"1653\">M\u00e9retek<\/strong><\/h2>\n<div class=\"_tableContainer_1rjym_1\">\n<div class=\"_tableWrapper_1rjym_13 group flex w-fit flex-col-reverse\">\n<table>\n<thead>\n<tr>\n<th>Specifik\u00e1ci\u00f3<\/th>\n<th>GN 200 PS TN<\/th>\n<th>GN 200 G TN \/ K\u00c9K<\/th>\n<\/tr>\n<\/thead>\n<tbody>\n<tr>\n<td><strong>K\u00fcls\u0151 m\u00e9retek (WxDxH)<\/strong><\/td>\n<td>600 x 625 x 850 mm<\/td>\n<td>600 x 625 x 850 mm<\/td>\n<\/tr>\n<tr>\n<td><strong>Csomagol\u00e1si m\u00e9retek (WxDxH)<\/strong><\/td>\n<td>660 x 725 x 1000 mm<\/td>\n<td>660 x 725 x 1000 mm<\/td>\n<\/tr>\n<tr>\n<td><strong>Sz\u00e9less\u00e9g (A)<\/strong><\/td>\n<td>457 mm<\/td>\n<td>457 mm<\/td>\n<\/tr>\n<tr>\n<td><strong>M\u00e9lys\u00e9g (B)<\/strong><\/td>\n<td>474 mm<\/td>\n<td>474 mm<\/td>\n<\/tr>\n<tr>\n<td><strong>Magass\u00e1g (C)<\/strong><\/td>\n<td>600 mm<\/td>\n<td>600 mm<\/td>\n<\/tr>\n<tr>\n<td><strong>Min. M\u00e9lys\u00e9g (D)<\/strong><\/td>\n<td>264 mm<\/td>\n<td>264 mm<\/td>\n<\/tr>\n<tr>\n<td><strong>Min. Magass\u00e1g (E)<\/strong><\/td>\n<td>390 mm<\/td>\n<td>390 mm<\/td>\n<\/tr>\n<\/tbody>\n<\/table>\n<h2 data-start=\"2118\" data-end=\"2143\"><strong data-start=\"2121\" data-end=\"2143\">M\u0171szaki jellemz\u0151k<\/strong><\/h2>\n<div class=\"_tableContainer_1rjym_1\">\n<div class=\"_tableWrapper_1rjym_13 group flex w-fit flex-col-reverse\">\n<table>\n<thead>\n<tr>\n<th>Jellemz\u0151<\/th>\n<th>GN 200 PS TN<\/th>\n<th>GN 200 G TN \/ K\u00c9K<\/th>\n<\/tr>\n<\/thead>\n<tbody>\n<tr>\n<td><strong>H\u0151m\u00e9rs\u00e9klet tartom\u00e1ny<\/strong><\/td>\n<td>0 \u00b0C \/ +10 \u00b0C<\/td>\n<td>+2 \u00b0C \/ +10 \u00b0C<\/td>\n<\/tr>\n<tr>\n<td><strong>Kl\u00edmaoszt\u00e1ly<\/strong><\/td>\n<td>4<\/td>\n<td>4<\/td>\n<\/tr>\n<tr>\n<td><strong>Kapacit\u00e1s<\/strong><\/td>\n<td>200 L<\/td>\n<td>200 L<\/td>\n<\/tr>\n<tr>\n<td><strong>K\u00fcls\u0151 test<\/strong><\/td>\n<td>El\u0151re festett lemez korr\u00f3zi\u00f3g\u00e1tl\u00f3 kezel\u00e9ssel<\/td>\n<td>El\u0151re festett lemez korr\u00f3zi\u00f3g\u00e1tl\u00f3 kezel\u00e9ssel<\/td>\n<\/tr>\n<tr>\n<td><strong>Bels\u0151 b\u00e9l\u00e9s<\/strong><\/td>\n<td>ABS<\/td>\n<td>ABS<\/td>\n<\/tr>\n<tr>\n<td><strong>Termoszt\u00e1t<\/strong><\/td>\n<td>Elektronikus<\/td>\n<td>Elektronikus<\/td>\n<\/tr>\n<tr>\n<td><strong>Zajszint<\/strong><\/td>\n<td>43,8 dB<\/td>\n<td>38,6 dB<\/td>\n<\/tr>\n<tr>\n<td><strong>Smart Link WiFi<\/strong><\/td>\n<td>Opcion\u00e1lis<\/td>\n<td>Opcion\u00e1lis<\/td>\n<\/tr>\n<tr>\n<td><strong>Szigetel\u00e9s vastags\u00e1ga<\/strong><\/td>\n<td>70 mm<\/td>\n<td>70 mm<\/td>\n<\/tr>\n<tr>\n<td><strong>Leolvaszt\u00e1s<\/strong><\/td>\n<td>Automatikus<\/td>\n<td>Automatikus<\/td>\n<\/tr>\n<tr>\n<td><strong>Vil\u00e1g\u00edt\u00e1s<\/strong><\/td>\n<td>1 v\u00edzszintes LED 6W<\/td>\n<td>2 f\u00fcgg\u0151leges LED 6W + 6W<\/td>\n<\/tr>\n<tr>\n<td><strong>\u00d6nz\u00e1r\u00f3 ajt\u00f3<\/strong><\/td>\n<td>Igen<\/td>\n<td>Igen<\/td>\n<\/tr>\n<tr>\n<td><strong>Z\u00e1r \u00e9s kulcs<\/strong><\/td>\n<td>Igen<\/td>\n<td>Igen<\/td>\n<\/tr>\n<tr>\n<td><strong>Megford\u00edthat\u00f3 ajt\u00f3<\/strong><\/td>\n<td>Igen<\/td>\n<td>Nem<\/td>\n<\/tr>\n<tr>\n<td><strong>Polcok<\/strong><\/td>\n<td>2 \u00d7 476\u00d7436 mm + 1 \u00d7 477\u00d7207 mm<\/td>\n<td>2 \u00d7 476\u00d7436 mm + 1 \u00d7 477\u00d7207 mm<\/td>\n<\/tr>\n<tr>\n<td><strong>G\u00f6rg\u0151k \/ l\u00e1bak<\/strong><\/td>\n<td>2 l\u00e1b + 2 g\u00f6rg\u0151<\/td>\n<td>2 l\u00e1b + 2 g\u00f6rg\u0151<\/td>\n<\/tr>\n<tr>\n<td><strong>Ajt\u00f3 t\u00edpusa<\/strong><\/td>\n<td>ABS<\/td>\n<td>\u00dcveg<\/td>\n<\/tr>\n<tr>\n<td><strong>Nett\u00f3\/brutt\u00f3 s\u00faly<\/strong><\/td>\n<td>40 \/ 43 kg<\/td>\n<td>41 \/ 45 kg<\/td>\n<\/tr>\n<tr>\n<td><strong>Fesz\u00fclts\u00e9g<\/strong><\/td>\n<td>220-240 V<\/td>\n<td>220-240 V<\/td>\n<\/tr>\n<tr>\n<td><strong>Frekvencia<\/strong><\/td>\n<td>50 Hz<\/td>\n<td>50 Hz<\/td>\n<\/tr>\n<tr>\n<td><strong>H\u0171t\u0151k\u00f6zeg<\/strong><\/td>\n<td>R600A<\/td>\n<td>R600A<\/td>\n<\/tr>\n<tr>\n<td><strong>Energiaelnyel\u00e9s<\/strong><\/td>\n<td>125 W<\/td>\n<td>157 W<\/td>\n<\/tr>\n<tr>\n<td><strong>Energiafogyaszt\u00e1s (24 \u00f3ra)<\/strong><\/td>\n<td>1,25 kWh<\/td>\n<td>1,96 kWh<\/td>\n<\/tr>\n<\/tbody>\n<\/table>\n<\/div>\n<\/div>\n<\/div>\n<\/div>\n<\/div>\n<\/div>","protected":false},"excerpt":{"rendered":"<p>The GN 200 G TN BLK is a compact refrigerated cabinet designed for professional catering environments. With its static-fan assisted cooling system, reinforced shelves, LED lighting, and sleek glass door, it combines practicality with modern style. The built-in handle and anti-corrosion treated exterior ensure long-term durability, while the positive temperature range makes it ideal for [&hellip;]<\/p>\n","protected":false},"featured_media":7317,"comment_status":"open","ping_status":"closed","template":"","meta":[],"product_brand":[],"product_cat":[51],"product_tag":[],"class_list":{"0":"post-7316","1":"product","2":"type-product","3":"status-publish","4":"has-post-thumbnail","6":"product_cat-kitchen-catering-cooling","8":"first","9":"instock","10":"shipping-taxable","11":"product-type-simple"},"_links":{"self":[{"href":"https:\/\/dersuessestopp.com\/hu\/wp-json\/wp\/v2\/product\/7316","targetHints":{"allow":["GET"]}}],"collection":[{"href":"https:\/\/dersuessestopp.com\/hu\/wp-json\/wp\/v2\/product"}],"about":[{"href":"https:\/\/dersuessestopp.com\/hu\/wp-json\/wp\/v2\/types\/product"}],"replies":[{"embeddable":true,"href":"https:\/\/dersuessestopp.com\/hu\/wp-json\/wp\/v2\/comments?post=7316"}],"version-history":[{"count":3,"href":"https:\/\/dersuessestopp.com\/hu\/wp-json\/wp\/v2\/product\/7316\/revisions"}],"predecessor-version":[{"id":12197,"href":"https:\/\/dersuessestopp.com\/hu\/wp-json\/wp\/v2\/product\/7316\/revisions\/12197"}],"wp:featuredmedia":[{"embeddable":true,"href":"https:\/\/dersuessestopp.com\/hu\/wp-json\/wp\/v2\/media\/7317"}],"wp:attachment":[{"href":"https:\/\/dersuessestopp.com\/hu\/wp-json\/wp\/v2\/media?parent=7316"}],"wp:term":[{"taxonomy":"product_brand","embeddable":true,"href":"https:\/\/dersuessestopp.com\/hu\/wp-json\/wp\/v2\/product_brand?post=7316"},{"taxonomy":"product_cat","embeddable":true,"href":"https:\/\/dersuessestopp.com\/hu\/wp-json\/wp\/v2\/product_cat?post=7316"},{"taxonomy":"product_tag","embeddable":true,"href":"https:\/\/dersuessestopp.com\/hu\/wp-json\/wp\/v2\/product_tag?post=7316"}],"curies":[{"name":"wp","href":"https:\/\/api.w.org\/{rel}","templated":true}]}}