{"id":7311,"date":"2025-09-01T06:44:01","date_gmt":"2025-09-01T06:44:01","guid":{"rendered":"https:\/\/dersuessestopp.com\/?post_type=product&#038;p=7311"},"modified":"2025-10-09T02:31:16","modified_gmt":"2025-10-09T02:31:16","slug":"gn-200-g-tn","status":"publish","type":"product","link":"https:\/\/dersuessestopp.com\/hu\/product\/gn-200-g-tn\/","title":{"rendered":"GN 200 G TN"},"content":{"rendered":"<p><img decoding=\"async\" src=\"https:\/\/customer.klimaitalia.it\/api\/file\/image\/3904\" \/><\/p>\n<p>A <strong data-start=\"284\" data-end=\"323\">GN 200 sorozat\u00fa h\u0171t\u0151szekr\u00e9nyek<\/strong> kompakt, professzion\u00e1lis min\u0151s\u00e9g\u0171 egys\u00e9gek, amelyeket vend\u00e9gl\u00e1t\u00f3ipari, b\u00e1rok, \u00e9ttermek \u00e9s vend\u00e9gl\u00e1t\u00f3ipari v\u00e1llalkoz\u00e1sok sz\u00e1m\u00e1ra terveztek. Kaphat\u00f3 <strong data-start=\"445\" data-end=\"467\">t\u00f6m\u00f6r ajt\u00f3 (PS TN)<\/strong> \u00e9s <strong data-start=\"472\" data-end=\"499\">\u00fcvegajt\u00f3 (G TN \/ BLK)<\/strong> v\u00e1ltozatokban ezek a szekr\u00e9nyek \u00f6tv\u00f6zik a modern diz\u00e1jnt a megb\u00edzhat\u00f3s\u00e1ggal. Be\u00e9p\u00edtett foganty\u00fakkal, meger\u0151s\u00edtett polcokkal, LED-es vil\u00e1g\u00edt\u00e1ssal \u00e9s opcion\u00e1lis WiFi Smart Link t\u00e1vir\u00e1ny\u00edt\u00f3val egyszerre k\u00edn\u00e1lnak praktikumot \u00e9s st\u00edlust. A szekr\u00e9nyek ventil\u00e1toros h\u0171t\u00e9ssel rendelkeznek az egyenletes h\u0171t\u00e9s \u00e9rdek\u00e9ben, \u00edgy stabil, pozit\u00edv h\u0151m\u00e9rs\u00e9klet\u0171 t\u00e1rol\u00e1st biztos\u00edtanak a friss term\u00e9kek sz\u00e1m\u00e1ra.<\/p>\n<h2 data-start=\"1476\" data-end=\"1493\"><strong data-start=\"1479\" data-end=\"1493\">M\u00e9retek<\/strong><\/h2>\n<div class=\"_tableContainer_1rjym_1\">\n<div class=\"_tableWrapper_1rjym_13 group flex w-fit flex-col-reverse\">\n<table>\n<thead>\n<tr>\n<th>Specifik\u00e1ci\u00f3<\/th>\n<th>GN 200 PS TN<\/th>\n<th>GN 200 G TN \/ K\u00c9K<\/th>\n<\/tr>\n<\/thead>\n<tbody>\n<tr>\n<td>K\u00fcls\u0151 m\u00e9retek (WxDxH)<\/td>\n<td>600 x 625 x 850 mm<\/td>\n<td>600 x 625 x 850 mm<\/td>\n<\/tr>\n<tr>\n<td>Csomagol\u00e1si m\u00e9retek (WxDxH)<\/td>\n<td>660 x 725 x 1000 mm<\/td>\n<td>660 x 725 x 1000 mm<\/td>\n<\/tr>\n<tr>\n<td>Bels\u0151 sz\u00e9less\u00e9g (A)<\/td>\n<td>457 mm<\/td>\n<td>457 mm<\/td>\n<\/tr>\n<tr>\n<td>Bels\u0151 m\u00e9lys\u00e9g (B)<\/td>\n<td>474 mm<\/td>\n<td>474 mm<\/td>\n<\/tr>\n<tr>\n<td>Bels\u0151 magass\u00e1g (C)<\/td>\n<td>600 mm<\/td>\n<td>600 mm<\/td>\n<\/tr>\n<tr>\n<td>Minim\u00e1lis m\u00e9lys\u00e9g (D)<\/td>\n<td>264 mm<\/td>\n<td>264 mm<\/td>\n<\/tr>\n<tr>\n<td>Minim\u00e1lis magass\u00e1g (E)<\/td>\n<td>390 mm<\/td>\n<td>390 mm<\/td>\n<\/tr>\n<\/tbody>\n<\/table>\n<h2 data-start=\"1962\" data-end=\"1987\"><strong data-start=\"1965\" data-end=\"1987\">M\u0171szaki jellemz\u0151k<\/strong><\/h2>\n<div class=\"_tableContainer_1rjym_1\">\n<div class=\"_tableWrapper_1rjym_13 group flex w-fit flex-col-reverse\">\n<table>\n<thead>\n<tr>\n<th>Jellemz\u0151<\/th>\n<th>GN 200 PS TN<\/th>\n<th>GN 200 G TN \/ K\u00c9K<\/th>\n<\/tr>\n<\/thead>\n<tbody>\n<tr>\n<td>H\u0151m\u00e9rs\u00e9klet<\/td>\n<td>0\u00b0C \u00e9s +10\u00b0C k\u00f6z\u00f6tt<\/td>\n<td>+2\u00b0C \u00e9s +10\u00b0C k\u00f6z\u00f6tt<\/td>\n<\/tr>\n<tr>\n<td>Kl\u00edmaoszt\u00e1ly<\/td>\n<td>4<\/td>\n<td>4<\/td>\n<\/tr>\n<tr>\n<td>Kapacit\u00e1s<\/td>\n<td>200 L<\/td>\n<td>200 L<\/td>\n<\/tr>\n<tr>\n<td>K\u00fcls\u0151 test<\/td>\n<td>El\u0151re festett ac\u00e9l korr\u00f3zi\u00f3g\u00e1tl\u00f3 kezel\u00e9ssel<\/td>\n<td>El\u0151re festett ac\u00e9l korr\u00f3zi\u00f3g\u00e1tl\u00f3 kezel\u00e9ssel<\/td>\n<\/tr>\n<tr>\n<td>Bels\u0151 b\u00e9l\u00e9s<\/td>\n<td>ABS<\/td>\n<td>ABS<\/td>\n<\/tr>\n<tr>\n<td>Termoszt\u00e1t<\/td>\n<td>Elektronikus<\/td>\n<td>Elektronikus<\/td>\n<\/tr>\n<tr>\n<td>Leolvaszt\u00e1s<\/td>\n<td>Automatikus<\/td>\n<td>Automatikus<\/td>\n<\/tr>\n<tr>\n<td>Vil\u00e1g\u00edt\u00e1s<\/td>\n<td>1 v\u00edzszintes LED (6W)<\/td>\n<td>2 f\u00fcgg\u0151leges LED (6W + 6W)<\/td>\n<\/tr>\n<tr>\n<td>Ajt\u00f3<\/td>\n<td>T\u00f6m\u00f6r ABS<\/td>\n<td>\u00dcveg<\/td>\n<\/tr>\n<tr>\n<td>Polcok<\/td>\n<td>2 db (476\u00d7436 mm) + 1 db (477\u00d7207 mm)<\/td>\n<td>2 db (476\u00d7436 mm) + 1 db (477\u00d7207 mm)<\/td>\n<\/tr>\n<tr>\n<td>Z\u00e1r \u00e9s kulcs<\/td>\n<td>Igen<\/td>\n<td>Igen<\/td>\n<\/tr>\n<tr>\n<td>Megford\u00edthat\u00f3 ajt\u00f3<\/td>\n<td>Igen<\/td>\n<td>Nem<\/td>\n<\/tr>\n<tr>\n<td>Zajszint<\/td>\n<td>43,8 dB<\/td>\n<td>38,6 dB<\/td>\n<\/tr>\n<tr>\n<td>Castors\/Feet<\/td>\n<td>2 l\u00e1b + 2 g\u00f6rg\u0151<\/td>\n<td>2 l\u00e1b + 2 g\u00f6rg\u0151<\/td>\n<\/tr>\n<tr>\n<td>Nett\u00f3 \/ brutt\u00f3 s\u00faly<\/td>\n<td>40 \/ 43 kg<\/td>\n<td>41 \/ 45 kg<\/td>\n<\/tr>\n<tr>\n<td>Fesz\u00fclts\u00e9g<\/td>\n<td>220-240 V<\/td>\n<td>220-240 V<\/td>\n<\/tr>\n<tr>\n<td>Frekvencia<\/td>\n<td>50 Hz<\/td>\n<td>50 Hz<\/td>\n<\/tr>\n<tr>\n<td>H\u0171t\u0151k\u00f6zeg<\/td>\n<td>R600A<\/td>\n<td>R600A<\/td>\n<\/tr>\n<tr>\n<td>Energiaelnyel\u00e9s<\/td>\n<td>125 W<\/td>\n<td>157 W<\/td>\n<\/tr>\n<tr>\n<td>Energiafogyaszt\u00e1s<\/td>\n<td>1,25 kWh\/24h<\/td>\n<td>1,96 kWh\/24h<\/td>\n<\/tr>\n<\/tbody>\n<\/table>\n<\/div>\n<\/div>\n<\/div>\n<\/div>","protected":false},"excerpt":{"rendered":"<p>The GN 200 Series Refrigerated Cabinets are compact, professional-grade units designed for catering, bars, restaurants, and hospitality businesses. Available in solid door (PS TN) and glass door (G TN \/ BLK) versions, these cabinets combine modern design with reliability. With built-in handles, reinforced shelves, LED lighting, and optional WiFi Smart Link remote control, they offer [&hellip;]<\/p>\n","protected":false},"featured_media":7312,"comment_status":"open","ping_status":"closed","template":"","meta":[],"product_brand":[],"product_cat":[51],"product_tag":[],"class_list":{"0":"post-7311","1":"product","2":"type-product","3":"status-publish","4":"has-post-thumbnail","6":"product_cat-kitchen-catering-cooling","8":"first","9":"instock","10":"shipping-taxable","11":"product-type-simple"},"_links":{"self":[{"href":"https:\/\/dersuessestopp.com\/hu\/wp-json\/wp\/v2\/product\/7311","targetHints":{"allow":["GET"]}}],"collection":[{"href":"https:\/\/dersuessestopp.com\/hu\/wp-json\/wp\/v2\/product"}],"about":[{"href":"https:\/\/dersuessestopp.com\/hu\/wp-json\/wp\/v2\/types\/product"}],"replies":[{"embeddable":true,"href":"https:\/\/dersuessestopp.com\/hu\/wp-json\/wp\/v2\/comments?post=7311"}],"version-history":[{"count":3,"href":"https:\/\/dersuessestopp.com\/hu\/wp-json\/wp\/v2\/product\/7311\/revisions"}],"predecessor-version":[{"id":12195,"href":"https:\/\/dersuessestopp.com\/hu\/wp-json\/wp\/v2\/product\/7311\/revisions\/12195"}],"wp:featuredmedia":[{"embeddable":true,"href":"https:\/\/dersuessestopp.com\/hu\/wp-json\/wp\/v2\/media\/7312"}],"wp:attachment":[{"href":"https:\/\/dersuessestopp.com\/hu\/wp-json\/wp\/v2\/media?parent=7311"}],"wp:term":[{"taxonomy":"product_brand","embeddable":true,"href":"https:\/\/dersuessestopp.com\/hu\/wp-json\/wp\/v2\/product_brand?post=7311"},{"taxonomy":"product_cat","embeddable":true,"href":"https:\/\/dersuessestopp.com\/hu\/wp-json\/wp\/v2\/product_cat?post=7311"},{"taxonomy":"product_tag","embeddable":true,"href":"https:\/\/dersuessestopp.com\/hu\/wp-json\/wp\/v2\/product_tag?post=7311"}],"curies":[{"name":"wp","href":"https:\/\/api.w.org\/{rel}","templated":true}]}}