{"id":7307,"date":"2025-09-01T06:39:49","date_gmt":"2025-09-01T06:39:49","guid":{"rendered":"https:\/\/dersuessestopp.com\/?post_type=product&#038;p=7307"},"modified":"2025-10-09T02:30:26","modified_gmt":"2025-10-09T02:30:26","slug":"gn-200-ps-tn","status":"publish","type":"product","link":"https:\/\/dersuessestopp.com\/hu\/product\/gn-200-ps-tn\/","title":{"rendered":"GN 200 PS TN"},"content":{"rendered":"<p><img decoding=\"async\" src=\"https:\/\/customer.klimaitalia.it\/api\/file\/image\/3898\" \/><\/p>\n<p>Kompakt \u00e9s hat\u00e9kony h\u0171t\u0151szekr\u00e9nyek, amelyeket vend\u00e9gl\u00e1t\u00f3helyek, b\u00e1rok \u00e9s professzion\u00e1lis konyh\u00e1k sz\u00e1m\u00e1ra terveztek.<br data-start=\"351\" data-end=\"354\" \/>A  oldalon. <strong data-start=\"364\" data-end=\"464\">be\u00e9p\u00edtett foganty\u00fak, LED-vil\u00e1g\u00edt\u00e1s, meger\u0151s\u00edtett polcok \u00e9s opcion\u00e1lis Smart Link WiFi t\u00e1vir\u00e1ny\u00edt\u00f3.<\/strong><\/p>\n<h2 data-start=\"471\" data-end=\"494\"><strong data-start=\"474\" data-end=\"494\">El\u00e9rhet\u0151 modellek<\/strong><\/h2>\n<ul data-start=\"495\" data-end=\"784\">\n<li data-start=\"495\" data-end=\"588\">\n<p data-start=\"497\" data-end=\"588\"><strong data-start=\"497\" data-end=\"513\">GN 200 PS TN<\/strong> - Statikus ventil\u00e1torral t\u00e1mogatott szekr\u00e9ny t\u00f6m\u00f6r ABS ajt\u00f3val, pozit\u00edv h\u0151m\u00e9rs\u00e9klet.<\/p>\n<\/li>\n<li data-start=\"589\" data-end=\"677\">\n<p data-start=\"591\" data-end=\"677\"><strong data-start=\"591\" data-end=\"606\">GN 200 G TN<\/strong> - Statikus ventil\u00e1torral seg\u00edtett szekr\u00e9ny \u00fcvegajt\u00f3val, pozit\u00edv h\u0151m\u00e9rs\u00e9klettel.<\/p>\n<\/li>\n<li data-start=\"678\" data-end=\"784\">\n<p data-start=\"680\" data-end=\"784\"><strong data-start=\"680\" data-end=\"699\">GN 200 G TN BLK<\/strong> - Statikus ventil\u00e1torral seg\u00edtett szekr\u00e9ny \u00fcvegajt\u00f3val, fekete kivitelben, pozit\u00edv h\u0151m\u00e9rs\u00e9klet.<\/p>\n<\/li>\n<\/ul>\n<h2 data-start=\"791\" data-end=\"808\"><strong data-start=\"794\" data-end=\"808\">M\u00e9retek<\/strong><\/h2>\n<div class=\"_tableContainer_1rjym_1\">\n<div class=\"_tableWrapper_1rjym_13 group flex w-fit flex-col-reverse\">\n<table>\n<thead>\n<tr>\n<th>Jellemz\u0151<\/th>\n<th>GN 200 PS TN<\/th>\n<th>GN 200 G TN \/ K\u00c9K<\/th>\n<\/tr>\n<\/thead>\n<tbody>\n<tr>\n<td>K\u00fcls\u0151 m\u00e9retek (WxDxH)<\/td>\n<td>600 \u00d7 625 \u00d7 850 mm<\/td>\n<td>600 \u00d7 625 \u00d7 850 mm<\/td>\n<\/tr>\n<tr>\n<td>Csomagol\u00e1si m\u00e9retek (WxDxH)<\/td>\n<td>660 \u00d7 725 \u00d7 1000 mm<\/td>\n<td>660 \u00d7 725 \u00d7 1000 mm<\/td>\n<\/tr>\n<tr>\n<td>Sz\u00e9less\u00e9g (A)<\/td>\n<td>457 mm<\/td>\n<td>457 mm<\/td>\n<\/tr>\n<tr>\n<td>M\u00e9lys\u00e9g (B)<\/td>\n<td>474 mm<\/td>\n<td>474 mm<\/td>\n<\/tr>\n<tr>\n<td>Magass\u00e1g (C)<\/td>\n<td>600 mm<\/td>\n<td>600 mm<\/td>\n<\/tr>\n<tr>\n<td>Min. M\u00e9lys\u00e9g (D)<\/td>\n<td>264 mm<\/td>\n<td>264 mm<\/td>\n<\/tr>\n<tr>\n<td>Min. Magass\u00e1g (E)<\/td>\n<td>390 mm<\/td>\n<td>390 mm<\/td>\n<\/tr>\n<\/tbody>\n<\/table>\n<h2 data-start=\"1233\" data-end=\"1258\"><strong data-start=\"1236\" data-end=\"1258\">M\u0171szaki jellemz\u0151k<\/strong><\/h2>\n<div class=\"_tableContainer_1rjym_1\">\n<div class=\"_tableWrapper_1rjym_13 group flex w-fit flex-col-reverse\">\n<table>\n<thead>\n<tr>\n<th>Jellemz\u0151<\/th>\n<th>GN 200 PS TN<\/th>\n<th>GN 200 G TN \/ K\u00c9K<\/th>\n<\/tr>\n<\/thead>\n<tbody>\n<tr>\n<td>H\u0151m\u00e9rs\u00e9klet tartom\u00e1ny<\/td>\n<td>0 \u00b0C \/ +10 \u00b0C<\/td>\n<td>+2 \u00b0C \/ +10 \u00b0C<\/td>\n<\/tr>\n<tr>\n<td>Kl\u00edmaoszt\u00e1ly<\/td>\n<td>4<\/td>\n<td>4<\/td>\n<\/tr>\n<tr>\n<td>Kapacit\u00e1s<\/td>\n<td>200 L<\/td>\n<td>200 L<\/td>\n<\/tr>\n<tr>\n<td>K\u00fcls\u0151 test<\/td>\n<td>El\u0151re festett lemez, korr\u00f3zi\u00f3g\u00e1tl\u00f3<\/td>\n<td>El\u0151re festett lemez, korr\u00f3zi\u00f3g\u00e1tl\u00f3<\/td>\n<\/tr>\n<tr>\n<td>Bels\u0151 b\u00e9l\u00e9s<\/td>\n<td>ABS<\/td>\n<td>ABS<\/td>\n<\/tr>\n<tr>\n<td>Termoszt\u00e1t<\/td>\n<td>Elektronikus<\/td>\n<td>Elektronikus<\/td>\n<\/tr>\n<tr>\n<td>Zajszint<\/td>\n<td>43,8 dB<\/td>\n<td>38,6 dB<\/td>\n<\/tr>\n<tr>\n<td>Smart Link WiFi t\u00e1vir\u00e1ny\u00edt\u00f3<\/td>\n<td>Opcion\u00e1lis<\/td>\n<td>Opcion\u00e1lis<\/td>\n<\/tr>\n<tr>\n<td>Szigetel\u00e9s vastags\u00e1ga<\/td>\n<td>70 mm<\/td>\n<td>70 mm<\/td>\n<\/tr>\n<tr>\n<td>Leolvaszt\u00e1s<\/td>\n<td>Automatikus<\/td>\n<td>Automatikus<\/td>\n<\/tr>\n<tr>\n<td>Vil\u00e1g\u00edt\u00e1s<\/td>\n<td>1 \u00d7 6W v\u00edzszintes LED<\/td>\n<td>2 \u00d7 6W-os f\u00fcgg\u0151leges LED<\/td>\n<\/tr>\n<tr>\n<td>\u00d6nz\u00e1r\u00f3 ajt\u00f3<\/td>\n<td>Igen<\/td>\n<td>Igen<\/td>\n<\/tr>\n<tr>\n<td>Z\u00e1r \u00e9s kulcs<\/td>\n<td>Igen<\/td>\n<td>Igen<\/td>\n<\/tr>\n<tr>\n<td>Megford\u00edthat\u00f3 ajt\u00f3<\/td>\n<td>Igen<\/td>\n<td>Nem<\/td>\n<\/tr>\n<tr>\n<td>Polcok<\/td>\n<td>2 \u00d7 476\u00d7436 mm + 1 \u00d7 477\u00d7207 mm<\/td>\n<td>2 \u00d7 476\u00d7436 mm + 1 \u00d7 477\u00d7207 mm<\/td>\n<\/tr>\n<tr>\n<td>G\u00f6rg\u0151k \u00e9s l\u00e1bak<\/td>\n<td>2 l\u00e1b + 2 g\u00f6rg\u0151<\/td>\n<td>2 l\u00e1b + 2 g\u00f6rg\u0151<\/td>\n<\/tr>\n<tr>\n<td>Ajt\u00f3 t\u00edpusa<\/td>\n<td>ABS (szil\u00e1rd)<\/td>\n<td>\u00dcveg<\/td>\n<\/tr>\n<tr>\n<td>Nett\u00f3 \/ brutt\u00f3 s\u00faly<\/td>\n<td>40 \/ 43 kg<\/td>\n<td>41 \/ 45 kg<\/td>\n<\/tr>\n<tr>\n<td>Fesz\u00fclts\u00e9g<\/td>\n<td>220-240 V<\/td>\n<td>220-240 V<\/td>\n<\/tr>\n<tr>\n<td>Frekvencia<\/td>\n<td>50 Hz<\/td>\n<td>50 Hz<\/td>\n<\/tr>\n<tr>\n<td>H\u0171t\u0151k\u00f6zeg<\/td>\n<td>R600A<\/td>\n<td>R600A<\/td>\n<\/tr>\n<tr>\n<td>Energiaelnyel\u00e9s<\/td>\n<td>125 W<\/td>\n<td>157 W<\/td>\n<\/tr>\n<tr>\n<td>Energiafogyaszt\u00e1s<\/td>\n<td>1,25 kWh \/ 24 \u00f3ra<\/td>\n<td>1,96 kWh \/ 24 \u00f3ra<\/td>\n<\/tr>\n<\/tbody>\n<\/table>\n<\/div>\n<\/div>\n<\/div>\n<\/div>","protected":false},"excerpt":{"rendered":"<p>Compact and efficient refrigerated cabinets designed for catering, bars, and professional kitchens.Featuring built-in handles, LED lighting, reinforced shelves, and optional Smart Link WiFi remote control. Models Available GN 200 PS TN \u2013 Static-fan assisted cabinet with solid ABS door, positive temperature. GN 200 G TN \u2013 Static-fan assisted cabinet with glass door, positive temperature. GN [&hellip;]<\/p>\n","protected":false},"featured_media":7308,"comment_status":"open","ping_status":"closed","template":"","meta":[],"product_brand":[],"product_cat":[51],"product_tag":[],"class_list":{"0":"post-7307","1":"product","2":"type-product","3":"status-publish","4":"has-post-thumbnail","6":"product_cat-kitchen-catering-cooling","8":"first","9":"instock","10":"shipping-taxable","11":"product-type-simple"},"_links":{"self":[{"href":"https:\/\/dersuessestopp.com\/hu\/wp-json\/wp\/v2\/product\/7307","targetHints":{"allow":["GET"]}}],"collection":[{"href":"https:\/\/dersuessestopp.com\/hu\/wp-json\/wp\/v2\/product"}],"about":[{"href":"https:\/\/dersuessestopp.com\/hu\/wp-json\/wp\/v2\/types\/product"}],"replies":[{"embeddable":true,"href":"https:\/\/dersuessestopp.com\/hu\/wp-json\/wp\/v2\/comments?post=7307"}],"version-history":[{"count":2,"href":"https:\/\/dersuessestopp.com\/hu\/wp-json\/wp\/v2\/product\/7307\/revisions"}],"predecessor-version":[{"id":12191,"href":"https:\/\/dersuessestopp.com\/hu\/wp-json\/wp\/v2\/product\/7307\/revisions\/12191"}],"wp:featuredmedia":[{"embeddable":true,"href":"https:\/\/dersuessestopp.com\/hu\/wp-json\/wp\/v2\/media\/7308"}],"wp:attachment":[{"href":"https:\/\/dersuessestopp.com\/hu\/wp-json\/wp\/v2\/media?parent=7307"}],"wp:term":[{"taxonomy":"product_brand","embeddable":true,"href":"https:\/\/dersuessestopp.com\/hu\/wp-json\/wp\/v2\/product_brand?post=7307"},{"taxonomy":"product_cat","embeddable":true,"href":"https:\/\/dersuessestopp.com\/hu\/wp-json\/wp\/v2\/product_cat?post=7307"},{"taxonomy":"product_tag","embeddable":true,"href":"https:\/\/dersuessestopp.com\/hu\/wp-json\/wp\/v2\/product_tag?post=7307"}],"curies":[{"name":"wp","href":"https:\/\/api.w.org\/{rel}","templated":true}]}}