{"id":7302,"date":"2025-09-01T06:34:15","date_gmt":"2025-09-01T06:34:15","guid":{"rendered":"https:\/\/dersuessestopp.com\/?post_type=product&#038;p=7302"},"modified":"2025-10-08T23:11:12","modified_gmt":"2025-10-08T23:11:12","slug":"axf-1500-tn","status":"publish","type":"product","link":"https:\/\/dersuessestopp.com\/hu\/product\/axf-1500-tn\/","title":{"rendered":"AXF 1500 TN"},"content":{"rendered":"<p data-start=\"350\" data-end=\"677\"><img fetchpriority=\"high\" decoding=\"async\" class=\"alignnone size-full wp-image-11940\" src=\"https:\/\/dersuessestopp.com\/wp-content\/uploads\/2025\/09\/AXF-1500-TN-BT-Dettagli.jpg\" alt=\"\" width=\"2000\" height=\"600\" srcset=\"https:\/\/dersuessestopp.com\/wp-content\/uploads\/2025\/09\/AXF-1500-TN-BT-Dettagli.jpg 2000w, https:\/\/dersuessestopp.com\/wp-content\/uploads\/2025\/09\/AXF-1500-TN-BT-Dettagli-300x90.jpg 300w, https:\/\/dersuessestopp.com\/wp-content\/uploads\/2025\/09\/AXF-1500-TN-BT-Dettagli-1024x307.jpg 1024w, https:\/\/dersuessestopp.com\/wp-content\/uploads\/2025\/09\/AXF-1500-TN-BT-Dettagli-768x230.jpg 768w, https:\/\/dersuessestopp.com\/wp-content\/uploads\/2025\/09\/AXF-1500-TN-BT-Dettagli-1536x461.jpg 1536w, https:\/\/dersuessestopp.com\/wp-content\/uploads\/2025\/09\/AXF-1500-TN-BT-Dettagli-250x75.jpg 250w, https:\/\/dersuessestopp.com\/wp-content\/uploads\/2025\/09\/AXF-1500-TN-BT-Dettagli-600x180.jpg 600w\" sizes=\"(max-width: 2000px) 100vw, 2000px\" \/><\/p>\n<p data-start=\"350\" data-end=\"677\">\n<p data-start=\"350\" data-end=\"677\">A <strong data-start=\"354\" data-end=\"369\">AXF 1500 TN<\/strong> egy nagy teljes\u00edtm\u00e9ny\u0171 <strong data-start=\"392\" data-end=\"449\">pozit\u00edv h\u0151m\u00e9rs\u00e9klet\u0171 k\u00e9tajt\u00f3s h\u0171t\u0151szekr\u00e9ny<\/strong> professzion\u00e1lis konyh\u00e1k, sz\u00e1llod\u00e1k, p\u00e9ks\u00e9gek \u00e9s vend\u00e9gl\u00e1t\u00f3ipari szolg\u00e1ltat\u00e1sok sz\u00e1m\u00e1ra tervezt\u00e9k. Teljesen a <strong data-start=\"545\" data-end=\"573\">AISI 304 rozsdamentes ac\u00e9l<\/strong> egy <strong data-start=\"581\" data-end=\"611\">60 mm szigetel\u00e9si vastags\u00e1g<\/strong>, maxim\u00e1lis tart\u00f3ss\u00e1got, higi\u00e9ni\u00e1t \u00e9s energiahat\u00e9konys\u00e1got biztos\u00edt.<\/p>\n<p data-start=\"679\" data-end=\"1020\">Felszerelve egy <strong data-start=\"696\" data-end=\"721\">elektronikus termoszt\u00e1t<\/strong>, <strong data-start=\"723\" data-end=\"766\">l\u00e1gyan z\u00e1r\u00f3d\u00f3 ajt\u00f3k be\u00e9p\u00edtett foganty\u00faval<\/strong>, <strong data-start=\"768\" data-end=\"784\">z\u00e1r \u00e9s kulcs<\/strong>, \u00e9s <strong data-start=\"790\" data-end=\"818\">opcion\u00e1lis Smart Link WiFi<\/strong> a t\u00e1vfel\u00fcgyelethez, az AXF 1500 TN megb\u00edzhat\u00f3s\u00e1got \u00e9s k\u00e9nyelmet k\u00edn\u00e1l. A <strong data-start=\"898\" data-end=\"928\">mennyezetre szerelt elp\u00e1rologtat\u00f3<\/strong> \u00e9s <strong data-start=\"933\" data-end=\"970\">automatikus elektromos leolvaszt\u00f3 rendszer<\/strong> egyenletes h\u0171t\u00e9st \u00e9s egyszer\u0171 karbantart\u00e1st biztos\u00edt.<\/p>\n<h2 data-start=\"1652\" data-end=\"1681\">M\u0171szaki specifik\u00e1ci\u00f3k<\/h2>\n<table>\n<thead>\n<tr>\n<th>Jellemz\u0151<\/th>\n<th>AXF 1500 TN<\/th>\n<\/tr>\n<\/thead>\n<tbody>\n<tr>\n<td>Nett\u00f3 \/ brutt\u00f3 mennyis\u00e9g<\/td>\n<td>1056 \/ 1476 L<\/td>\n<\/tr>\n<tr>\n<td>K\u00fcls\u0151 m\u00e9retek (W\u00d7D\u00d7H)<\/td>\n<td>1480 \u00d7 830 \u00d7 2010 mm*<\/td>\n<\/tr>\n<tr>\n<td>Csomagol\u00e1si m\u00e9retek (W\u00d7D\u00d7H)<\/td>\n<td>1505 \u00d7 855 \u00d7 2070 mm<\/td>\n<\/tr>\n<tr>\n<td>A - Sz\u00e9less\u00e9g<\/td>\n<td>1360 mm<\/td>\n<\/tr>\n<tr>\n<td>B - M\u00e9lys\u00e9g<\/td>\n<td>700 mm<\/td>\n<\/tr>\n<tr>\n<td>C - Magass\u00e1g<\/td>\n<td>1410 mm<\/td>\n<\/tr>\n<tr>\n<td>Nett\u00f3 \/ brutt\u00f3 s\u00faly<\/td>\n<td>195 \/ 210 kg<\/td>\n<\/tr>\n<tr>\n<td>Szigetel\u00e9s vastags\u00e1ga<\/td>\n<td>60 mm<\/td>\n<\/tr>\n<tr>\n<td>Polcok (WxD)<\/td>\n<td>6 \u00d7 534 \u00d7 650 mm + 2 \u00d7 636 \u00d7 660 mm<\/td>\n<\/tr>\n<\/tbody>\n<\/table>\n<h3 data-start=\"2176\" data-end=\"2193\">Teljes\u00edtm\u00e9ny<\/h3>\n<div class=\"_tableContainer_1rjym_1\">\n<div class=\"_tableWrapper_1rjym_13 group flex w-fit flex-col-reverse\">\n<table>\n<thead>\n<tr>\n<th>Jellemz\u0151<\/th>\n<th>AXF 1500 TN<\/th>\n<\/tr>\n<\/thead>\n<tbody>\n<tr>\n<td>H\u0151m\u00e9rs\u00e9klet tartom\u00e1ny<\/td>\n<td>-2\u00b0C \u00e9s +8\u00b0C k\u00f6z\u00f6tt<\/td>\n<\/tr>\n<tr>\n<td>Kl\u00edmaoszt\u00e1ly<\/td>\n<td>5 (tr\u00f3pusi)<\/td>\n<\/tr>\n<tr>\n<td>H\u0171t\u0151rendszer<\/td>\n<td>Mennyezeti elp\u00e1rologtat\u00f3<\/td>\n<\/tr>\n<tr>\n<td>Leolvaszt\u00e1si rendszer<\/td>\n<td>Automatikus elektromos f\u0171t\u0151berendez\u00e9ssel<\/td>\n<\/tr>\n<tr>\n<td>Zajszint<\/td>\n<td>52 dB<\/td>\n<\/tr>\n<tr>\n<td>Energiafogyaszt\u00e1s<\/td>\n<td>3,32 kWh\/24h<\/td>\n<\/tr>\n<\/tbody>\n<\/table>\n<h3 data-start=\"2482\" data-end=\"2511\">\u00c9p\u00edt\u00e9s \u00e9s jellemz\u0151k<\/h3>\n<div class=\"_tableContainer_1rjym_1\">\n<div class=\"_tableWrapper_1rjym_13 group flex w-fit flex-col-reverse\">\n<table>\n<thead>\n<tr>\n<th>Jellemz\u0151<\/th>\n<th>AXF 1500 TN<\/th>\n<\/tr>\n<\/thead>\n<tbody>\n<tr>\n<td>Karossz\u00e9ria \u00e9s bels\u0151 b\u00e9l\u00e9s<\/td>\n<td>AISI 304 rozsdamentes ac\u00e9l<\/td>\n<\/tr>\n<tr>\n<td>Ajt\u00f3 t\u00edpusa<\/td>\n<td>Dupla ajt\u00f3, l\u00e1gy z\u00e1r\u00f3d\u00e1s\u00fa, be\u00e9p\u00edtett foganty\u00faval<\/td>\n<\/tr>\n<tr>\n<td>Z\u00e1r \u00e9s kulcs<\/td>\n<td>Igen<\/td>\n<\/tr>\n<tr>\n<td>Vil\u00e1g\u00edt\u00e1s<\/td>\n<td>LED 220V \/ 0.6W<\/td>\n<\/tr>\n<tr>\n<td>Smart Link WiFi<\/td>\n<td>Opcion\u00e1lis<\/td>\n<\/tr>\n<tr>\n<td>L\u00e1bak \/ g\u00f6rg\u0151k<\/td>\n<td>4 \u00e1ll\u00edthat\u00f3 l\u00e1b (110-170 mm) \/ opcion\u00e1lis g\u00f6rg\u0151k (140 mm)<\/td>\n<\/tr>\n<\/tbody>\n<\/table>\n<h3 data-start=\"2846\" data-end=\"2862\">Elektromos<\/h3>\n<div class=\"_tableContainer_1rjym_1\">\n<div class=\"_tableWrapper_1rjym_13 group flex w-fit flex-col-reverse\">\n<table>\n<thead>\n<tr>\n<th>Jellemz\u0151<\/th>\n<th>AXF 1500 TN<\/th>\n<\/tr>\n<\/thead>\n<tbody>\n<tr>\n<td>Fesz\u00fclts\u00e9g \/ frekvencia<\/td>\n<td>220-240 V \/ 50 Hz<\/td>\n<\/tr>\n<tr>\n<td>Energiaelnyel\u00e9s<\/td>\n<td>320 W<\/td>\n<\/tr>\n<tr>\n<td>H\u0171t\u0151k\u00f6zeg<\/td>\n<td>R290<\/td>\n<\/tr>\n<\/tbody>\n<\/table>\n<\/div>\n<\/div>\n<\/div>\n<\/div>\n<\/div>\n<\/div>","protected":false},"excerpt":{"rendered":"<p>The AXF 1500 TN is a high-performance positive temperature double-door refrigerated cabinet designed for professional kitchens, hotels, bakeries, and catering services. Built entirely in AISI 304 stainless steel with a 60 mm insulation thickness, it ensures maximum durability, hygiene, and energy efficiency. Equipped with an electronic thermostat, soft-closing doors with built-in handle, lock and key, [&hellip;]<\/p>\n","protected":false},"featured_media":7303,"comment_status":"open","ping_status":"closed","template":"","meta":[],"product_brand":[],"product_cat":[51],"product_tag":[],"class_list":{"0":"post-7302","1":"product","2":"type-product","3":"status-publish","4":"has-post-thumbnail","6":"product_cat-kitchen-catering-cooling","8":"first","9":"instock","10":"shipping-taxable","11":"product-type-simple"},"_links":{"self":[{"href":"https:\/\/dersuessestopp.com\/hu\/wp-json\/wp\/v2\/product\/7302","targetHints":{"allow":["GET"]}}],"collection":[{"href":"https:\/\/dersuessestopp.com\/hu\/wp-json\/wp\/v2\/product"}],"about":[{"href":"https:\/\/dersuessestopp.com\/hu\/wp-json\/wp\/v2\/types\/product"}],"replies":[{"embeddable":true,"href":"https:\/\/dersuessestopp.com\/hu\/wp-json\/wp\/v2\/comments?post=7302"}],"version-history":[{"count":4,"href":"https:\/\/dersuessestopp.com\/hu\/wp-json\/wp\/v2\/product\/7302\/revisions"}],"predecessor-version":[{"id":11941,"href":"https:\/\/dersuessestopp.com\/hu\/wp-json\/wp\/v2\/product\/7302\/revisions\/11941"}],"wp:featuredmedia":[{"embeddable":true,"href":"https:\/\/dersuessestopp.com\/hu\/wp-json\/wp\/v2\/media\/7303"}],"wp:attachment":[{"href":"https:\/\/dersuessestopp.com\/hu\/wp-json\/wp\/v2\/media?parent=7302"}],"wp:term":[{"taxonomy":"product_brand","embeddable":true,"href":"https:\/\/dersuessestopp.com\/hu\/wp-json\/wp\/v2\/product_brand?post=7302"},{"taxonomy":"product_cat","embeddable":true,"href":"https:\/\/dersuessestopp.com\/hu\/wp-json\/wp\/v2\/product_cat?post=7302"},{"taxonomy":"product_tag","embeddable":true,"href":"https:\/\/dersuessestopp.com\/hu\/wp-json\/wp\/v2\/product_tag?post=7302"}],"curies":[{"name":"wp","href":"https:\/\/api.w.org\/{rel}","templated":true}]}}