{"id":7297,"date":"2025-09-01T06:30:51","date_gmt":"2025-09-01T06:30:51","guid":{"rendered":"https:\/\/dersuessestopp.com\/?post_type=product&#038;p=7297"},"modified":"2025-10-08T23:03:47","modified_gmt":"2025-10-08T23:03:47","slug":"axf-800-tn","status":"publish","type":"product","link":"https:\/\/dersuessestopp.com\/hu\/product\/axf-800-tn\/","title":{"rendered":"AXF 800 TN"},"content":{"rendered":"<p data-start=\"344\" data-end=\"689\"><img fetchpriority=\"high\" decoding=\"async\" class=\"alignnone size-full wp-image-11937\" src=\"https:\/\/dersuessestopp.com\/wp-content\/uploads\/2025\/09\/AXF-800-TN_BT-Dettagli.jpg\" alt=\"\" width=\"2000\" height=\"600\" srcset=\"https:\/\/dersuessestopp.com\/wp-content\/uploads\/2025\/09\/AXF-800-TN_BT-Dettagli.jpg 2000w, https:\/\/dersuessestopp.com\/wp-content\/uploads\/2025\/09\/AXF-800-TN_BT-Dettagli-300x90.jpg 300w, https:\/\/dersuessestopp.com\/wp-content\/uploads\/2025\/09\/AXF-800-TN_BT-Dettagli-1024x307.jpg 1024w, https:\/\/dersuessestopp.com\/wp-content\/uploads\/2025\/09\/AXF-800-TN_BT-Dettagli-768x230.jpg 768w, https:\/\/dersuessestopp.com\/wp-content\/uploads\/2025\/09\/AXF-800-TN_BT-Dettagli-1536x461.jpg 1536w, https:\/\/dersuessestopp.com\/wp-content\/uploads\/2025\/09\/AXF-800-TN_BT-Dettagli-250x75.jpg 250w, https:\/\/dersuessestopp.com\/wp-content\/uploads\/2025\/09\/AXF-800-TN_BT-Dettagli-600x180.jpg 600w\" sizes=\"(max-width: 2000px) 100vw, 2000px\" \/><\/p>\n<p data-start=\"344\" data-end=\"689\">\n<p data-start=\"344\" data-end=\"689\">A <strong data-start=\"348\" data-end=\"362\">AXF 800 TN<\/strong> egy pozit\u00edv h\u0151m\u00e9rs\u00e9klet\u0171, szell\u0151ztetett rozsdamentes ac\u00e9lszekr\u00e9ny, amelyet a megb\u00edzhat\u00f3s\u00e1g \u00e9s a hat\u00e9konys\u00e1g \u00e9rdek\u00e9ben terveztek ig\u00e9nyes vend\u00e9gl\u00e1t\u00f3ipari k\u00f6rnyezetben. Teljesen a <strong data-start=\"518\" data-end=\"546\">AISI 304 rozsdamentes ac\u00e9l<\/strong>, vastag szigetel\u00e9ssel (103,5 mm) \u00e9s fejlett elektronikus vez\u00e9rl\u00e9ssel biztos\u00edtja az \u00e9lelmiszerek meg\u0151rz\u00e9s\u00e9t tr\u00f3pusi k\u00f6r\u00fclm\u00e9nyek k\u00f6z\u00f6tt (5. kl\u00edmaoszt\u00e1ly).<\/p>\n<p data-start=\"691\" data-end=\"911\">Felszerelve <strong data-start=\"705\" data-end=\"735\">Smart Link WiFi (opcion\u00e1lis)<\/strong> a t\u00e1vfel\u00fcgyelethez, a LED-vil\u00e1g\u00edt\u00e1shoz \u00e9s a kulcsra z\u00e1rhat\u00f3, l\u00e1gyan z\u00e1r\u00f3d\u00f3, ford\u00edtott ajt\u00f3khoz, az AXF 800 TN-t \u00fagy tervezt\u00e9k, hogy a tart\u00f3ss\u00e1got, a higi\u00e9ni\u00e1t \u00e9s az energiahat\u00e9konys\u00e1got \u00f6tv\u00f6zze.<\/p>\n<h2 data-start=\"1474\" data-end=\"1503\">M\u0171szaki specifik\u00e1ci\u00f3k<\/h2>\n<table>\n<thead>\n<tr>\n<th>Jellemz\u0151<\/th>\n<th>AXF 800 TN<\/th>\n<\/tr>\n<\/thead>\n<tbody>\n<tr>\n<td>Nett\u00f3 \/ brutt\u00f3 mennyis\u00e9g<\/td>\n<td>408 \/ 560 L<\/td>\n<\/tr>\n<tr>\n<td>K\u00fcls\u0151 m\u00e9retek (W\u00d7D\u00d7H)<\/td>\n<td>740 \u00d7 875 \u00d7 2090 mm*<\/td>\n<\/tr>\n<tr>\n<td>Csomagol\u00e1si m\u00e9retek (W\u00d7D\u00d7H)<\/td>\n<td>760 \u00d7 905 \u00d7 2150 mm<\/td>\n<\/tr>\n<tr>\n<td>A - Sz\u00e9less\u00e9g<\/td>\n<td>533 mm<\/td>\n<\/tr>\n<tr>\n<td>B - M\u00e9lys\u00e9g<\/td>\n<td>700 mm<\/td>\n<\/tr>\n<tr>\n<td>C - Magass\u00e1g<\/td>\n<td>1501 mm<\/td>\n<\/tr>\n<tr>\n<td>Nett\u00f3 \/ brutt\u00f3 s\u00faly<\/td>\n<td>134 \/ 143 kg<\/td>\n<\/tr>\n<tr>\n<td>Szigetel\u00e9s vastags\u00e1ga<\/td>\n<td>103,5 mm<\/td>\n<\/tr>\n<tr>\n<td>Polcok (WxD)<\/td>\n<td>3 \u00d7 530 \u00d7 650 mm + 1 \u00d7 510 \u00d7 605 mm<\/td>\n<\/tr>\n<\/tbody>\n<\/table>\n<h3 data-start=\"2101\" data-end=\"2118\">Teljes\u00edtm\u00e9ny<\/h3>\n<div class=\"_tableContainer_1rjym_1\">\n<div class=\"_tableWrapper_1rjym_13 group flex w-fit flex-col-reverse\">\n<table>\n<thead>\n<tr>\n<th>Jellemz\u0151<\/th>\n<th>AXF 800 TN<\/th>\n<\/tr>\n<\/thead>\n<tbody>\n<tr>\n<td>H\u0151m\u00e9rs\u00e9klet tartom\u00e1ny<\/td>\n<td>-2\u00b0C \u00e9s +8\u00b0C k\u00f6z\u00f6tt<\/td>\n<\/tr>\n<tr>\n<td>Kl\u00edmaoszt\u00e1ly<\/td>\n<td>5 (tr\u00f3pusi)<\/td>\n<\/tr>\n<tr>\n<td>H\u0171t\u0151rendszer<\/td>\n<td>Mennyezeti elp\u00e1rologtat\u00f3<\/td>\n<\/tr>\n<tr>\n<td>Leolvaszt\u00e1si rendszer<\/td>\n<td>Automatikus (kompresszor ciklus)<\/td>\n<\/tr>\n<tr>\n<td>Zajszint<\/td>\n<td>38 dB<\/td>\n<\/tr>\n<tr>\n<td>Energiafogyaszt\u00e1s<\/td>\n<td>0,812 kWh\/24h<\/td>\n<\/tr>\n<\/tbody>\n<\/table>\n<h3 data-start=\"2496\" data-end=\"2525\">\u00c9p\u00edt\u00e9s \u00e9s jellemz\u0151k<\/h3>\n<div class=\"_tableContainer_1rjym_1\">\n<div class=\"_tableWrapper_1rjym_13 group flex w-fit flex-col-reverse\">\n<table>\n<thead>\n<tr>\n<th>Jellemz\u0151<\/th>\n<th>AXF 800 TN<\/th>\n<\/tr>\n<\/thead>\n<tbody>\n<tr>\n<td>Karossz\u00e9ria \u00e9s bels\u0151 b\u00e9l\u00e9s<\/td>\n<td>AISI 304 rozsdamentes ac\u00e9l<\/td>\n<\/tr>\n<tr>\n<td>Ajt\u00f3 t\u00edpusa<\/td>\n<td>L\u00e1gyan z\u00e1r\u00f3d\u00f3, megford\u00edthat\u00f3<\/td>\n<\/tr>\n<tr>\n<td>Z\u00e1r \u00e9s kulcs<\/td>\n<td>Igen<\/td>\n<\/tr>\n<tr>\n<td>Vil\u00e1g\u00edt\u00e1s<\/td>\n<td>1 v\u00edzszintes LED (12V \/ 2,4W)<\/td>\n<\/tr>\n<tr>\n<td>Smart Link WiFi<\/td>\n<td>Opcion\u00e1lis<\/td>\n<\/tr>\n<tr>\n<td>L\u00e1bak \/ g\u00f6rg\u0151k<\/td>\n<td>4 \u00e1ll\u00edthat\u00f3 l\u00e1b (110-170 mm) \/ opcion\u00e1lis g\u00f6rg\u0151k (140 mm)<\/td>\n<\/tr>\n<\/tbody>\n<\/table>\n<h3 data-start=\"2957\" data-end=\"2973\">Elektromos<\/h3>\n<div class=\"_tableContainer_1rjym_1\">\n<div class=\"_tableWrapper_1rjym_13 group flex w-fit flex-col-reverse\">\n<table>\n<thead>\n<tr>\n<th>Jellemz\u0151<\/th>\n<th>AXF 800 TN<\/th>\n<\/tr>\n<\/thead>\n<tbody>\n<tr>\n<td>Fesz\u00fclts\u00e9g \/ frekvencia<\/td>\n<td>220 V \/ 50 Hz<\/td>\n<\/tr>\n<tr>\n<td>Energiaelnyel\u00e9s<\/td>\n<td>250 W<\/td>\n<\/tr>\n<tr>\n<td>H\u0171t\u0151k\u00f6zeg<\/td>\n<td>R600A<\/td>\n<\/tr>\n<\/tbody>\n<\/table>\n<\/div>\n<\/div>\n<\/div>\n<\/div>\n<\/div>\n<\/div>","protected":false},"excerpt":{"rendered":"<p>The AXF 800 TN is a positive temperature ventilated stainless steel cabinet designed for reliability and efficiency in demanding catering environments. Built entirely in AISI 304 stainless steel, with thick insulation (103.5 mm) and advanced electronic control, it ensures food preservation under tropical conditions (Climate Class 5). Equipped with Smart Link WiFi (optional) for remote [&hellip;]<\/p>\n","protected":false},"featured_media":7298,"comment_status":"open","ping_status":"closed","template":"","meta":[],"product_brand":[],"product_cat":[51],"product_tag":[],"class_list":{"0":"post-7297","1":"product","2":"type-product","3":"status-publish","4":"has-post-thumbnail","6":"product_cat-kitchen-catering-cooling","8":"first","9":"instock","10":"shipping-taxable","11":"product-type-simple"},"_links":{"self":[{"href":"https:\/\/dersuessestopp.com\/hu\/wp-json\/wp\/v2\/product\/7297","targetHints":{"allow":["GET"]}}],"collection":[{"href":"https:\/\/dersuessestopp.com\/hu\/wp-json\/wp\/v2\/product"}],"about":[{"href":"https:\/\/dersuessestopp.com\/hu\/wp-json\/wp\/v2\/types\/product"}],"replies":[{"embeddable":true,"href":"https:\/\/dersuessestopp.com\/hu\/wp-json\/wp\/v2\/comments?post=7297"}],"version-history":[{"count":4,"href":"https:\/\/dersuessestopp.com\/hu\/wp-json\/wp\/v2\/product\/7297\/revisions"}],"predecessor-version":[{"id":11938,"href":"https:\/\/dersuessestopp.com\/hu\/wp-json\/wp\/v2\/product\/7297\/revisions\/11938"}],"wp:featuredmedia":[{"embeddable":true,"href":"https:\/\/dersuessestopp.com\/hu\/wp-json\/wp\/v2\/media\/7298"}],"wp:attachment":[{"href":"https:\/\/dersuessestopp.com\/hu\/wp-json\/wp\/v2\/media?parent=7297"}],"wp:term":[{"taxonomy":"product_brand","embeddable":true,"href":"https:\/\/dersuessestopp.com\/hu\/wp-json\/wp\/v2\/product_brand?post=7297"},{"taxonomy":"product_cat","embeddable":true,"href":"https:\/\/dersuessestopp.com\/hu\/wp-json\/wp\/v2\/product_cat?post=7297"},{"taxonomy":"product_tag","embeddable":true,"href":"https:\/\/dersuessestopp.com\/hu\/wp-json\/wp\/v2\/product_tag?post=7297"}],"curies":[{"name":"wp","href":"https:\/\/api.w.org\/{rel}","templated":true}]}}