{"id":7292,"date":"2025-09-01T06:28:40","date_gmt":"2025-09-01T06:28:40","guid":{"rendered":"https:\/\/dersuessestopp.com\/?post_type=product&#038;p=7292"},"modified":"2025-10-08T23:01:38","modified_gmt":"2025-10-08T23:01:38","slug":"kb-10","status":"publish","type":"product","link":"https:\/\/dersuessestopp.com\/hu\/product\/abt-10\/","title":{"rendered":"ABT 10"},"content":{"rendered":"<p data-start=\"276\" data-end=\"572\"><img fetchpriority=\"high\" decoding=\"async\" class=\"alignnone size-full wp-image-11932\" src=\"https:\/\/dersuessestopp.com\/wp-content\/uploads\/2025\/09\/ABT-05-ABT-10-Dettagli.jpg\" alt=\"\" width=\"2000\" height=\"600\" srcset=\"https:\/\/dersuessestopp.com\/wp-content\/uploads\/2025\/09\/ABT-05-ABT-10-Dettagli.jpg 2000w, https:\/\/dersuessestopp.com\/wp-content\/uploads\/2025\/09\/ABT-05-ABT-10-Dettagli-300x90.jpg 300w, https:\/\/dersuessestopp.com\/wp-content\/uploads\/2025\/09\/ABT-05-ABT-10-Dettagli-1024x307.jpg 1024w, https:\/\/dersuessestopp.com\/wp-content\/uploads\/2025\/09\/ABT-05-ABT-10-Dettagli-768x230.jpg 768w, https:\/\/dersuessestopp.com\/wp-content\/uploads\/2025\/09\/ABT-05-ABT-10-Dettagli-1536x461.jpg 1536w, https:\/\/dersuessestopp.com\/wp-content\/uploads\/2025\/09\/ABT-05-ABT-10-Dettagli-250x75.jpg 250w, https:\/\/dersuessestopp.com\/wp-content\/uploads\/2025\/09\/ABT-05-ABT-10-Dettagli-600x180.jpg 600w\" sizes=\"(max-width: 2000px) 100vw, 2000px\" \/><\/p>\n<p data-start=\"276\" data-end=\"572\">A <strong data-start=\"280\" data-end=\"304\">ABT 10 Blast Chiller<\/strong> t\u00f6k\u00e9letes v\u00e1laszt\u00e1s a vend\u00e9gl\u00e1t\u00f3ipari szakemberek sz\u00e1m\u00e1ra, akiknek gyors h\u0171t\u00e9sre \u00e9s fagyaszt\u00e1sra van sz\u00fcks\u00e9g\u00fck az \u00e9lelmiszerek min\u0151s\u00e9g\u00e9nek \u00e9s biztons\u00e1g\u00e1nak meg\u0151rz\u00e9se mellett. A kapacit\u00e1ssal ak\u00e1r <strong data-start=\"457\" data-end=\"490\">10 GN 1\/1-es t\u00e1l (400 \u00d7 600 mm)<\/strong>, ez a f\u00fav\u00f3sh\u0171t\u0151 optim\u00e1lis higi\u00e9ni\u00e1t, tart\u00f3ss\u00e1got \u00e9s energiahat\u00e9konys\u00e1got biztos\u00edt.<\/p>\n<p data-start=\"574\" data-end=\"858\">A fejlett elektronikus termoszt\u00e1ttal \u00e9s 4 el\u0151re be\u00e1ll\u00edtott programmal felszerelt ABT 10 lehet\u0151v\u00e9 teszi a h\u0171t\u00e9si ciklusok pontos kezel\u00e9s\u00e9t. Rozsdamentes ac\u00e9l teste, korr\u00f3zi\u00f3\u00e1ll\u00f3an kezelt p\u00e1rologtat\u00f3ja \u00e9s automatikus leolvaszt\u00f3 rendszere hossz\u00fa t\u00e1v\u00fa teljes\u00edtm\u00e9nyt garant\u00e1l ig\u00e9nyes k\u00f6rnyezetben.<\/p>\n<h2 data-start=\"1325\" data-end=\"1354\">M\u0171szaki specifik\u00e1ci\u00f3k<\/h2>\n<table>\n<thead>\n<tr>\n<th>Jellemz\u0151<\/th>\n<th>Specifik\u00e1ci\u00f3<\/th>\n<\/tr>\n<\/thead>\n<tbody>\n<tr>\n<td>Nett\u00f3 \/ brutt\u00f3 mennyis\u00e9g<\/td>\n<td>240 \/ 368 L<\/td>\n<\/tr>\n<tr>\n<td>Serpeny\u0151 kapacit\u00e1s<\/td>\n<td>10 GN 1\/1 (400 \u00d7 600 mm)<\/td>\n<\/tr>\n<tr>\n<td>K\u00fcls\u0151 m\u00e9retek (W\u00d7D\u00d7H)<\/td>\n<td>800 \u00d7 877 \u00d7 1665 mm<\/td>\n<\/tr>\n<tr>\n<td>Csomagol\u00e1si m\u00e9retek (W\u00d7D\u00d7H)<\/td>\n<td>870 \u00d7 955 \u00d7 1730 mm<\/td>\n<\/tr>\n<tr>\n<td>Nett\u00f3 \/ brutt\u00f3 s\u00faly<\/td>\n<td>150 \/ 190 kg<\/td>\n<\/tr>\n<tr>\n<td>Szigetel\u00e9s vastags\u00e1ga<\/td>\n<td>70 mm<\/td>\n<\/tr>\n<\/tbody>\n<\/table>\n<h3 data-start=\"1768\" data-end=\"1785\">Teljes\u00edtm\u00e9ny<\/h3>\n<div class=\"_tableContainer_1rjym_1\">\n<div class=\"_tableWrapper_1rjym_13 group flex w-fit flex-col-reverse\">\n<table>\n<thead>\n<tr>\n<th>Jellemz\u0151<\/th>\n<th>Specifik\u00e1ci\u00f3<\/th>\n<\/tr>\n<\/thead>\n<tbody>\n<tr>\n<td>H\u0151m\u00e9rs\u00e9klet tartom\u00e1ny<\/td>\n<td>-35\u00b0C \u00e9s +5\u00b0C k\u00f6z\u00f6tt<\/td>\n<\/tr>\n<tr>\n<td>Robban\u00e1s h\u0171t\u00e9si kapacit\u00e1s<\/td>\n<td>+70\u00b0C \u2192 +3\u00b0C 90 perc alatt (40 kg)<\/td>\n<\/tr>\n<tr>\n<td>Robban\u00e1s fagyaszt\u00e1si kapacit\u00e1s<\/td>\n<td>+70\u00b0C \u2192 -18\u00b0C 240 perc alatt (28 kg)<\/td>\n<\/tr>\n<tr>\n<td>Kl\u00edmaoszt\u00e1ly<\/td>\n<td>5<\/td>\n<\/tr>\n<tr>\n<td>Zajszint<\/td>\n<td>60 dB<\/td>\n<\/tr>\n<\/tbody>\n<\/table>\n<h3 data-start=\"2123\" data-end=\"2154\">\u00c9p\u00edt\u00e9s \u00e9s alkatr\u00e9szek<\/h3>\n<div class=\"_tableContainer_1rjym_1\">\n<div class=\"_tableWrapper_1rjym_13 group flex w-fit flex-col-reverse\">\n<table>\n<thead>\n<tr>\n<th>Jellemz\u0151<\/th>\n<th>Specifik\u00e1ci\u00f3<\/th>\n<\/tr>\n<\/thead>\n<tbody>\n<tr>\n<td>Anyag<\/td>\n<td>AISI 304 rozsdamentes ac\u00e9l<\/td>\n<\/tr>\n<tr>\n<td>P\u00e1rologtat\u00f3<\/td>\n<td>Korr\u00f3zi\u00f3v\u00e9delemmel kezelt<\/td>\n<\/tr>\n<tr>\n<td>Leolvaszt\u00e1si rendszer<\/td>\n<td>Automatikus + k\u00e9zi (forr\u00f3 g\u00e1z)<\/td>\n<\/tr>\n<tr>\n<td>L\u00e1bak<\/td>\n<td>4 \u00e1ll\u00edthat\u00f3 (h 50-70 mm)<\/td>\n<\/tr>\n<tr>\n<td>G\u00f6rg\u0151k<\/td>\n<td>Opcion\u00e1lis<\/td>\n<\/tr>\n<\/tbody>\n<\/table>\n<h3 data-start=\"2518\" data-end=\"2534\">Elektromos<\/h3>\n<div class=\"_tableContainer_1rjym_1\">\n<div class=\"_tableWrapper_1rjym_13 group flex w-fit flex-col-reverse\">\n<table>\n<thead>\n<tr>\n<th>Jellemz\u0151<\/th>\n<th>Specifik\u00e1ci\u00f3<\/th>\n<\/tr>\n<\/thead>\n<tbody>\n<tr>\n<td>Energiaelnyel\u00e9s<\/td>\n<td>900 W<\/td>\n<\/tr>\n<tr>\n<td>Fesz\u00fclts\u00e9g \/ frekvencia<\/td>\n<td>220 V \/ 50 Hz<\/td>\n<\/tr>\n<tr>\n<td>H\u0171t\u0151k\u00f6zeg<\/td>\n<td>R290<\/td>\n<\/tr>\n<\/tbody>\n<\/table>\n<\/div>\n<\/div>\n<\/div>\n<\/div>\n<\/div>\n<\/div>","protected":false},"excerpt":{"rendered":"<p>The ABT 10 Blast Chiller is the perfect choice for catering professionals who need fast chilling and freezing while maintaining food quality and safety. With capacity for up to 10 GN 1\/1 pans (400 \u00d7 600 mm), this blast chiller ensures optimal hygiene, durability, and energy efficiency. Equipped with an advanced electronic thermostat and 4 [&hellip;]<\/p>\n","protected":false},"featured_media":7293,"comment_status":"open","ping_status":"closed","template":"","meta":[],"product_brand":[],"product_cat":[51],"product_tag":[],"class_list":{"0":"post-7292","1":"product","2":"type-product","3":"status-publish","4":"has-post-thumbnail","6":"product_cat-kitchen-catering-cooling","8":"first","9":"instock","10":"shipping-taxable","11":"product-type-simple"},"_links":{"self":[{"href":"https:\/\/dersuessestopp.com\/hu\/wp-json\/wp\/v2\/product\/7292","targetHints":{"allow":["GET"]}}],"collection":[{"href":"https:\/\/dersuessestopp.com\/hu\/wp-json\/wp\/v2\/product"}],"about":[{"href":"https:\/\/dersuessestopp.com\/hu\/wp-json\/wp\/v2\/types\/product"}],"replies":[{"embeddable":true,"href":"https:\/\/dersuessestopp.com\/hu\/wp-json\/wp\/v2\/comments?post=7292"}],"version-history":[{"count":5,"href":"https:\/\/dersuessestopp.com\/hu\/wp-json\/wp\/v2\/product\/7292\/revisions"}],"predecessor-version":[{"id":11934,"href":"https:\/\/dersuessestopp.com\/hu\/wp-json\/wp\/v2\/product\/7292\/revisions\/11934"}],"wp:featuredmedia":[{"embeddable":true,"href":"https:\/\/dersuessestopp.com\/hu\/wp-json\/wp\/v2\/media\/7293"}],"wp:attachment":[{"href":"https:\/\/dersuessestopp.com\/hu\/wp-json\/wp\/v2\/media?parent=7292"}],"wp:term":[{"taxonomy":"product_brand","embeddable":true,"href":"https:\/\/dersuessestopp.com\/hu\/wp-json\/wp\/v2\/product_brand?post=7292"},{"taxonomy":"product_cat","embeddable":true,"href":"https:\/\/dersuessestopp.com\/hu\/wp-json\/wp\/v2\/product_cat?post=7292"},{"taxonomy":"product_tag","embeddable":true,"href":"https:\/\/dersuessestopp.com\/hu\/wp-json\/wp\/v2\/product_tag?post=7292"}],"curies":[{"name":"wp","href":"https:\/\/api.w.org\/{rel}","templated":true}]}}