{"id":7286,"date":"2025-09-01T06:22:10","date_gmt":"2025-09-01T06:22:10","guid":{"rendered":"https:\/\/dersuessestopp.com\/?post_type=product&#038;p=7286"},"modified":"2025-10-08T22:49:00","modified_gmt":"2025-10-08T22:49:00","slug":"sf-180-inox","status":"publish","type":"product","link":"https:\/\/dersuessestopp.com\/hu\/product\/sf-180-inox\/","title":{"rendered":"SF 180 INOX"},"content":{"rendered":"<p data-start=\"219\" data-end=\"525\"><img fetchpriority=\"high\" decoding=\"async\" class=\"alignnone size-full wp-image-11914\" src=\"https:\/\/dersuessestopp.com\/wp-content\/uploads\/2025\/09\/SF-180-INOX-Dettagli.jpg\" alt=\"\" width=\"2000\" height=\"600\" srcset=\"https:\/\/dersuessestopp.com\/wp-content\/uploads\/2025\/09\/SF-180-INOX-Dettagli.jpg 2000w, https:\/\/dersuessestopp.com\/wp-content\/uploads\/2025\/09\/SF-180-INOX-Dettagli-300x90.jpg 300w, https:\/\/dersuessestopp.com\/wp-content\/uploads\/2025\/09\/SF-180-INOX-Dettagli-1024x307.jpg 1024w, https:\/\/dersuessestopp.com\/wp-content\/uploads\/2025\/09\/SF-180-INOX-Dettagli-768x230.jpg 768w, https:\/\/dersuessestopp.com\/wp-content\/uploads\/2025\/09\/SF-180-INOX-Dettagli-1536x461.jpg 1536w, https:\/\/dersuessestopp.com\/wp-content\/uploads\/2025\/09\/SF-180-INOX-Dettagli-250x75.jpg 250w, https:\/\/dersuessestopp.com\/wp-content\/uploads\/2025\/09\/SF-180-INOX-Dettagli-600x180.jpg 600w\" sizes=\"(max-width: 2000px) 100vw, 2000px\" \/><\/p>\n<p data-start=\"219\" data-end=\"525\">\n<p data-start=\"219\" data-end=\"525\">A <strong data-start=\"223\" data-end=\"238\">SF 180 INOX<\/strong> egy professzion\u00e1lis t\u00e1rol\u00f3szekr\u00e9ny, amelyet kifejezetten <strong data-start=\"299\" data-end=\"336\">sajtok \u00e9s felv\u00e1gottak tart\u00f3s\u00edt\u00e1sa<\/strong>. Kiv\u00e1l\u00f3 min\u0151s\u00e9g\u0171 <strong data-start=\"362\" data-end=\"400\">AISI 304 rozsdamentes ac\u00e9lb\u00f3l k\u00e9sz\u00fclt bels\u0151 r\u00e9szek<\/strong> \u00e9s egy <strong data-start=\"407\" data-end=\"453\">el\u0151zetesen festett, korr\u00f3zi\u00f3g\u00e1tl\u00f3val kezelt k\u00fclseje<\/strong>, biztos\u00edtja a tart\u00f3ss\u00e1got, a higi\u00e9ni\u00e1t \u00e9s a t\u00f6k\u00e9letes \u00e9lelmiszer-t\u00e1rol\u00e1si felt\u00e9teleket.<\/p>\n<p data-start=\"527\" data-end=\"836\">Felszerelve egy <strong data-start=\"543\" data-end=\"582\">\u00e9rint\u00e9svez\u00e9rl\u00e9s\u0171 elektronikus termoszt\u00e1t<\/strong>, <strong data-start=\"584\" data-end=\"612\">automatikus leolvaszt\u00f3 rendszer<\/strong>, \u00e9s <strong data-start=\"618\" data-end=\"651\">energiahat\u00e9kony LED vil\u00e1g\u00edt\u00e1s<\/strong>, garant\u00e1lja a k\u00f6nny\u0171 haszn\u00e1latot \u00e9s az \u00e9lelmiszerek optim\u00e1lis meg\u0151rz\u00e9s\u00e9t. T\u00f6bb polc\u00e1nak \u00e9s akaszt\u00f3r\u00fadj\u00e1nak k\u00f6sz\u00f6nhet\u0151en ide\u00e1lis mind a vend\u00e9gl\u00e1t\u00f3ipari szakemberek, mind az \u00ednyenc \u00e9lelmiszerekkel foglalkoz\u00f3 v\u00e1llalkoz\u00e1sok sz\u00e1m\u00e1ra.<\/p>\n<h2 data-start=\"1358\" data-end=\"1375\"><strong data-start=\"1361\" data-end=\"1375\">M\u00e9retek<\/strong><\/h2>\n<div class=\"_tableContainer_1rjym_1\">\n<div class=\"_tableWrapper_1rjym_13 group flex w-fit flex-col-reverse\">\n<table>\n<thead>\n<tr>\n<th>Specifik\u00e1ci\u00f3<\/th>\n<th>SF 180 INOX<\/th>\n<\/tr>\n<\/thead>\n<tbody>\n<tr>\n<td>K\u00fcls\u0151 m\u00e9retek (WxDxH)<\/td>\n<td>595 \u00d7 700 \u00d7 1804 mm<\/td>\n<\/tr>\n<tr>\n<td>Csomagol\u00e1si m\u00e9retek (WxDxH)<\/td>\n<td>645 \u00d7 770 \u00d7 1996 mm<\/td>\n<\/tr>\n<tr>\n<td>Sz\u00e9less\u00e9g (A)<\/td>\n<td>515 mm<\/td>\n<\/tr>\n<tr>\n<td>M\u00e9lys\u00e9g (B)<\/td>\n<td>540 mm<\/td>\n<\/tr>\n<tr>\n<td>Magass\u00e1g (C1)<\/td>\n<td>853 mm<\/td>\n<\/tr>\n<tr>\n<td>Magass\u00e1g (C2)<\/td>\n<td>695 mm<\/td>\n<\/tr>\n<tr>\n<td>Minim\u00e1lis m\u00e9lys\u00e9g (D)<\/td>\n<td>380 mm<\/td>\n<\/tr>\n<tr>\n<td>Minim\u00e1lis magass\u00e1g (E)<\/td>\n<td>555 mm<\/td>\n<\/tr>\n<\/tbody>\n<\/table>\n<h2 data-start=\"1715\" data-end=\"1740\"><strong data-start=\"1718\" data-end=\"1740\">M\u0171szaki jellemz\u0151k<\/strong><\/h2>\n<div class=\"_tableContainer_1rjym_1\">\n<div class=\"_tableWrapper_1rjym_13 group flex w-fit flex-col-reverse\">\n<table>\n<thead>\n<tr>\n<th>Specifik\u00e1ci\u00f3<\/th>\n<th>SF 180 INOX<\/th>\n<\/tr>\n<\/thead>\n<tbody>\n<tr>\n<td>H\u0151m\u00e9rs\u00e9klet tartom\u00e1ny<\/td>\n<td>0\u00b0C \u00e9s +20\u00b0C k\u00f6z\u00f6tt<\/td>\n<\/tr>\n<tr>\n<td>Kl\u00edmaoszt\u00e1ly<\/td>\n<td>4<\/td>\n<\/tr>\n<tr>\n<td>Nett\u00f3 \/ brutt\u00f3 mennyis\u00e9g<\/td>\n<td>441 \/ 455 L<\/td>\n<\/tr>\n<tr>\n<td>K\u00fcls\u0151 fel\u00fclet<\/td>\n<td>El\u0151re festett lemez korr\u00f3zi\u00f3g\u00e1tl\u00f3 kezel\u00e9ssel<\/td>\n<\/tr>\n<tr>\n<td>Bels\u0151 fel\u00fclet<\/td>\n<td>Rozsdamentes ac\u00e9l AISI 304<\/td>\n<\/tr>\n<tr>\n<td>Termoszt\u00e1t<\/td>\n<td>\u00c9rint\u00e9svez\u00e9rl\u00e9s elektronikus<\/td>\n<\/tr>\n<tr>\n<td>Zajszint<\/td>\n<td>44 dB<\/td>\n<\/tr>\n<tr>\n<td>Szigetel\u00e9s vastags\u00e1ga<\/td>\n<td>55 mm<\/td>\n<\/tr>\n<tr>\n<td>Leolvaszt\u00e1s<\/td>\n<td>Automatikus<\/td>\n<\/tr>\n<tr>\n<td>Vil\u00e1g\u00edt\u00e1s<\/td>\n<td>2 v\u00edzszintes LED vil\u00e1g\u00edt\u00e1s (rekeszenk\u00e9nt 1)<\/td>\n<\/tr>\n<tr>\n<td>Ajt\u00f3k<\/td>\n<td>Megford\u00edthat\u00f3<\/td>\n<\/tr>\n<tr>\n<td>Polcrendszer<\/td>\n<td>3 akaszt\u00f3r\u00fad + 9 rozsdamentes ac\u00e9l polc (535 \u00d7 513 mm)<\/td>\n<\/tr>\n<tr>\n<td>L\u00e1bak \/ g\u00f6rg\u0151k<\/td>\n<td>4 l\u00e1b<\/td>\n<\/tr>\n<tr>\n<td>Nett\u00f3 \/ brutt\u00f3 s\u00faly<\/td>\n<td>102 \/ 120 kg<\/td>\n<\/tr>\n<\/tbody>\n<\/table>\n<h2 data-start=\"2376\" data-end=\"2398\"><strong data-start=\"2379\" data-end=\"2398\">Elektromos adatok<\/strong><\/h2>\n<div class=\"_tableContainer_1rjym_1\">\n<div class=\"_tableWrapper_1rjym_13 group flex w-fit flex-col-reverse\">\n<table>\n<thead>\n<tr>\n<th>Specifik\u00e1ci\u00f3<\/th>\n<th>\u00c9rt\u00e9k<\/th>\n<\/tr>\n<\/thead>\n<tbody>\n<tr>\n<td>Fesz\u00fclts\u00e9g<\/td>\n<td>220 V<\/td>\n<\/tr>\n<tr>\n<td>Frekvencia<\/td>\n<td>50 Hz<\/td>\n<\/tr>\n<tr>\n<td>H\u0171t\u0151k\u00f6zeg<\/td>\n<td>R600A<\/td>\n<\/tr>\n<tr>\n<td>Energiaelnyel\u00e9s<\/td>\n<td>118 W<\/td>\n<\/tr>\n<tr>\n<td>Energiafogyaszt\u00e1s<\/td>\n<td>0,46 kWh \/ 24 \u00f3ra<\/td>\n<\/tr>\n<\/tbody>\n<\/table>\n<\/div>\n<\/div>\n<\/div>\n<\/div>\n<\/div>\n<\/div>\n<div class=\"_tableContainer_1rjym_1\">\n<div class=\"_tableWrapper_1rjym_13 group flex w-fit flex-col-reverse\"><\/div>\n<\/div>","protected":false},"excerpt":{"rendered":"<p>The SF 180 INOX is a professional storage cabinet designed specifically for cheese and cold cuts preservation. Built with high-quality AISI 304 stainless steel interiors and a pre-painted anticorrosion-treated exterior, it ensures durability, hygiene, and perfect food storage conditions. Equipped with a touch control electronic thermostat, automatic defrost system, and energy-efficient LED lighting, it guarantees [&hellip;]<\/p>\n","protected":false},"featured_media":7287,"comment_status":"open","ping_status":"closed","template":"","meta":[],"product_brand":[],"product_cat":[51],"product_tag":[],"class_list":{"0":"post-7286","1":"product","2":"type-product","3":"status-publish","4":"has-post-thumbnail","6":"product_cat-kitchen-catering-cooling","8":"first","9":"instock","10":"shipping-taxable","11":"product-type-simple"},"_links":{"self":[{"href":"https:\/\/dersuessestopp.com\/hu\/wp-json\/wp\/v2\/product\/7286","targetHints":{"allow":["GET"]}}],"collection":[{"href":"https:\/\/dersuessestopp.com\/hu\/wp-json\/wp\/v2\/product"}],"about":[{"href":"https:\/\/dersuessestopp.com\/hu\/wp-json\/wp\/v2\/types\/product"}],"replies":[{"embeddable":true,"href":"https:\/\/dersuessestopp.com\/hu\/wp-json\/wp\/v2\/comments?post=7286"}],"version-history":[{"count":5,"href":"https:\/\/dersuessestopp.com\/hu\/wp-json\/wp\/v2\/product\/7286\/revisions"}],"predecessor-version":[{"id":11916,"href":"https:\/\/dersuessestopp.com\/hu\/wp-json\/wp\/v2\/product\/7286\/revisions\/11916"}],"wp:featuredmedia":[{"embeddable":true,"href":"https:\/\/dersuessestopp.com\/hu\/wp-json\/wp\/v2\/media\/7287"}],"wp:attachment":[{"href":"https:\/\/dersuessestopp.com\/hu\/wp-json\/wp\/v2\/media?parent=7286"}],"wp:term":[{"taxonomy":"product_brand","embeddable":true,"href":"https:\/\/dersuessestopp.com\/hu\/wp-json\/wp\/v2\/product_brand?post=7286"},{"taxonomy":"product_cat","embeddable":true,"href":"https:\/\/dersuessestopp.com\/hu\/wp-json\/wp\/v2\/product_cat?post=7286"},{"taxonomy":"product_tag","embeddable":true,"href":"https:\/\/dersuessestopp.com\/hu\/wp-json\/wp\/v2\/product_tag?post=7286"}],"curies":[{"name":"wp","href":"https:\/\/api.w.org\/{rel}","templated":true}]}}