{"id":7281,"date":"2025-09-01T06:17:38","date_gmt":"2025-09-01T06:17:38","guid":{"rendered":"https:\/\/dersuessestopp.com\/?post_type=product&#038;p=7281"},"modified":"2025-09-01T06:17:38","modified_gmt":"2025-09-01T06:17:38","slug":"sama-125-l","status":"publish","type":"product","link":"https:\/\/dersuessestopp.com\/hu\/product\/sama-125-l\/","title":{"rendered":"SAMA 125 L"},"content":{"rendered":"<p data-start=\"190\" data-end=\"514\">A <strong data-start=\"194\" data-end=\"208\">SAMA 125 L<\/strong> egy <strong data-start=\"214\" data-end=\"249\">szell\u0151ztetett h\u0171t\u0151pult<\/strong> kifejezetten a <strong data-start=\"276\" data-end=\"336\">hentes\u00fczletek, csemegeboltok, szupermarketek \u00e9s minimarketek<\/strong>. K\u00edn\u00e1l egy <strong data-start=\"349\" data-end=\"384\">nagyobb kijelz\u0151fel\u00fclet (0,9 m\u00b2)<\/strong> a SAMA 95 L-n\u00e9l, t\u00f6k\u00e9letes a friss h\u00fasok, csemegek\u00e9sz\u00edtm\u00e9nyek \u00e9s felv\u00e1gottak bemutat\u00e1s\u00e1ra \u00e9s tart\u00f3s\u00edt\u00e1s\u00e1ra. <strong data-start=\"493\" data-end=\"511\">0 \u00b0C \u00e9s +10 \u00b0C k\u00f6z\u00f6tt<\/strong>.<\/p>\n<p data-start=\"516\" data-end=\"739\">\u00c9p\u00fclt egy <strong data-start=\"529\" data-end=\"549\">robusztus szerkezet<\/strong> a  oldalon. <strong data-start=\"553\" data-end=\"612\">el\u0151festett lemez korr\u00f3zi\u00f3g\u00e1tl\u00f3 kezel\u00e9ssel \u00e9s \u00fcveggel<\/strong>, \u00e9s egy <strong data-start=\"621\" data-end=\"660\">AISI 304 rozsdamentes ac\u00e9l bels\u0151 tart\u00e1ly<\/strong>, a SAMA 125 L biztos\u00edtja <strong data-start=\"685\" data-end=\"736\">maxim\u00e1lis higi\u00e9nia, tart\u00f3ss\u00e1g \u00e9s eleg\u00e1ns design<\/strong>.<\/p>\n<h2 data-start=\"1488\" data-end=\"1515\"><strong data-start=\"1491\" data-end=\"1515\">Standard tartoz\u00e9kok<\/strong><\/h2>\n<ul data-start=\"1516\" data-end=\"1556\">\n<li data-start=\"1516\" data-end=\"1556\">\n<p data-start=\"1518\" data-end=\"1556\">\u00c9jszakai z\u00e1r\u00e1s plexi\u00fcveg panelekkel<\/p>\n<\/li>\n<\/ul>\n<h2 data-start=\"1558\" data-end=\"1585\"><strong data-start=\"1561\" data-end=\"1585\">V\u00e1laszthat\u00f3 tartoz\u00e9kok<\/strong><\/h2>\n<ul data-start=\"1586\" data-end=\"1804\">\n<li data-start=\"1586\" data-end=\"1610\">\n<p data-start=\"1588\" data-end=\"1610\">Pult r\u00f6gz\u00edt\u0151 k\u00e9szlet<\/p>\n<\/li>\n<li data-start=\"1611\" data-end=\"1651\">\n<p data-start=\"1613\" data-end=\"1651\">Cs\u00fasztathat\u00f3 v\u00e1g\u00f3deszka csemegeh\u00fasokhoz<\/p>\n<\/li>\n<li data-start=\"1652\" data-end=\"1674\">\n<p data-start=\"1654\" data-end=\"1674\">T\u00e1skatart\u00f3 t\u00e1mogat\u00e1s<\/p>\n<\/li>\n<li data-start=\"1675\" data-end=\"1707\">\n<p data-start=\"1677\" data-end=\"1707\">Csomagol\u00f3anyag tart\u00e1ly<\/p>\n<\/li>\n<li data-start=\"1708\" data-end=\"1724\">\n<p data-start=\"1710\" data-end=\"1724\">K\u00e9start\u00f3<\/p>\n<\/li>\n<li data-start=\"1725\" data-end=\"1750\">\n<p data-start=\"1727\" data-end=\"1750\">Pap\u00edrt\u00f6rl\u0151 adagol\u00f3<\/p>\n<\/li>\n<li data-start=\"1751\" data-end=\"1774\">\n<p data-start=\"1753\" data-end=\"1774\">M\u0171anyag t\u00e1lcatart\u00f3<\/p>\n<\/li>\n<li data-start=\"1775\" data-end=\"1804\">\n<p data-start=\"1777\" data-end=\"1804\">G\u00f6rg\u0151k a k\u00f6nny\u0171 mozgat\u00e1shoz<\/p>\n<\/li>\n<\/ul>\n<h2 data-start=\"1811\" data-end=\"1855\"><strong data-start=\"1814\" data-end=\"1855\">M\u0171szaki adatok - SAMA 125 L<\/strong><\/h2>\n<table>\n<thead>\n<tr>\n<th>Jellemz\u0151<\/th>\n<th>Specifik\u00e1ci\u00f3<\/th>\n<\/tr>\n<\/thead>\n<tbody>\n<tr>\n<td><strong>H\u0151m\u00e9rs\u00e9klet tartom\u00e1ny<\/strong><\/td>\n<td>0 \u00b0C \/ +10 \u00b0C<\/td>\n<\/tr>\n<tr>\n<td><strong>Kl\u00edmaoszt\u00e1ly<\/strong><\/td>\n<td>3<\/td>\n<\/tr>\n<tr>\n<td><strong>Megjelen\u00edt\u00e9si ter\u00fclet<\/strong><\/td>\n<td>0.9 m\u00b2<\/td>\n<\/tr>\n<tr>\n<td><strong>Test (k\u00fcls\u0151 fel\u00fclet)<\/strong><\/td>\n<td>El\u0151re festett lemez korr\u00f3zi\u00f3g\u00e1tl\u00f3 kezel\u00e9ssel + \u00dcveg<\/td>\n<\/tr>\n<tr>\n<td><strong>Bels\u0151 b\u00e9l\u00e9s<\/strong><\/td>\n<td>Rozsdamentes ac\u00e9l AISI 304<\/td>\n<\/tr>\n<tr>\n<td><strong>Termoszt\u00e1t<\/strong><\/td>\n<td>Elektronikus<\/td>\n<\/tr>\n<tr>\n<td><strong>Zajszint<\/strong><\/td>\n<td>55 dB<\/td>\n<\/tr>\n<tr>\n<td><strong>Smart Link WiFi<\/strong><\/td>\n<td>Opcion\u00e1lis<\/td>\n<\/tr>\n<tr>\n<td><strong>Szigetel\u00e9s vastags\u00e1ga<\/strong><\/td>\n<td>60 mm<\/td>\n<\/tr>\n<tr>\n<td><strong>Leolvaszt\u00e1s<\/strong><\/td>\n<td>Elektromos<\/td>\n<\/tr>\n<tr>\n<td><strong>Vil\u00e1g\u00edt\u00e1s<\/strong><\/td>\n<td>2 v\u00edzszintes LED<\/td>\n<\/tr>\n<tr>\n<td><strong>L\u00e1bak<\/strong><\/td>\n<td>4<\/td>\n<\/tr>\n<tr>\n<td><strong>G\u00f6rg\u0151k<\/strong><\/td>\n<td>Opcion\u00e1lis<\/td>\n<\/tr>\n<tr>\n<td><strong>Nett\u00f3 \/ brutt\u00f3 s\u00faly<\/strong><\/td>\n<td>150 \/ 190 kg<\/td>\n<\/tr>\n<tr>\n<td><strong>Fesz\u00fclts\u00e9g \/ frekvencia<\/strong><\/td>\n<td>220-240 V \/ 50 Hz<\/td>\n<\/tr>\n<tr>\n<td><strong>H\u0171t\u0151k\u00f6zeg<\/strong><\/td>\n<td>R290<\/td>\n<\/tr>\n<tr>\n<td><strong>Energiaelnyel\u00e9s<\/strong><\/td>\n<td>500 W<\/td>\n<\/tr>\n<tr>\n<td><strong>Energiafogyaszt\u00e1s<\/strong><\/td>\n<td>6,85 kWh \/ 24 \u00f3ra<\/td>\n<\/tr>\n<\/tbody>\n<\/table>\n<h2 data-start=\"2585\" data-end=\"2615\"><strong data-start=\"2588\" data-end=\"2615\">M\u00e9retek - SAMA 125 L<\/strong><\/h2>\n<div class=\"_tableContainer_1rjym_1\">\n<div class=\"_tableWrapper_1rjym_13 group flex w-fit flex-col-reverse\">\n<table>\n<thead>\n<tr>\n<th>M\u00e9r\u00e9s<\/th>\n<th>\u00c9rt\u00e9k<\/th>\n<\/tr>\n<\/thead>\n<tbody>\n<tr>\n<td><strong>K\u00fcls\u0151 m\u00e9retek (WxDxH)<\/strong><\/td>\n<td>1310 \u00d7 1000 \u00d7 1280 mm<\/td>\n<\/tr>\n<tr>\n<td><strong>Csomagol\u00e1si m\u00e9retek (WxDxH)<\/strong><\/td>\n<td>1410 \u00d7 1100 \u00d7 1430 mm<\/td>\n<\/tr>\n<tr>\n<td><strong>Term\u00e9k t\u00e1rol\u00e1si cella sz\u00e9less\u00e9ge<\/strong><\/td>\n<td>1200 mm<\/td>\n<\/tr>\n<\/tbody>\n<\/table>\n<\/div>\n<\/div>","protected":false},"excerpt":{"rendered":"<p>The SAMA 125 L is a ventilated refrigerated counter specifically designed for butcheries, delicatessens, supermarkets, and minimarkets. Offering a larger display surface (0.9 m\u00b2) than the SAMA 95 L, it is perfect for presenting and preserving fresh meat, deli products, and cold cuts at 0 \u00b0C to +10 \u00b0C. Built with a robust structure in [&hellip;]<\/p>\n","protected":false},"featured_media":7282,"comment_status":"open","ping_status":"closed","template":"","meta":[],"product_brand":[],"product_cat":[50],"product_tag":[],"class_list":{"0":"post-7281","1":"product","2":"type-product","3":"status-publish","4":"has-post-thumbnail","6":"product_cat-minimarket-supermarket-cooling","8":"first","9":"instock","10":"shipping-taxable","11":"product-type-simple"},"_links":{"self":[{"href":"https:\/\/dersuessestopp.com\/hu\/wp-json\/wp\/v2\/product\/7281","targetHints":{"allow":["GET"]}}],"collection":[{"href":"https:\/\/dersuessestopp.com\/hu\/wp-json\/wp\/v2\/product"}],"about":[{"href":"https:\/\/dersuessestopp.com\/hu\/wp-json\/wp\/v2\/types\/product"}],"replies":[{"embeddable":true,"href":"https:\/\/dersuessestopp.com\/hu\/wp-json\/wp\/v2\/comments?post=7281"}],"version-history":[{"count":2,"href":"https:\/\/dersuessestopp.com\/hu\/wp-json\/wp\/v2\/product\/7281\/revisions"}],"predecessor-version":[{"id":7285,"href":"https:\/\/dersuessestopp.com\/hu\/wp-json\/wp\/v2\/product\/7281\/revisions\/7285"}],"wp:featuredmedia":[{"embeddable":true,"href":"https:\/\/dersuessestopp.com\/hu\/wp-json\/wp\/v2\/media\/7282"}],"wp:attachment":[{"href":"https:\/\/dersuessestopp.com\/hu\/wp-json\/wp\/v2\/media?parent=7281"}],"wp:term":[{"taxonomy":"product_brand","embeddable":true,"href":"https:\/\/dersuessestopp.com\/hu\/wp-json\/wp\/v2\/product_brand?post=7281"},{"taxonomy":"product_cat","embeddable":true,"href":"https:\/\/dersuessestopp.com\/hu\/wp-json\/wp\/v2\/product_cat?post=7281"},{"taxonomy":"product_tag","embeddable":true,"href":"https:\/\/dersuessestopp.com\/hu\/wp-json\/wp\/v2\/product_tag?post=7281"}],"curies":[{"name":"wp","href":"https:\/\/api.w.org\/{rel}","templated":true}]}}