{"id":7275,"date":"2025-09-01T06:11:36","date_gmt":"2025-09-01T06:11:36","guid":{"rendered":"https:\/\/dersuessestopp.com\/?post_type=product&#038;p=7275"},"modified":"2025-09-01T06:14:21","modified_gmt":"2025-09-01T06:14:21","slug":"sama-95-l","status":"publish","type":"product","link":"https:\/\/dersuessestopp.com\/hu\/product\/sama-95-l\/","title":{"rendered":"SAMA 95 L"},"content":{"rendered":"<p data-start=\"153\" data-end=\"456\">A <strong data-start=\"157\" data-end=\"170\">SAMA 95 L<\/strong> egy <strong data-start=\"176\" data-end=\"211\">szell\u0151ztetett h\u0171t\u0151pult<\/strong> tervezt\u00e9k <strong data-start=\"225\" data-end=\"285\">hentes\u00fczletek, csemegeboltok, szupermarketek \u00e9s minimarketek<\/strong>. Ez biztos\u00edtja <strong data-start=\"299\" data-end=\"341\">a friss term\u00e9kek optim\u00e1lis meg\u0151rz\u00e9se<\/strong> egy <strong data-start=\"347\" data-end=\"386\">0 \u00b0C \u00e9s +10 \u00b0C k\u00f6z\u00f6tti h\u0151m\u00e9rs\u00e9klet-tartom\u00e1ny<\/strong>, mik\u00f6zben biztos\u00edtja <strong data-start=\"403\" data-end=\"453\">kiv\u00e1l\u00f3 term\u00e9k l\u00e1that\u00f3s\u00e1g \u00e9s hozz\u00e1f\u00e9rhet\u0151s\u00e9g<\/strong>.<\/p>\n<p data-start=\"458\" data-end=\"658\">\u00c9p\u00edtett <strong data-start=\"469\" data-end=\"497\">AISI 304 rozsdamentes ac\u00e9l<\/strong> a bels\u0151 tart\u00e1lyhoz \u00e9s egy <strong data-start=\"523\" data-end=\"586\">el\u0151festett, korr\u00f3zi\u00f3g\u00e1tl\u00f3val kezelt lemez \u00fcvegszerkezettel<\/strong>, a SAMA 95 L garant\u00e1lja <strong data-start=\"613\" data-end=\"655\">tart\u00f3ss\u00e1g, higi\u00e9nia \u00e9s modern design<\/strong>.<\/p>\n<h2 data-start=\"1341\" data-end=\"1368\"><strong data-start=\"1344\" data-end=\"1368\">Standard tartoz\u00e9kok<\/strong><\/h2>\n<ul data-start=\"1369\" data-end=\"1409\">\n<li data-start=\"1369\" data-end=\"1409\">\n<p data-start=\"1371\" data-end=\"1409\">\u00c9jszakai z\u00e1r\u00e1s plexi\u00fcveg panelekkel<\/p>\n<\/li>\n<\/ul>\n<h2 data-start=\"1411\" data-end=\"1438\"><strong data-start=\"1414\" data-end=\"1438\">V\u00e1laszthat\u00f3 tartoz\u00e9kok<\/strong><\/h2>\n<ul data-start=\"1439\" data-end=\"1672\">\n<li data-start=\"1439\" data-end=\"1479\">\n<p data-start=\"1441\" data-end=\"1479\">Szerel\u0151k\u00e9szlet a pultok \u00f6sszeszerel\u00e9s\u00e9hez<\/p>\n<\/li>\n<li data-start=\"1480\" data-end=\"1521\">\n<p data-start=\"1482\" data-end=\"1521\">Cs\u00fasztathat\u00f3 v\u00e1g\u00f3deszka p\u00e1colt h\u00fasokhoz<\/p>\n<\/li>\n<li data-start=\"1522\" data-end=\"1544\">\n<p data-start=\"1524\" data-end=\"1544\">T\u00e1skatart\u00f3 t\u00e1mogat\u00e1s<\/p>\n<\/li>\n<li data-start=\"1545\" data-end=\"1575\">\n<p data-start=\"1547\" data-end=\"1575\">Csomagol\u00f3anyag-tart\u00f3<\/p>\n<\/li>\n<li data-start=\"1576\" data-end=\"1592\">\n<p data-start=\"1578\" data-end=\"1592\">K\u00e9start\u00f3<\/p>\n<\/li>\n<li data-start=\"1593\" data-end=\"1618\">\n<p data-start=\"1595\" data-end=\"1618\">Pap\u00edrt\u00f6rl\u0151 adagol\u00f3<\/p>\n<\/li>\n<li data-start=\"1619\" data-end=\"1642\">\n<p data-start=\"1621\" data-end=\"1642\">M\u0171anyag t\u00e1lcatart\u00f3<\/p>\n<\/li>\n<li data-start=\"1643\" data-end=\"1672\">\n<p data-start=\"1645\" data-end=\"1672\">G\u00f6rg\u0151k a k\u00f6nny\u0171 mozgat\u00e1shoz<\/p>\n<\/li>\n<\/ul>\n<h2 data-start=\"1679\" data-end=\"1722\"><strong data-start=\"1682\" data-end=\"1722\">M\u0171szaki adatok - SAMA 95 L<\/strong><\/h2>\n<div class=\"_tableContainer_1rjym_1\">\n<div class=\"_tableWrapper_1rjym_13 group flex w-fit flex-col-reverse\">\n<table>\n<thead>\n<tr>\n<th>Jellemz\u0151<\/th>\n<th>Specifik\u00e1ci\u00f3<\/th>\n<\/tr>\n<\/thead>\n<tbody>\n<tr>\n<td><strong>H\u0151m\u00e9rs\u00e9klet tartom\u00e1ny<\/strong><\/td>\n<td>0 \u00b0C \/ +10 \u00b0C<\/td>\n<\/tr>\n<tr>\n<td><strong>Kl\u00edmaoszt\u00e1ly<\/strong><\/td>\n<td>3<\/td>\n<\/tr>\n<tr>\n<td><strong>Megjelen\u00edt\u00e9si ter\u00fclet<\/strong><\/td>\n<td>0.7 m\u00b2<\/td>\n<\/tr>\n<tr>\n<td><strong>Test (k\u00fcls\u0151 fel\u00fclet)<\/strong><\/td>\n<td>El\u0151re festett lemez korr\u00f3zi\u00f3g\u00e1tl\u00f3 kezel\u00e9ssel + \u00dcveg<\/td>\n<\/tr>\n<tr>\n<td><strong>Bels\u0151 b\u00e9l\u00e9s<\/strong><\/td>\n<td>Rozsdamentes ac\u00e9l AISI 304<\/td>\n<\/tr>\n<tr>\n<td><strong>Termoszt\u00e1t<\/strong><\/td>\n<td>Elektronikus<\/td>\n<\/tr>\n<tr>\n<td><strong>Zajszint<\/strong><\/td>\n<td>55 dB<\/td>\n<\/tr>\n<tr>\n<td><strong>Smart Link WiFi<\/strong><\/td>\n<td>Opcion\u00e1lis<\/td>\n<\/tr>\n<tr>\n<td><strong>Szigetel\u00e9s vastags\u00e1ga<\/strong><\/td>\n<td>60 mm<\/td>\n<\/tr>\n<tr>\n<td><strong>Leolvaszt\u00e1s<\/strong><\/td>\n<td>Elektromos<\/td>\n<\/tr>\n<tr>\n<td><strong>Vil\u00e1g\u00edt\u00e1s<\/strong><\/td>\n<td>2 v\u00edzszintes LED<\/td>\n<\/tr>\n<tr>\n<td><strong>L\u00e1bak<\/strong><\/td>\n<td>4<\/td>\n<\/tr>\n<tr>\n<td><strong>G\u00f6rg\u0151k<\/strong><\/td>\n<td>Opcion\u00e1lis<\/td>\n<\/tr>\n<tr>\n<td><strong>Nett\u00f3 \/ brutt\u00f3 s\u00faly<\/strong><\/td>\n<td>140 \/ 170 kg<\/td>\n<\/tr>\n<tr>\n<td><strong>Fesz\u00fclts\u00e9g \/ frekvencia<\/strong><\/td>\n<td>220-240 V \/ 50 Hz<\/td>\n<\/tr>\n<tr>\n<td><strong>H\u0171t\u0151k\u00f6zeg<\/strong><\/td>\n<td>R290<\/td>\n<\/tr>\n<tr>\n<td><strong>Energiaelnyel\u00e9s<\/strong><\/td>\n<td>410 W<\/td>\n<\/tr>\n<tr>\n<td><strong>Energiafogyaszt\u00e1s<\/strong><\/td>\n<td>5,95 kWh \/ 24 \u00f3ra<\/td>\n<\/tr>\n<\/tbody>\n<\/table>\n<h2 data-start=\"2452\" data-end=\"2481\"><strong data-start=\"2455\" data-end=\"2481\">M\u00e9retek - SAMA 95 L<\/strong><\/h2>\n<div class=\"_tableContainer_1rjym_1\">\n<div class=\"_tableWrapper_1rjym_13 group flex w-fit flex-col-reverse\">\n<table>\n<thead>\n<tr>\n<th>M\u00e9r\u00e9s<\/th>\n<th>\u00c9rt\u00e9k<\/th>\n<\/tr>\n<\/thead>\n<tbody>\n<tr>\n<td><strong>K\u00fcls\u0151 m\u00e9retek (WxDxH)<\/strong><\/td>\n<td>1000 \u00d7 1000 \u00d7 1280 mm<\/td>\n<\/tr>\n<tr>\n<td><strong>Csomagol\u00e1si m\u00e9retek (WxDxH)<\/strong><\/td>\n<td>1100 \u00d7 1100 \u00d7 1430 mm<\/td>\n<\/tr>\n<tr>\n<td><strong>Term\u00e9k t\u00e1rol\u00e1si cella sz\u00e9less\u00e9ge<\/strong><\/td>\n<td>890 mm<\/td>\n<\/tr>\n<\/tbody>\n<\/table>\n<\/div>\n<\/div>\n<\/div>\n<\/div>","protected":false},"excerpt":{"rendered":"<p>The SAMA 95 L is a ventilated refrigerated counter designed for butcheries, delicatessens, supermarkets, and minimarkets. It provides optimal preservation of fresh products at a temperature range of 0 \u00b0C to +10 \u00b0C, while ensuring excellent product visibility and accessibility. Built with AISI 304 stainless steel for the inner tank and a prepainted anticorrosion-treated sheet [&hellip;]<\/p>\n","protected":false},"featured_media":7276,"comment_status":"open","ping_status":"closed","template":"","meta":[],"product_brand":[],"product_cat":[50],"product_tag":[],"class_list":{"0":"post-7275","1":"product","2":"type-product","3":"status-publish","4":"has-post-thumbnail","6":"product_cat-minimarket-supermarket-cooling","8":"first","9":"instock","10":"shipping-taxable","11":"product-type-simple"},"_links":{"self":[{"href":"https:\/\/dersuessestopp.com\/hu\/wp-json\/wp\/v2\/product\/7275","targetHints":{"allow":["GET"]}}],"collection":[{"href":"https:\/\/dersuessestopp.com\/hu\/wp-json\/wp\/v2\/product"}],"about":[{"href":"https:\/\/dersuessestopp.com\/hu\/wp-json\/wp\/v2\/types\/product"}],"replies":[{"embeddable":true,"href":"https:\/\/dersuessestopp.com\/hu\/wp-json\/wp\/v2\/comments?post=7275"}],"version-history":[{"count":3,"href":"https:\/\/dersuessestopp.com\/hu\/wp-json\/wp\/v2\/product\/7275\/revisions"}],"predecessor-version":[{"id":7280,"href":"https:\/\/dersuessestopp.com\/hu\/wp-json\/wp\/v2\/product\/7275\/revisions\/7280"}],"wp:featuredmedia":[{"embeddable":true,"href":"https:\/\/dersuessestopp.com\/hu\/wp-json\/wp\/v2\/media\/7276"}],"wp:attachment":[{"href":"https:\/\/dersuessestopp.com\/hu\/wp-json\/wp\/v2\/media?parent=7275"}],"wp:term":[{"taxonomy":"product_brand","embeddable":true,"href":"https:\/\/dersuessestopp.com\/hu\/wp-json\/wp\/v2\/product_brand?post=7275"},{"taxonomy":"product_cat","embeddable":true,"href":"https:\/\/dersuessestopp.com\/hu\/wp-json\/wp\/v2\/product_cat?post=7275"},{"taxonomy":"product_tag","embeddable":true,"href":"https:\/\/dersuessestopp.com\/hu\/wp-json\/wp\/v2\/product_tag?post=7275"}],"curies":[{"name":"wp","href":"https:\/\/api.w.org\/{rel}","templated":true}]}}