{"id":7264,"date":"2025-09-01T06:06:01","date_gmt":"2025-09-01T06:06:01","guid":{"rendered":"https:\/\/dersuessestopp.com\/?post_type=product&#038;p=7264"},"modified":"2025-09-01T06:06:01","modified_gmt":"2025-09-01T06:06:01","slug":"vision-150","status":"publish","type":"product","link":"https:\/\/dersuessestopp.com\/hu\/product\/vision-150\/","title":{"rendered":"VISION 150"},"content":{"rendered":"<p data-start=\"189\" data-end=\"423\">A <strong data-start=\"193\" data-end=\"207\">VISION 150<\/strong> egy <strong data-start=\"213\" data-end=\"298\">szell\u0151ztethet\u0151 t\u00f6bbszintes h\u0171t\u0151szekr\u00e9ny h\u00e1rom \u00fcvegoldallal \u00e9s k\u00e9t keret n\u00e9lk\u00fcli, csukl\u00f3s ajt\u00f3val<\/strong>, a k\u00f6vetkez\u0151 c\u00e9lokra tervezt\u00e9k <strong data-start=\"313\" data-end=\"362\">szupermarketek, minimarketek \u00e9s kiskereskedelmi \u00fczletek<\/strong> megb\u00edzhat\u00f3t ig\u00e9nyl\u0151 <strong data-start=\"382\" data-end=\"420\">pozit\u00edv h\u0151m\u00e9rs\u00e9klet\u0171 h\u0171t\u00e9s<\/strong>.<\/p>\n<p data-start=\"425\" data-end=\"741\">M\u0171k\u00f6d\u00e9s a <strong data-start=\"442\" data-end=\"461\">+1 \u00b0C \u00e9s +10 \u00b0C k\u00f6z\u00f6tt<\/strong> tartom\u00e1nyban, biztos\u00edtja <strong data-start=\"480\" data-end=\"522\">a friss term\u00e9kek t\u00f6k\u00e9letes meg\u0151rz\u00e9se<\/strong> mik\u00f6zben biztos\u00edtja <strong data-start=\"539\" data-end=\"561\">maxim\u00e1lis l\u00e1that\u00f3s\u00e1g<\/strong> k\u00f6sz\u00f6nhet\u0151en a <strong data-start=\"576\" data-end=\"597\">full-glass design<\/strong>. \u00c9p\u00edtett <strong data-start=\"610\" data-end=\"662\">korr\u00f3zi\u00f3 ellen kezelt, el\u0151re festett f\u00e9mlemezek<\/strong> A VISION 150 k\u00edv\u00fcl \u00e9s bel\u00fcl egyar\u00e1nt tart\u00f3s, higi\u00e9nikus \u00e9s k\u00f6nnyen tiszt\u00edthat\u00f3.<\/p>\n<h2 data-start=\"1438\" data-end=\"1482\"><strong data-start=\"1441\" data-end=\"1482\">M\u0171szaki specifik\u00e1ci\u00f3k - VISION 150<\/strong><\/h2>\n<div class=\"_tableContainer_1rjym_1\">\n<div class=\"_tableWrapper_1rjym_13 group flex w-fit flex-col-reverse\">\n<table>\n<thead>\n<tr>\n<th>Jellemz\u0151<\/th>\n<th>Specifik\u00e1ci\u00f3<\/th>\n<\/tr>\n<\/thead>\n<tbody>\n<tr>\n<td><strong>H\u0151m\u00e9rs\u00e9klet tartom\u00e1ny<\/strong><\/td>\n<td>+1 \u00b0C \/ +10 \u00b0C<\/td>\n<\/tr>\n<tr>\n<td><strong>Kl\u00edmaoszt\u00e1ly<\/strong><\/td>\n<td>3<\/td>\n<\/tr>\n<tr>\n<td><strong>Nett\u00f3 \/ brutt\u00f3 mennyis\u00e9g<\/strong><\/td>\n<td>764 L \/ 1292 L<\/td>\n<\/tr>\n<tr>\n<td><strong>Test (k\u00fcls\u0151 fel\u00fclet)<\/strong><\/td>\n<td>El\u0151re festett lemez korr\u00f3zi\u00f3g\u00e1tl\u00f3 kezel\u00e9ssel<\/td>\n<\/tr>\n<tr>\n<td><strong>Bels\u0151 b\u00e9l\u00e9s<\/strong><\/td>\n<td>El\u0151re festett lemez korr\u00f3zi\u00f3g\u00e1tl\u00f3 kezel\u00e9ssel<\/td>\n<\/tr>\n<tr>\n<td><strong>Termoszt\u00e1t<\/strong><\/td>\n<td>Elektronikus<\/td>\n<\/tr>\n<tr>\n<td><strong>Zajszint<\/strong><\/td>\n<td>58 dB<\/td>\n<\/tr>\n<tr>\n<td><strong>Smart Link WiFi<\/strong><\/td>\n<td>Opcion\u00e1lis<\/td>\n<\/tr>\n<tr>\n<td><strong>Szigetel\u00e9s vastags\u00e1ga<\/strong><\/td>\n<td>40 mm<\/td>\n<\/tr>\n<tr>\n<td><strong>Leolvaszt\u00e1si rendszer<\/strong><\/td>\n<td>Automatikus<\/td>\n<\/tr>\n<tr>\n<td><strong>Vil\u00e1g\u00edt\u00e1s<\/strong><\/td>\n<td>LED<\/td>\n<\/tr>\n<tr>\n<td><strong>Polcok<\/strong><\/td>\n<td>5 polc (1248 \u00d7 450 mm), \u00e1ll\u00edthat\u00f3 \u00e9s d\u00f6nthet\u0151<\/td>\n<\/tr>\n<tr>\n<td><strong>L\u00e1bak<\/strong><\/td>\n<td>4<\/td>\n<\/tr>\n<tr>\n<td><strong>Fesz\u00fclts\u00e9g \/ frekvencia<\/strong><\/td>\n<td>220-240 V \/ 50 Hz<\/td>\n<\/tr>\n<tr>\n<td><strong>H\u0171t\u0151k\u00f6zeg<\/strong><\/td>\n<td>R290<\/td>\n<\/tr>\n<tr>\n<td><strong>Energiaelnyel\u00e9s<\/strong><\/td>\n<td>550 W<\/td>\n<\/tr>\n<tr>\n<td><strong>Energiafogyaszt\u00e1s<\/strong><\/td>\n<td>5,87 kWh \/ 24 \u00f3ra<\/td>\n<\/tr>\n<tr>\n<td><strong>Nett\u00f3 \/ brutt\u00f3 s\u00faly<\/strong><\/td>\n<td>260 \/ 300 kg<\/td>\n<\/tr>\n<\/tbody>\n<\/table>\n<h2 data-start=\"2275\" data-end=\"2305\"><strong data-start=\"2278\" data-end=\"2305\">M\u00e9retek - VISION 150<\/strong><\/h2>\n<div class=\"_tableContainer_1rjym_1\">\n<div class=\"_tableWrapper_1rjym_13 group flex w-fit flex-col-reverse\">\n<table>\n<thead>\n<tr>\n<th>M\u00e9r\u00e9s<\/th>\n<th>\u00c9rt\u00e9k<\/th>\n<\/tr>\n<\/thead>\n<tbody>\n<tr>\n<td><strong>K\u00fcls\u0151 m\u00e9retek (WxDxH)<\/strong><\/td>\n<td>1310 \u00d7 740 \u00d7 2010 mm<\/td>\n<\/tr>\n<tr>\n<td><strong>Csomagol\u00e1si m\u00e9retek (WxDxH)<\/strong><\/td>\n<td>1340 \u00d7 767 \u00d7 2120 mm<\/td>\n<\/tr>\n<tr>\n<td><strong>Bels\u0151 sz\u00e9less\u00e9g (A)<\/strong><\/td>\n<td>1250 mm<\/td>\n<\/tr>\n<tr>\n<td><strong>Bels\u0151 m\u00e9lys\u00e9g (B)<\/strong><\/td>\n<td>544 mm<\/td>\n<\/tr>\n<tr>\n<td><strong>Bels\u0151 magass\u00e1g (C)<\/strong><\/td>\n<td>1540 mm<\/td>\n<\/tr>\n<\/tbody>\n<\/table>\n<\/div>\n<\/div>\n<\/div>\n<\/div>","protected":false},"excerpt":{"rendered":"<p>The VISION 150 is a ventilated multideck cooler with three glass sides and two frameless hinged doors, designed for supermarkets, minimarkets, and retail outlets requiring reliable positive temperature refrigeration. Operating in the +1 \u00b0C to +10 \u00b0C range, it ensures perfect preservation of fresh products while providing maximum visibility thanks to its full-glass design. Built [&hellip;]<\/p>\n","protected":false},"featured_media":7265,"comment_status":"open","ping_status":"closed","template":"","meta":[],"product_brand":[],"product_cat":[50],"product_tag":[],"class_list":{"0":"post-7264","1":"product","2":"type-product","3":"status-publish","4":"has-post-thumbnail","6":"product_cat-minimarket-supermarket-cooling","8":"first","9":"instock","10":"shipping-taxable","11":"product-type-simple"},"_links":{"self":[{"href":"https:\/\/dersuessestopp.com\/hu\/wp-json\/wp\/v2\/product\/7264","targetHints":{"allow":["GET"]}}],"collection":[{"href":"https:\/\/dersuessestopp.com\/hu\/wp-json\/wp\/v2\/product"}],"about":[{"href":"https:\/\/dersuessestopp.com\/hu\/wp-json\/wp\/v2\/types\/product"}],"replies":[{"embeddable":true,"href":"https:\/\/dersuessestopp.com\/hu\/wp-json\/wp\/v2\/comments?post=7264"}],"version-history":[{"count":2,"href":"https:\/\/dersuessestopp.com\/hu\/wp-json\/wp\/v2\/product\/7264\/revisions"}],"predecessor-version":[{"id":7268,"href":"https:\/\/dersuessestopp.com\/hu\/wp-json\/wp\/v2\/product\/7264\/revisions\/7268"}],"wp:featuredmedia":[{"embeddable":true,"href":"https:\/\/dersuessestopp.com\/hu\/wp-json\/wp\/v2\/media\/7265"}],"wp:attachment":[{"href":"https:\/\/dersuessestopp.com\/hu\/wp-json\/wp\/v2\/media?parent=7264"}],"wp:term":[{"taxonomy":"product_brand","embeddable":true,"href":"https:\/\/dersuessestopp.com\/hu\/wp-json\/wp\/v2\/product_brand?post=7264"},{"taxonomy":"product_cat","embeddable":true,"href":"https:\/\/dersuessestopp.com\/hu\/wp-json\/wp\/v2\/product_cat?post=7264"},{"taxonomy":"product_tag","embeddable":true,"href":"https:\/\/dersuessestopp.com\/hu\/wp-json\/wp\/v2\/product_tag?post=7264"}],"curies":[{"name":"wp","href":"https:\/\/api.w.org\/{rel}","templated":true}]}}