{"id":7259,"date":"2025-09-01T06:03:05","date_gmt":"2025-09-01T06:03:05","guid":{"rendered":"https:\/\/dersuessestopp.com\/?post_type=product&#038;p=7259"},"modified":"2025-09-01T06:03:39","modified_gmt":"2025-09-01T06:03:39","slug":"mr-75-bt1","status":"publish","type":"product","link":"https:\/\/dersuessestopp.com\/hu\/product\/mr-75-bt1\/","title":{"rendered":"MR 75 BT1"},"content":{"rendered":"<p data-start=\"157\" data-end=\"450\">A <strong data-start=\"161\" data-end=\"174\">MR 75 BT1<\/strong> egy <strong data-start=\"180\" data-end=\"219\">kompakt, fagyaszt\u00e1smentes, t\u00f6bbszintes fagyaszt\u00f3szekr\u00e9ny<\/strong> tervezt\u00e9k <strong data-start=\"233\" data-end=\"281\">szupermarketek, minimarketek \u00e9s kiskereskedelmi \u00fczletek<\/strong> megb\u00edzhat\u00f3t ig\u00e9nyl\u0151 <strong data-start=\"301\" data-end=\"333\">negat\u00edv h\u0151m\u00e9rs\u00e9kleten t\u00f6rt\u00e9n\u0151 t\u00e1rol\u00e1s<\/strong>. Egy <strong data-start=\"342\" data-end=\"383\">-22 \u00b0C-t\u00f3l -18 \u00b0C-ig terjed\u0151 h\u0151m\u00e9rs\u00e9klet-tartom\u00e1nyban<\/strong>, ez a f\u00fcgg\u0151leges fagyaszt\u00f3szekr\u00e9ny biztos\u00edtja a fagyasztott \u00e1ruk biztons\u00e1gos meg\u0151rz\u00e9s\u00e9t.<\/p>\n<p data-start=\"452\" data-end=\"755\">\u00c9p\u00fclt egy <strong data-start=\"465\" data-end=\"487\">festett ac\u00e9l test<\/strong> \u00e9s <strong data-start=\"492\" data-end=\"525\">festett alum\u00ednium bels\u0151 b\u00e9l\u00e9s<\/strong>, kombin\u00e1lja <strong data-start=\"539\" data-end=\"572\">tart\u00f3ss\u00e1g \u00e9s k\u00f6nny\u0171 tiszt\u00edt\u00e1s<\/strong>. A fagyaszt\u00f3 rendelkezik egy <strong data-start=\"598\" data-end=\"623\">elektronikus termoszt\u00e1t<\/strong>, <strong data-start=\"625\" data-end=\"675\">automatikus melegg\u00e1zos leolvaszt\u00e1s (k\u00e9zi opci\u00f3val)<\/strong>, \u00e9s <strong data-start=\"681\" data-end=\"723\">energiahat\u00e9kony f\u00fcgg\u0151leges LED vil\u00e1g\u00edt\u00e1s<\/strong> a term\u00e9k egy\u00e9rtelm\u0171 l\u00e1that\u00f3s\u00e1ga \u00e9rdek\u00e9ben.<\/p>\n<h2 data-start=\"1428\" data-end=\"1459\"><strong data-start=\"1431\" data-end=\"1459\">M\u0171szaki specifik\u00e1ci\u00f3k<\/strong><\/h2>\n<div class=\"_tableContainer_1rjym_1\">\n<div class=\"_tableWrapper_1rjym_13 group flex w-fit flex-col-reverse\">\n<table>\n<thead>\n<tr>\n<th>Jellemz\u0151<\/th>\n<th>MR 75 BT1<\/th>\n<\/tr>\n<\/thead>\n<tbody>\n<tr>\n<td><strong>H\u0151m\u00e9rs\u00e9klet tartom\u00e1ny<\/strong><\/td>\n<td>-22 \u00b0C \/ -18 \u00b0C<\/td>\n<\/tr>\n<tr>\n<td><strong>Kl\u00edmaoszt\u00e1ly<\/strong><\/td>\n<td>3<\/td>\n<\/tr>\n<tr>\n<td><strong>Nett\u00f3 \/ brutt\u00f3 mennyis\u00e9g<\/strong><\/td>\n<td>390 L \/ 560 L<\/td>\n<\/tr>\n<tr>\n<td><strong>Test (k\u00fcls\u0151 fel\u00fclet)<\/strong><\/td>\n<td>Festett ac\u00e9l (fekete \/ RAL7015 sz\u00fcrke)<\/td>\n<\/tr>\n<tr>\n<td><strong>Bels\u0151 b\u00e9l\u00e9s<\/strong><\/td>\n<td>Festett alum\u00ednium<\/td>\n<\/tr>\n<tr>\n<td><strong>Termoszt\u00e1t<\/strong><\/td>\n<td>Elektronikus<\/td>\n<\/tr>\n<tr>\n<td><strong>Zajszint<\/strong><\/td>\n<td>61 dB<\/td>\n<\/tr>\n<tr>\n<td><strong>Smart Link WiFi<\/strong><\/td>\n<td>Opcion\u00e1lis<\/td>\n<\/tr>\n<tr>\n<td><strong>Szigetel\u00e9s vastags\u00e1ga<\/strong><\/td>\n<td>60 mm<\/td>\n<\/tr>\n<tr>\n<td><strong>Leolvaszt\u00e1si rendszer<\/strong><\/td>\n<td>Automatikus forr\u00f3 g\u00e1zzal + k\u00e9zi<\/td>\n<\/tr>\n<tr>\n<td><strong>Vil\u00e1g\u00edt\u00e1s<\/strong><\/td>\n<td>2 f\u00fcgg\u0151leges LED<\/td>\n<\/tr>\n<tr>\n<td><strong>Ajt\u00f3k<\/strong><\/td>\n<td>\u00d6nz\u00e1r\u00f3<\/td>\n<\/tr>\n<tr>\n<td><strong>Polcok<\/strong><\/td>\n<td>5 polc (610 \u00d7 470 mm)<\/td>\n<\/tr>\n<tr>\n<td><strong>G\u00f6rg\u0151k<\/strong><\/td>\n<td>4<\/td>\n<\/tr>\n<tr>\n<td><strong>Fesz\u00fclts\u00e9g \/ frekvencia<\/strong><\/td>\n<td>220-240 V \/ 50 Hz<\/td>\n<\/tr>\n<tr>\n<td><strong>H\u0171t\u0151k\u00f6zeg<\/strong><\/td>\n<td>R290<\/td>\n<\/tr>\n<tr>\n<td><strong>Energiaelnyel\u00e9s<\/strong><\/td>\n<td>600 W<\/td>\n<\/tr>\n<tr>\n<td><strong>Energiafogyaszt\u00e1s<\/strong><\/td>\n<td>9,07 kWh \/ 24 \u00f3ra<\/td>\n<\/tr>\n<tr>\n<td><strong>Nett\u00f3 \/ brutt\u00f3 s\u00faly<\/strong><\/td>\n<td>150 \/ 158,5 kg<\/td>\n<\/tr>\n<\/tbody>\n<\/table>\n<h2 data-start=\"2250\" data-end=\"2267\"><strong data-start=\"2253\" data-end=\"2267\">M\u00e9retek<\/strong><\/h2>\n<div class=\"_tableContainer_1rjym_1\">\n<div class=\"_tableWrapper_1rjym_13 group flex w-fit flex-col-reverse\">\n<table>\n<thead>\n<tr>\n<th>M\u00e9r\u00e9s<\/th>\n<th>MR 75 BT1<\/th>\n<\/tr>\n<\/thead>\n<tbody>\n<tr>\n<td><strong>K\u00fcls\u0151 m\u00e9retek (WxDxH)<\/strong><\/td>\n<td>750 \u00d7 760 \u00d7 2003 mm<\/td>\n<\/tr>\n<tr>\n<td><strong>Csomagol\u00e1si m\u00e9retek (WxDxH)<\/strong><\/td>\n<td>775 \u00d7 780 \u00d7 2090 mm<\/td>\n<\/tr>\n<tr>\n<td><strong>Bels\u0151 sz\u00e9less\u00e9g (A)<\/strong><\/td>\n<td>630 mm<\/td>\n<\/tr>\n<tr>\n<td><strong>Bels\u0151 m\u00e9lys\u00e9g (B)<\/strong><\/td>\n<td>580 mm<\/td>\n<\/tr>\n<tr>\n<td><strong>Bels\u0151 magass\u00e1g (C)<\/strong><\/td>\n<td>1538 mm<\/td>\n<\/tr>\n<\/tbody>\n<\/table>\n<\/div>\n<\/div>\n<\/div>\n<\/div>","protected":false},"excerpt":{"rendered":"<p>The MR 75 BT1 is a compact, no-frost multideck freezer designed for supermarkets, minimarkets, and retail stores requiring reliable negative temperature storage. With a temperature range of -22 \u00b0C to -18 \u00b0C, this upright freezer ensures safe preservation of frozen goods. Built with a painted steel body and painted aluminium inner liner, it combines durability [&hellip;]<\/p>\n","protected":false},"featured_media":7260,"comment_status":"open","ping_status":"closed","template":"","meta":[],"product_brand":[],"product_cat":[50],"product_tag":[],"class_list":{"0":"post-7259","1":"product","2":"type-product","3":"status-publish","4":"has-post-thumbnail","6":"product_cat-minimarket-supermarket-cooling","8":"first","9":"instock","10":"shipping-taxable","11":"product-type-simple"},"_links":{"self":[{"href":"https:\/\/dersuessestopp.com\/hu\/wp-json\/wp\/v2\/product\/7259","targetHints":{"allow":["GET"]}}],"collection":[{"href":"https:\/\/dersuessestopp.com\/hu\/wp-json\/wp\/v2\/product"}],"about":[{"href":"https:\/\/dersuessestopp.com\/hu\/wp-json\/wp\/v2\/types\/product"}],"replies":[{"embeddable":true,"href":"https:\/\/dersuessestopp.com\/hu\/wp-json\/wp\/v2\/comments?post=7259"}],"version-history":[{"count":2,"href":"https:\/\/dersuessestopp.com\/hu\/wp-json\/wp\/v2\/product\/7259\/revisions"}],"predecessor-version":[{"id":7263,"href":"https:\/\/dersuessestopp.com\/hu\/wp-json\/wp\/v2\/product\/7259\/revisions\/7263"}],"wp:featuredmedia":[{"embeddable":true,"href":"https:\/\/dersuessestopp.com\/hu\/wp-json\/wp\/v2\/media\/7260"}],"wp:attachment":[{"href":"https:\/\/dersuessestopp.com\/hu\/wp-json\/wp\/v2\/media?parent=7259"}],"wp:term":[{"taxonomy":"product_brand","embeddable":true,"href":"https:\/\/dersuessestopp.com\/hu\/wp-json\/wp\/v2\/product_brand?post=7259"},{"taxonomy":"product_cat","embeddable":true,"href":"https:\/\/dersuessestopp.com\/hu\/wp-json\/wp\/v2\/product_cat?post=7259"},{"taxonomy":"product_tag","embeddable":true,"href":"https:\/\/dersuessestopp.com\/hu\/wp-json\/wp\/v2\/product_tag?post=7259"}],"curies":[{"name":"wp","href":"https:\/\/api.w.org\/{rel}","templated":true}]}}