{"id":7254,"date":"2025-09-01T06:00:47","date_gmt":"2025-09-01T06:00:47","guid":{"rendered":"https:\/\/dersuessestopp.com\/?post_type=product&#038;p=7254"},"modified":"2025-09-01T06:00:55","modified_gmt":"2025-09-01T06:00:55","slug":"alaszka-top-210","status":"publish","type":"product","link":"https:\/\/dersuessestopp.com\/hu\/product\/alaska-top-210\/","title":{"rendered":"ALASKA TOP 210"},"content":{"rendered":"<p data-start=\"160\" data-end=\"509\">A <strong data-start=\"164\" data-end=\"182\">ALASKA TOP 210<\/strong> egy <strong data-start=\"188\" data-end=\"214\">nagyobb \u00e1ll\u00f3 fagyaszt\u00f3<\/strong> tervezt\u00e9k <strong data-start=\"228\" data-end=\"282\">szupermarketek, minimarketek \u00e9s kiskereskedelmi k\u00f6rnyezetek<\/strong> ahol hosszabb fagyasztott t\u00e1rol\u00f3kapacit\u00e1sra van sz\u00fcks\u00e9g. \u00c9p\u00edtett <strong data-start=\"348\" data-end=\"417\">el\u0151re festett ac\u00e9l k\u00fcls\u0151 (RAL7015), korr\u00f3zi\u00f3g\u00e1tl\u00f3val kezelve<\/strong> \u00e9s egy <strong data-start=\"424\" data-end=\"455\">feh\u00e9r alum\u00ednium bels\u0151 b\u00e9l\u00e9s<\/strong>, hossz\u00fa \u00e9lettartamot \u00e9s higi\u00e9ni\u00e1t garant\u00e1l.<\/p>\n<p data-start=\"511\" data-end=\"856\">Ez a modell egy <strong data-start=\"533\" data-end=\"577\">\u00fcvegcs\u00faszda-nyit\u00f3 rendszer (Manhattan)<\/strong> a k\u00e9nyelmes hozz\u00e1f\u00e9r\u00e9s \u00e9rdek\u00e9ben, kombin\u00e1lva <strong data-start=\"615\" data-end=\"644\">automatikus melegg\u00e1zos leolvaszt\u00e1s<\/strong> a k\u00f6nny\u0171 karbantart\u00e1s \u00e9rdek\u00e9ben. A <strong data-start=\"674\" data-end=\"715\">-22 \u00b0C-t\u00f3l -18 \u00b0C-ig terjed\u0151 h\u0151m\u00e9rs\u00e9klet-tartom\u00e1nyban<\/strong>, az ALASKA TOP 210 biztos\u00edtja az egyenletes fagyaszt\u00e1si teljes\u00edtm\u00e9nyt, mik\u00f6zben a k\u00f6vetkez\u0151 szolg\u00e1ltat\u00e1sokat ny\u00fajtja <strong data-start=\"792\" data-end=\"853\">kiv\u00e1l\u00f3 term\u00e9k l\u00e1that\u00f3s\u00e1g 3 be\u00e9p\u00edtett LED l\u00e1mp\u00e1val<\/strong>.<\/p>\n<h2 data-start=\"1470\" data-end=\"1501\"><strong data-start=\"1473\" data-end=\"1501\">M\u0171szaki specifik\u00e1ci\u00f3k<\/strong><\/h2>\n<div class=\"_tableContainer_1rjym_1\">\n<div class=\"_tableWrapper_1rjym_13 group flex w-fit flex-col-reverse\">\n<table>\n<thead>\n<tr>\n<th>Jellemz\u0151<\/th>\n<th>ALASKA TOP 210<\/th>\n<\/tr>\n<\/thead>\n<tbody>\n<tr>\n<td><strong>H\u0151m\u00e9rs\u00e9klet tartom\u00e1ny<\/strong><\/td>\n<td>-22 \u00b0C \/ -18 \u00b0C<\/td>\n<\/tr>\n<tr>\n<td><strong>Kl\u00edmaoszt\u00e1ly<\/strong><\/td>\n<td>3<\/td>\n<\/tr>\n<tr>\n<td><strong>Nett\u00f3 \/ brutt\u00f3 mennyis\u00e9g<\/strong><\/td>\n<td>346 L \/ 559 L<\/td>\n<\/tr>\n<tr>\n<td><strong>Test (k\u00fcls\u0151 fel\u00fclet)<\/strong><\/td>\n<td>El\u0151re festett lemez (RAL7015) korr\u00f3zi\u00f3g\u00e1tl\u00f3val kezelve<\/td>\n<\/tr>\n<tr>\n<td><strong>Bels\u0151 b\u00e9l\u00e9s<\/strong><\/td>\n<td>Feh\u00e9r alum\u00ednium<\/td>\n<\/tr>\n<tr>\n<td><strong>Termoszt\u00e1t<\/strong><\/td>\n<td>Elektronikus<\/td>\n<\/tr>\n<tr>\n<td><strong>Zajszint<\/strong><\/td>\n<td>65 dB<\/td>\n<\/tr>\n<tr>\n<td><strong>Smart Link WiFi<\/strong><\/td>\n<td>-<\/td>\n<\/tr>\n<tr>\n<td><strong>Szigetel\u00e9s vastags\u00e1ga<\/strong><\/td>\n<td>60 mm<\/td>\n<\/tr>\n<tr>\n<td><strong>Leolvaszt\u00e1si rendszer<\/strong><\/td>\n<td>Forr\u00f3 g\u00e1z<\/td>\n<\/tr>\n<tr>\n<td><strong>Vil\u00e1g\u00edt\u00e1s<\/strong><\/td>\n<td>3 LED<\/td>\n<\/tr>\n<tr>\n<td><strong>Polcok<\/strong><\/td>\n<td>6 polc (N.4 - 624 \u00d7 292 mm, N.2 - 699 \u00d7 292 mm)<\/td>\n<\/tr>\n<tr>\n<td><strong>L\u00e1bak<\/strong><\/td>\n<td>4 \u00e1ll\u00edthat\u00f3<\/td>\n<\/tr>\n<tr>\n<td><strong>Fesz\u00fclts\u00e9g \/ frekvencia<\/strong><\/td>\n<td>220-240 V \/ 50 Hz<\/td>\n<\/tr>\n<tr>\n<td><strong>H\u0171t\u0151k\u00f6zeg<\/strong><\/td>\n<td>R290<\/td>\n<\/tr>\n<tr>\n<td><strong>Energiaelnyel\u00e9s<\/strong><\/td>\n<td>820 W<\/td>\n<\/tr>\n<tr>\n<td><strong>Energiafogyaszt\u00e1s<\/strong><\/td>\n<td>20,12 kWh \/ 24 \u00f3ra<\/td>\n<\/tr>\n<tr>\n<td><strong>Nett\u00f3 \/ brutt\u00f3 s\u00faly<\/strong><\/td>\n<td>188 \/ 203 kg<\/td>\n<\/tr>\n<\/tbody>\n<\/table>\n<h2 data-start=\"2284\" data-end=\"2301\"><strong data-start=\"2287\" data-end=\"2301\">M\u00e9retek<\/strong><\/h2>\n<div class=\"_tableContainer_1rjym_1\">\n<div class=\"_tableWrapper_1rjym_13 group flex w-fit flex-col-reverse\">\n<table>\n<thead>\n<tr>\n<th>M\u00e9r\u00e9s<\/th>\n<th>ALASKA TOP 210<\/th>\n<\/tr>\n<\/thead>\n<tbody>\n<tr>\n<td><strong>K\u00fcls\u0151 m\u00e9retek (WxDxH)<\/strong><\/td>\n<td>2100 \u00d7 590 \u00d7 1022 mm<\/td>\n<\/tr>\n<tr>\n<td><strong>Csomagol\u00e1si m\u00e9retek (WxDxH)<\/strong><\/td>\n<td>2180 \u00d7 660 \u00d7 1245 mm<\/td>\n<\/tr>\n<tr>\n<td><strong>Bels\u0151 sz\u00e9less\u00e9g (A)<\/strong><\/td>\n<td>1980 mm<\/td>\n<\/tr>\n<tr>\n<td><strong>Bels\u0151 m\u00e9lys\u00e9g (B)<\/strong><\/td>\n<td>390 mm<\/td>\n<\/tr>\n<tr>\n<td><strong>Bels\u0151 magass\u00e1g (C)<\/strong><\/td>\n<td>645 mm<\/td>\n<\/tr>\n<\/tbody>\n<\/table>\n<\/div>\n<\/div>\n<\/div>\n<\/div>","protected":false},"excerpt":{"rendered":"<p>The ALASKA TOP 210 is a larger upright freezer designed for supermarkets, minimarkets, and retail environments where extended frozen storage capacity is required. Built with a pre-painted steel exterior (RAL7015) with anticorrosion treatment and a white aluminium inner liner, it guarantees long-lasting durability and hygiene. This model features a sliding glass opening system (Manhattan) for [&hellip;]<\/p>\n","protected":false},"featured_media":7255,"comment_status":"open","ping_status":"closed","template":"","meta":[],"product_brand":[],"product_cat":[50],"product_tag":[],"class_list":{"0":"post-7254","1":"product","2":"type-product","3":"status-publish","4":"has-post-thumbnail","6":"product_cat-minimarket-supermarket-cooling","8":"first","9":"instock","10":"shipping-taxable","11":"product-type-simple"},"_links":{"self":[{"href":"https:\/\/dersuessestopp.com\/hu\/wp-json\/wp\/v2\/product\/7254","targetHints":{"allow":["GET"]}}],"collection":[{"href":"https:\/\/dersuessestopp.com\/hu\/wp-json\/wp\/v2\/product"}],"about":[{"href":"https:\/\/dersuessestopp.com\/hu\/wp-json\/wp\/v2\/types\/product"}],"replies":[{"embeddable":true,"href":"https:\/\/dersuessestopp.com\/hu\/wp-json\/wp\/v2\/comments?post=7254"}],"version-history":[{"count":2,"href":"https:\/\/dersuessestopp.com\/hu\/wp-json\/wp\/v2\/product\/7254\/revisions"}],"predecessor-version":[{"id":7258,"href":"https:\/\/dersuessestopp.com\/hu\/wp-json\/wp\/v2\/product\/7254\/revisions\/7258"}],"wp:featuredmedia":[{"embeddable":true,"href":"https:\/\/dersuessestopp.com\/hu\/wp-json\/wp\/v2\/media\/7255"}],"wp:attachment":[{"href":"https:\/\/dersuessestopp.com\/hu\/wp-json\/wp\/v2\/media?parent=7254"}],"wp:term":[{"taxonomy":"product_brand","embeddable":true,"href":"https:\/\/dersuessestopp.com\/hu\/wp-json\/wp\/v2\/product_brand?post=7254"},{"taxonomy":"product_cat","embeddable":true,"href":"https:\/\/dersuessestopp.com\/hu\/wp-json\/wp\/v2\/product_cat?post=7254"},{"taxonomy":"product_tag","embeddable":true,"href":"https:\/\/dersuessestopp.com\/hu\/wp-json\/wp\/v2\/product_tag?post=7254"}],"curies":[{"name":"wp","href":"https:\/\/api.w.org\/{rel}","templated":true}]}}