{"id":7250,"date":"2025-09-01T05:58:54","date_gmt":"2025-09-01T05:58:54","guid":{"rendered":"https:\/\/dersuessestopp.com\/?post_type=product&#038;p=7250"},"modified":"2025-09-01T05:58:54","modified_gmt":"2025-09-01T05:58:54","slug":"alaszka-top-145","status":"publish","type":"product","link":"https:\/\/dersuessestopp.com\/hu\/product\/alaska-top-145\/","title":{"rendered":"ALASKA TOP 145"},"content":{"rendered":"<p data-start=\"178\" data-end=\"496\">A <strong data-start=\"182\" data-end=\"200\">ALASKA TOP 145<\/strong> egy <strong data-start=\"206\" data-end=\"233\">kompakt \u00e1ll\u00f3 fagyaszt\u00f3<\/strong> szupermarketek, minimarketek \u00e9s professzion\u00e1lis kiskereskedelmi k\u00f6rnyezetek sz\u00e1m\u00e1ra tervezt\u00e9k. \u00c9p\u00edtett <strong data-start=\"325\" data-end=\"390\">el\u0151re festett ac\u00e9ltest (RAL7015), korr\u00f3zi\u00f3g\u00e1tl\u00f3val kezelve<\/strong> \u00e9s egy <strong data-start=\"397\" data-end=\"428\">feh\u00e9r alum\u00ednium bels\u0151 b\u00e9l\u00e9s<\/strong>, garant\u00e1lja a tart\u00f3ss\u00e1got, a higi\u00e9ni\u00e1t \u00e9s a hossz\u00fa t\u00e1v\u00fa teljes\u00edtm\u00e9nyt.<\/p>\n<p data-start=\"498\" data-end=\"746\">Ez a modell egy <strong data-start=\"520\" data-end=\"564\">\u00fcvegcs\u00faszda-nyit\u00f3 rendszer (Manhattan)<\/strong> a k\u00f6nny\u0171 hozz\u00e1f\u00e9r\u00e9s \u00e9rdek\u00e9ben, kombin\u00e1lva <strong data-start=\"596\" data-end=\"625\">automatikus melegg\u00e1zos leolvaszt\u00e1s<\/strong> az alacsony karbantart\u00e1s \u00e9rdek\u00e9ben. A <strong data-start=\"654\" data-end=\"695\">-22 \u00b0C-t\u00f3l -18 \u00b0C-ig terjed\u0151 h\u0151m\u00e9rs\u00e9klet-tartom\u00e1nyban<\/strong>, biztos\u00edtja a fagyasztott term\u00e9kek megb\u00edzhat\u00f3 t\u00e1rol\u00e1s\u00e1t.<\/p>\n<p data-start=\"748\" data-end=\"966\">Felszerelve <strong data-start=\"762\" data-end=\"778\">LED vil\u00e1g\u00edt\u00e1s<\/strong>, <strong data-start=\"780\" data-end=\"813\">elektronikus termoszt\u00e1tvez\u00e9rl\u00e9s<\/strong>, \u00e9s egy <strong data-start=\"821\" data-end=\"842\">kompakt helyig\u00e9ny<\/strong>, az ALASKA TOP 145 kiv\u00e1l\u00f3 megold\u00e1s a term\u00e9kmegjelen\u00edt\u00e9s fokoz\u00e1s\u00e1ra \u00e9s a h\u0171t\u0151t\u00e1rol\u00e1s optimaliz\u00e1l\u00e1s\u00e1ra korl\u00e1tozott helyeken.<\/p>\n<h2 data-start=\"1543\" data-end=\"1574\"><strong data-start=\"1546\" data-end=\"1574\">M\u0171szaki specifik\u00e1ci\u00f3k<\/strong><\/h2>\n<div class=\"_tableContainer_1rjym_1\">\n<div class=\"_tableWrapper_1rjym_13 group flex w-fit flex-col-reverse\">\n<table>\n<thead>\n<tr>\n<th>Jellemz\u0151<\/th>\n<th>ALASKA TOP 145<\/th>\n<\/tr>\n<\/thead>\n<tbody>\n<tr>\n<td><strong>H\u0151m\u00e9rs\u00e9klet tartom\u00e1ny<\/strong><\/td>\n<td>-22 \u00b0C \/ -18 \u00b0C<\/td>\n<\/tr>\n<tr>\n<td><strong>Kl\u00edmaoszt\u00e1ly<\/strong><\/td>\n<td>3<\/td>\n<\/tr>\n<tr>\n<td><strong>Nett\u00f3 \/ brutt\u00f3 mennyis\u00e9g<\/strong><\/td>\n<td>232 L \/ 373 L<\/td>\n<\/tr>\n<tr>\n<td><strong>Test (k\u00fcls\u0151 fel\u00fclet)<\/strong><\/td>\n<td>El\u0151re festett lemez (RAL7015) korr\u00f3zi\u00f3g\u00e1tl\u00f3val kezelve<\/td>\n<\/tr>\n<tr>\n<td><strong>Bels\u0151 b\u00e9l\u00e9s<\/strong><\/td>\n<td>Feh\u00e9r alum\u00ednium<\/td>\n<\/tr>\n<tr>\n<td><strong>Termoszt\u00e1t<\/strong><\/td>\n<td>Elektronikus<\/td>\n<\/tr>\n<tr>\n<td><strong>Zajszint<\/strong><\/td>\n<td>58 dB<\/td>\n<\/tr>\n<tr>\n<td><strong>Smart Link WiFi<\/strong><\/td>\n<td>-<\/td>\n<\/tr>\n<tr>\n<td><strong>Szigetel\u00e9s vastags\u00e1ga<\/strong><\/td>\n<td>60 mm<\/td>\n<\/tr>\n<tr>\n<td><strong>Leolvaszt\u00e1si rendszer<\/strong><\/td>\n<td>Forr\u00f3 g\u00e1z<\/td>\n<\/tr>\n<tr>\n<td><strong>Vil\u00e1g\u00edt\u00e1s<\/strong><\/td>\n<td>2 LED<\/td>\n<\/tr>\n<tr>\n<td><strong>Polcok<\/strong><\/td>\n<td>4 polc (649 \u00d7 292 mm)<\/td>\n<\/tr>\n<tr>\n<td><strong>L\u00e1bak<\/strong><\/td>\n<td>4 \u00e1ll\u00edthat\u00f3<\/td>\n<\/tr>\n<tr>\n<td><strong>Fesz\u00fclts\u00e9g \/ frekvencia<\/strong><\/td>\n<td>220-240 V \/ 50 Hz<\/td>\n<\/tr>\n<tr>\n<td><strong>H\u0171t\u0151k\u00f6zeg<\/strong><\/td>\n<td>R290 (k\u00f6rnyezetbar\u00e1t)<\/td>\n<\/tr>\n<tr>\n<td><strong>Energiaelnyel\u00e9s<\/strong><\/td>\n<td>650 W<\/td>\n<\/tr>\n<tr>\n<td><strong>Energiafogyaszt\u00e1s<\/strong><\/td>\n<td>14,47 kWh \/ 24 \u00f3ra<\/td>\n<\/tr>\n<tr>\n<td><strong>Nett\u00f3 \/ brutt\u00f3 s\u00faly<\/strong><\/td>\n<td>139 \/ 149 kg<\/td>\n<\/tr>\n<\/tbody>\n<\/table>\n<\/div>\n<\/div>\n<h2 data-start=\"1543\" data-end=\"1574\"><strong data-start=\"1546\" data-end=\"1574\">M\u00e9retek<\/strong><\/h2>\n<table>\n<thead>\n<tr>\n<th>M\u00e9r\u00e9s<\/th>\n<th>ALASKA TOP 145<\/th>\n<\/tr>\n<\/thead>\n<tbody>\n<tr>\n<td><strong>K\u00fcls\u0151 m\u00e9retek (WxDxH)<\/strong><\/td>\n<td>1450 \u00d7 590 \u00d7 1022 mm<\/td>\n<\/tr>\n<tr>\n<td><strong>Csomagol\u00e1si m\u00e9retek (WxDxH)<\/strong><\/td>\n<td>1530 \u00d7 660 \u00d7 1245 mm<\/td>\n<\/tr>\n<tr>\n<td><strong>Bels\u0151 sz\u00e9less\u00e9g (A)<\/strong><\/td>\n<td>1330 mm<\/td>\n<\/tr>\n<tr>\n<td><strong>Bels\u0151 m\u00e9lys\u00e9g (B)<\/strong><\/td>\n<td>390 mm<\/td>\n<\/tr>\n<tr>\n<td><strong>Bels\u0151 magass\u00e1g (C)<\/strong><\/td>\n<td>645 mm<\/td>\n<\/tr>\n<\/tbody>\n<\/table>\n<p>&nbsp;<\/p>","protected":false},"excerpt":{"rendered":"<p>The ALASKA TOP 145 is a compact upright freezer designed for supermarkets, minimarkets, and professional retail environments. Built with a pre-painted steel body (RAL7015) with anticorrosion treatment and a white aluminium inner liner, it guarantees durability, hygiene, and long-lasting performance. This model features a sliding glass opening system (Manhattan) for easy access, combined with hot-gas [&hellip;]<\/p>\n","protected":false},"featured_media":7251,"comment_status":"open","ping_status":"closed","template":"","meta":[],"product_brand":[],"product_cat":[50],"product_tag":[],"class_list":{"0":"post-7250","1":"product","2":"type-product","3":"status-publish","4":"has-post-thumbnail","6":"product_cat-minimarket-supermarket-cooling","8":"first","9":"instock","10":"shipping-taxable","11":"product-type-simple"},"_links":{"self":[{"href":"https:\/\/dersuessestopp.com\/hu\/wp-json\/wp\/v2\/product\/7250","targetHints":{"allow":["GET"]}}],"collection":[{"href":"https:\/\/dersuessestopp.com\/hu\/wp-json\/wp\/v2\/product"}],"about":[{"href":"https:\/\/dersuessestopp.com\/hu\/wp-json\/wp\/v2\/types\/product"}],"replies":[{"embeddable":true,"href":"https:\/\/dersuessestopp.com\/hu\/wp-json\/wp\/v2\/comments?post=7250"}],"version-history":[{"count":1,"href":"https:\/\/dersuessestopp.com\/hu\/wp-json\/wp\/v2\/product\/7250\/revisions"}],"predecessor-version":[{"id":7253,"href":"https:\/\/dersuessestopp.com\/hu\/wp-json\/wp\/v2\/product\/7250\/revisions\/7253"}],"wp:featuredmedia":[{"embeddable":true,"href":"https:\/\/dersuessestopp.com\/hu\/wp-json\/wp\/v2\/media\/7251"}],"wp:attachment":[{"href":"https:\/\/dersuessestopp.com\/hu\/wp-json\/wp\/v2\/media?parent=7250"}],"wp:term":[{"taxonomy":"product_brand","embeddable":true,"href":"https:\/\/dersuessestopp.com\/hu\/wp-json\/wp\/v2\/product_brand?post=7250"},{"taxonomy":"product_cat","embeddable":true,"href":"https:\/\/dersuessestopp.com\/hu\/wp-json\/wp\/v2\/product_cat?post=7250"},{"taxonomy":"product_tag","embeddable":true,"href":"https:\/\/dersuessestopp.com\/hu\/wp-json\/wp\/v2\/product_tag?post=7250"}],"curies":[{"name":"wp","href":"https:\/\/api.w.org\/{rel}","templated":true}]}}