{"id":7246,"date":"2025-09-01T05:53:59","date_gmt":"2025-09-01T05:53:59","guid":{"rendered":"https:\/\/dersuessestopp.com\/?post_type=product&#038;p=7246"},"modified":"2025-09-01T05:53:59","modified_gmt":"2025-09-01T05:53:59","slug":"iglu-25","status":"publish","type":"product","link":"https:\/\/dersuessestopp.com\/hu\/product\/igloo-25\/","title":{"rendered":"IGLOO 25"},"content":{"rendered":"<p data-start=\"221\" data-end=\"385\">A <strong data-start=\"225\" data-end=\"237\">IGLOO 25<\/strong> az IGLOO fagyaszt\u00f3szigetek legnagyobb modellje, amelyet a k\u00f6vetkez\u0151 c\u00e9lokra terveztek <strong data-start=\"307\" data-end=\"339\">szupermarketek \u00e9s minimarketek<\/strong> ig\u00e9nyl\u0151 <strong data-start=\"350\" data-end=\"382\">nagy kapacit\u00e1s\u00fa fagyasztott t\u00e1rol\u00e1s<\/strong>.<\/p>\n<p data-start=\"387\" data-end=\"728\">Ez a <strong data-start=\"392\" data-end=\"423\">statikus jumbo sziget fagyaszt\u00f3<\/strong> fel van szerelve <strong data-start=\"441\" data-end=\"468\">cs\u00fasz\u00f3 lapos \u00fcvegfedelek<\/strong>, biztos\u00edtva a term\u00e9kek kiv\u00e1l\u00f3 l\u00e1that\u00f3s\u00e1g\u00e1t \u00e9s a v\u00e1s\u00e1rl\u00f3k k\u00e9nyelmes hozz\u00e1f\u00e9r\u00e9s\u00e9t. A <strong data-start=\"544\" data-end=\"580\">korr\u00f3zi\u00f3g\u00e1tl\u00f3val kezelt ac\u00e9ltest<\/strong> \u00e9s <strong data-start=\"585\" data-end=\"615\">dombornyomott alum\u00ednium bels\u0151 t\u00e9r<\/strong> tart\u00f3ss\u00e1got \u00e9s higi\u00e9ni\u00e1t biztos\u00edt, m\u00edg a <strong data-start=\"658\" data-end=\"694\">automatikus melegg\u00e1zos leolvaszt\u00f3 rendszer<\/strong> garant\u00e1lja a k\u00f6nny\u0171 karbantart\u00e1st.<\/p>\n<p data-start=\"730\" data-end=\"955\">Az IGLOO 25 egyes\u00edti <strong data-start=\"752\" data-end=\"776\">nagy t\u00e1rol\u00e1si t\u00e9rfogat<\/strong>, <strong data-start=\"778\" data-end=\"801\">modern LED vil\u00e1g\u00edt\u00e1s<\/strong>, \u00e9s <strong data-start=\"807\" data-end=\"848\">opcion\u00e1lis Smart Link WiFi kapcsolat<\/strong> a t\u00e1voli ir\u00e1ny\u00edt\u00e1shoz, \u00edgy megb\u00edzhat\u00f3 \u00e9s hat\u00e9kony megold\u00e1s a professzion\u00e1lis kiskereskedelmi k\u00f6rnyezetek sz\u00e1m\u00e1ra.<\/p>\n<h2 data-start=\"1561\" data-end=\"1592\"><strong data-start=\"1564\" data-end=\"1592\">M\u0171szaki specifik\u00e1ci\u00f3k<\/strong><\/h2>\n<div class=\"_tableContainer_1rjym_1\">\n<div class=\"_tableWrapper_1rjym_13 group flex w-fit flex-col-reverse\">\n<table>\n<thead>\n<tr>\n<th>Jellemz\u0151<\/th>\n<th>IGLOO 25<\/th>\n<\/tr>\n<\/thead>\n<tbody>\n<tr>\n<td><strong>H\u0151m\u00e9rs\u00e9klet tartom\u00e1ny<\/strong><\/td>\n<td>-21 \u00b0C \/ -18 \u00b0C<\/td>\n<\/tr>\n<tr>\n<td><strong>Kl\u00edmaoszt\u00e1ly<\/strong><\/td>\n<td>3<\/td>\n<\/tr>\n<tr>\n<td><strong>Nett\u00f3 \/ brutt\u00f3 mennyis\u00e9g<\/strong><\/td>\n<td>766 L \/ 1040 L<\/td>\n<\/tr>\n<tr>\n<td><strong>H\u0171t\u0151rendszer<\/strong><\/td>\n<td>Statikus<\/td>\n<\/tr>\n<tr>\n<td><strong>Leolvaszt\u00e1s<\/strong><\/td>\n<td>Automatikus (forr\u00f3 g\u00e1z) + K\u00e9zi<\/td>\n<\/tr>\n<tr>\n<td><strong>Test (k\u00fcls\u0151 fel\u00fclet)<\/strong><\/td>\n<td>El\u0151re festett lemez korr\u00f3zi\u00f3g\u00e1tl\u00f3 kezel\u00e9ssel<\/td>\n<\/tr>\n<tr>\n<td><strong>Bels\u0151 b\u00e9l\u00e9s<\/strong><\/td>\n<td>Dombornyomott alum\u00ednium<\/td>\n<\/tr>\n<tr>\n<td><strong>Szepar\u00e1torok<\/strong><\/td>\n<td>5<\/td>\n<\/tr>\n<tr>\n<td><strong>Kosarak<\/strong><\/td>\n<td>Opcion\u00e1lis<\/td>\n<\/tr>\n<tr>\n<td><strong>Termoszt\u00e1t<\/strong><\/td>\n<td>Elektronikus<\/td>\n<\/tr>\n<tr>\n<td><strong>Zajszint<\/strong><\/td>\n<td>65 dB<\/td>\n<\/tr>\n<tr>\n<td><strong>Smart Link WiFi<\/strong><\/td>\n<td>Opcion\u00e1lis (t\u00e1vir\u00e1ny\u00edt\u00f3)<\/td>\n<\/tr>\n<tr>\n<td><strong>Szigetel\u00e9s vastags\u00e1ga<\/strong><\/td>\n<td>65 mm<\/td>\n<\/tr>\n<tr>\n<td><strong>Vil\u00e1g\u00edt\u00e1s<\/strong><\/td>\n<td>LED<\/td>\n<\/tr>\n<tr>\n<td><strong>L\u00e1bak<\/strong><\/td>\n<td>4 \u00e1ll\u00edthat\u00f3<\/td>\n<\/tr>\n<tr>\n<td><strong>G\u00f6rg\u0151k<\/strong><\/td>\n<td>Opcion\u00e1lis<\/td>\n<\/tr>\n<tr>\n<td><strong>Fesz\u00fclts\u00e9g \/ frekvencia<\/strong><\/td>\n<td>220-240 V \/ 50 Hz<\/td>\n<\/tr>\n<tr>\n<td><strong>H\u0171t\u0151k\u00f6zeg<\/strong><\/td>\n<td>R290 (k\u00f6rnyezetbar\u00e1t)<\/td>\n<\/tr>\n<tr>\n<td><strong>Energiaelnyel\u00e9s<\/strong><\/td>\n<td>935 W<\/td>\n<\/tr>\n<tr>\n<td><strong>Energiafogyaszt\u00e1s<\/strong><\/td>\n<td>9,20 kWh \/ 24 \u00f3ra<\/td>\n<\/tr>\n<tr>\n<td><strong>Nett\u00f3 \/ brutt\u00f3 s\u00faly<\/strong><\/td>\n<td>165 \/ 200 kg<\/td>\n<\/tr>\n<\/tbody>\n<\/table>\n<h2 data-start=\"2448\" data-end=\"2465\"><strong data-start=\"2451\" data-end=\"2465\">M\u00e9retek<\/strong><\/h2>\n<div class=\"_tableContainer_1rjym_1\">\n<div class=\"_tableWrapper_1rjym_13 group flex w-fit flex-col-reverse\">\n<table>\n<thead>\n<tr>\n<th>M\u00e9r\u00e9s<\/th>\n<th>IGLOO 25<\/th>\n<\/tr>\n<\/thead>\n<tbody>\n<tr>\n<td><strong>K\u00fcls\u0151 m\u00e9retek (WxDxH)<\/strong><\/td>\n<td>2500 \u00d7 850 \u00d7 870 mm<\/td>\n<\/tr>\n<tr>\n<td><strong>Csomagol\u00e1si m\u00e9retek (WxDxH)<\/strong><\/td>\n<td>2580 \u00d7 934 \u00d7 1010 mm<\/td>\n<\/tr>\n<tr>\n<td><strong>Bels\u0151 sz\u00e9less\u00e9g (A)<\/strong><\/td>\n<td>2353 mm<\/td>\n<\/tr>\n<tr>\n<td><strong>Bels\u0151 m\u00e9lys\u00e9g (B)<\/strong><\/td>\n<td>691 mm<\/td>\n<\/tr>\n<tr>\n<td><strong>Bels\u0151 magass\u00e1g (C)<\/strong><\/td>\n<td>733 mm<\/td>\n<\/tr>\n<tr>\n<td><strong>Min. Magass\u00e1g (E)<\/strong><\/td>\n<td>473 mm<\/td>\n<\/tr>\n<tr>\n<td><strong>Min. Sz\u00e9less\u00e9g (F)<\/strong><\/td>\n<td>2118 mm<\/td>\n<\/tr>\n<\/tbody>\n<\/table>\n<h2 data-start=\"2448\" data-end=\"2465\"><strong data-start=\"2451\" data-end=\"2465\">M\u00e1rka\u00e9p\u00edt\u00e9si lehet\u0151s\u00e9gek\u00a0<\/strong><\/h2>\n<table>\n<thead>\n<tr>\n<th>Poz\u00edci\u00f3<\/th>\n<th>M\u00e9retek<\/th>\n<\/tr>\n<\/thead>\n<tbody>\n<tr>\n<td><strong>Jobb oldali oldal<\/strong><\/td>\n<td>820 \u00d7 700 \/ 770 mm<\/td>\n<\/tr>\n<tr>\n<td><strong>El\u00fcls\u0151 matrica<\/strong><\/td>\n<td>2505 \u00d7 610 mm<\/td>\n<\/tr>\n<tr>\n<td><strong>Als\u00f3 \u00fcveg matrica<\/strong><\/td>\n<td>1155 \u00d7 357 mm<\/td>\n<\/tr>\n<tr>\n<td><strong>Fels\u0151 \u00fcveg matrica<\/strong><\/td>\n<td>1125 \u00d7 345 mm<\/td>\n<\/tr>\n<\/tbody>\n<\/table>\n<\/div>\n<\/div>\n<\/div>\n<\/div>","protected":false},"excerpt":{"rendered":"<p>The IGLOO 25 is the largest model in the IGLOO freezer island range, designed for supermarkets and minimarkets requiring high-capacity frozen storage. This static jumbo island freezer is equipped with sliding flat glass lids, ensuring excellent product visibility and convenient customer access. Its anticorrosion-treated steel body and embossed aluminum interior provide durability and hygiene, while [&hellip;]<\/p>\n","protected":false},"featured_media":7247,"comment_status":"open","ping_status":"closed","template":"","meta":[],"product_brand":[],"product_cat":[50],"product_tag":[],"class_list":{"0":"post-7246","1":"product","2":"type-product","3":"status-publish","4":"has-post-thumbnail","6":"product_cat-minimarket-supermarket-cooling","8":"first","9":"instock","10":"shipping-taxable","11":"product-type-simple"},"_links":{"self":[{"href":"https:\/\/dersuessestopp.com\/hu\/wp-json\/wp\/v2\/product\/7246","targetHints":{"allow":["GET"]}}],"collection":[{"href":"https:\/\/dersuessestopp.com\/hu\/wp-json\/wp\/v2\/product"}],"about":[{"href":"https:\/\/dersuessestopp.com\/hu\/wp-json\/wp\/v2\/types\/product"}],"replies":[{"embeddable":true,"href":"https:\/\/dersuessestopp.com\/hu\/wp-json\/wp\/v2\/comments?post=7246"}],"version-history":[{"count":1,"href":"https:\/\/dersuessestopp.com\/hu\/wp-json\/wp\/v2\/product\/7246\/revisions"}],"predecessor-version":[{"id":7249,"href":"https:\/\/dersuessestopp.com\/hu\/wp-json\/wp\/v2\/product\/7246\/revisions\/7249"}],"wp:featuredmedia":[{"embeddable":true,"href":"https:\/\/dersuessestopp.com\/hu\/wp-json\/wp\/v2\/media\/7247"}],"wp:attachment":[{"href":"https:\/\/dersuessestopp.com\/hu\/wp-json\/wp\/v2\/media?parent=7246"}],"wp:term":[{"taxonomy":"product_brand","embeddable":true,"href":"https:\/\/dersuessestopp.com\/hu\/wp-json\/wp\/v2\/product_brand?post=7246"},{"taxonomy":"product_cat","embeddable":true,"href":"https:\/\/dersuessestopp.com\/hu\/wp-json\/wp\/v2\/product_cat?post=7246"},{"taxonomy":"product_tag","embeddable":true,"href":"https:\/\/dersuessestopp.com\/hu\/wp-json\/wp\/v2\/product_tag?post=7246"}],"curies":[{"name":"wp","href":"https:\/\/api.w.org\/{rel}","templated":true}]}}