{"id":7241,"date":"2025-09-01T05:48:49","date_gmt":"2025-09-01T05:48:49","guid":{"rendered":"https:\/\/dersuessestopp.com\/?post_type=product&#038;p=7241"},"modified":"2025-09-01T05:48:49","modified_gmt":"2025-09-01T05:48:49","slug":"igloo-21","status":"publish","type":"product","link":"https:\/\/dersuessestopp.com\/hu\/product\/igloo-21\/","title":{"rendered":"IGLOO 21"},"content":{"rendered":"<p data-start=\"215\" data-end=\"436\">A <strong data-start=\"219\" data-end=\"231\">IGLOO 21<\/strong> egy <strong data-start=\"237\" data-end=\"268\">statikus jumbo sziget fagyaszt\u00f3<\/strong> tervezt\u00e9k <strong data-start=\"282\" data-end=\"314\">szupermarketek \u00e9s minimarketek<\/strong>, felaj\u00e1nlva <strong data-start=\"325\" data-end=\"349\">nagy t\u00e1rol\u00e1si t\u00e9rfogat<\/strong>, <strong data-start=\"351\" data-end=\"383\">kiv\u00e1l\u00f3 term\u00e9k l\u00e1that\u00f3s\u00e1g<\/strong>, \u00e9s <strong data-start=\"389\" data-end=\"433\">k\u00f6nny\u0171 hozz\u00e1f\u00e9r\u00e9s a lapos \u00fcveg tol\u00f3fed\u00e9llel<\/strong>.<\/p>\n<p data-start=\"438\" data-end=\"641\">A <strong data-start=\"447\" data-end=\"484\">robusztus, korr\u00f3zi\u00f3g\u00e1tl\u00f3val kezelt test<\/strong>, <strong data-start=\"486\" data-end=\"519\">dombornyomott alum\u00ednium bels\u0151 b\u00e9l\u00e9s<\/strong>, \u00e9s <strong data-start=\"525\" data-end=\"561\">automatikus melegg\u00e1zos leolvaszt\u00f3 rendszer<\/strong>, az IGLOO 21 biztos\u00edtja <strong data-start=\"584\" data-end=\"638\">tart\u00f3s megb\u00edzhat\u00f3s\u00e1g \u00e9s hat\u00e9kony teljes\u00edtm\u00e9ny<\/strong>.<\/p>\n<p data-start=\"643\" data-end=\"869\">Felszerelve <strong data-start=\"657\" data-end=\"673\">LED vil\u00e1g\u00edt\u00e1s<\/strong>, <strong data-start=\"675\" data-end=\"700\">elektronikus termoszt\u00e1t<\/strong>, \u00e9s opcion\u00e1lis <strong data-start=\"715\" data-end=\"752\">Smart Link WiFi t\u00e1vfel\u00fcgyelet<\/strong>, kombin\u00e1lja <strong data-start=\"766\" data-end=\"793\">gyakorlati funkcionalit\u00e1s<\/strong> a  c\u00edmen <strong data-start=\"799\" data-end=\"818\">modern funkci\u00f3k<\/strong> hogy megfeleljen a professzion\u00e1lis \u00e9lelmiszer-kiskereskedelem k\u00f6vetelm\u00e9nyeinek.<\/p>\n<h2 data-start=\"1487\" data-end=\"1518\"><strong data-start=\"1490\" data-end=\"1518\">M\u0171szaki specifik\u00e1ci\u00f3k<\/strong><\/h2>\n<div class=\"_tableContainer_1rjym_1\">\n<div class=\"_tableWrapper_1rjym_13 group flex w-fit flex-col-reverse\">\n<table>\n<thead>\n<tr>\n<th>Jellemz\u0151<\/th>\n<th>IGLOO 21<\/th>\n<\/tr>\n<\/thead>\n<tbody>\n<tr>\n<td><strong>H\u0151m\u00e9rs\u00e9klet tartom\u00e1ny<\/strong><\/td>\n<td>-21 \u00b0C \/ -18 \u00b0C<\/td>\n<\/tr>\n<tr>\n<td><strong>Kl\u00edmaoszt\u00e1ly<\/strong><\/td>\n<td>3<\/td>\n<\/tr>\n<tr>\n<td><strong>Nett\u00f3 \/ brutt\u00f3 mennyis\u00e9g<\/strong><\/td>\n<td>621 L \/ 850 L<\/td>\n<\/tr>\n<tr>\n<td><strong>H\u0171t\u0151rendszer<\/strong><\/td>\n<td>Statikus<\/td>\n<\/tr>\n<tr>\n<td><strong>Leolvaszt\u00e1s<\/strong><\/td>\n<td>Automatikus (forr\u00f3 g\u00e1z) + K\u00e9zi<\/td>\n<\/tr>\n<tr>\n<td><strong>Test (k\u00fcls\u0151 fel\u00fclet)<\/strong><\/td>\n<td>El\u0151re festett lemez korr\u00f3zi\u00f3g\u00e1tl\u00f3 kezel\u00e9ssel<\/td>\n<\/tr>\n<tr>\n<td><strong>Bels\u0151 b\u00e9l\u00e9s<\/strong><\/td>\n<td>Dombornyomott alum\u00ednium<\/td>\n<\/tr>\n<tr>\n<td><strong>Szepar\u00e1torok<\/strong><\/td>\n<td>4<\/td>\n<\/tr>\n<tr>\n<td><strong>Kosarak<\/strong><\/td>\n<td>Opcion\u00e1lis<\/td>\n<\/tr>\n<tr>\n<td><strong>Termoszt\u00e1t<\/strong><\/td>\n<td>Elektronikus<\/td>\n<\/tr>\n<tr>\n<td><strong>Zajszint<\/strong><\/td>\n<td>61 dB<\/td>\n<\/tr>\n<tr>\n<td><strong>Smart Link WiFi<\/strong><\/td>\n<td>Opcion\u00e1lis (t\u00e1vir\u00e1ny\u00edt\u00f3)<\/td>\n<\/tr>\n<tr>\n<td><strong>Szigetel\u00e9s vastags\u00e1ga<\/strong><\/td>\n<td>65 mm<\/td>\n<\/tr>\n<tr>\n<td><strong>Vil\u00e1g\u00edt\u00e1s<\/strong><\/td>\n<td>LED<\/td>\n<\/tr>\n<tr>\n<td><strong>L\u00e1bak<\/strong><\/td>\n<td>4 \u00e1ll\u00edthat\u00f3<\/td>\n<\/tr>\n<tr>\n<td><strong>G\u00f6rg\u0151k<\/strong><\/td>\n<td>Opcion\u00e1lis<\/td>\n<\/tr>\n<tr>\n<td><strong>Fesz\u00fclts\u00e9g \/ frekvencia<\/strong><\/td>\n<td>220-240 V \/ 50 Hz<\/td>\n<\/tr>\n<tr>\n<td><strong>H\u0171t\u0151k\u00f6zeg<\/strong><\/td>\n<td>R290 (k\u00f6rnyezetbar\u00e1t)<\/td>\n<\/tr>\n<tr>\n<td><strong>Energiaelnyel\u00e9s<\/strong><\/td>\n<td>606 W<\/td>\n<\/tr>\n<tr>\n<td><strong>Energiafogyaszt\u00e1s<\/strong><\/td>\n<td>7,8 kWh \/ 24 \u00f3ra<\/td>\n<\/tr>\n<tr>\n<td><strong>Nett\u00f3 \/ brutt\u00f3 s\u00faly<\/strong><\/td>\n<td>145 \/ 175 kg<\/td>\n<\/tr>\n<\/tbody>\n<\/table>\n<h2 data-start=\"2372\" data-end=\"2389\"><strong data-start=\"2375\" data-end=\"2389\">M\u00e9retek<\/strong><\/h2>\n<div class=\"_tableContainer_1rjym_1\">\n<div class=\"_tableWrapper_1rjym_13 group flex w-fit flex-col-reverse\">\n<table>\n<thead>\n<tr>\n<th>M\u00e9r\u00e9s<\/th>\n<th>IGLOO 21<\/th>\n<\/tr>\n<\/thead>\n<tbody>\n<tr>\n<td><strong>K\u00fcls\u0151 m\u00e9retek (WxDxH)<\/strong><\/td>\n<td>2100 \u00d7 850 \u00d7 870 mm<\/td>\n<\/tr>\n<tr>\n<td><strong>Csomagol\u00e1si m\u00e9retek (WxDxH)<\/strong><\/td>\n<td>2175 \u00d7 934 \u00d7 1010 mm<\/td>\n<\/tr>\n<tr>\n<td><strong>Bels\u0151 sz\u00e9less\u00e9g (A)<\/strong><\/td>\n<td>1953 mm<\/td>\n<\/tr>\n<tr>\n<td><strong>Bels\u0151 m\u00e9lys\u00e9g (B)<\/strong><\/td>\n<td>691 mm<\/td>\n<\/tr>\n<tr>\n<td><strong>Bels\u0151 magass\u00e1g (C)<\/strong><\/td>\n<td>733 mm<\/td>\n<\/tr>\n<tr>\n<td><strong>Min. Magass\u00e1g (E)<\/strong><\/td>\n<td>473 mm<\/td>\n<\/tr>\n<tr>\n<td><strong>Min. Sz\u00e9less\u00e9g (F)<\/strong><\/td>\n<td>1718 mm<\/td>\n<\/tr>\n<\/tbody>\n<\/table>\n<h2 data-start=\"2372\" data-end=\"2389\"><strong data-start=\"2375\" data-end=\"2389\">M\u00e1rka\u00e9p\u00edt\u00e9si lehet\u0151s\u00e9gek<\/strong><\/h2>\n<table>\n<thead>\n<tr>\n<th>Poz\u00edci\u00f3<\/th>\n<th>M\u00e9retek<\/th>\n<\/tr>\n<\/thead>\n<tbody>\n<tr>\n<td><strong>Jobb oldali oldal<\/strong><\/td>\n<td>820 \u00d7 700 \/ 770 mm<\/td>\n<\/tr>\n<tr>\n<td><strong>El\u00fcls\u0151 matrica<\/strong><\/td>\n<td>2105 \u00d7 610 mm<\/td>\n<\/tr>\n<tr>\n<td><strong>Als\u00f3 \u00fcveg matrica<\/strong><\/td>\n<td>953 \u00d7 358 mm<\/td>\n<\/tr>\n<tr>\n<td><strong>Fels\u0151 \u00fcveg matrica<\/strong><\/td>\n<td>920 \u00d7 345 mm<\/td>\n<\/tr>\n<\/tbody>\n<\/table>\n<\/div>\n<\/div>\n<\/div>\n<\/div>","protected":false},"excerpt":{"rendered":"<p>The IGLOO 21 is a static jumbo island freezer designed for supermarkets and minimarkets, offering large storage volume, excellent product visibility, and easy access with sliding flat glass lids. With its robust anticorrosion-treated body, embossed aluminum inner liner, and automatic hot-gas defrost system, the IGLOO 21 ensures long-lasting reliability and efficient performance. Equipped with LED [&hellip;]<\/p>\n","protected":false},"featured_media":7242,"comment_status":"open","ping_status":"closed","template":"","meta":[],"product_brand":[],"product_cat":[50],"product_tag":[],"class_list":{"0":"post-7241","1":"product","2":"type-product","3":"status-publish","4":"has-post-thumbnail","6":"product_cat-minimarket-supermarket-cooling","8":"first","9":"instock","10":"shipping-taxable","11":"product-type-simple"},"_links":{"self":[{"href":"https:\/\/dersuessestopp.com\/hu\/wp-json\/wp\/v2\/product\/7241","targetHints":{"allow":["GET"]}}],"collection":[{"href":"https:\/\/dersuessestopp.com\/hu\/wp-json\/wp\/v2\/product"}],"about":[{"href":"https:\/\/dersuessestopp.com\/hu\/wp-json\/wp\/v2\/types\/product"}],"replies":[{"embeddable":true,"href":"https:\/\/dersuessestopp.com\/hu\/wp-json\/wp\/v2\/comments?post=7241"}],"version-history":[{"count":2,"href":"https:\/\/dersuessestopp.com\/hu\/wp-json\/wp\/v2\/product\/7241\/revisions"}],"predecessor-version":[{"id":7245,"href":"https:\/\/dersuessestopp.com\/hu\/wp-json\/wp\/v2\/product\/7241\/revisions\/7245"}],"wp:featuredmedia":[{"embeddable":true,"href":"https:\/\/dersuessestopp.com\/hu\/wp-json\/wp\/v2\/media\/7242"}],"wp:attachment":[{"href":"https:\/\/dersuessestopp.com\/hu\/wp-json\/wp\/v2\/media?parent=7241"}],"wp:term":[{"taxonomy":"product_brand","embeddable":true,"href":"https:\/\/dersuessestopp.com\/hu\/wp-json\/wp\/v2\/product_brand?post=7241"},{"taxonomy":"product_cat","embeddable":true,"href":"https:\/\/dersuessestopp.com\/hu\/wp-json\/wp\/v2\/product_cat?post=7241"},{"taxonomy":"product_tag","embeddable":true,"href":"https:\/\/dersuessestopp.com\/hu\/wp-json\/wp\/v2\/product_tag?post=7241"}],"curies":[{"name":"wp","href":"https:\/\/api.w.org\/{rel}","templated":true}]}}