{"id":7237,"date":"2025-09-01T05:45:40","date_gmt":"2025-09-01T05:45:40","guid":{"rendered":"https:\/\/dersuessestopp.com\/?post_type=product&#038;p=7237"},"modified":"2025-09-01T05:45:50","modified_gmt":"2025-09-01T05:45:50","slug":"igloo-18","status":"publish","type":"product","link":"https:\/\/dersuessestopp.com\/hu\/product\/igloo-18\/","title":{"rendered":"IGLOO 18"},"content":{"rendered":"<p data-start=\"230\" data-end=\"583\">A <strong data-start=\"234\" data-end=\"246\">IGLOO 18<\/strong> egy <strong data-start=\"252\" data-end=\"283\">statikus jumbo sziget fagyaszt\u00f3<\/strong> szupermarketek \u00e9s minimarketek sz\u00e1m\u00e1ra tervezt\u00e9k, \u00e9s a k\u00f6vetkez\u0151 szolg\u00e1ltat\u00e1sokat k\u00edn\u00e1lja <strong data-start=\"336\" data-end=\"361\">nagy t\u00e1rol\u00f3kapacit\u00e1s<\/strong>, <strong data-start=\"363\" data-end=\"407\">k\u00f6nny\u0171 hozz\u00e1f\u00e9r\u00e9s a lapos \u00fcveg tol\u00f3fed\u00e9llel<\/strong>, \u00e9s <strong data-start=\"413\" data-end=\"442\">automatikus melegg\u00e1zos leolvaszt\u00e1s<\/strong>.<br data-start=\"443\" data-end=\"446\" \/>A <strong data-start=\"450\" data-end=\"512\">robusztus, el\u0151re festett, korr\u00f3zi\u00f3g\u00e1tl\u00f3val kezelt lemezkarossz\u00e9ria<\/strong> \u00e9s <strong data-start=\"517\" data-end=\"550\">dombornyomott alum\u00ednium bels\u0151 b\u00e9l\u00e9s<\/strong> biztos\u00edtja a tart\u00f3ss\u00e1got \u00e9s a higi\u00e9ni\u00e1t.<\/p>\n<p data-start=\"585\" data-end=\"804\">Felszerelve <strong data-start=\"599\" data-end=\"615\">LED vil\u00e1g\u00edt\u00e1s<\/strong>, <strong data-start=\"617\" data-end=\"642\">elektronikus termoszt\u00e1t<\/strong>, \u00e9s opcion\u00e1lis <strong data-start=\"657\" data-end=\"691\">Smart Link WiFi t\u00e1vir\u00e1ny\u00edt\u00f3<\/strong>, az IGLOO 18 egyes\u00edti <strong data-start=\"715\" data-end=\"762\">hat\u00e9konys\u00e1g, praktikum \u00e9s modern design<\/strong> fagyasztott term\u00e9kek bemutat\u00e1s\u00e1ra \u00e9s t\u00e1rol\u00e1s\u00e1ra.<\/p>\n<h2 data-start=\"1434\" data-end=\"1465\"><strong data-start=\"1437\" data-end=\"1465\">M\u0171szaki specifik\u00e1ci\u00f3k<\/strong><\/h2>\n<div class=\"_tableContainer_1rjym_1\">\n<div class=\"_tableWrapper_1rjym_13 group flex w-fit flex-col-reverse\">\n<table>\n<thead>\n<tr>\n<th>Jellemz\u0151<\/th>\n<th>IGLOO 18<\/th>\n<\/tr>\n<\/thead>\n<tbody>\n<tr>\n<td><strong>H\u0151m\u00e9rs\u00e9klet tartom\u00e1ny<\/strong><\/td>\n<td>-21 \u00b0C \/ -18 \u00b0C<\/td>\n<\/tr>\n<tr>\n<td><strong>Kl\u00edmaoszt\u00e1ly<\/strong><\/td>\n<td>3<\/td>\n<\/tr>\n<tr>\n<td><strong>Nett\u00f3 \/ brutt\u00f3 mennyis\u00e9g<\/strong><\/td>\n<td>436 L \/ 630 L<\/td>\n<\/tr>\n<tr>\n<td><strong>H\u0171t\u0151rendszer<\/strong><\/td>\n<td>Statikus<\/td>\n<\/tr>\n<tr>\n<td><strong>Leolvaszt\u00e1s<\/strong><\/td>\n<td>Automatikus (forr\u00f3 g\u00e1z) + K\u00e9zi<\/td>\n<\/tr>\n<tr>\n<td><strong>Test (k\u00fcls\u0151 fel\u00fclet)<\/strong><\/td>\n<td>El\u0151re festett lemez korr\u00f3zi\u00f3g\u00e1tl\u00f3 kezel\u00e9ssel<\/td>\n<\/tr>\n<tr>\n<td><strong>Bels\u0151 b\u00e9l\u00e9s<\/strong><\/td>\n<td>Dombornyomott alum\u00ednium<\/td>\n<\/tr>\n<tr>\n<td><strong>Szepar\u00e1torok<\/strong><\/td>\n<td>3<\/td>\n<\/tr>\n<tr>\n<td><strong>Kosarak<\/strong><\/td>\n<td>Opcion\u00e1lis<\/td>\n<\/tr>\n<tr>\n<td><strong>Termoszt\u00e1t<\/strong><\/td>\n<td>Elektronikus<\/td>\n<\/tr>\n<tr>\n<td><strong>Zajszint<\/strong><\/td>\n<td>61 dB<\/td>\n<\/tr>\n<tr>\n<td><strong>Smart Link WiFi<\/strong><\/td>\n<td>Opcion\u00e1lis (t\u00e1vir\u00e1ny\u00edt\u00f3)<\/td>\n<\/tr>\n<tr>\n<td><strong>Szigetel\u00e9s vastags\u00e1ga<\/strong><\/td>\n<td>65 mm<\/td>\n<\/tr>\n<tr>\n<td><strong>Vil\u00e1g\u00edt\u00e1s<\/strong><\/td>\n<td>LED<\/td>\n<\/tr>\n<tr>\n<td><strong>L\u00e1bak<\/strong><\/td>\n<td>4 \u00e1ll\u00edthat\u00f3<\/td>\n<\/tr>\n<tr>\n<td><strong>G\u00f6rg\u0151k<\/strong><\/td>\n<td>Opcion\u00e1lis<\/td>\n<\/tr>\n<tr>\n<td><strong>Fesz\u00fclts\u00e9g \/ frekvencia<\/strong><\/td>\n<td>220-240 V \/ 50 Hz<\/td>\n<\/tr>\n<tr>\n<td><strong>H\u0171t\u0151k\u00f6zeg<\/strong><\/td>\n<td>R290 (k\u00f6rnyezetbar\u00e1t)<\/td>\n<\/tr>\n<tr>\n<td><strong>Energiaelnyel\u00e9s<\/strong><\/td>\n<td>495 W<\/td>\n<\/tr>\n<tr>\n<td><strong>Energiafogyaszt\u00e1s<\/strong><\/td>\n<td>6,36 kWh \/ 24 \u00f3ra<\/td>\n<\/tr>\n<tr>\n<td><strong>Nett\u00f3 \/ brutt\u00f3 s\u00faly<\/strong><\/td>\n<td>130 \/ 160 kg<\/td>\n<\/tr>\n<\/tbody>\n<\/table>\n<h2 data-start=\"2320\" data-end=\"2337\"><strong data-start=\"2323\" data-end=\"2337\">M\u00e9retek<\/strong><\/h2>\n<div class=\"_tableContainer_1rjym_1\">\n<div class=\"_tableWrapper_1rjym_13 group flex w-fit flex-col-reverse\">\n<table>\n<thead>\n<tr>\n<th>M\u00e9r\u00e9s<\/th>\n<th>IGLOO 18<\/th>\n<\/tr>\n<\/thead>\n<tbody>\n<tr>\n<td><strong>K\u00fcls\u0151 m\u00e9retek (WxDxH)<\/strong><\/td>\n<td>1850 \u00d7 850 \u00d7 795 mm<\/td>\n<\/tr>\n<tr>\n<td><strong>Csomagol\u00e1si m\u00e9retek (WxDxH)<\/strong><\/td>\n<td>1903 \u00d7 934 \u00d7 937 mm<\/td>\n<\/tr>\n<tr>\n<td><strong>Bels\u0151 sz\u00e9less\u00e9g (A)<\/strong><\/td>\n<td>1680 mm<\/td>\n<\/tr>\n<tr>\n<td><strong>Bels\u0151 m\u00e9lys\u00e9g (B)<\/strong><\/td>\n<td>691 mm<\/td>\n<\/tr>\n<tr>\n<td><strong>Bels\u0151 magass\u00e1g (C)<\/strong><\/td>\n<td>660 mm<\/td>\n<\/tr>\n<tr>\n<td><strong>Min. Magass\u00e1g (E)<\/strong><\/td>\n<td>400 mm<\/td>\n<\/tr>\n<tr>\n<td><strong>Min. Sz\u00e9less\u00e9g (F)<\/strong><\/td>\n<td>1445 mm<\/td>\n<\/tr>\n<\/tbody>\n<\/table>\n<h2 data-start=\"2320\" data-end=\"2337\"><strong data-start=\"2323\" data-end=\"2337\">M\u00e1rka\u00e9p\u00edt\u00e9si lehet\u0151s\u00e9gek\u00a0<\/strong><\/h2>\n<table>\n<thead>\n<tr>\n<th>Poz\u00edci\u00f3<\/th>\n<th>M\u00e9retek<\/th>\n<\/tr>\n<\/thead>\n<tbody>\n<tr>\n<td><strong>Jobb oldali oldal<\/strong><\/td>\n<td>830 \u00d7 625 \/ 700 mm<\/td>\n<\/tr>\n<tr>\n<td><strong>El\u00fcls\u0151 matrica<\/strong><\/td>\n<td>1850 \u00d7 625 mm<\/td>\n<\/tr>\n<tr>\n<td><strong>Als\u00f3 \u00fcveg matrica<\/strong><\/td>\n<td>808 \u00d7 358 mm<\/td>\n<\/tr>\n<tr>\n<td><strong>Fels\u0151 \u00fcveg matrica<\/strong><\/td>\n<td>775 \u00d7 345 mm<\/td>\n<\/tr>\n<\/tbody>\n<\/table>\n<\/div>\n<\/div>\n<\/div>\n<\/div>","protected":false},"excerpt":{"rendered":"<p>The IGLOO 18 is a static jumbo island freezer designed for supermarkets and minimarkets, offering high storage capacity, easy access with sliding flat glass lids, and automatic hot-gas defrost.Its robust pre-painted sheet body with anticorrosion treatment and embossed aluminum inner liner ensure durability and hygiene. Equipped with LED lighting, electronic thermostat, and optional Smart Link [&hellip;]<\/p>\n","protected":false},"featured_media":7238,"comment_status":"open","ping_status":"closed","template":"","meta":[],"product_brand":[],"product_cat":[50],"product_tag":[],"class_list":{"0":"post-7237","1":"product","2":"type-product","3":"status-publish","4":"has-post-thumbnail","6":"product_cat-minimarket-supermarket-cooling","8":"first","9":"instock","10":"shipping-taxable","11":"product-type-simple"},"_links":{"self":[{"href":"https:\/\/dersuessestopp.com\/hu\/wp-json\/wp\/v2\/product\/7237","targetHints":{"allow":["GET"]}}],"collection":[{"href":"https:\/\/dersuessestopp.com\/hu\/wp-json\/wp\/v2\/product"}],"about":[{"href":"https:\/\/dersuessestopp.com\/hu\/wp-json\/wp\/v2\/types\/product"}],"replies":[{"embeddable":true,"href":"https:\/\/dersuessestopp.com\/hu\/wp-json\/wp\/v2\/comments?post=7237"}],"version-history":[{"count":1,"href":"https:\/\/dersuessestopp.com\/hu\/wp-json\/wp\/v2\/product\/7237\/revisions"}],"predecessor-version":[{"id":7240,"href":"https:\/\/dersuessestopp.com\/hu\/wp-json\/wp\/v2\/product\/7237\/revisions\/7240"}],"wp:featuredmedia":[{"embeddable":true,"href":"https:\/\/dersuessestopp.com\/hu\/wp-json\/wp\/v2\/media\/7238"}],"wp:attachment":[{"href":"https:\/\/dersuessestopp.com\/hu\/wp-json\/wp\/v2\/media?parent=7237"}],"wp:term":[{"taxonomy":"product_brand","embeddable":true,"href":"https:\/\/dersuessestopp.com\/hu\/wp-json\/wp\/v2\/product_brand?post=7237"},{"taxonomy":"product_cat","embeddable":true,"href":"https:\/\/dersuessestopp.com\/hu\/wp-json\/wp\/v2\/product_cat?post=7237"},{"taxonomy":"product_tag","embeddable":true,"href":"https:\/\/dersuessestopp.com\/hu\/wp-json\/wp\/v2\/product_tag?post=7237"}],"curies":[{"name":"wp","href":"https:\/\/api.w.org\/{rel}","templated":true}]}}