{"id":7232,"date":"2025-09-01T05:38:08","date_gmt":"2025-09-01T05:38:08","guid":{"rendered":"https:\/\/dersuessestopp.com\/?post_type=product&#038;p=7232"},"modified":"2025-10-08T19:11:14","modified_gmt":"2025-10-08T19:11:14","slug":"sommelier-8","status":"publish","type":"product","link":"https:\/\/dersuessestopp.com\/hu\/product\/sommelier-8\/","title":{"rendered":"SOMMELIER 8"},"content":{"rendered":"<p data-start=\"202\" data-end=\"544\"><img fetchpriority=\"high\" decoding=\"async\" class=\"alignnone wp-image-11542 size-full\" src=\"https:\/\/dersuessestopp.com\/wp-content\/uploads\/2025\/09\/SOMMELIER-4.jpg\" alt=\"\" width=\"2000\" height=\"600\" srcset=\"https:\/\/dersuessestopp.com\/wp-content\/uploads\/2025\/09\/SOMMELIER-4.jpg 2000w, https:\/\/dersuessestopp.com\/wp-content\/uploads\/2025\/09\/SOMMELIER-4-300x90.jpg 300w, https:\/\/dersuessestopp.com\/wp-content\/uploads\/2025\/09\/SOMMELIER-4-1024x307.jpg 1024w, https:\/\/dersuessestopp.com\/wp-content\/uploads\/2025\/09\/SOMMELIER-4-768x230.jpg 768w, https:\/\/dersuessestopp.com\/wp-content\/uploads\/2025\/09\/SOMMELIER-4-1536x461.jpg 1536w, https:\/\/dersuessestopp.com\/wp-content\/uploads\/2025\/09\/SOMMELIER-4-250x75.jpg 250w, https:\/\/dersuessestopp.com\/wp-content\/uploads\/2025\/09\/SOMMELIER-4-600x180.jpg 600w\" sizes=\"(max-width: 2000px) 100vw, 2000px\" \/><\/p>\n<p data-start=\"202\" data-end=\"544\">A <strong data-start=\"206\" data-end=\"221\">SOMMELIER 8<\/strong> egy st\u00edlusos, kompakt borh\u0171t\u0151, amelyet \u00fagy terveztek, hogy ak\u00e1r <strong data-start=\"280\" data-end=\"302\">8 palack (cl. 75)<\/strong> ide\u00e1lis k\u00f6r\u00fclm\u00e9nyek k\u00f6z\u00f6tt. Eleg\u00e1ns <strong data-start=\"343\" data-end=\"372\">keret n\u00e9lk\u00fcli teljes \u00fcvegajt\u00f3<\/strong>, halad\u00f3 <strong data-start=\"383\" data-end=\"409\">termoelektromos h\u0171t\u00e9s<\/strong>, \u00e9s <strong data-start=\"415\" data-end=\"444\">elektronikus \u00e9rint\u00e9svez\u00e9rl\u00e9s<\/strong>, ez a t\u00f6k\u00e9letes megold\u00e1s a borok szerelmeseinek, akik kis helyen, professzion\u00e1lis min\u0151s\u00e9g\u0171 t\u00e1rol\u00e1st szeretn\u00e9nek.<\/p>\n<h3 data-start=\"1174\" data-end=\"1206\"><strong data-start=\"1178\" data-end=\"1206\">M\u0171szaki specifik\u00e1ci\u00f3k<\/strong><\/h3>\n<div class=\"_tableContainer_1rjym_1\">\n<div class=\"_tableWrapper_1rjym_13 group flex w-fit flex-col-reverse\">\n<table>\n<thead>\n<tr>\n<th>Jellemz\u0151<\/th>\n<th>SOMMELIER 8<\/th>\n<\/tr>\n<\/thead>\n<tbody>\n<tr>\n<td><strong>Kapacit\u00e1s (palackok cl. 75)<\/strong><\/td>\n<td>8<\/td>\n<\/tr>\n<tr>\n<td><strong>H\u0151m\u00e9rs\u00e9klet tartom\u00e1ny<\/strong><\/td>\n<td>+8 \u00b0C-t\u00f3l +18 \u00b0C-ig<\/td>\n<\/tr>\n<tr>\n<td><strong>H\u0171t\u0151rendszer<\/strong><\/td>\n<td>Termoelektromos<\/td>\n<\/tr>\n<tr>\n<td><strong>Leolvaszt\u00e1s<\/strong><\/td>\n<td>Automatikus<\/td>\n<\/tr>\n<tr>\n<td><strong>Ajt\u00f3<\/strong><\/td>\n<td>Keret n\u00e9lk\u00fcli teljes \u00fcveg (fekete kivitelben)<\/td>\n<\/tr>\n<tr>\n<td><strong>Polcok<\/strong><\/td>\n<td>Kr\u00f3mozott, kivehet\u0151<\/td>\n<\/tr>\n<tr>\n<td><strong>Vil\u00e1g\u00edt\u00e1s<\/strong><\/td>\n<td>Bels\u0151 LED<\/td>\n<\/tr>\n<tr>\n<td><strong>Vez\u00e9rl\u0151rendszer<\/strong><\/td>\n<td>Elektronikus \u00e9rint\u0151k\u00e9perny\u0151<\/td>\n<\/tr>\n<tr>\n<td><strong>Zajszint<\/strong><\/td>\n<td>33 dB (csendes m\u0171k\u00f6d\u00e9s)<\/td>\n<\/tr>\n<tr>\n<td><strong>Nett\u00f3 t\u00e9rfogat<\/strong><\/td>\n<td>~25 L<\/td>\n<\/tr>\n<tr>\n<td><strong>Energiahat\u00e9konys\u00e1g<\/strong><\/td>\n<td>Alacsony energiafogyaszt\u00e1s<\/td>\n<\/tr>\n<tr>\n<td><strong>Fesz\u00fclts\u00e9g<\/strong><\/td>\n<td>220-240 V<\/td>\n<\/tr>\n<tr>\n<td><strong>Frekvencia<\/strong><\/td>\n<td>50 Hz<\/td>\n<\/tr>\n<tr>\n<td><strong>Energiafogyaszt\u00e1s<\/strong><\/td>\n<td>~70 W<\/td>\n<\/tr>\n<tr>\n<td><strong>H\u0171t\u0151k\u00f6zeg<\/strong><\/td>\n<td>K\u00f6rnyezetbar\u00e1t (CFC-mentes)<\/td>\n<\/tr>\n<\/tbody>\n<\/table>\n<h3 data-start=\"1848\" data-end=\"1875\"><strong data-start=\"1852\" data-end=\"1875\">M\u00e9retek \u00e9s s\u00faly<\/strong><\/h3>\n<div class=\"_tableContainer_1rjym_1\">\n<div class=\"_tableWrapper_1rjym_13 group flex w-fit flex-col-reverse\">\n<table>\n<thead>\n<tr>\n<th>T\u00edpus<\/th>\n<th>M\u00e9r\u00e9s<\/th>\n<\/tr>\n<\/thead>\n<tbody>\n<tr>\n<td><strong>Egys\u00e9g M\u00e9retek (mm)<\/strong><\/td>\n<td>475 (MAGASS\u00c1G) \u00d7 252 (SZ\u00c9LESS\u00c9G) \u00d7 500 (M\u00c9LYS\u00c9G)<\/td>\n<\/tr>\n<tr>\n<td><strong>Csomagol\u00e1s M\u00e9retek (mm)<\/strong><\/td>\n<td>525 \u00d7 305 \u00d7 545<\/td>\n<\/tr>\n<tr>\n<td><strong>Nett\u00f3 \/ brutt\u00f3 s\u00faly<\/strong><\/td>\n<td>9 kg \/ 11 kg<\/td>\n<\/tr>\n<\/tbody>\n<\/table>\n<\/div>\n<\/div>\n<\/div>\n<\/div>","protected":false},"excerpt":{"rendered":"<p>The SOMMELIER 8 is a stylish, compact wine cooler designed to store up to 8 bottles (cl. 75) under ideal conditions. With an elegant frameless full-glass door, advanced thermoelectric cooling, and electronic touch controls, it is the perfect solution for wine lovers who want professional-grade storage in a small space. Technical Specifications Feature SOMMELIER 8 [&hellip;]<\/p>\n","protected":false},"featured_media":7233,"comment_status":"open","ping_status":"closed","template":"","meta":[],"product_brand":[],"product_cat":[49],"product_tag":[],"class_list":{"0":"post-7232","1":"product","2":"type-product","3":"status-publish","4":"has-post-thumbnail","6":"product_cat-wine-fridges","8":"first","9":"instock","10":"shipping-taxable","11":"product-type-simple"},"_links":{"self":[{"href":"https:\/\/dersuessestopp.com\/hu\/wp-json\/wp\/v2\/product\/7232","targetHints":{"allow":["GET"]}}],"collection":[{"href":"https:\/\/dersuessestopp.com\/hu\/wp-json\/wp\/v2\/product"}],"about":[{"href":"https:\/\/dersuessestopp.com\/hu\/wp-json\/wp\/v2\/types\/product"}],"replies":[{"embeddable":true,"href":"https:\/\/dersuessestopp.com\/hu\/wp-json\/wp\/v2\/comments?post=7232"}],"version-history":[{"count":3,"href":"https:\/\/dersuessestopp.com\/hu\/wp-json\/wp\/v2\/product\/7232\/revisions"}],"predecessor-version":[{"id":11651,"href":"https:\/\/dersuessestopp.com\/hu\/wp-json\/wp\/v2\/product\/7232\/revisions\/11651"}],"wp:featuredmedia":[{"embeddable":true,"href":"https:\/\/dersuessestopp.com\/hu\/wp-json\/wp\/v2\/media\/7233"}],"wp:attachment":[{"href":"https:\/\/dersuessestopp.com\/hu\/wp-json\/wp\/v2\/media?parent=7232"}],"wp:term":[{"taxonomy":"product_brand","embeddable":true,"href":"https:\/\/dersuessestopp.com\/hu\/wp-json\/wp\/v2\/product_brand?post=7232"},{"taxonomy":"product_cat","embeddable":true,"href":"https:\/\/dersuessestopp.com\/hu\/wp-json\/wp\/v2\/product_cat?post=7232"},{"taxonomy":"product_tag","embeddable":true,"href":"https:\/\/dersuessestopp.com\/hu\/wp-json\/wp\/v2\/product_tag?post=7232"}],"curies":[{"name":"wp","href":"https:\/\/api.w.org\/{rel}","templated":true}]}}